{"id":26107,"date":"2025-03-20T11:26:01","date_gmt":"2025-03-20T10:26:01","guid":{"rendered":"https:\/\/www.kantersanimalhealth.com\/nutripreserve-basic\/"},"modified":"2025-10-31T11:37:46","modified_gmt":"2025-10-31T10:37:46","slug":"nutripreserve-basic","status":"publish","type":"page","link":"https:\/\/www.kantersanimalhealth.com\/it\/ruminanti\/equilibrio\/nutripreserve-basic\/","title":{"rendered":"Nutripreserve Basic"},"content":{"rendered":"\t\t<div data-elementor-type=\"wp-page\" data-elementor-id=\"26107\" class=\"elementor elementor-26107 elementor-24707\" data-elementor-post-type=\"page\">\n\t\t\t\t<div class=\"elementor-element elementor-element-6a2d8f6 e-con-full e-flex e-con e-parent\" data-id=\"6a2d8f6\" data-element_type=\"container\" data-e-type=\"container\" data-settings=\"{&quot;shape_divider_bottom&quot;:&quot;waves&quot;}\">\n\t\t\t\t<div class=\"elementor-shape elementor-shape-bottom\" aria-hidden=\"true\" data-negative=\"false\">\n\t\t\t<svg xmlns=\"http:\/\/www.w3.org\/2000\/svg\" viewBox=\"0 0 1000 100\" preserveAspectRatio=\"none\">\n\t<path class=\"elementor-shape-fill\" d=\"M421.9,6.5c22.6-2.5,51.5,0.4,75.5,5.3c23.6,4.9,70.9,23.5,100.5,35.7c75.8,32.2,133.7,44.5,192.6,49.7\n\tc23.6,2.1,48.7,3.5,103.4-2.5c54.7-6,106.2-25.6,106.2-25.6V0H0v30.3c0,0,72,32.6,158.4,30.5c39.2-0.7,92.8-6.7,134-22.4\n\tc21.2-8.1,52.2-18.2,79.7-24.2C399.3,7.9,411.6,7.5,421.9,6.5z\"\/>\n<\/svg>\t\t<\/div>\n\t\t<div class=\"elementor-element elementor-element-659a4b7 e-con-full e-flex e-con e-child\" data-id=\"659a4b7\" data-element_type=\"container\" data-e-type=\"container\">\n\t\t\t\t<div class=\"elementor-element elementor-element-4a0e9c8 elementor-widget elementor-widget-heading\" data-id=\"4a0e9c8\" data-element_type=\"widget\" data-e-type=\"widget\" data-widget_type=\"heading.default\">\n\t\t\t\t<div class=\"elementor-widget-container\">\n\t\t\t\t\t<div class=\"elementor-heading-title elementor-size-default\">Prodotto per l'equilibrio<\/div>\t\t\t\t<\/div>\n\t\t\t\t<\/div>\n\t\t\t\t<div class=\"elementor-element elementor-element-0a17944 elementor-widget elementor-widget-heading\" data-id=\"0a17944\" data-element_type=\"widget\" data-e-type=\"widget\" data-widget_type=\"heading.default\">\n\t\t\t\t<div class=\"elementor-widget-container\">\n\t\t\t\t\t<h1 class=\"elementor-heading-title elementor-size-default\">Nutripreserve Basic<\/h1>\t\t\t\t<\/div>\n\t\t\t\t<\/div>\n\t\t\t\t<div class=\"elementor-element elementor-element-3044e2e elementor-widget elementor-widget-heading\" data-id=\"3044e2e\" data-element_type=\"widget\" data-e-type=\"widget\" data-widget_type=\"heading.default\">\n\t\t\t\t<div class=\"elementor-widget-container\">\n\t\t\t\t\t<h3 class=\"elementor-heading-title elementor-size-default\">Maggiore produzione di latte grazie a mangime pi\u00f9 fresco, integro e saporito<\/h3>\t\t\t\t<\/div>\n\t\t\t\t<\/div>\n\t\t\t\t<div class=\"elementor-element elementor-element-30db0a1 elementor-icon-list--layout-traditional elementor-list-item-link-full_width elementor-widget elementor-widget-icon-list\" data-id=\"30db0a1\" data-element_type=\"widget\" data-e-type=\"widget\" data-widget_type=\"icon-list.default\">\n\t\t\t\t<div class=\"elementor-widget-container\">\n\t\t\t\t\t\t\t<ul class=\"elementor-icon-list-items\">\n\t\t\t\t\t\t\t<li class=\"elementor-icon-list-item\">\n\t\t\t\t\t\t\t\t\t\t\t<span class=\"elementor-icon-list-icon\">\n\t\t\t\t\t\t\t<i aria-hidden=\"true\" class=\"fas fa-check\"><\/i>\t\t\t\t\t\t<\/span>\n\t\t\t\t\t\t\t\t\t\t<span class=\"elementor-icon-list-text\">Preserva la qualit\u00e0 del foraggio grezzo<\/span>\n\t\t\t\t\t\t\t\t\t<\/li>\n\t\t\t\t\t\t\t\t<li class=\"elementor-icon-list-item\">\n\t\t\t\t\t\t\t\t\t\t\t<span class=\"elementor-icon-list-icon\">\n\t\t\t\t\t\t\t<i aria-hidden=\"true\" class=\"fas fa-check\"><\/i>\t\t\t\t\t\t<\/span>\n\t\t\t\t\t\t\t\t\t\t<span class=\"elementor-icon-list-text\">Migliora l'assunzione del mangime riducendo il surriscaldamento<\/span>\n\t\t\t\t\t\t\t\t\t<\/li>\n\t\t\t\t\t\t\t\t<li class=\"elementor-icon-list-item\">\n\t\t\t\t\t\t\t\t\t\t\t<span class=\"elementor-icon-list-icon\">\n\t\t\t\t\t\t\t<i aria-hidden=\"true\" class=\"fas fa-check\"><\/i>\t\t\t\t\t\t<\/span>\n\t\t\t\t\t\t\t\t\t\t<span class=\"elementor-icon-list-text\">Riduce la selettivit\u00e0 al fronte di alimentazione<\/span>\n\t\t\t\t\t\t\t\t\t<\/li>\n\t\t\t\t\t\t\t\t<li class=\"elementor-icon-list-item\">\n\t\t\t\t\t\t\t\t\t\t\t<span class=\"elementor-icon-list-icon\">\n\t\t\t\t\t\t\t<i aria-hidden=\"true\" class=\"fas fa-check\"><\/i>\t\t\t\t\t\t<\/span>\n\t\t\t\t\t\t\t\t\t\t<span class=\"elementor-icon-list-text\">Stimola la produzione di latte<\/span>\n\t\t\t\t\t\t\t\t\t<\/li>\n\t\t\t\t\t\t<\/ul>\n\t\t\t\t\t\t<\/div>\n\t\t\t\t<\/div>\n\t\t\t\t<div class=\"elementor-element elementor-element-ed284fd elementor-widget elementor-widget-button\" data-id=\"ed284fd\" data-element_type=\"widget\" data-e-type=\"widget\" data-widget_type=\"button.default\">\n\t\t\t\t<div class=\"elementor-widget-container\">\n\t\t\t\t\t\t\t\t\t<div class=\"elementor-button-wrapper\">\n\t\t\t\t\t<a class=\"elementor-button elementor-button-link elementor-size-sm\" href=\"#elementor-action%3Aaction%3Dpopup%3Aopen%26settings%3DeyJpZCI6MjY1NTMsInRvZ2dsZSI6ZmFsc2V9\">\n\t\t\t\t\t\t<span class=\"elementor-button-content-wrapper\">\n\t\t\t\t\t\t\t\t\t<span class=\"elementor-button-text\">Scarica la brochure per saperne di pi\u00f9<\/span>\n\t\t\t\t\t<\/span>\n\t\t\t\t\t<\/a>\n\t\t\t\t<\/div>\n\t\t\t\t\t\t\t\t<\/div>\n\t\t\t\t<\/div>\n\t\t\t\t<div class=\"elementor-element elementor-element-257754f elementor-widget elementor-widget-button\" data-id=\"257754f\" data-element_type=\"widget\" data-e-type=\"widget\" data-widget_type=\"button.default\">\n\t\t\t\t<div class=\"elementor-widget-container\">\n\t\t\t\t\t\t\t\t\t<div class=\"elementor-button-wrapper\">\n\t\t\t\t\t<a class=\"elementor-button elementor-button-link elementor-size-sm\" href=\"https:\/\/www.kantersanimalhealth.com\/it\/contatti\/\">\n\t\t\t\t\t\t<span class=\"elementor-button-content-wrapper\">\n\t\t\t\t\t\t\t\t\t<span class=\"elementor-button-text\">Ordina il prodotto<\/span>\n\t\t\t\t\t<\/span>\n\t\t\t\t\t<\/a>\n\t\t\t\t<\/div>\n\t\t\t\t\t\t\t\t<\/div>\n\t\t\t\t<\/div>\n\t\t\t\t<\/div>\n\t\t<div class=\"elementor-element elementor-element-4911272 e-con-full e-flex e-con e-child\" data-id=\"4911272\" data-element_type=\"container\" data-e-type=\"container\">\n\t\t\t\t<div class=\"elementor-element elementor-element-82e10a4 elementor-widget elementor-widget-image\" data-id=\"82e10a4\" data-element_type=\"widget\" data-e-type=\"widget\" data-widget_type=\"image.default\">\n\t\t\t\t<div class=\"elementor-widget-container\">\n\t\t\t\t\t\t\t\t\t\t\t\t\t\t\t<img decoding=\"async\" src=\"https:\/\/www.kantersanimalhealth.com\/wp-content\/uploads\/elementor\/thumbs\/Nutripreserve20Basic-pp8n8se1fkj7m2bi5fzyqe4qcohsodrvkeprmotjcw.png\" title=\"Nutripreserve20Basic\" alt=\"Nutripreserve, Kanters, basic\" loading=\"lazy\" \/>\t\t\t\t\t\t\t\t\t\t\t\t\t\t\t<\/div>\n\t\t\t\t<\/div>\n\t\t\t\t<\/div>\n\t\t\t\t<\/div>\n\t\t<div class=\"elementor-element elementor-element-b4bf7ae e-flex e-con-boxed e-con e-parent\" data-id=\"b4bf7ae\" data-element_type=\"container\" data-e-type=\"container\" data-settings=\"{&quot;background_background&quot;:&quot;classic&quot;}\">\n\t\t\t\t\t<div class=\"e-con-inner\">\n\t\t<div class=\"elementor-element elementor-element-5111251 e-con-full e-flex e-con e-child\" data-id=\"5111251\" data-element_type=\"container\" data-e-type=\"container\">\n\t\t\t\t<div class=\"elementor-element elementor-element-1781ece elementor-widget elementor-widget-heading\" data-id=\"1781ece\" data-element_type=\"widget\" data-e-type=\"widget\" data-widget_type=\"heading.default\">\n\t\t\t\t<div class=\"elementor-widget-container\">\n\t\t\t\t\t<h2 class=\"elementor-heading-title elementor-size-default\">Di cosa si tratta<\/h2>\t\t\t\t<\/div>\n\t\t\t\t<\/div>\n\t\t\t\t<div class=\"elementor-element elementor-element-c3b17c5 elementor-widget elementor-widget-text-editor\" data-id=\"c3b17c5\" data-element_type=\"widget\" data-e-type=\"widget\" data-widget_type=\"text-editor.default\">\n\t\t\t\t<div class=\"elementor-widget-container\">\n\t\t\t\t\t\t\t\t\t<p>Nutripreserve Basic \u00e8 una miscela liquida sviluppata specificamente per ridurre il surriscaldamento delle razioni bovine, in particolare nelle miscele di mangimi ad alto contenuto di foraggio grezzo come mais, erba medica ed erba. La combinazione di acidi organici tamponati e non tamponati contenuti in Nutripreserve Basic rallenta efficacemente il processo di fermentazione, aiutando a preservare il valore nutrizionale e la freschezza del mangime. Gli acidi organici prevengono inoltre la proliferazione di batteri nocivi, funghi e lieviti, riducendo i problemi legati alle micotossine e migliorando le funzioni digestive. Grazie alla sua minore corrosivit\u00e0 rispetto alle miscele non tamponate, Nutripreserve Basic \u00e8 ideale per l&#8217;uso nelle miscelatrici, offrendo una soluzione affidabile per preservare la qualit\u00e0 delle razioni bovine e incentivare la salute degli animali e la produzione di latte.   <\/p>\t\t\t\t\t\t\t\t<\/div>\n\t\t\t\t<\/div>\n\t\t\t\t<\/div>\n\t\t\t\t\t<\/div>\n\t\t\t\t<\/div>\n\t\t<div class=\"elementor-element elementor-element-92e1357 e-flex e-con-boxed e-con e-parent\" data-id=\"92e1357\" data-element_type=\"container\" data-e-type=\"container\">\n\t\t\t\t\t<div class=\"e-con-inner\">\n\t\t<div class=\"elementor-element elementor-element-822fe7b e-con-full e-flex e-con e-child\" data-id=\"822fe7b\" data-element_type=\"container\" data-e-type=\"container\">\n\t\t\t\t<div class=\"elementor-element elementor-element-4c6032b elementor-widget elementor-widget-heading\" data-id=\"4c6032b\" data-element_type=\"widget\" data-e-type=\"widget\" data-widget_type=\"heading.default\">\n\t\t\t\t<div class=\"elementor-widget-container\">\n\t\t\t\t\t<h3 class=\"elementor-heading-title elementor-size-default\">Quando utilizzarlo?<\/h3>\t\t\t\t<\/div>\n\t\t\t\t<\/div>\n\t\t\t\t<div class=\"elementor-element elementor-element-d87a8a2 elementor-widget elementor-widget-text-editor\" data-id=\"d87a8a2\" data-element_type=\"widget\" data-e-type=\"widget\" data-widget_type=\"text-editor.default\">\n\t\t\t\t<div class=\"elementor-widget-container\">\n\t\t\t\t\t\t\t\t\t<ul><li>Durante i periodi con temperatura ambiente superiore ai 20 \u00b0C<\/li><li>In caso di foraggio grezzo instabile o sensibile al surriscaldamento<\/li><li>Se viene aggiunto un catalizzatore di surriscaldamento alla razione (acqua, trebbie di birra ecc.)<\/li><li>Quando la velocit\u00e0 di avanzamento dell&#8217;alimentazione \u00e8 troppo bassa (&lt; 1 metro a settimana)<\/li><\/ul>\t\t\t\t\t\t\t\t<\/div>\n\t\t\t\t<\/div>\n\t\t\t\t<\/div>\n\t\t<div class=\"elementor-element elementor-element-2372fac e-con-full e-flex e-con e-child\" data-id=\"2372fac\" data-element_type=\"container\" data-e-type=\"container\">\n\t\t\t\t<div class=\"elementor-element elementor-element-76a683e elementor-widget elementor-widget-heading\" data-id=\"76a683e\" data-element_type=\"widget\" data-e-type=\"widget\" data-widget_type=\"heading.default\">\n\t\t\t\t<div class=\"elementor-widget-container\">\n\t\t\t\t\t<h3 class=\"elementor-heading-title elementor-size-default\">Confezione<\/h3>\t\t\t\t<\/div>\n\t\t\t\t<\/div>\n\t\t\t\t<div class=\"elementor-element elementor-element-617c026 elementor-icon-list--layout-traditional elementor-list-item-link-full_width elementor-widget elementor-widget-icon-list\" data-id=\"617c026\" data-element_type=\"widget\" data-e-type=\"widget\" data-widget_type=\"icon-list.default\">\n\t\t\t\t<div class=\"elementor-widget-container\">\n\t\t\t\t\t\t\t<ul class=\"elementor-icon-list-items\">\n\t\t\t\t\t\t\t<li class=\"elementor-icon-list-item\">\n\t\t\t\t\t\t\t\t\t\t\t<span class=\"elementor-icon-list-icon\">\n\t\t\t\t\t\t\t<i aria-hidden=\"true\" class=\"fas fa-check\"><\/i>\t\t\t\t\t\t<\/span>\n\t\t\t\t\t\t\t\t\t\t<span class=\"elementor-icon-list-text\">Tanica da 20 kg<\/span>\n\t\t\t\t\t\t\t\t\t<\/li>\n\t\t\t\t\t\t\t\t<li class=\"elementor-icon-list-item\">\n\t\t\t\t\t\t\t\t\t\t\t<span class=\"elementor-icon-list-icon\">\n\t\t\t\t\t\t\t<i aria-hidden=\"true\" class=\"fas fa-check\"><\/i>\t\t\t\t\t\t<\/span>\n\t\t\t\t\t\t\t\t\t\t<span class=\"elementor-icon-list-text\">Fusto da 250 kg<\/span>\n\t\t\t\t\t\t\t\t\t<\/li>\n\t\t\t\t\t\t\t\t<li class=\"elementor-icon-list-item\">\n\t\t\t\t\t\t\t\t\t\t\t<span class=\"elementor-icon-list-icon\">\n\t\t\t\t\t\t\t<i aria-hidden=\"true\" class=\"fas fa-check\"><\/i>\t\t\t\t\t\t<\/span>\n\t\t\t\t\t\t\t\t\t\t<span class=\"elementor-icon-list-text\">Contenitore IBC da 1.200 kg<\/span>\n\t\t\t\t\t\t\t\t\t<\/li>\n\t\t\t\t\t\t<\/ul>\n\t\t\t\t\t\t<\/div>\n\t\t\t\t<\/div>\n\t\t\t\t<\/div>\n\t\t\t\t\t<\/div>\n\t\t\t\t<\/div>\n\t\t\t\t<\/div>\n\t\t","protected":false},"excerpt":{"rendered":"<p>Prodotto per l&#8217;equilibrio Nutripreserve Basic Maggiore produzione di latte grazie a mangime pi\u00f9 fresco, integro e saporito Preserva la qualit\u00e0 del foraggio grezzo Migliora l&#8217;assunzione del mangime riducendo il surriscaldamento Riduce la selettivit\u00e0 al fronte di alimentazione Stimola la produzione di latte Scarica la brochure per saperne di pi\u00f9 Ordina il prodotto Di cosa si [&hellip;]<\/p>\n","protected":false},"author":20,"featured_media":0,"parent":26222,"menu_order":0,"comment_status":"closed","ping_status":"closed","template":"","meta":{"footnotes":""},"class_list":["post-26107","page","type-page","status-publish","hentry"],"yoast_head":"<!-- This site is optimized with the Yoast SEO plugin v27.2 - https:\/\/yoast.com\/product\/yoast-seo-wordpress\/ -->\n<title>Nutripreserve Basic - Kanters<\/title>\n<meta name=\"description\" content=\"Nutripreserve Basic stimola la produzione di latte preservando la freschezza, l&#039;integrit\u00e0 e il sapore del mangime, contrastando il surriscaldamento del foraggio grezzo.\" \/>\n<meta name=\"robots\" content=\"index, follow, max-snippet:-1, max-image-preview:large, max-video-preview:-1\" \/>\n<link rel=\"canonical\" href=\"https:\/\/www.kantersanimalhealth.com\/it\/ruminanti\/equilibrio\/nutripreserve-basic\/\" \/>\n<meta property=\"og:locale\" content=\"it_IT\" \/>\n<meta property=\"og:type\" content=\"article\" \/>\n<meta property=\"og:title\" content=\"Nutripreserve Basic - Kanters\" \/>\n<meta property=\"og:description\" content=\"Nutripreserve Basic stimola la produzione di latte preservando la freschezza, l&#039;integrit\u00e0 e il sapore del mangime, contrastando il surriscaldamento del foraggio grezzo.\" \/>\n<meta property=\"og:url\" content=\"https:\/\/www.kantersanimalhealth.com\/it\/ruminanti\/equilibrio\/nutripreserve-basic\/\" \/>\n<meta property=\"og:site_name\" content=\"Kanters\" \/>\n<meta property=\"article:publisher\" content=\"https:\/\/www.facebook.com\/FlavourFamily\" \/>\n<meta property=\"article:modified_time\" content=\"2025-10-31T10:37:46+00:00\" \/>\n<meta property=\"og:image\" content=\"https:\/\/www.kantersanimalhealth.com\/wp-content\/uploads\/elementor\/thumbs\/Nutripreserve20Basic-pp8n8se1fkj7m2bi5fzyqe4qcohsodrvkeprmotjcw.png\" \/>\n<meta name=\"twitter:card\" content=\"summary_large_image\" \/>\n<meta name=\"twitter:label1\" content=\"Tempo di lettura stimato\" \/>\n\t<meta name=\"twitter:data1\" content=\"1 minuto\" \/>\n<script type=\"application\/ld+json\" class=\"yoast-schema-graph\">{\"@context\":\"https:\/\/schema.org\",\"@graph\":[{\"@type\":\"WebPage\",\"@id\":\"https:\/\/www.kantersanimalhealth.com\/it\/ruminanti\/equilibrio\/nutripreserve-basic\/\",\"url\":\"https:\/\/www.kantersanimalhealth.com\/it\/ruminanti\/equilibrio\/nutripreserve-basic\/\",\"name\":\"Nutripreserve Basic - Kanters\",\"isPartOf\":{\"@id\":\"https:\/\/www.kantersanimalhealth.com\/it\/#website\"},\"primaryImageOfPage\":{\"@id\":\"https:\/\/www.kantersanimalhealth.com\/it\/ruminanti\/equilibrio\/nutripreserve-basic\/#primaryimage\"},\"image\":{\"@id\":\"https:\/\/www.kantersanimalhealth.com\/it\/ruminanti\/equilibrio\/nutripreserve-basic\/#primaryimage\"},\"thumbnailUrl\":\"https:\/\/www.kantersanimalhealth.com\/wp-content\/uploads\/elementor\/thumbs\/Nutripreserve20Basic-pp8n8se1fkj7m2bi5fzyqe4qcohsodrvkeprmotjcw.png\",\"datePublished\":\"2025-03-20T10:26:01+00:00\",\"dateModified\":\"2025-10-31T10:37:46+00:00\",\"description\":\"Nutripreserve Basic stimola la produzione di latte preservando la freschezza, l'integrit\u00e0 e il sapore del mangime, contrastando il surriscaldamento del foraggio grezzo.\",\"breadcrumb\":{\"@id\":\"https:\/\/www.kantersanimalhealth.com\/it\/ruminanti\/equilibrio\/nutripreserve-basic\/#breadcrumb\"},\"inLanguage\":\"it-IT\",\"potentialAction\":[{\"@type\":\"ReadAction\",\"target\":[\"https:\/\/www.kantersanimalhealth.com\/it\/ruminanti\/equilibrio\/nutripreserve-basic\/\"]}]},{\"@type\":\"ImageObject\",\"inLanguage\":\"it-IT\",\"@id\":\"https:\/\/www.kantersanimalhealth.com\/it\/ruminanti\/equilibrio\/nutripreserve-basic\/#primaryimage\",\"url\":\"https:\/\/www.kantersanimalhealth.com\/wp-content\/uploads\/elementor\/thumbs\/Nutripreserve20Basic-pp8n8se1fkj7m2bi5fzyqe4qcohsodrvkeprmotjcw.png\",\"contentUrl\":\"https:\/\/www.kantersanimalhealth.com\/wp-content\/uploads\/elementor\/thumbs\/Nutripreserve20Basic-pp8n8se1fkj7m2bi5fzyqe4qcohsodrvkeprmotjcw.png\"},{\"@type\":\"BreadcrumbList\",\"@id\":\"https:\/\/www.kantersanimalhealth.com\/it\/ruminanti\/equilibrio\/nutripreserve-basic\/#breadcrumb\",\"itemListElement\":[{\"@type\":\"ListItem\",\"position\":1,\"name\":\"Home\",\"item\":\"https:\/\/www.kantersanimalhealth.com\/it\/\"},{\"@type\":\"ListItem\",\"position\":2,\"name\":\"Ruminanti\",\"item\":\"https:\/\/www.kantersanimalhealth.com\/it\/ruminanti\/\"},{\"@type\":\"ListItem\",\"position\":3,\"name\":\"Equilibrio\",\"item\":\"https:\/\/www.kantersanimalhealth.com\/it\/ruminanti\/equilibrio\/\"},{\"@type\":\"ListItem\",\"position\":4,\"name\":\"Nutripreserve Basic\"}]},{\"@type\":\"WebSite\",\"@id\":\"https:\/\/www.kantersanimalhealth.com\/it\/#website\",\"url\":\"https:\/\/www.kantersanimalhealth.com\/it\/\",\"name\":\"Kanters\",\"description\":\"Special Products B.V.\",\"publisher\":{\"@id\":\"https:\/\/www.kantersanimalhealth.com\/it\/#organization\"},\"potentialAction\":[{\"@type\":\"SearchAction\",\"target\":{\"@type\":\"EntryPoint\",\"urlTemplate\":\"https:\/\/www.kantersanimalhealth.com\/it\/?s={search_term_string}\"},\"query-input\":{\"@type\":\"PropertyValueSpecification\",\"valueRequired\":true,\"valueName\":\"search_term_string\"}}],\"inLanguage\":\"it-IT\"},{\"@type\":\"Organization\",\"@id\":\"https:\/\/www.kantersanimalhealth.com\/it\/#organization\",\"name\":\"Flavour Family\",\"url\":\"https:\/\/www.kantersanimalhealth.com\/it\/\",\"logo\":{\"@type\":\"ImageObject\",\"inLanguage\":\"it-IT\",\"@id\":\"https:\/\/www.kantersanimalhealth.com\/it\/#\/schema\/logo\/image\/\",\"url\":\"\",\"contentUrl\":\"\",\"caption\":\"Flavour Family\"},\"image\":{\"@id\":\"https:\/\/www.kantersanimalhealth.com\/it\/#\/schema\/logo\/image\/\"},\"sameAs\":[\"https:\/\/www.facebook.com\/FlavourFamily\"]}]}<\/script>\n<!-- \/ Yoast SEO plugin. -->","yoast_head_json":{"title":"Nutripreserve Basic - Kanters","description":"Nutripreserve Basic stimola la produzione di latte preservando la freschezza, l'integrit\u00e0 e il sapore del mangime, contrastando il surriscaldamento del foraggio grezzo.","robots":{"index":"index","follow":"follow","max-snippet":"max-snippet:-1","max-image-preview":"max-image-preview:large","max-video-preview":"max-video-preview:-1"},"canonical":"https:\/\/www.kantersanimalhealth.com\/it\/ruminanti\/equilibrio\/nutripreserve-basic\/","og_locale":"it_IT","og_type":"article","og_title":"Nutripreserve Basic - Kanters","og_description":"Nutripreserve Basic stimola la produzione di latte preservando la freschezza, l'integrit\u00e0 e il sapore del mangime, contrastando il surriscaldamento del foraggio grezzo.","og_url":"https:\/\/www.kantersanimalhealth.com\/it\/ruminanti\/equilibrio\/nutripreserve-basic\/","og_site_name":"Kanters","article_publisher":"https:\/\/www.facebook.com\/FlavourFamily","article_modified_time":"2025-10-31T10:37:46+00:00","og_image":[{"url":"https:\/\/www.kantersanimalhealth.com\/wp-content\/uploads\/elementor\/thumbs\/Nutripreserve20Basic-pp8n8se1fkj7m2bi5fzyqe4qcohsodrvkeprmotjcw.png","type":"","width":"","height":""}],"twitter_card":"summary_large_image","twitter_misc":{"Tempo di lettura stimato":"1 minuto"},"schema":{"@context":"https:\/\/schema.org","@graph":[{"@type":"WebPage","@id":"https:\/\/www.kantersanimalhealth.com\/it\/ruminanti\/equilibrio\/nutripreserve-basic\/","url":"https:\/\/www.kantersanimalhealth.com\/it\/ruminanti\/equilibrio\/nutripreserve-basic\/","name":"Nutripreserve Basic - Kanters","isPartOf":{"@id":"https:\/\/www.kantersanimalhealth.com\/it\/#website"},"primaryImageOfPage":{"@id":"https:\/\/www.kantersanimalhealth.com\/it\/ruminanti\/equilibrio\/nutripreserve-basic\/#primaryimage"},"image":{"@id":"https:\/\/www.kantersanimalhealth.com\/it\/ruminanti\/equilibrio\/nutripreserve-basic\/#primaryimage"},"thumbnailUrl":"https:\/\/www.kantersanimalhealth.com\/wp-content\/uploads\/elementor\/thumbs\/Nutripreserve20Basic-pp8n8se1fkj7m2bi5fzyqe4qcohsodrvkeprmotjcw.png","datePublished":"2025-03-20T10:26:01+00:00","dateModified":"2025-10-31T10:37:46+00:00","description":"Nutripreserve Basic stimola la produzione di latte preservando la freschezza, l'integrit\u00e0 e il sapore del mangime, contrastando il surriscaldamento del foraggio grezzo.","breadcrumb":{"@id":"https:\/\/www.kantersanimalhealth.com\/it\/ruminanti\/equilibrio\/nutripreserve-basic\/#breadcrumb"},"inLanguage":"it-IT","potentialAction":[{"@type":"ReadAction","target":["https:\/\/www.kantersanimalhealth.com\/it\/ruminanti\/equilibrio\/nutripreserve-basic\/"]}]},{"@type":"ImageObject","inLanguage":"it-IT","@id":"https:\/\/www.kantersanimalhealth.com\/it\/ruminanti\/equilibrio\/nutripreserve-basic\/#primaryimage","url":"https:\/\/www.kantersanimalhealth.com\/wp-content\/uploads\/elementor\/thumbs\/Nutripreserve20Basic-pp8n8se1fkj7m2bi5fzyqe4qcohsodrvkeprmotjcw.png","contentUrl":"https:\/\/www.kantersanimalhealth.com\/wp-content\/uploads\/elementor\/thumbs\/Nutripreserve20Basic-pp8n8se1fkj7m2bi5fzyqe4qcohsodrvkeprmotjcw.png"},{"@type":"BreadcrumbList","@id":"https:\/\/www.kantersanimalhealth.com\/it\/ruminanti\/equilibrio\/nutripreserve-basic\/#breadcrumb","itemListElement":[{"@type":"ListItem","position":1,"name":"Home","item":"https:\/\/www.kantersanimalhealth.com\/it\/"},{"@type":"ListItem","position":2,"name":"Ruminanti","item":"https:\/\/www.kantersanimalhealth.com\/it\/ruminanti\/"},{"@type":"ListItem","position":3,"name":"Equilibrio","item":"https:\/\/www.kantersanimalhealth.com\/it\/ruminanti\/equilibrio\/"},{"@type":"ListItem","position":4,"name":"Nutripreserve Basic"}]},{"@type":"WebSite","@id":"https:\/\/www.kantersanimalhealth.com\/it\/#website","url":"https:\/\/www.kantersanimalhealth.com\/it\/","name":"Kanters","description":"Special Products B.V.","publisher":{"@id":"https:\/\/www.kantersanimalhealth.com\/it\/#organization"},"potentialAction":[{"@type":"SearchAction","target":{"@type":"EntryPoint","urlTemplate":"https:\/\/www.kantersanimalhealth.com\/it\/?s={search_term_string}"},"query-input":{"@type":"PropertyValueSpecification","valueRequired":true,"valueName":"search_term_string"}}],"inLanguage":"it-IT"},{"@type":"Organization","@id":"https:\/\/www.kantersanimalhealth.com\/it\/#organization","name":"Flavour Family","url":"https:\/\/www.kantersanimalhealth.com\/it\/","logo":{"@type":"ImageObject","inLanguage":"it-IT","@id":"https:\/\/www.kantersanimalhealth.com\/it\/#\/schema\/logo\/image\/","url":"","contentUrl":"","caption":"Flavour Family"},"image":{"@id":"https:\/\/www.kantersanimalhealth.com\/it\/#\/schema\/logo\/image\/"},"sameAs":["https:\/\/www.facebook.com\/FlavourFamily"]}]}},"_links":{"self":[{"href":"https:\/\/www.kantersanimalhealth.com\/it\/wp-json\/wp\/v2\/pages\/26107","targetHints":{"allow":["GET"]}}],"collection":[{"href":"https:\/\/www.kantersanimalhealth.com\/it\/wp-json\/wp\/v2\/pages"}],"about":[{"href":"https:\/\/www.kantersanimalhealth.com\/it\/wp-json\/wp\/v2\/types\/page"}],"author":[{"embeddable":true,"href":"https:\/\/www.kantersanimalhealth.com\/it\/wp-json\/wp\/v2\/users\/20"}],"replies":[{"embeddable":true,"href":"https:\/\/www.kantersanimalhealth.com\/it\/wp-json\/wp\/v2\/comments?post=26107"}],"version-history":[{"count":3,"href":"https:\/\/www.kantersanimalhealth.com\/it\/wp-json\/wp\/v2\/pages\/26107\/revisions"}],"predecessor-version":[{"id":31090,"href":"https:\/\/www.kantersanimalhealth.com\/it\/wp-json\/wp\/v2\/pages\/26107\/revisions\/31090"}],"up":[{"embeddable":true,"href":"https:\/\/www.kantersanimalhealth.com\/it\/wp-json\/wp\/v2\/pages\/26222"}],"wp:attachment":[{"href":"https:\/\/www.kantersanimalhealth.com\/it\/wp-json\/wp\/v2\/media?parent=26107"}],"curies":[{"name":"wp","href":"https:\/\/api.w.org\/{rel}","templated":true}]}}