{"id":26014,"date":"2025-03-17T16:16:39","date_gmt":"2025-03-17T15:16:39","guid":{"rendered":"https:\/\/www.kantersanimalhealth.com\/ordinazione-di-prodotti\/pompa-nutripreserve\/"},"modified":"2025-10-22T07:56:31","modified_gmt":"2025-10-22T06:56:31","slug":"nutripreserve-sprayer","status":"publish","type":"page","link":"https:\/\/www.kantersanimalhealth.com\/it\/ordinare-i-prodotti\/nutripreserve-sprayer\/","title":{"rendered":"Nutripreserve Sprayer"},"content":{"rendered":"\t\t<div data-elementor-type=\"wp-page\" data-elementor-id=\"26014\" class=\"elementor elementor-26014 elementor-25531\" data-elementor-post-type=\"page\">\n\t\t\t\t<div class=\"elementor-element elementor-element-6a2d8f6 e-con-full e-flex e-con e-parent\" data-id=\"6a2d8f6\" data-element_type=\"container\" data-e-type=\"container\" data-settings=\"{&quot;shape_divider_bottom&quot;:&quot;waves&quot;}\">\n\t\t\t\t<div class=\"elementor-shape elementor-shape-bottom\" aria-hidden=\"true\" data-negative=\"false\">\n\t\t\t<svg xmlns=\"http:\/\/www.w3.org\/2000\/svg\" viewBox=\"0 0 1000 100\" preserveAspectRatio=\"none\">\n\t<path class=\"elementor-shape-fill\" d=\"M421.9,6.5c22.6-2.5,51.5,0.4,75.5,5.3c23.6,4.9,70.9,23.5,100.5,35.7c75.8,32.2,133.7,44.5,192.6,49.7\n\tc23.6,2.1,48.7,3.5,103.4-2.5c54.7-6,106.2-25.6,106.2-25.6V0H0v30.3c0,0,72,32.6,158.4,30.5c39.2-0.7,92.8-6.7,134-22.4\n\tc21.2-8.1,52.2-18.2,79.7-24.2C399.3,7.9,411.6,7.5,421.9,6.5z\"\/>\n<\/svg>\t\t<\/div>\n\t\t<div class=\"elementor-element elementor-element-659a4b7 e-con-full e-flex e-con e-child\" data-id=\"659a4b7\" data-element_type=\"container\" data-e-type=\"container\">\n\t\t\t\t<div class=\"elementor-element elementor-element-4a0e9c8 elementor-widget elementor-widget-heading\" data-id=\"4a0e9c8\" data-element_type=\"widget\" data-e-type=\"widget\" data-widget_type=\"heading.default\">\n\t\t\t\t<div class=\"elementor-widget-container\">\n\t\t\t\t\t<div class=\"elementor-heading-title elementor-size-default\">Prodotto tecnico<\/div>\t\t\t\t<\/div>\n\t\t\t\t<\/div>\n\t\t\t\t<div class=\"elementor-element elementor-element-0a17944 elementor-widget elementor-widget-heading\" data-id=\"0a17944\" data-element_type=\"widget\" data-e-type=\"widget\" data-widget_type=\"heading.default\">\n\t\t\t\t<div class=\"elementor-widget-container\">\n\t\t\t\t\t<h1 class=\"elementor-heading-title elementor-size-default\">Prodotto tecnico <\/h1>\t\t\t\t<\/div>\n\t\t\t\t<\/div>\n\t\t\t\t<div class=\"elementor-element elementor-element-3044e2e elementor-widget elementor-widget-heading\" data-id=\"3044e2e\" data-element_type=\"widget\" data-e-type=\"widget\" data-widget_type=\"heading.default\">\n\t\t\t\t<div class=\"elementor-widget-container\">\n\t\t\t\t\t<h3 class=\"elementor-heading-title elementor-size-default\">Per preservare in sicurezza la qualit\u00e0 del mangime<\/h3>\t\t\t\t<\/div>\n\t\t\t\t<\/div>\n\t\t\t\t<div class=\"elementor-element elementor-element-30db0a1 elementor-icon-list--layout-traditional elementor-list-item-link-full_width elementor-widget elementor-widget-icon-list\" data-id=\"30db0a1\" data-element_type=\"widget\" data-e-type=\"widget\" data-widget_type=\"icon-list.default\">\n\t\t\t\t<div class=\"elementor-widget-container\">\n\t\t\t\t\t\t\t<ul class=\"elementor-icon-list-items\">\n\t\t\t\t\t\t\t<li class=\"elementor-icon-list-item\">\n\t\t\t\t\t\t\t\t\t\t\t<span class=\"elementor-icon-list-icon\">\n\t\t\t\t\t\t\t<i aria-hidden=\"true\" class=\"fas fa-check\"><\/i>\t\t\t\t\t\t<\/span>\n\t\t\t\t\t\t\t\t\t\t<span class=\"elementor-icon-list-text\">Non comporta il contatto dell'operatore con agenti caustici<\/span>\n\t\t\t\t\t\t\t\t\t<\/li>\n\t\t\t\t\t\t\t\t<li class=\"elementor-icon-list-item\">\n\t\t\t\t\t\t\t\t\t\t\t<span class=\"elementor-icon-list-icon\">\n\t\t\t\t\t\t\t<i aria-hidden=\"true\" class=\"fas fa-check\"><\/i>\t\t\t\t\t\t<\/span>\n\t\t\t\t\t\t\t\t\t\t<span class=\"elementor-icon-list-text\">Garantisce un dosaggio corretto<\/span>\n\t\t\t\t\t\t\t\t\t<\/li>\n\t\t\t\t\t\t\t\t<li class=\"elementor-icon-list-item\">\n\t\t\t\t\t\t\t\t\t\t\t<span class=\"elementor-icon-list-icon\">\n\t\t\t\t\t\t\t<i aria-hidden=\"true\" class=\"fas fa-check\"><\/i>\t\t\t\t\t\t<\/span>\n\t\t\t\t\t\t\t\t\t\t<span class=\"elementor-icon-list-text\">\u00c8 facile e sicuro da usare<\/span>\n\t\t\t\t\t\t\t\t\t<\/li>\n\t\t\t\t\t\t<\/ul>\n\t\t\t\t\t\t<\/div>\n\t\t\t\t<\/div>\n\t\t\t\t<div class=\"elementor-element elementor-element-ed284fd elementor-widget elementor-widget-button\" data-id=\"ed284fd\" data-element_type=\"widget\" data-e-type=\"widget\" data-widget_type=\"button.default\">\n\t\t\t\t<div class=\"elementor-widget-container\">\n\t\t\t\t\t\t\t\t\t<div class=\"elementor-button-wrapper\">\n\t\t\t\t\t<a class=\"elementor-button elementor-button-link elementor-size-sm\" href=\"#\">\n\t\t\t\t\t\t<span class=\"elementor-button-content-wrapper\">\n\t\t\t\t\t\t\t\t\t<span class=\"elementor-button-text\">Scarica la brochure<\/span>\n\t\t\t\t\t<\/span>\n\t\t\t\t\t<\/a>\n\t\t\t\t<\/div>\n\t\t\t\t\t\t\t\t<\/div>\n\t\t\t\t<\/div>\n\t\t\t\t<div class=\"elementor-element elementor-element-257754f elementor-widget elementor-widget-button\" data-id=\"257754f\" data-element_type=\"widget\" data-e-type=\"widget\" data-widget_type=\"button.default\">\n\t\t\t\t<div class=\"elementor-widget-container\">\n\t\t\t\t\t\t\t\t\t<div class=\"elementor-button-wrapper\">\n\t\t\t\t\t<a class=\"elementor-button elementor-button-link elementor-size-sm\" href=\"https:\/\/www.kantersanimalhealth.com\/it\/contatto\/\">\n\t\t\t\t\t\t<span class=\"elementor-button-content-wrapper\">\n\t\t\t\t\t\t\t\t\t<span class=\"elementor-button-text\">Ordina il prodotto<\/span>\n\t\t\t\t\t<\/span>\n\t\t\t\t\t<\/a>\n\t\t\t\t<\/div>\n\t\t\t\t\t\t\t\t<\/div>\n\t\t\t\t<\/div>\n\t\t\t\t<\/div>\n\t\t<div class=\"elementor-element elementor-element-4911272 e-con-full e-flex e-con e-child\" data-id=\"4911272\" data-element_type=\"container\" data-e-type=\"container\">\n\t\t\t\t<div class=\"elementor-element elementor-element-82e10a4 elementor-widget elementor-widget-image\" data-id=\"82e10a4\" data-element_type=\"widget\" data-e-type=\"widget\" data-widget_type=\"image.default\">\n\t\t\t\t<div class=\"elementor-widget-container\">\n\t\t\t\t\t\t\t\t\t\t\t\t\t\t\t<img decoding=\"async\" src=\"https:\/\/www.kantersanimalhealth.com\/wp-content\/uploads\/elementor\/thumbs\/Nutripreserve-voorkant-Transparant-zwart-etiket-e1739875538178-r1omt1b7jsw3v8gx0l83oro9ygayvmrgpgp5dlu26o.png\" title=\"Nutripreserve voorkant Transparant &#8211; zwart etiket\" alt=\"Nutripreserve voorkant Transparant - zwart etiket\" loading=\"lazy\" \/>\t\t\t\t\t\t\t\t\t\t\t\t\t\t\t<\/div>\n\t\t\t\t<\/div>\n\t\t\t\t<\/div>\n\t\t\t\t<\/div>\n\t\t<div class=\"elementor-element elementor-element-b4bf7ae e-flex e-con-boxed e-con e-parent\" data-id=\"b4bf7ae\" data-element_type=\"container\" data-e-type=\"container\" data-settings=\"{&quot;background_background&quot;:&quot;classic&quot;}\">\n\t\t\t\t\t<div class=\"e-con-inner\">\n\t\t<div class=\"elementor-element elementor-element-5111251 e-con-full e-flex e-con e-child\" data-id=\"5111251\" data-element_type=\"container\" data-e-type=\"container\">\n\t\t\t\t<div class=\"elementor-element elementor-element-1781ece elementor-widget elementor-widget-heading\" data-id=\"1781ece\" data-element_type=\"widget\" data-e-type=\"widget\" data-widget_type=\"heading.default\">\n\t\t\t\t<div class=\"elementor-widget-container\">\n\t\t\t\t\t<h2 class=\"elementor-heading-title elementor-size-default\">Per preservare in sicurezza la qualit\u00e0 del mangime<\/h2>\t\t\t\t<\/div>\n\t\t\t\t<\/div>\n\t\t\t\t<div class=\"elementor-element elementor-element-c3b17c5 elementor-widget elementor-widget-text-editor\" data-id=\"c3b17c5\" data-element_type=\"widget\" data-e-type=\"widget\" data-widget_type=\"text-editor.default\">\n\t\t\t\t<div class=\"elementor-widget-container\">\n\t\t\t\t\t\t\t\t\t<p>Nutripreserve Sprayer consente l&#8217;erogazione di Nutripreserve nei mangimi e nel foraggio senza che l&#8217;operatore entri in contatto diretto con il prodotto, permettendo l&#8217;aggiunta degli acidi organici nel cibo in modo del tutto sicuro e automatico. L&#8217;aggiunta di una miscela acida all&#8217;insilato e al mangime (liquido) inibisce lo sviluppo di lieviti, muffe e batteri, preservandone pi\u00f9 a lungo l&#8217;appetibilit\u00e0 e gli elementi nutritivi e prevenendone il repentino deterioramento.   <\/p>\t\t\t\t\t\t\t\t<\/div>\n\t\t\t\t<\/div>\n\t\t\t\t<div class=\"elementor-element elementor-element-d034f87 elementor-widget elementor-widget-heading\" data-id=\"d034f87\" data-element_type=\"widget\" data-e-type=\"widget\" data-widget_type=\"heading.default\">\n\t\t\t\t<div class=\"elementor-widget-container\">\n\t\t\t\t\t<h3 class=\"elementor-heading-title elementor-size-default\">Sul carro miscelatore<\/h3>\t\t\t\t<\/div>\n\t\t\t\t<\/div>\n\t\t\t\t<div class=\"elementor-element elementor-element-c5479dc elementor-widget elementor-widget-text-editor\" data-id=\"c5479dc\" data-element_type=\"widget\" data-e-type=\"widget\" data-widget_type=\"text-editor.default\">\n\t\t\t\t<div class=\"elementor-widget-container\">\n\t\t\t\t\t\t\t\t\t<p>L&#8217;erogatore a spruzzo pu\u00f2 essere montato sul carro miscelatore per essere azionato direttamente dalla cabina del trattore. In questa configurazione, la pompa, alimentata dalla batteria del trattore, permette di distribuire la miscela di acidi organici tramite un ugello in acciaio inossidabile di alta qualit\u00e0 montato sopra il miscelatore di mangime, semplicemente premendo un pulsante. Ci\u00f2 assicura un dosaggio corretto e una distribuzione uniforme del prodotto.  <\/p>\t\t\t\t\t\t\t\t<\/div>\n\t\t\t\t<\/div>\n\t\t\t\t<div class=\"elementor-element elementor-element-f13203d elementor-widget elementor-widget-heading\" data-id=\"f13203d\" data-element_type=\"widget\" data-e-type=\"widget\" data-widget_type=\"heading.default\">\n\t\t\t\t<div class=\"elementor-widget-container\">\n\t\t\t\t\t<h3 class=\"elementor-heading-title elementor-size-default\">Nella stalla<\/h3>\t\t\t\t<\/div>\n\t\t\t\t<\/div>\n\t\t\t\t<div class=\"elementor-element elementor-element-73266de elementor-widget elementor-widget-text-editor\" data-id=\"73266de\" data-element_type=\"widget\" data-e-type=\"widget\" data-widget_type=\"text-editor.default\">\n\t\t\t\t<div class=\"elementor-widget-container\">\n\t\t\t\t\t\t\t\t\t<p>La pompa pu\u00f2 essere installata in modo fisso in stalla, permettendo di erogare Nutripreserve nel sistema di distribuzione del mangime liquido o nella linea di alimentazione con la semplice pressione di un pulsante. In questo modo si garantiscono un dosaggio preciso e una distribuzione uniforme del prodotto. <\/p>\t\t\t\t\t\t\t\t<\/div>\n\t\t\t\t<\/div>\n\t\t\t\t<\/div>\n\t\t\t\t\t<\/div>\n\t\t\t\t<\/div>\n\t\t\t\t<\/div>\n\t\t","protected":false},"excerpt":{"rendered":"<p>Prodotto tecnico Prodotto tecnico Per preservare in sicurezza la qualit\u00e0 del mangime Non comporta il contatto dell&#8217;operatore con agenti caustici Garantisce un dosaggio corretto \u00c8 facile e sicuro da usare Scarica la brochure Ordina il prodotto Per preservare in sicurezza la qualit\u00e0 del mangime Nutripreserve Sprayer consente l&#8217;erogazione di Nutripreserve nei mangimi e nel foraggio [&hellip;]<\/p>\n","protected":false},"author":21,"featured_media":0,"parent":25908,"menu_order":0,"comment_status":"closed","ping_status":"closed","template":"","meta":{"footnotes":""},"class_list":["post-26014","page","type-page","status-publish","hentry"],"yoast_head":"<!-- This site is optimized with the Yoast SEO plugin v27.2 - https:\/\/yoast.com\/product\/yoast-seo-wordpress\/ -->\n<title>Nutripreserve Sprayer - Kanters<\/title>\n<meta name=\"description\" content=\"Kanters Nutripreserve Sprayer consente di aggiungere con precisione e in sicurezza miscele di acidi organici e altri conservanti al mangime\" \/>\n<meta name=\"robots\" content=\"index, follow, max-snippet:-1, max-image-preview:large, max-video-preview:-1\" \/>\n<link rel=\"canonical\" href=\"https:\/\/www.kantersanimalhealth.com\/it\/ordinare-i-prodotti\/nutripreserve-sprayer\/\" \/>\n<meta property=\"og:locale\" content=\"it_IT\" \/>\n<meta property=\"og:type\" content=\"article\" \/>\n<meta property=\"og:title\" content=\"Nutripreserve Sprayer - Kanters\" \/>\n<meta property=\"og:description\" content=\"Kanters Nutripreserve Sprayer consente di aggiungere con precisione e in sicurezza miscele di acidi organici e altri conservanti al mangime\" \/>\n<meta property=\"og:url\" content=\"https:\/\/www.kantersanimalhealth.com\/it\/ordinare-i-prodotti\/nutripreserve-sprayer\/\" \/>\n<meta property=\"og:site_name\" content=\"Kanters\" \/>\n<meta property=\"article:publisher\" content=\"https:\/\/www.facebook.com\/FlavourFamily\" \/>\n<meta property=\"article:modified_time\" content=\"2025-10-22T06:56:31+00:00\" \/>\n<meta property=\"og:image\" content=\"https:\/\/www.kantersanimalhealth.com\/wp-content\/uploads\/elementor\/thumbs\/Nutripreserve-voorkant-Transparant-zwart-etiket-e1739875538178-r1omt1b7jsw3v8gx0l83oro9ygayvmrgpgp5dlu26o.png\" \/>\n<meta name=\"twitter:card\" content=\"summary_large_image\" \/>\n<meta name=\"twitter:label1\" content=\"Tempo di lettura stimato\" \/>\n\t<meta name=\"twitter:data1\" content=\"2 minuti\" \/>\n<script type=\"application\/ld+json\" class=\"yoast-schema-graph\">{\"@context\":\"https:\/\/schema.org\",\"@graph\":[{\"@type\":\"WebPage\",\"@id\":\"https:\/\/www.kantersanimalhealth.com\/it\/ordinare-i-prodotti\/nutripreserve-sprayer\/\",\"url\":\"https:\/\/www.kantersanimalhealth.com\/it\/ordinare-i-prodotti\/nutripreserve-sprayer\/\",\"name\":\"Nutripreserve Sprayer - Kanters\",\"isPartOf\":{\"@id\":\"https:\/\/www.kantersanimalhealth.com\/it\/#website\"},\"primaryImageOfPage\":{\"@id\":\"https:\/\/www.kantersanimalhealth.com\/it\/ordinare-i-prodotti\/nutripreserve-sprayer\/#primaryimage\"},\"image\":{\"@id\":\"https:\/\/www.kantersanimalhealth.com\/it\/ordinare-i-prodotti\/nutripreserve-sprayer\/#primaryimage\"},\"thumbnailUrl\":\"https:\/\/www.kantersanimalhealth.com\/wp-content\/uploads\/elementor\/thumbs\/Nutripreserve-voorkant-Transparant-zwart-etiket-e1739875538178-r1omt1b7jsw3v8gx0l83oro9ygayvmrgpgp5dlu26o.png\",\"datePublished\":\"2025-03-17T15:16:39+00:00\",\"dateModified\":\"2025-10-22T06:56:31+00:00\",\"description\":\"Kanters Nutripreserve Sprayer consente di aggiungere con precisione e in sicurezza miscele di acidi organici e altri conservanti al mangime\",\"breadcrumb\":{\"@id\":\"https:\/\/www.kantersanimalhealth.com\/it\/ordinare-i-prodotti\/nutripreserve-sprayer\/#breadcrumb\"},\"inLanguage\":\"it-IT\",\"potentialAction\":[{\"@type\":\"ReadAction\",\"target\":[\"https:\/\/www.kantersanimalhealth.com\/it\/ordinare-i-prodotti\/nutripreserve-sprayer\/\"]}]},{\"@type\":\"ImageObject\",\"inLanguage\":\"it-IT\",\"@id\":\"https:\/\/www.kantersanimalhealth.com\/it\/ordinare-i-prodotti\/nutripreserve-sprayer\/#primaryimage\",\"url\":\"https:\/\/www.kantersanimalhealth.com\/wp-content\/uploads\/elementor\/thumbs\/Nutripreserve-voorkant-Transparant-zwart-etiket-e1739875538178-r1omt1b7jsw3v8gx0l83oro9ygayvmrgpgp5dlu26o.png\",\"contentUrl\":\"https:\/\/www.kantersanimalhealth.com\/wp-content\/uploads\/elementor\/thumbs\/Nutripreserve-voorkant-Transparant-zwart-etiket-e1739875538178-r1omt1b7jsw3v8gx0l83oro9ygayvmrgpgp5dlu26o.png\"},{\"@type\":\"BreadcrumbList\",\"@id\":\"https:\/\/www.kantersanimalhealth.com\/it\/ordinare-i-prodotti\/nutripreserve-sprayer\/#breadcrumb\",\"itemListElement\":[{\"@type\":\"ListItem\",\"position\":1,\"name\":\"Home\",\"item\":\"https:\/\/www.kantersanimalhealth.com\/it\/\"},{\"@type\":\"ListItem\",\"position\":2,\"name\":\"Ordinare i prodotti\",\"item\":\"https:\/\/www.kantersanimalhealth.com\/it\/ordinare-i-prodotti\/\"},{\"@type\":\"ListItem\",\"position\":3,\"name\":\"Nutripreserve Sprayer\"}]},{\"@type\":\"WebSite\",\"@id\":\"https:\/\/www.kantersanimalhealth.com\/it\/#website\",\"url\":\"https:\/\/www.kantersanimalhealth.com\/it\/\",\"name\":\"Kanters\",\"description\":\"Special Products B.V.\",\"publisher\":{\"@id\":\"https:\/\/www.kantersanimalhealth.com\/it\/#organization\"},\"potentialAction\":[{\"@type\":\"SearchAction\",\"target\":{\"@type\":\"EntryPoint\",\"urlTemplate\":\"https:\/\/www.kantersanimalhealth.com\/it\/?s={search_term_string}\"},\"query-input\":{\"@type\":\"PropertyValueSpecification\",\"valueRequired\":true,\"valueName\":\"search_term_string\"}}],\"inLanguage\":\"it-IT\"},{\"@type\":\"Organization\",\"@id\":\"https:\/\/www.kantersanimalhealth.com\/it\/#organization\",\"name\":\"Flavour Family\",\"url\":\"https:\/\/www.kantersanimalhealth.com\/it\/\",\"logo\":{\"@type\":\"ImageObject\",\"inLanguage\":\"it-IT\",\"@id\":\"https:\/\/www.kantersanimalhealth.com\/it\/#\/schema\/logo\/image\/\",\"url\":\"\",\"contentUrl\":\"\",\"caption\":\"Flavour Family\"},\"image\":{\"@id\":\"https:\/\/www.kantersanimalhealth.com\/it\/#\/schema\/logo\/image\/\"},\"sameAs\":[\"https:\/\/www.facebook.com\/FlavourFamily\"]}]}<\/script>\n<!-- \/ Yoast SEO plugin. -->","yoast_head_json":{"title":"Nutripreserve Sprayer - Kanters","description":"Kanters Nutripreserve Sprayer consente di aggiungere con precisione e in sicurezza miscele di acidi organici e altri conservanti al mangime","robots":{"index":"index","follow":"follow","max-snippet":"max-snippet:-1","max-image-preview":"max-image-preview:large","max-video-preview":"max-video-preview:-1"},"canonical":"https:\/\/www.kantersanimalhealth.com\/it\/ordinare-i-prodotti\/nutripreserve-sprayer\/","og_locale":"it_IT","og_type":"article","og_title":"Nutripreserve Sprayer - Kanters","og_description":"Kanters Nutripreserve Sprayer consente di aggiungere con precisione e in sicurezza miscele di acidi organici e altri conservanti al mangime","og_url":"https:\/\/www.kantersanimalhealth.com\/it\/ordinare-i-prodotti\/nutripreserve-sprayer\/","og_site_name":"Kanters","article_publisher":"https:\/\/www.facebook.com\/FlavourFamily","article_modified_time":"2025-10-22T06:56:31+00:00","og_image":[{"url":"https:\/\/www.kantersanimalhealth.com\/wp-content\/uploads\/elementor\/thumbs\/Nutripreserve-voorkant-Transparant-zwart-etiket-e1739875538178-r1omt1b7jsw3v8gx0l83oro9ygayvmrgpgp5dlu26o.png","type":"","width":"","height":""}],"twitter_card":"summary_large_image","twitter_misc":{"Tempo di lettura stimato":"2 minuti"},"schema":{"@context":"https:\/\/schema.org","@graph":[{"@type":"WebPage","@id":"https:\/\/www.kantersanimalhealth.com\/it\/ordinare-i-prodotti\/nutripreserve-sprayer\/","url":"https:\/\/www.kantersanimalhealth.com\/it\/ordinare-i-prodotti\/nutripreserve-sprayer\/","name":"Nutripreserve Sprayer - Kanters","isPartOf":{"@id":"https:\/\/www.kantersanimalhealth.com\/it\/#website"},"primaryImageOfPage":{"@id":"https:\/\/www.kantersanimalhealth.com\/it\/ordinare-i-prodotti\/nutripreserve-sprayer\/#primaryimage"},"image":{"@id":"https:\/\/www.kantersanimalhealth.com\/it\/ordinare-i-prodotti\/nutripreserve-sprayer\/#primaryimage"},"thumbnailUrl":"https:\/\/www.kantersanimalhealth.com\/wp-content\/uploads\/elementor\/thumbs\/Nutripreserve-voorkant-Transparant-zwart-etiket-e1739875538178-r1omt1b7jsw3v8gx0l83oro9ygayvmrgpgp5dlu26o.png","datePublished":"2025-03-17T15:16:39+00:00","dateModified":"2025-10-22T06:56:31+00:00","description":"Kanters Nutripreserve Sprayer consente di aggiungere con precisione e in sicurezza miscele di acidi organici e altri conservanti al mangime","breadcrumb":{"@id":"https:\/\/www.kantersanimalhealth.com\/it\/ordinare-i-prodotti\/nutripreserve-sprayer\/#breadcrumb"},"inLanguage":"it-IT","potentialAction":[{"@type":"ReadAction","target":["https:\/\/www.kantersanimalhealth.com\/it\/ordinare-i-prodotti\/nutripreserve-sprayer\/"]}]},{"@type":"ImageObject","inLanguage":"it-IT","@id":"https:\/\/www.kantersanimalhealth.com\/it\/ordinare-i-prodotti\/nutripreserve-sprayer\/#primaryimage","url":"https:\/\/www.kantersanimalhealth.com\/wp-content\/uploads\/elementor\/thumbs\/Nutripreserve-voorkant-Transparant-zwart-etiket-e1739875538178-r1omt1b7jsw3v8gx0l83oro9ygayvmrgpgp5dlu26o.png","contentUrl":"https:\/\/www.kantersanimalhealth.com\/wp-content\/uploads\/elementor\/thumbs\/Nutripreserve-voorkant-Transparant-zwart-etiket-e1739875538178-r1omt1b7jsw3v8gx0l83oro9ygayvmrgpgp5dlu26o.png"},{"@type":"BreadcrumbList","@id":"https:\/\/www.kantersanimalhealth.com\/it\/ordinare-i-prodotti\/nutripreserve-sprayer\/#breadcrumb","itemListElement":[{"@type":"ListItem","position":1,"name":"Home","item":"https:\/\/www.kantersanimalhealth.com\/it\/"},{"@type":"ListItem","position":2,"name":"Ordinare i prodotti","item":"https:\/\/www.kantersanimalhealth.com\/it\/ordinare-i-prodotti\/"},{"@type":"ListItem","position":3,"name":"Nutripreserve Sprayer"}]},{"@type":"WebSite","@id":"https:\/\/www.kantersanimalhealth.com\/it\/#website","url":"https:\/\/www.kantersanimalhealth.com\/it\/","name":"Kanters","description":"Special Products B.V.","publisher":{"@id":"https:\/\/www.kantersanimalhealth.com\/it\/#organization"},"potentialAction":[{"@type":"SearchAction","target":{"@type":"EntryPoint","urlTemplate":"https:\/\/www.kantersanimalhealth.com\/it\/?s={search_term_string}"},"query-input":{"@type":"PropertyValueSpecification","valueRequired":true,"valueName":"search_term_string"}}],"inLanguage":"it-IT"},{"@type":"Organization","@id":"https:\/\/www.kantersanimalhealth.com\/it\/#organization","name":"Flavour Family","url":"https:\/\/www.kantersanimalhealth.com\/it\/","logo":{"@type":"ImageObject","inLanguage":"it-IT","@id":"https:\/\/www.kantersanimalhealth.com\/it\/#\/schema\/logo\/image\/","url":"","contentUrl":"","caption":"Flavour Family"},"image":{"@id":"https:\/\/www.kantersanimalhealth.com\/it\/#\/schema\/logo\/image\/"},"sameAs":["https:\/\/www.facebook.com\/FlavourFamily"]}]}},"_links":{"self":[{"href":"https:\/\/www.kantersanimalhealth.com\/it\/wp-json\/wp\/v2\/pages\/26014","targetHints":{"allow":["GET"]}}],"collection":[{"href":"https:\/\/www.kantersanimalhealth.com\/it\/wp-json\/wp\/v2\/pages"}],"about":[{"href":"https:\/\/www.kantersanimalhealth.com\/it\/wp-json\/wp\/v2\/types\/page"}],"author":[{"embeddable":true,"href":"https:\/\/www.kantersanimalhealth.com\/it\/wp-json\/wp\/v2\/users\/21"}],"replies":[{"embeddable":true,"href":"https:\/\/www.kantersanimalhealth.com\/it\/wp-json\/wp\/v2\/comments?post=26014"}],"version-history":[{"count":4,"href":"https:\/\/www.kantersanimalhealth.com\/it\/wp-json\/wp\/v2\/pages\/26014\/revisions"}],"predecessor-version":[{"id":30435,"href":"https:\/\/www.kantersanimalhealth.com\/it\/wp-json\/wp\/v2\/pages\/26014\/revisions\/30435"}],"up":[{"embeddable":true,"href":"https:\/\/www.kantersanimalhealth.com\/it\/wp-json\/wp\/v2\/pages\/25908"}],"wp:attachment":[{"href":"https:\/\/www.kantersanimalhealth.com\/it\/wp-json\/wp\/v2\/media?parent=26014"}],"curies":[{"name":"wp","href":"https:\/\/api.w.org\/{rel}","templated":true}]}}