{"id":25911,"date":"2025-03-06T08:15:53","date_gmt":"2025-03-06T07:15:53","guid":{"rendered":"https:\/\/www.kantersanimalhealth.com\/termini-e-condizioni\/"},"modified":"2025-11-12T10:38:04","modified_gmt":"2025-11-12T09:38:04","slug":"termini-e-condizioni","status":"publish","type":"page","link":"https:\/\/www.kantersanimalhealth.com\/it\/termini-e-condizioni\/","title":{"rendered":"Termini e condizioni"},"content":{"rendered":"\t\t<div data-elementor-type=\"wp-page\" data-elementor-id=\"25911\" class=\"elementor elementor-25911 elementor-7163\" data-elementor-post-type=\"page\">\n\t\t\t\t\t\t<section class=\"elementor-section elementor-top-section elementor-element elementor-element-e197cdb elementor-section-boxed elementor-section-height-default elementor-section-height-default\" data-id=\"e197cdb\" data-element_type=\"section\" data-e-type=\"section\" data-settings=\"{&quot;background_background&quot;:&quot;classic&quot;}\">\n\t\t\t\t\t\t\t<div class=\"elementor-background-overlay\"><\/div>\n\t\t\t\t\t\t\t<div class=\"elementor-container elementor-column-gap-default\">\n\t\t\t\t\t<div class=\"elementor-column elementor-col-100 elementor-top-column elementor-element elementor-element-ca3a099\" data-id=\"ca3a099\" data-element_type=\"column\" data-e-type=\"column\">\n\t\t\t<div class=\"elementor-widget-wrap\">\n\t\t\t\t\t\t\t<\/div>\n\t\t<\/div>\n\t\t\t\t\t<\/div>\n\t\t<\/section>\n\t\t\t\t<section class=\"elementor-section elementor-top-section elementor-element elementor-element-8a697e1 elementor-section-boxed elementor-section-height-default elementor-section-height-default\" data-id=\"8a697e1\" data-element_type=\"section\" data-e-type=\"section\" data-settings=\"{&quot;background_background&quot;:&quot;gradient&quot;}\">\n\t\t\t\t\t\t<div class=\"elementor-container elementor-column-gap-default\">\n\t\t\t\t\t<div class=\"elementor-column elementor-col-50 elementor-top-column elementor-element elementor-element-90b9fcc\" data-id=\"90b9fcc\" data-element_type=\"column\" data-e-type=\"column\">\n\t\t\t<div class=\"elementor-widget-wrap elementor-element-populated\">\n\t\t\t\t\t\t<div class=\"elementor-element elementor-element-ae3d870 elementor-widget elementor-widget-heading\" data-id=\"ae3d870\" data-element_type=\"widget\" data-e-type=\"widget\" data-widget_type=\"heading.default\">\n\t\t\t\t<div class=\"elementor-widget-container\">\n\t\t\t\t\t<h1 class=\"elementor-heading-title elementor-size-default\">Termini e condizioni<\/h1>\t\t\t\t<\/div>\n\t\t\t\t<\/div>\n\t\t\t\t<div class=\"elementor-element elementor-element-c5d549b elementor-widget elementor-widget-text-editor\" data-id=\"c5d549b\" data-element_type=\"widget\" data-e-type=\"widget\" data-widget_type=\"text-editor.default\">\n\t\t\t\t<div class=\"elementor-widget-container\">\n\t\t\t\t\t\t\t\t\t<p>1. I presenti termini e condizioni si applicano a tutte le offerte, i preventivi, le attivit\u00e0, le consegne, le obbligazioni e gli accordi stipulati tra il cliente e noi. Sono esclusi termini e condizioni generali diversi da quelli qui riportati. <\/p><p>2. I nostri preventivi non sono vincolanti e hanno validit\u00e0 di quattordici (14) giorni, salvo diversa indicazione. Gli ordini saranno evasi in base ai listini prezzi vigenti alla data dell&#8217;ordine. <\/p><p>3. I tempi di consegna sono indicativi. Il cliente potr\u00e0 richiedere risarcimento o recedere dal contratto solo dopo averci concesso un termine ragionevole per adempiere e qualora tale termine venga superato. Le spese di trasporto sono a carico del cliente, salvo diverso accordo. Il rischio della merce passa al cliente al momento del carico (consegna FCA) o dello scarico presso l&#8217;indirizzo di consegna. Il cliente \u00e8 tenuto ad accettare la merce consegnata.    <\/p><p>4. Salvo diverso accordo, i pagamenti devono essere effettuati entro trenta (30) giorni dalla data della fattura, senza sconti o compensazioni. In caso di ritardo, saranno addebitate spese di riscossione e interessi di mora, nonch\u00e9 eventuali spese legali e di assistenza sostenute. Le spese extragiudiziali saranno calcolate secondo il Decreto sul rimborso delle spese di riscossione extragiudiziali (Besluit vergoeding voor buitengerechtelijke incassokosten), con un minimo di \u20ac 250, IVA esclusa.   <\/p><p>5. La consegna si intende con riserva di propriet\u00e0. Le merci fornite e da fornirsi da parte nostra rimarranno di nostra propriet\u00e0 fino a quando il cliente non avr\u00e0 assolto a tutti i propri obblighi, compresi quelli derivanti da consegne presenti, passate e future e da eventuali nostre richieste di risarcimento o rimborso (per costi legali e interessi) a seguito di suo inadempimento. <\/p><p>6. I reclami devono essere inviati per iscritto entro quattordici (14) giorni dalla consegna, specificando natura, motivi, numero e data della fattura. La presentazione del reclamo non sospende l&#8217;obbligo di pagamento. Reclami tardivi non saranno presi in considerazione.  <\/p><p>7. Non sono accettati resi di prodotti con sigillo rotto o scaduti.<\/p><p>8. In caso di consegna con trasporto a nostro carico, i costi dell&#8217;assicurazione saranno sostenuti da noi. La nostra responsabilit\u00e0 sar\u00e0 tuttavia limitata all&#8217;importo del valore fatturato, gi\u00e0 addebitato o da addebitare, salvo che l&#8217;assicuratore non riconosca un risarcimento superiore. In tal caso, la responsabilit\u00e0 sar\u00e0 limitata all&#8217;importo versato dall&#8217;assicuratore, maggiorato della franchigia, che a sua volta non potr\u00e0 comunque superare il valore fatturato gi\u00e0 addebitato o da addebitare. L&#8217;assicurazione stipulata coprir\u00e0 esclusivamente i normali rischi di trasporto e non comprender\u00e0 rischi straordinari e\/o rischi di guerra. Non ci assumiamo alcuna responsabilit\u00e0 ulteriore.    <\/p><p>9. Noi, i nostri dipendenti o eventuali terze parti da noi incaricate non siamo responsabili per danni subiti dal cliente in relazione a qualsiasi accordo o consegna, salvo che tali danni siano conseguenza diretta di dolo o colpa grave da parte nostra. Tale esclusione di responsabilit\u00e0 si applica anche alla consegna dei beni, ai beni stessi o al loro utilizzo, alle propriet\u00e0 o qualit\u00e0 dei beni venduti e\/o consegnati, nonch\u00e9 a qualsiasi attivit\u00e0, servizio o consulenza forniti da noi o per nostro conto, inclusi i danni derivanti da un errato adempimento di obblighi di riparazione o ritiro. In nessun caso rispondiamo di danni diretti o indiretti quali perdita di fatturato o avviamento, fermo produzione, perdita di ricavi, mancato guadagno o altri danni consequenziali. I danni non segnalati entro quattordici (14) giorni dalla consegna del prodotto non saranno considerati ai fini del risarcimento. In ogni caso, la nostra responsabilit\u00e0 complessiva nei confronti del cliente \u00e8 limitata all&#8217;importo fatturato per la consegna oggetto del reclamo.     <\/p><p>10. La forza maggiore include anche quella dei nostri fornitori. In caso di forza maggiore, possiamo annullare l&#8217;accordo comunicandolo entro quattordici (14) giorni dal suo verificarsi. <\/p><p>11. Il trattamento dei dati personali \u00e8 regolato dalla nostra Informativa sulla privacy, disponibile all&#8217;indirizzo <strong>www. kantersanimalhealth.com\/it\/ <\/strong><span style=\"background-color: transparent;\"><b>informativa-sulla-privacy\/<\/b><\/span><span style=\"color: var( --e-global-color-e04a36d ); background-color: transparent;\">.<\/span><\/p><p>12. Tutte le offerte, i preventivi, le attivit\u00e0, le consegne, le obbligazioni e gli accordi soggetti alle presenti condizioni sono regolati dalla legge olandese. Eventuali controversie saranno sottoposte, nei limiti consentiti dalla legge, alla competenza esclusiva del tribunale del distretto del Brabante Orientale, a nostra discrezione. <\/p><p>13. Ci riserviamo il diritto di modificare i presenti termini e condizioni. Le modifiche si intendono accettate se il cliente non presenta obiezioni scritte entro quattordici (14) giorni dalla nostra notifica scritta di tali modifiche. <\/p>\t\t\t\t\t\t\t\t<\/div>\n\t\t\t\t<\/div>\n\t\t\t\t\t<\/div>\n\t\t<\/div>\n\t\t\t\t<div class=\"elementor-column elementor-col-50 elementor-top-column elementor-element elementor-element-79016e5 elementor-hidden-tablet elementor-hidden-mobile\" data-id=\"79016e5\" data-element_type=\"column\" data-e-type=\"column\">\n\t\t\t<div class=\"elementor-widget-wrap\">\n\t\t\t\t\t\t\t<\/div>\n\t\t<\/div>\n\t\t\t\t\t<\/div>\n\t\t<\/section>\n\t\t\t\t<\/div>\n\t\t","protected":false},"excerpt":{"rendered":"<p>1. I presenti termini e condizioni si applicano a tutte le offerte, i preventivi, le attivit\u00e0, le consegne, le obbligazioni e gli accordi stipulati tra il cliente e noi. Sono esclusi termini e condizioni generali diversi da quelli qui riportati. 2. I nostri preventivi non sono vincolanti e hanno validit\u00e0 di quattordici (14) giorni, salvo [&hellip;]<\/p>\n","protected":false},"author":3,"featured_media":0,"parent":0,"menu_order":11,"comment_status":"closed","ping_status":"closed","template":"","meta":{"footnotes":""},"class_list":["post-25911","page","type-page","status-publish","hentry"],"yoast_head":"<!-- This site is optimized with the Yoast SEO plugin v27.2 - https:\/\/yoast.com\/product\/yoast-seo-wordpress\/ -->\n<title>Termini e condizioni - Kanters<\/title>\n<meta name=\"robots\" content=\"index, follow, max-snippet:-1, max-image-preview:large, max-video-preview:-1\" \/>\n<link rel=\"canonical\" href=\"https:\/\/www.kantersanimalhealth.com\/it\/termini-e-condizioni\/\" \/>\n<meta property=\"og:locale\" content=\"it_IT\" \/>\n<meta property=\"og:type\" content=\"article\" \/>\n<meta property=\"og:title\" content=\"Termini e condizioni - Kanters\" \/>\n<meta property=\"og:description\" content=\"1. I presenti termini e condizioni si applicano a tutte le offerte, i preventivi, le attivit\u00e0, le consegne, le obbligazioni e gli accordi stipulati tra il cliente e noi. Sono esclusi termini e condizioni generali diversi da quelli qui riportati. 2. I nostri preventivi non sono vincolanti e hanno validit\u00e0 di quattordici (14) giorni, salvo [&hellip;]\" \/>\n<meta property=\"og:url\" content=\"https:\/\/www.kantersanimalhealth.com\/it\/termini-e-condizioni\/\" \/>\n<meta property=\"og:site_name\" content=\"Kanters\" \/>\n<meta property=\"article:publisher\" content=\"https:\/\/www.facebook.com\/FlavourFamily\" \/>\n<meta property=\"article:modified_time\" content=\"2025-11-12T09:38:04+00:00\" \/>\n<meta name=\"twitter:card\" content=\"summary_large_image\" \/>\n<meta name=\"twitter:label1\" content=\"Tempo di lettura stimato\" \/>\n\t<meta name=\"twitter:data1\" content=\"3 minuti\" \/>\n<script type=\"application\/ld+json\" class=\"yoast-schema-graph\">{\"@context\":\"https:\/\/schema.org\",\"@graph\":[{\"@type\":\"WebPage\",\"@id\":\"https:\/\/www.kantersanimalhealth.com\/it\/termini-e-condizioni\/\",\"url\":\"https:\/\/www.kantersanimalhealth.com\/it\/termini-e-condizioni\/\",\"name\":\"Termini e condizioni - Kanters\",\"isPartOf\":{\"@id\":\"https:\/\/www.kantersanimalhealth.com\/it\/#website\"},\"datePublished\":\"2025-03-06T07:15:53+00:00\",\"dateModified\":\"2025-11-12T09:38:04+00:00\",\"breadcrumb\":{\"@id\":\"https:\/\/www.kantersanimalhealth.com\/it\/termini-e-condizioni\/#breadcrumb\"},\"inLanguage\":\"it-IT\",\"potentialAction\":[{\"@type\":\"ReadAction\",\"target\":[\"https:\/\/www.kantersanimalhealth.com\/it\/termini-e-condizioni\/\"]}]},{\"@type\":\"BreadcrumbList\",\"@id\":\"https:\/\/www.kantersanimalhealth.com\/it\/termini-e-condizioni\/#breadcrumb\",\"itemListElement\":[{\"@type\":\"ListItem\",\"position\":1,\"name\":\"Home\",\"item\":\"https:\/\/www.kantersanimalhealth.com\/it\/\"},{\"@type\":\"ListItem\",\"position\":2,\"name\":\"Termini e condizioni\"}]},{\"@type\":\"WebSite\",\"@id\":\"https:\/\/www.kantersanimalhealth.com\/it\/#website\",\"url\":\"https:\/\/www.kantersanimalhealth.com\/it\/\",\"name\":\"Kanters\",\"description\":\"Special Products B.V.\",\"publisher\":{\"@id\":\"https:\/\/www.kantersanimalhealth.com\/it\/#organization\"},\"potentialAction\":[{\"@type\":\"SearchAction\",\"target\":{\"@type\":\"EntryPoint\",\"urlTemplate\":\"https:\/\/www.kantersanimalhealth.com\/it\/?s={search_term_string}\"},\"query-input\":{\"@type\":\"PropertyValueSpecification\",\"valueRequired\":true,\"valueName\":\"search_term_string\"}}],\"inLanguage\":\"it-IT\"},{\"@type\":\"Organization\",\"@id\":\"https:\/\/www.kantersanimalhealth.com\/it\/#organization\",\"name\":\"Flavour Family\",\"url\":\"https:\/\/www.kantersanimalhealth.com\/it\/\",\"logo\":{\"@type\":\"ImageObject\",\"inLanguage\":\"it-IT\",\"@id\":\"https:\/\/www.kantersanimalhealth.com\/it\/#\/schema\/logo\/image\/\",\"url\":\"\",\"contentUrl\":\"\",\"caption\":\"Flavour Family\"},\"image\":{\"@id\":\"https:\/\/www.kantersanimalhealth.com\/it\/#\/schema\/logo\/image\/\"},\"sameAs\":[\"https:\/\/www.facebook.com\/FlavourFamily\"]}]}<\/script>\n<!-- \/ Yoast SEO plugin. -->","yoast_head_json":{"title":"Termini e condizioni - Kanters","robots":{"index":"index","follow":"follow","max-snippet":"max-snippet:-1","max-image-preview":"max-image-preview:large","max-video-preview":"max-video-preview:-1"},"canonical":"https:\/\/www.kantersanimalhealth.com\/it\/termini-e-condizioni\/","og_locale":"it_IT","og_type":"article","og_title":"Termini e condizioni - Kanters","og_description":"1. I presenti termini e condizioni si applicano a tutte le offerte, i preventivi, le attivit\u00e0, le consegne, le obbligazioni e gli accordi stipulati tra il cliente e noi. Sono esclusi termini e condizioni generali diversi da quelli qui riportati. 2. I nostri preventivi non sono vincolanti e hanno validit\u00e0 di quattordici (14) giorni, salvo [&hellip;]","og_url":"https:\/\/www.kantersanimalhealth.com\/it\/termini-e-condizioni\/","og_site_name":"Kanters","article_publisher":"https:\/\/www.facebook.com\/FlavourFamily","article_modified_time":"2025-11-12T09:38:04+00:00","twitter_card":"summary_large_image","twitter_misc":{"Tempo di lettura stimato":"3 minuti"},"schema":{"@context":"https:\/\/schema.org","@graph":[{"@type":"WebPage","@id":"https:\/\/www.kantersanimalhealth.com\/it\/termini-e-condizioni\/","url":"https:\/\/www.kantersanimalhealth.com\/it\/termini-e-condizioni\/","name":"Termini e condizioni - Kanters","isPartOf":{"@id":"https:\/\/www.kantersanimalhealth.com\/it\/#website"},"datePublished":"2025-03-06T07:15:53+00:00","dateModified":"2025-11-12T09:38:04+00:00","breadcrumb":{"@id":"https:\/\/www.kantersanimalhealth.com\/it\/termini-e-condizioni\/#breadcrumb"},"inLanguage":"it-IT","potentialAction":[{"@type":"ReadAction","target":["https:\/\/www.kantersanimalhealth.com\/it\/termini-e-condizioni\/"]}]},{"@type":"BreadcrumbList","@id":"https:\/\/www.kantersanimalhealth.com\/it\/termini-e-condizioni\/#breadcrumb","itemListElement":[{"@type":"ListItem","position":1,"name":"Home","item":"https:\/\/www.kantersanimalhealth.com\/it\/"},{"@type":"ListItem","position":2,"name":"Termini e condizioni"}]},{"@type":"WebSite","@id":"https:\/\/www.kantersanimalhealth.com\/it\/#website","url":"https:\/\/www.kantersanimalhealth.com\/it\/","name":"Kanters","description":"Special Products B.V.","publisher":{"@id":"https:\/\/www.kantersanimalhealth.com\/it\/#organization"},"potentialAction":[{"@type":"SearchAction","target":{"@type":"EntryPoint","urlTemplate":"https:\/\/www.kantersanimalhealth.com\/it\/?s={search_term_string}"},"query-input":{"@type":"PropertyValueSpecification","valueRequired":true,"valueName":"search_term_string"}}],"inLanguage":"it-IT"},{"@type":"Organization","@id":"https:\/\/www.kantersanimalhealth.com\/it\/#organization","name":"Flavour Family","url":"https:\/\/www.kantersanimalhealth.com\/it\/","logo":{"@type":"ImageObject","inLanguage":"it-IT","@id":"https:\/\/www.kantersanimalhealth.com\/it\/#\/schema\/logo\/image\/","url":"","contentUrl":"","caption":"Flavour Family"},"image":{"@id":"https:\/\/www.kantersanimalhealth.com\/it\/#\/schema\/logo\/image\/"},"sameAs":["https:\/\/www.facebook.com\/FlavourFamily"]}]}},"_links":{"self":[{"href":"https:\/\/www.kantersanimalhealth.com\/it\/wp-json\/wp\/v2\/pages\/25911","targetHints":{"allow":["GET"]}}],"collection":[{"href":"https:\/\/www.kantersanimalhealth.com\/it\/wp-json\/wp\/v2\/pages"}],"about":[{"href":"https:\/\/www.kantersanimalhealth.com\/it\/wp-json\/wp\/v2\/types\/page"}],"author":[{"embeddable":true,"href":"https:\/\/www.kantersanimalhealth.com\/it\/wp-json\/wp\/v2\/users\/3"}],"replies":[{"embeddable":true,"href":"https:\/\/www.kantersanimalhealth.com\/it\/wp-json\/wp\/v2\/comments?post=25911"}],"version-history":[{"count":9,"href":"https:\/\/www.kantersanimalhealth.com\/it\/wp-json\/wp\/v2\/pages\/25911\/revisions"}],"predecessor-version":[{"id":31139,"href":"https:\/\/www.kantersanimalhealth.com\/it\/wp-json\/wp\/v2\/pages\/25911\/revisions\/31139"}],"wp:attachment":[{"href":"https:\/\/www.kantersanimalhealth.com\/it\/wp-json\/wp\/v2\/media?parent=25911"}],"curies":[{"name":"wp","href":"https:\/\/api.w.org\/{rel}","templated":true}]}}