{"id":30779,"date":"2025-10-22T10:07:58","date_gmt":"2025-10-22T09:07:58","guid":{"rendered":"https:\/\/www.kantersanimalhealth.com\/equilibre-2\/greenacid-pure\/"},"modified":"2025-10-22T10:08:00","modified_gmt":"2025-10-22T09:08:00","slug":"greenacid-pure","status":"publish","type":"page","link":"https:\/\/www.kantersanimalhealth.com\/fr\/porcs\/equilibre-2\/greenacid-pure\/","title":{"rendered":"Greenacid Pure"},"content":{"rendered":"\t\t<div data-elementor-type=\"wp-page\" data-elementor-id=\"30779\" class=\"elementor elementor-30779 elementor-24430\" data-elementor-post-type=\"page\">\n\t\t\t\t<div class=\"elementor-element elementor-element-6a2d8f6 e-con-full e-flex e-con e-parent\" data-id=\"6a2d8f6\" data-element_type=\"container\" data-e-type=\"container\" data-settings=\"{&quot;shape_divider_bottom&quot;:&quot;waves&quot;}\">\n\t\t\t\t<div class=\"elementor-shape elementor-shape-bottom\" aria-hidden=\"true\" data-negative=\"false\">\n\t\t\t<svg xmlns=\"http:\/\/www.w3.org\/2000\/svg\" viewBox=\"0 0 1000 100\" preserveAspectRatio=\"none\">\n\t<path class=\"elementor-shape-fill\" d=\"M421.9,6.5c22.6-2.5,51.5,0.4,75.5,5.3c23.6,4.9,70.9,23.5,100.5,35.7c75.8,32.2,133.7,44.5,192.6,49.7\n\tc23.6,2.1,48.7,3.5,103.4-2.5c54.7-6,106.2-25.6,106.2-25.6V0H0v30.3c0,0,72,32.6,158.4,30.5c39.2-0.7,92.8-6.7,134-22.4\n\tc21.2-8.1,52.2-18.2,79.7-24.2C399.3,7.9,411.6,7.5,421.9,6.5z\"\/>\n<\/svg>\t\t<\/div>\n\t\t<div class=\"elementor-element elementor-element-659a4b7 e-con-full e-flex e-con e-child\" data-id=\"659a4b7\" data-element_type=\"container\" data-e-type=\"container\">\n\t\t\t\t<div class=\"elementor-element elementor-element-4a0e9c8 elementor-widget elementor-widget-heading\" data-id=\"4a0e9c8\" data-element_type=\"widget\" data-e-type=\"widget\" data-widget_type=\"heading.default\">\n\t\t\t\t<div class=\"elementor-widget-container\">\n\t\t\t\t\t<div class=\"elementor-heading-title elementor-size-default\">Produit d'\u00e9quilibre<\/div>\t\t\t\t<\/div>\n\t\t\t\t<\/div>\n\t\t\t\t<div class=\"elementor-element elementor-element-0a17944 elementor-widget elementor-widget-heading\" data-id=\"0a17944\" data-element_type=\"widget\" data-e-type=\"widget\" data-widget_type=\"heading.default\">\n\t\t\t\t<div class=\"elementor-widget-container\">\n\t\t\t\t\t<h1 class=\"elementor-heading-title elementor-size-default\">Greenacid Pure<\/h1>\t\t\t\t<\/div>\n\t\t\t\t<\/div>\n\t\t\t\t<div class=\"elementor-element elementor-element-3044e2e elementor-widget elementor-widget-heading\" data-id=\"3044e2e\" data-element_type=\"widget\" data-e-type=\"widget\" data-widget_type=\"heading.default\">\n\t\t\t\t<div class=\"elementor-widget-container\">\n\t\t\t\t\t<h3 class=\"elementor-heading-title elementor-size-default\">Digestion optimale<\/h3>\t\t\t\t<\/div>\n\t\t\t\t<\/div>\n\t\t\t\t<div class=\"elementor-element elementor-element-30db0a1 elementor-icon-list--layout-traditional elementor-list-item-link-full_width elementor-widget elementor-widget-icon-list\" data-id=\"30db0a1\" data-element_type=\"widget\" data-e-type=\"widget\" data-widget_type=\"icon-list.default\">\n\t\t\t\t<div class=\"elementor-widget-container\">\n\t\t\t\t\t\t\t<ul class=\"elementor-icon-list-items\">\n\t\t\t\t\t\t\t<li class=\"elementor-icon-list-item\">\n\t\t\t\t\t\t\t\t\t\t\t<span class=\"elementor-icon-list-icon\">\n\t\t\t\t\t\t\t<i aria-hidden=\"true\" class=\"fas fa-check\"><\/i>\t\t\t\t\t\t<\/span>\n\t\t\t\t\t\t\t\t\t\t<span class=\"elementor-icon-list-text\">Diminue la valeur du pH de l'eau<\/span>\n\t\t\t\t\t\t\t\t\t<\/li>\n\t\t\t\t\t\t\t\t<li class=\"elementor-icon-list-item\">\n\t\t\t\t\t\t\t\t\t\t\t<span class=\"elementor-icon-list-icon\">\n\t\t\t\t\t\t\t<i aria-hidden=\"true\" class=\"fas fa-check\"><\/i>\t\t\t\t\t\t<\/span>\n\t\t\t\t\t\t\t\t\t\t<span class=\"elementor-icon-list-text\">Stimule la production d'enzymes digestives<\/span>\n\t\t\t\t\t\t\t\t\t<\/li>\n\t\t\t\t\t\t\t\t<li class=\"elementor-icon-list-item\">\n\t\t\t\t\t\t\t\t\t\t\t<span class=\"elementor-icon-list-icon\">\n\t\t\t\t\t\t\t<i aria-hidden=\"true\" class=\"fas fa-check\"><\/i>\t\t\t\t\t\t<\/span>\n\t\t\t\t\t\t\t\t\t\t<span class=\"elementor-icon-list-text\">Favorise la conversion alimentaire<\/span>\n\t\t\t\t\t\t\t\t\t<\/li>\n\t\t\t\t\t\t\t\t<li class=\"elementor-icon-list-item\">\n\t\t\t\t\t\t\t\t\t\t\t<span class=\"elementor-icon-list-icon\">\n\t\t\t\t\t\t\t<i aria-hidden=\"true\" class=\"fas fa-check\"><\/i>\t\t\t\t\t\t<\/span>\n\t\t\t\t\t\t\t\t\t\t<span class=\"elementor-icon-list-text\">Stimule la fonction intestinale<\/span>\n\t\t\t\t\t\t\t\t\t<\/li>\n\t\t\t\t\t\t<\/ul>\n\t\t\t\t\t\t<\/div>\n\t\t\t\t<\/div>\n\t\t\t\t<div class=\"elementor-element elementor-element-ed284fd elementor-widget elementor-widget-button\" data-id=\"ed284fd\" data-element_type=\"widget\" data-e-type=\"widget\" data-widget_type=\"button.default\">\n\t\t\t\t<div class=\"elementor-widget-container\">\n\t\t\t\t\t\t\t\t\t<div class=\"elementor-button-wrapper\">\n\t\t\t\t\t<a class=\"elementor-button elementor-button-link elementor-size-sm\" href=\"#elementor-action%3Aaction%3Dpopup%3Aopen%26settings%3DeyJpZCI6MjU0MjQsInRvZ2dsZSI6ZmFsc2V9\">\n\t\t\t\t\t\t<span class=\"elementor-button-content-wrapper\">\n\t\t\t\t\t\t\t\t\t<span class=\"elementor-button-text\">T\u00e9l\u00e9chargez la brochure et en savoir plus<\/span>\n\t\t\t\t\t<\/span>\n\t\t\t\t\t<\/a>\n\t\t\t\t<\/div>\n\t\t\t\t\t\t\t\t<\/div>\n\t\t\t\t<\/div>\n\t\t\t\t<div class=\"elementor-element elementor-element-257754f elementor-widget elementor-widget-button\" data-id=\"257754f\" data-element_type=\"widget\" data-e-type=\"widget\" data-widget_type=\"button.default\">\n\t\t\t\t<div class=\"elementor-widget-container\">\n\t\t\t\t\t\t\t\t\t<div class=\"elementor-button-wrapper\">\n\t\t\t\t\t<a class=\"elementor-button elementor-button-link elementor-size-sm\" href=\"https:\/\/www.kantersanimalhealth.com\/fr\/contacter\/\">\n\t\t\t\t\t\t<span class=\"elementor-button-content-wrapper\">\n\t\t\t\t\t\t\t\t\t<span class=\"elementor-button-text\">Commander un produit<\/span>\n\t\t\t\t\t<\/span>\n\t\t\t\t\t<\/a>\n\t\t\t\t<\/div>\n\t\t\t\t\t\t\t\t<\/div>\n\t\t\t\t<\/div>\n\t\t\t\t<\/div>\n\t\t<div class=\"elementor-element elementor-element-4911272 e-con-full e-flex e-con e-child\" data-id=\"4911272\" data-element_type=\"container\" data-e-type=\"container\">\n\t\t\t\t<div class=\"elementor-element elementor-element-82e10a4 elementor-widget elementor-widget-image\" data-id=\"82e10a4\" data-element_type=\"widget\" data-e-type=\"widget\" data-widget_type=\"image.default\">\n\t\t\t\t<div class=\"elementor-widget-container\">\n\t\t\t\t\t\t\t\t\t\t\t\t\t\t\t<img fetchpriority=\"high\" decoding=\"async\" width=\"768\" height=\"1091\" src=\"https:\/\/www.kantersanimalhealth.com\/wp-content\/uploads\/2022\/08\/Packshot_Greenacid-Pure-Bio-appr-online-768x1091.png\" class=\"attachment-medium_large size-medium_large wp-image-22424\" alt=\"Greenacid Pure organic approved organic acids\" srcset=\"https:\/\/www.kantersanimalhealth.com\/wp-content\/uploads\/2022\/08\/Packshot_Greenacid-Pure-Bio-appr-online-768x1091.png 768w, https:\/\/www.kantersanimalhealth.com\/wp-content\/uploads\/2022\/08\/Packshot_Greenacid-Pure-Bio-appr-online-260x370.png 260w, https:\/\/www.kantersanimalhealth.com\/wp-content\/uploads\/2022\/08\/Packshot_Greenacid-Pure-Bio-appr-online-721x1024.png 721w, https:\/\/www.kantersanimalhealth.com\/wp-content\/uploads\/2022\/08\/Packshot_Greenacid-Pure-Bio-appr-online-1081x1536.png 1081w, https:\/\/www.kantersanimalhealth.com\/wp-content\/uploads\/2022\/08\/Packshot_Greenacid-Pure-Bio-appr-online-1441x2048.png 1441w, https:\/\/www.kantersanimalhealth.com\/wp-content\/uploads\/2022\/08\/Packshot_Greenacid-Pure-Bio-appr-online-e1659617879556.png 1820w\" sizes=\"(max-width: 768px) 100vw, 768px\" \/>\t\t\t\t\t\t\t\t\t\t\t\t\t\t\t<\/div>\n\t\t\t\t<\/div>\n\t\t\t\t<\/div>\n\t\t\t\t<\/div>\n\t\t<div class=\"elementor-element elementor-element-b4bf7ae e-flex e-con-boxed e-con e-parent\" data-id=\"b4bf7ae\" data-element_type=\"container\" data-e-type=\"container\" data-settings=\"{&quot;background_background&quot;:&quot;classic&quot;}\">\n\t\t\t\t\t<div class=\"e-con-inner\">\n\t\t<div class=\"elementor-element elementor-element-5111251 e-con-full e-flex e-con e-child\" data-id=\"5111251\" data-element_type=\"container\" data-e-type=\"container\">\n\t\t\t\t<div class=\"elementor-element elementor-element-1781ece elementor-widget elementor-widget-heading\" data-id=\"1781ece\" data-element_type=\"widget\" data-e-type=\"widget\" data-widget_type=\"heading.default\">\n\t\t\t\t<div class=\"elementor-widget-container\">\n\t\t\t\t\t<h2 class=\"elementor-heading-title elementor-size-default\">Qu'est-ce que c'est ?<\/h2>\t\t\t\t<\/div>\n\t\t\t\t<\/div>\n\t\t\t\t<div class=\"elementor-element elementor-element-c3b17c5 elementor-widget elementor-widget-text-editor\" data-id=\"c3b17c5\" data-element_type=\"widget\" data-e-type=\"widget\" data-widget_type=\"text-editor.default\">\n\t\t\t\t<div class=\"elementor-widget-container\">\n\t\t\t\t\t\t\t\t\t<p>Greenacid Pur est bas\u00e9 sur un puissant m\u00e9lange d&rsquo;acides organiques tamponn\u00e9s pour soutenir la digestion et le syst\u00e8me immunitaire de vos animaux. Comme les animaux boivent plus qu&rsquo;ils ne mangent, surtout lorsqu&rsquo;ils sont stress\u00e9s ou malades, de l&rsquo;eau propre suppl\u00e9ment\u00e9e avec Greenacid Pur devient un outil vital pour maintenir la sant\u00e9. Ce produit aide \u00e0 abaisser le pH de l&rsquo;estomac, renfor\u00e7ant la barri\u00e8re naturelle contre les bact\u00e9ries nocives tout en favorisant une digestion efficace des prot\u00e9ines et une absorption des nutriments. D\u00e9velopp\u00e9 sp\u00e9cialement pour une utilisation dans les fermes biologiques, Greenacid Pur est conforme \u00e0 l&rsquo;article 24 de la directive (CE) n\u00b0 EU2018\/848, articles 3 et 4 de l&rsquo;annexe III de la directive (CE) n\u00b0 EU2021\/1165 et est enregistr\u00e9 FiBL. Cependant, v\u00e9rifiez toujours la l\u00e9gislation locale dans votre pays avant application. Cela fait de Greenacid Pur un choix durable pour am\u00e9liorer la sant\u00e9 animale et r\u00e9duire la d\u00e9pendance aux antibiotiques.<\/p>\t\t\t\t\t\t\t\t<\/div>\n\t\t\t\t<\/div>\n\t\t\t\t<\/div>\n\t\t\t\t\t<\/div>\n\t\t\t\t<\/div>\n\t\t<div class=\"elementor-element elementor-element-92e1357 e-flex e-con-boxed e-con e-parent\" data-id=\"92e1357\" data-element_type=\"container\" data-e-type=\"container\">\n\t\t\t\t\t<div class=\"e-con-inner\">\n\t\t<div class=\"elementor-element elementor-element-822fe7b e-con-full e-flex e-con e-child\" data-id=\"822fe7b\" data-element_type=\"container\" data-e-type=\"container\">\n\t\t\t\t<div class=\"elementor-element elementor-element-4c6032b elementor-widget elementor-widget-heading\" data-id=\"4c6032b\" data-element_type=\"widget\" data-e-type=\"widget\" data-widget_type=\"heading.default\">\n\t\t\t\t<div class=\"elementor-widget-container\">\n\t\t\t\t\t<h3 class=\"elementor-heading-title elementor-size-default\">Quand l\u2019utiliser\u00a0?<\/h3>\t\t\t\t<\/div>\n\t\t\t\t<\/div>\n\t\t\t\t<div class=\"elementor-element elementor-element-d87a8a2 elementor-widget elementor-widget-text-editor\" data-id=\"d87a8a2\" data-element_type=\"widget\" data-e-type=\"widget\" data-widget_type=\"text-editor.default\">\n\t\t\t\t<div class=\"elementor-widget-container\">\n\t\t\t\t\t\t\t\t\t<ul><li>Flore et fonction intestinales perturb\u00e9es<\/li><li>Faible consommation d&rsquo;aliments<\/li><li>Apr\u00e8s le sevrage<\/li><\/ul>\t\t\t\t\t\t\t\t<\/div>\n\t\t\t\t<\/div>\n\t\t\t\t<\/div>\n\t\t<div class=\"elementor-element elementor-element-2372fac e-con-full e-flex e-con e-child\" data-id=\"2372fac\" data-element_type=\"container\" data-e-type=\"container\">\n\t\t\t\t<div class=\"elementor-element elementor-element-76a683e elementor-widget elementor-widget-heading\" data-id=\"76a683e\" data-element_type=\"widget\" data-e-type=\"widget\" data-widget_type=\"heading.default\">\n\t\t\t\t<div class=\"elementor-widget-container\">\n\t\t\t\t\t<h3 class=\"elementor-heading-title elementor-size-default\">Conditionnement<\/h3>\t\t\t\t<\/div>\n\t\t\t\t<\/div>\n\t\t\t\t<div class=\"elementor-element elementor-element-033648f elementor-icon-list--layout-traditional elementor-list-item-link-full_width elementor-widget elementor-widget-icon-list\" data-id=\"033648f\" data-element_type=\"widget\" data-e-type=\"widget\" data-widget_type=\"icon-list.default\">\n\t\t\t\t<div class=\"elementor-widget-container\">\n\t\t\t\t\t\t\t<ul class=\"elementor-icon-list-items\">\n\t\t\t\t\t\t\t<li class=\"elementor-icon-list-item\">\n\t\t\t\t\t\t\t\t\t\t\t<span class=\"elementor-icon-list-icon\">\n\t\t\t\t\t\t\t<i aria-hidden=\"true\" class=\"fas fa-check\"><\/i>\t\t\t\t\t\t<\/span>\n\t\t\t\t\t\t\t\t\t\t<span class=\"elementor-icon-list-text\">Bidon de 20\u00a0kg<\/span>\n\t\t\t\t\t\t\t\t\t<\/li>\n\t\t\t\t\t\t\t\t<li class=\"elementor-icon-list-item\">\n\t\t\t\t\t\t\t\t\t\t\t<span class=\"elementor-icon-list-icon\">\n\t\t\t\t\t\t\t<i aria-hidden=\"true\" class=\"fas fa-check\"><\/i>\t\t\t\t\t\t<\/span>\n\t\t\t\t\t\t\t\t\t\t<span class=\"elementor-icon-list-text\">F\u00fbt de 225\u00a0kg<\/span>\n\t\t\t\t\t\t\t\t\t<\/li>\n\t\t\t\t\t\t\t\t<li class=\"elementor-icon-list-item\">\n\t\t\t\t\t\t\t\t\t\t\t<span class=\"elementor-icon-list-icon\">\n\t\t\t\t\t\t\t<i aria-hidden=\"true\" class=\"fas fa-check\"><\/i>\t\t\t\t\t\t<\/span>\n\t\t\t\t\t\t\t\t\t\t<span class=\"elementor-icon-list-text\">Cuve de 1\u00a0100 kg<\/span>\n\t\t\t\t\t\t\t\t\t<\/li>\n\t\t\t\t\t\t<\/ul>\n\t\t\t\t\t\t<\/div>\n\t\t\t\t<\/div>\n\t\t\t\t<\/div>\n\t\t\t\t\t<\/div>\n\t\t\t\t<\/div>\n\t\t\t\t<\/div>\n\t\t","protected":false},"excerpt":{"rendered":"<p>Produit d&rsquo;\u00e9quilibre Greenacid Pure Digestion optimale Diminue la valeur du pH de l&rsquo;eau Stimule la production d&rsquo;enzymes digestives Favorise la conversion alimentaire Stimule la fonction intestinale T\u00e9l\u00e9chargez la brochure et en savoir plus Commander un produit Qu&rsquo;est-ce que c&rsquo;est ? Greenacid Pur est bas\u00e9 sur un puissant m\u00e9lange d&rsquo;acides organiques tamponn\u00e9s pour soutenir la digestion [&hellip;]<\/p>\n","protected":false},"author":20,"featured_media":0,"parent":30567,"menu_order":0,"comment_status":"closed","ping_status":"closed","template":"","meta":{"footnotes":""},"class_list":["post-30779","page","type-page","status-publish","hentry"],"yoast_head":"<!-- This site is optimized with the Yoast SEO plugin v27.2 - https:\/\/yoast.com\/product\/yoast-seo-wordpress\/ -->\n<title>Greenacid Pure - Kanters<\/title>\n<meta name=\"robots\" content=\"index, follow, max-snippet:-1, max-image-preview:large, max-video-preview:-1\" \/>\n<link rel=\"canonical\" href=\"https:\/\/www.kantersanimalhealth.com\/fr\/porcs\/equilibre-2\/greenacid-pure\/\" \/>\n<meta property=\"og:locale\" content=\"fr_FR\" \/>\n<meta property=\"og:type\" content=\"article\" \/>\n<meta property=\"og:title\" content=\"Greenacid Pure - Kanters\" \/>\n<meta property=\"og:description\" content=\"Produit d&rsquo;\u00e9quilibre Greenacid Pure Digestion optimale Diminue la valeur du pH de l&rsquo;eau Stimule la production d&rsquo;enzymes digestives Favorise la conversion alimentaire Stimule la fonction intestinale T\u00e9l\u00e9chargez la brochure et en savoir plus Commander un produit Qu&rsquo;est-ce que c&rsquo;est ? Greenacid Pur est bas\u00e9 sur un puissant m\u00e9lange d&rsquo;acides organiques tamponn\u00e9s pour soutenir la digestion [&hellip;]\" \/>\n<meta property=\"og:url\" content=\"https:\/\/www.kantersanimalhealth.com\/fr\/porcs\/equilibre-2\/greenacid-pure\/\" \/>\n<meta property=\"og:site_name\" content=\"Kanters\" \/>\n<meta property=\"article:publisher\" content=\"https:\/\/www.facebook.com\/FlavourFamily\" \/>\n<meta property=\"article:modified_time\" content=\"2025-10-22T09:08:00+00:00\" \/>\n<meta property=\"og:image\" content=\"https:\/\/www.kantersanimalhealth.com\/wp-content\/uploads\/2022\/08\/Packshot_Greenacid-Pure-Bio-appr-online-e1659617879556.png\" \/>\n\t<meta property=\"og:image:width\" content=\"1820\" \/>\n\t<meta property=\"og:image:height\" content=\"2586\" \/>\n\t<meta property=\"og:image:type\" content=\"image\/png\" \/>\n<meta name=\"twitter:card\" content=\"summary_large_image\" \/>\n<meta name=\"twitter:label1\" content=\"Dur\u00e9e de lecture estim\u00e9e\" \/>\n\t<meta name=\"twitter:data1\" content=\"1 minute\" \/>\n<script type=\"application\/ld+json\" class=\"yoast-schema-graph\">{\"@context\":\"https:\/\/schema.org\",\"@graph\":[{\"@type\":\"WebPage\",\"@id\":\"https:\/\/www.kantersanimalhealth.com\/fr\/porcs\/equilibre-2\/greenacid-pure\/\",\"url\":\"https:\/\/www.kantersanimalhealth.com\/fr\/porcs\/equilibre-2\/greenacid-pure\/\",\"name\":\"Greenacid Pure - Kanters\",\"isPartOf\":{\"@id\":\"https:\/\/www.kantersanimalhealth.com\/fr\/#website\"},\"primaryImageOfPage\":{\"@id\":\"https:\/\/www.kantersanimalhealth.com\/fr\/porcs\/equilibre-2\/greenacid-pure\/#primaryimage\"},\"image\":{\"@id\":\"https:\/\/www.kantersanimalhealth.com\/fr\/porcs\/equilibre-2\/greenacid-pure\/#primaryimage\"},\"thumbnailUrl\":\"https:\/\/www.kantersanimalhealth.com\/wp-content\/uploads\/2022\/08\/Packshot_Greenacid-Pure-Bio-appr-online-768x1091.png\",\"datePublished\":\"2025-10-22T09:07:58+00:00\",\"dateModified\":\"2025-10-22T09:08:00+00:00\",\"breadcrumb\":{\"@id\":\"https:\/\/www.kantersanimalhealth.com\/fr\/porcs\/equilibre-2\/greenacid-pure\/#breadcrumb\"},\"inLanguage\":\"fr-FR\",\"potentialAction\":[{\"@type\":\"ReadAction\",\"target\":[\"https:\/\/www.kantersanimalhealth.com\/fr\/porcs\/equilibre-2\/greenacid-pure\/\"]}]},{\"@type\":\"ImageObject\",\"inLanguage\":\"fr-FR\",\"@id\":\"https:\/\/www.kantersanimalhealth.com\/fr\/porcs\/equilibre-2\/greenacid-pure\/#primaryimage\",\"url\":\"https:\/\/www.kantersanimalhealth.com\/wp-content\/uploads\/2022\/08\/Packshot_Greenacid-Pure-Bio-appr-online-768x1091.png\",\"contentUrl\":\"https:\/\/www.kantersanimalhealth.com\/wp-content\/uploads\/2022\/08\/Packshot_Greenacid-Pure-Bio-appr-online-768x1091.png\"},{\"@type\":\"BreadcrumbList\",\"@id\":\"https:\/\/www.kantersanimalhealth.com\/fr\/porcs\/equilibre-2\/greenacid-pure\/#breadcrumb\",\"itemListElement\":[{\"@type\":\"ListItem\",\"position\":1,\"name\":\"Home\",\"item\":\"https:\/\/www.kantersanimalhealth.com\/fr\/\"},{\"@type\":\"ListItem\",\"position\":2,\"name\":\"Porcs\",\"item\":\"https:\/\/www.kantersanimalhealth.com\/fr\/porcs\/\"},{\"@type\":\"ListItem\",\"position\":3,\"name\":\"\u00c9quilibre\",\"item\":\"https:\/\/www.kantersanimalhealth.com\/fr\/porcs\/equilibre-2\/\"},{\"@type\":\"ListItem\",\"position\":4,\"name\":\"Greenacid Pure\"}]},{\"@type\":\"WebSite\",\"@id\":\"https:\/\/www.kantersanimalhealth.com\/fr\/#website\",\"url\":\"https:\/\/www.kantersanimalhealth.com\/fr\/\",\"name\":\"Kanters\",\"description\":\"Special Products B.V.\",\"publisher\":{\"@id\":\"https:\/\/www.kantersanimalhealth.com\/fr\/#organization\"},\"potentialAction\":[{\"@type\":\"SearchAction\",\"target\":{\"@type\":\"EntryPoint\",\"urlTemplate\":\"https:\/\/www.kantersanimalhealth.com\/fr\/?s={search_term_string}\"},\"query-input\":{\"@type\":\"PropertyValueSpecification\",\"valueRequired\":true,\"valueName\":\"search_term_string\"}}],\"inLanguage\":\"fr-FR\"},{\"@type\":\"Organization\",\"@id\":\"https:\/\/www.kantersanimalhealth.com\/fr\/#organization\",\"name\":\"Flavour Family\",\"url\":\"https:\/\/www.kantersanimalhealth.com\/fr\/\",\"logo\":{\"@type\":\"ImageObject\",\"inLanguage\":\"fr-FR\",\"@id\":\"https:\/\/www.kantersanimalhealth.com\/fr\/#\/schema\/logo\/image\/\",\"url\":\"\",\"contentUrl\":\"\",\"caption\":\"Flavour Family\"},\"image\":{\"@id\":\"https:\/\/www.kantersanimalhealth.com\/fr\/#\/schema\/logo\/image\/\"},\"sameAs\":[\"https:\/\/www.facebook.com\/FlavourFamily\"]}]}<\/script>\n<!-- \/ Yoast SEO plugin. -->","yoast_head_json":{"title":"Greenacid Pure - Kanters","robots":{"index":"index","follow":"follow","max-snippet":"max-snippet:-1","max-image-preview":"max-image-preview:large","max-video-preview":"max-video-preview:-1"},"canonical":"https:\/\/www.kantersanimalhealth.com\/fr\/porcs\/equilibre-2\/greenacid-pure\/","og_locale":"fr_FR","og_type":"article","og_title":"Greenacid Pure - Kanters","og_description":"Produit d&rsquo;\u00e9quilibre Greenacid Pure Digestion optimale Diminue la valeur du pH de l&rsquo;eau Stimule la production d&rsquo;enzymes digestives Favorise la conversion alimentaire Stimule la fonction intestinale T\u00e9l\u00e9chargez la brochure et en savoir plus Commander un produit Qu&rsquo;est-ce que c&rsquo;est ? Greenacid Pur est bas\u00e9 sur un puissant m\u00e9lange d&rsquo;acides organiques tamponn\u00e9s pour soutenir la digestion [&hellip;]","og_url":"https:\/\/www.kantersanimalhealth.com\/fr\/porcs\/equilibre-2\/greenacid-pure\/","og_site_name":"Kanters","article_publisher":"https:\/\/www.facebook.com\/FlavourFamily","article_modified_time":"2025-10-22T09:08:00+00:00","og_image":[{"width":1820,"height":2586,"url":"https:\/\/www.kantersanimalhealth.com\/wp-content\/uploads\/2022\/08\/Packshot_Greenacid-Pure-Bio-appr-online-e1659617879556.png","type":"image\/png"}],"twitter_card":"summary_large_image","twitter_misc":{"Dur\u00e9e de lecture estim\u00e9e":"1 minute"},"schema":{"@context":"https:\/\/schema.org","@graph":[{"@type":"WebPage","@id":"https:\/\/www.kantersanimalhealth.com\/fr\/porcs\/equilibre-2\/greenacid-pure\/","url":"https:\/\/www.kantersanimalhealth.com\/fr\/porcs\/equilibre-2\/greenacid-pure\/","name":"Greenacid Pure - Kanters","isPartOf":{"@id":"https:\/\/www.kantersanimalhealth.com\/fr\/#website"},"primaryImageOfPage":{"@id":"https:\/\/www.kantersanimalhealth.com\/fr\/porcs\/equilibre-2\/greenacid-pure\/#primaryimage"},"image":{"@id":"https:\/\/www.kantersanimalhealth.com\/fr\/porcs\/equilibre-2\/greenacid-pure\/#primaryimage"},"thumbnailUrl":"https:\/\/www.kantersanimalhealth.com\/wp-content\/uploads\/2022\/08\/Packshot_Greenacid-Pure-Bio-appr-online-768x1091.png","datePublished":"2025-10-22T09:07:58+00:00","dateModified":"2025-10-22T09:08:00+00:00","breadcrumb":{"@id":"https:\/\/www.kantersanimalhealth.com\/fr\/porcs\/equilibre-2\/greenacid-pure\/#breadcrumb"},"inLanguage":"fr-FR","potentialAction":[{"@type":"ReadAction","target":["https:\/\/www.kantersanimalhealth.com\/fr\/porcs\/equilibre-2\/greenacid-pure\/"]}]},{"@type":"ImageObject","inLanguage":"fr-FR","@id":"https:\/\/www.kantersanimalhealth.com\/fr\/porcs\/equilibre-2\/greenacid-pure\/#primaryimage","url":"https:\/\/www.kantersanimalhealth.com\/wp-content\/uploads\/2022\/08\/Packshot_Greenacid-Pure-Bio-appr-online-768x1091.png","contentUrl":"https:\/\/www.kantersanimalhealth.com\/wp-content\/uploads\/2022\/08\/Packshot_Greenacid-Pure-Bio-appr-online-768x1091.png"},{"@type":"BreadcrumbList","@id":"https:\/\/www.kantersanimalhealth.com\/fr\/porcs\/equilibre-2\/greenacid-pure\/#breadcrumb","itemListElement":[{"@type":"ListItem","position":1,"name":"Home","item":"https:\/\/www.kantersanimalhealth.com\/fr\/"},{"@type":"ListItem","position":2,"name":"Porcs","item":"https:\/\/www.kantersanimalhealth.com\/fr\/porcs\/"},{"@type":"ListItem","position":3,"name":"\u00c9quilibre","item":"https:\/\/www.kantersanimalhealth.com\/fr\/porcs\/equilibre-2\/"},{"@type":"ListItem","position":4,"name":"Greenacid Pure"}]},{"@type":"WebSite","@id":"https:\/\/www.kantersanimalhealth.com\/fr\/#website","url":"https:\/\/www.kantersanimalhealth.com\/fr\/","name":"Kanters","description":"Special Products B.V.","publisher":{"@id":"https:\/\/www.kantersanimalhealth.com\/fr\/#organization"},"potentialAction":[{"@type":"SearchAction","target":{"@type":"EntryPoint","urlTemplate":"https:\/\/www.kantersanimalhealth.com\/fr\/?s={search_term_string}"},"query-input":{"@type":"PropertyValueSpecification","valueRequired":true,"valueName":"search_term_string"}}],"inLanguage":"fr-FR"},{"@type":"Organization","@id":"https:\/\/www.kantersanimalhealth.com\/fr\/#organization","name":"Flavour Family","url":"https:\/\/www.kantersanimalhealth.com\/fr\/","logo":{"@type":"ImageObject","inLanguage":"fr-FR","@id":"https:\/\/www.kantersanimalhealth.com\/fr\/#\/schema\/logo\/image\/","url":"","contentUrl":"","caption":"Flavour Family"},"image":{"@id":"https:\/\/www.kantersanimalhealth.com\/fr\/#\/schema\/logo\/image\/"},"sameAs":["https:\/\/www.facebook.com\/FlavourFamily"]}]}},"_links":{"self":[{"href":"https:\/\/www.kantersanimalhealth.com\/fr\/wp-json\/wp\/v2\/pages\/30779","targetHints":{"allow":["GET"]}}],"collection":[{"href":"https:\/\/www.kantersanimalhealth.com\/fr\/wp-json\/wp\/v2\/pages"}],"about":[{"href":"https:\/\/www.kantersanimalhealth.com\/fr\/wp-json\/wp\/v2\/types\/page"}],"author":[{"embeddable":true,"href":"https:\/\/www.kantersanimalhealth.com\/fr\/wp-json\/wp\/v2\/users\/20"}],"replies":[{"embeddable":true,"href":"https:\/\/www.kantersanimalhealth.com\/fr\/wp-json\/wp\/v2\/comments?post=30779"}],"version-history":[{"count":1,"href":"https:\/\/www.kantersanimalhealth.com\/fr\/wp-json\/wp\/v2\/pages\/30779\/revisions"}],"predecessor-version":[{"id":30780,"href":"https:\/\/www.kantersanimalhealth.com\/fr\/wp-json\/wp\/v2\/pages\/30779\/revisions\/30780"}],"up":[{"embeddable":true,"href":"https:\/\/www.kantersanimalhealth.com\/fr\/wp-json\/wp\/v2\/pages\/30567"}],"wp:attachment":[{"href":"https:\/\/www.kantersanimalhealth.com\/fr\/wp-json\/wp\/v2\/media?parent=30779"}],"curies":[{"name":"wp","href":"https:\/\/api.w.org\/{rel}","templated":true}]}}