{"id":30397,"date":"2025-10-17T11:39:30","date_gmt":"2025-10-17T10:39:30","guid":{"rendered":"https:\/\/www.kantersanimalhealth.com\/decharge-de-responsabilite\/"},"modified":"2025-10-17T11:39:31","modified_gmt":"2025-10-17T10:39:31","slug":"decharge-de-responsabilite","status":"publish","type":"page","link":"https:\/\/www.kantersanimalhealth.com\/fr\/decharge-de-responsabilite\/","title":{"rendered":"D\u00e9charge de responsabilit\u00e9"},"content":{"rendered":"\t\t<div data-elementor-type=\"wp-page\" data-elementor-id=\"30397\" class=\"elementor elementor-30397 elementor-7157\" data-elementor-post-type=\"page\">\n\t\t\t\t\t\t<section class=\"elementor-section elementor-top-section elementor-element elementor-element-68c7aaa elementor-section-height-min-height elementor-section-boxed elementor-section-height-default elementor-section-items-middle\" data-id=\"68c7aaa\" data-element_type=\"section\" data-e-type=\"section\" data-settings=\"{&quot;background_background&quot;:&quot;classic&quot;}\">\n\t\t\t\t\t\t<div class=\"elementor-container elementor-column-gap-default\">\n\t\t\t\t\t<div class=\"elementor-column elementor-col-100 elementor-top-column elementor-element elementor-element-b7d65a4\" data-id=\"b7d65a4\" data-element_type=\"column\" data-e-type=\"column\">\n\t\t\t<div class=\"elementor-widget-wrap\">\n\t\t\t\t\t\t\t<\/div>\n\t\t<\/div>\n\t\t\t\t\t<\/div>\n\t\t<\/section>\n\t\t\t\t<section class=\"elementor-section elementor-top-section elementor-element elementor-element-4232a59 elementor-section-boxed elementor-section-height-default elementor-section-height-default\" data-id=\"4232a59\" data-element_type=\"section\" data-e-type=\"section\" data-settings=\"{&quot;background_background&quot;:&quot;gradient&quot;}\">\n\t\t\t\t\t\t<div class=\"elementor-container elementor-column-gap-default\">\n\t\t\t\t\t<div class=\"elementor-column elementor-col-50 elementor-top-column elementor-element elementor-element-433cbb6\" data-id=\"433cbb6\" data-element_type=\"column\" data-e-type=\"column\">\n\t\t\t<div class=\"elementor-widget-wrap elementor-element-populated\">\n\t\t\t\t\t\t<div class=\"elementor-element elementor-element-4e87973 elementor-widget elementor-widget-heading\" data-id=\"4e87973\" data-element_type=\"widget\" data-e-type=\"widget\" data-widget_type=\"heading.default\">\n\t\t\t\t<div class=\"elementor-widget-container\">\n\t\t\t\t\t<h1 class=\"elementor-heading-title elementor-size-default\">D\u00e9charge de responsabilit\u00e9<\/h1>\t\t\t\t<\/div>\n\t\t\t\t<\/div>\n\t\t\t\t<div class=\"elementor-element elementor-element-8eaf904 elementor-widget elementor-widget-text-editor\" data-id=\"8eaf904\" data-element_type=\"widget\" data-e-type=\"widget\" data-widget_type=\"text-editor.default\">\n\t\t\t\t<div class=\"elementor-widget-container\">\n\t\t\t\t\t\t\t\t\t<h1>Conditions d&rsquo;utilisation de ce site Web<\/h1><p>Lorsque vous visitez ce site Web, chaque utilisateur d\u00e9clare automatiquement que Kanters Special Products BV (ci-apr\u00e8s Kanters) et ses filiales ne peuvent en aucun cas \u00eatre tenues responsables de l&rsquo;utilisation d&rsquo;informations et d&rsquo;autres documents provenant de ce site Web. En aucun cas Kanters ne sera responsable des dommages caus\u00e9s par l&rsquo;utilisation de documents publi\u00e9s. Les publications de Kanters sont consid\u00e9r\u00e9es comme correctes au moment de la mise en ligne. Les changements de circonstances et\/ou de temps peuvent rendre les informations donn\u00e9es moins fiables. Kanters n&rsquo;assume aucune responsabilit\u00e9 \u00e0 cet \u00e9gard.<\/p><p>Il incombe \u00e0 l&rsquo;utilisateur du site Web de v\u00e9rifier aupr\u00e8s de Kanters quels produits sont autoris\u00e9s\/disponibles dans quel pays. Les r\u00e9clamations faites pour les produits ne sont pas approuv\u00e9es dans tous les pays.<\/p><strong>Droit d&rsquo;auteur<br \/><\/strong>Aucune partie de ce site Web ne peut \u00eatre utilis\u00e9e ou reproduite sans autorisation \u00e9crite de Kanters. Pour toute demande et autres informations, veuillez contacter:<\/p><strong>Kanters<br \/><\/strong>De Stater 32<br \/>5737 RV Lieshout<br \/>T\u00e9l. +31 (0) 499-425 600<br \/>Fax +31 (0) 499-425 610<\/p><p> <\/p>\t\t\t\t\t\t\t\t<\/div>\n\t\t\t\t<\/div>\n\t\t\t\t\t<\/div>\n\t\t<\/div>\n\t\t\t\t<div class=\"elementor-column elementor-col-50 elementor-top-column elementor-element elementor-element-e8477a3 elementor-hidden-tablet elementor-hidden-mobile\" data-id=\"e8477a3\" data-element_type=\"column\" data-e-type=\"column\">\n\t\t\t<div class=\"elementor-widget-wrap\">\n\t\t\t\t\t\t\t<\/div>\n\t\t<\/div>\n\t\t\t\t\t<\/div>\n\t\t<\/section>\n\t\t\t\t<\/div>\n\t\t","protected":false},"excerpt":{"rendered":"<p>Conditions d&rsquo;utilisation de ce site Web Lorsque vous visitez ce site Web, chaque utilisateur d\u00e9clare automatiquement que Kanters Special Products BV (ci-apr\u00e8s Kanters) et ses filiales ne peuvent en aucun cas \u00eatre tenues responsables de l&rsquo;utilisation d&rsquo;informations et d&rsquo;autres documents provenant de ce site Web. En aucun cas Kanters ne sera responsable des dommages caus\u00e9s [&hellip;]<\/p>\n","protected":false},"author":3,"featured_media":0,"parent":0,"menu_order":11,"comment_status":"closed","ping_status":"closed","template":"","meta":{"footnotes":""},"class_list":["post-30397","page","type-page","status-publish","hentry"],"yoast_head":"<!-- This site is optimized with the Yoast SEO plugin v27.2 - https:\/\/yoast.com\/product\/yoast-seo-wordpress\/ -->\n<title>D\u00e9charge de responsabilit\u00e9 - Kanters<\/title>\n<meta name=\"description\" content=\"Il incombe \u00e0 l&#039;utilisateur du site de v\u00e9rifier aupr\u00e8s de Kanters quels produits sont autoris\u00e9s dans quel pays.\" \/>\n<meta name=\"robots\" content=\"index, follow, max-snippet:-1, max-image-preview:large, max-video-preview:-1\" \/>\n<link rel=\"canonical\" href=\"https:\/\/www.kantersanimalhealth.com\/fr\/decharge-de-responsabilite\/\" \/>\n<meta property=\"og:locale\" content=\"fr_FR\" \/>\n<meta property=\"og:type\" content=\"article\" \/>\n<meta property=\"og:title\" content=\"D\u00e9charge de responsabilit\u00e9 - Kanters\" \/>\n<meta property=\"og:description\" content=\"Il incombe \u00e0 l&#039;utilisateur du site de v\u00e9rifier aupr\u00e8s de Kanters quels produits sont autoris\u00e9s dans quel pays.\" \/>\n<meta property=\"og:url\" content=\"https:\/\/www.kantersanimalhealth.com\/fr\/decharge-de-responsabilite\/\" \/>\n<meta property=\"og:site_name\" content=\"Kanters\" \/>\n<meta property=\"article:publisher\" content=\"https:\/\/www.facebook.com\/FlavourFamily\" \/>\n<meta property=\"article:modified_time\" content=\"2025-10-17T10:39:31+00:00\" \/>\n<meta name=\"twitter:card\" content=\"summary_large_image\" \/>\n<meta name=\"twitter:label1\" content=\"Dur\u00e9e de lecture estim\u00e9e\" \/>\n\t<meta name=\"twitter:data1\" content=\"1 minute\" \/>\n<script type=\"application\/ld+json\" class=\"yoast-schema-graph\">{\"@context\":\"https:\/\/schema.org\",\"@graph\":[{\"@type\":\"WebPage\",\"@id\":\"https:\/\/www.kantersanimalhealth.com\/fr\/decharge-de-responsabilite\/\",\"url\":\"https:\/\/www.kantersanimalhealth.com\/fr\/decharge-de-responsabilite\/\",\"name\":\"D\u00e9charge de responsabilit\u00e9 - Kanters\",\"isPartOf\":{\"@id\":\"https:\/\/www.kantersanimalhealth.com\/fr\/#website\"},\"datePublished\":\"2025-10-17T10:39:30+00:00\",\"dateModified\":\"2025-10-17T10:39:31+00:00\",\"description\":\"Il incombe \u00e0 l'utilisateur du site de v\u00e9rifier aupr\u00e8s de Kanters quels produits sont autoris\u00e9s dans quel pays.\",\"breadcrumb\":{\"@id\":\"https:\/\/www.kantersanimalhealth.com\/fr\/decharge-de-responsabilite\/#breadcrumb\"},\"inLanguage\":\"fr-FR\",\"potentialAction\":[{\"@type\":\"ReadAction\",\"target\":[\"https:\/\/www.kantersanimalhealth.com\/fr\/decharge-de-responsabilite\/\"]}]},{\"@type\":\"BreadcrumbList\",\"@id\":\"https:\/\/www.kantersanimalhealth.com\/fr\/decharge-de-responsabilite\/#breadcrumb\",\"itemListElement\":[{\"@type\":\"ListItem\",\"position\":1,\"name\":\"Home\",\"item\":\"https:\/\/www.kantersanimalhealth.com\/fr\/\"},{\"@type\":\"ListItem\",\"position\":2,\"name\":\"D\u00e9charge de responsabilit\u00e9\"}]},{\"@type\":\"WebSite\",\"@id\":\"https:\/\/www.kantersanimalhealth.com\/fr\/#website\",\"url\":\"https:\/\/www.kantersanimalhealth.com\/fr\/\",\"name\":\"Kanters\",\"description\":\"Special Products B.V.\",\"publisher\":{\"@id\":\"https:\/\/www.kantersanimalhealth.com\/fr\/#organization\"},\"potentialAction\":[{\"@type\":\"SearchAction\",\"target\":{\"@type\":\"EntryPoint\",\"urlTemplate\":\"https:\/\/www.kantersanimalhealth.com\/fr\/?s={search_term_string}\"},\"query-input\":{\"@type\":\"PropertyValueSpecification\",\"valueRequired\":true,\"valueName\":\"search_term_string\"}}],\"inLanguage\":\"fr-FR\"},{\"@type\":\"Organization\",\"@id\":\"https:\/\/www.kantersanimalhealth.com\/fr\/#organization\",\"name\":\"Flavour Family\",\"url\":\"https:\/\/www.kantersanimalhealth.com\/fr\/\",\"logo\":{\"@type\":\"ImageObject\",\"inLanguage\":\"fr-FR\",\"@id\":\"https:\/\/www.kantersanimalhealth.com\/fr\/#\/schema\/logo\/image\/\",\"url\":\"\",\"contentUrl\":\"\",\"caption\":\"Flavour Family\"},\"image\":{\"@id\":\"https:\/\/www.kantersanimalhealth.com\/fr\/#\/schema\/logo\/image\/\"},\"sameAs\":[\"https:\/\/www.facebook.com\/FlavourFamily\"]}]}<\/script>\n<!-- \/ Yoast SEO plugin. -->","yoast_head_json":{"title":"D\u00e9charge de responsabilit\u00e9 - Kanters","description":"Il incombe \u00e0 l'utilisateur du site de v\u00e9rifier aupr\u00e8s de Kanters quels produits sont autoris\u00e9s dans quel pays.","robots":{"index":"index","follow":"follow","max-snippet":"max-snippet:-1","max-image-preview":"max-image-preview:large","max-video-preview":"max-video-preview:-1"},"canonical":"https:\/\/www.kantersanimalhealth.com\/fr\/decharge-de-responsabilite\/","og_locale":"fr_FR","og_type":"article","og_title":"D\u00e9charge de responsabilit\u00e9 - Kanters","og_description":"Il incombe \u00e0 l'utilisateur du site de v\u00e9rifier aupr\u00e8s de Kanters quels produits sont autoris\u00e9s dans quel pays.","og_url":"https:\/\/www.kantersanimalhealth.com\/fr\/decharge-de-responsabilite\/","og_site_name":"Kanters","article_publisher":"https:\/\/www.facebook.com\/FlavourFamily","article_modified_time":"2025-10-17T10:39:31+00:00","twitter_card":"summary_large_image","twitter_misc":{"Dur\u00e9e de lecture estim\u00e9e":"1 minute"},"schema":{"@context":"https:\/\/schema.org","@graph":[{"@type":"WebPage","@id":"https:\/\/www.kantersanimalhealth.com\/fr\/decharge-de-responsabilite\/","url":"https:\/\/www.kantersanimalhealth.com\/fr\/decharge-de-responsabilite\/","name":"D\u00e9charge de responsabilit\u00e9 - Kanters","isPartOf":{"@id":"https:\/\/www.kantersanimalhealth.com\/fr\/#website"},"datePublished":"2025-10-17T10:39:30+00:00","dateModified":"2025-10-17T10:39:31+00:00","description":"Il incombe \u00e0 l'utilisateur du site de v\u00e9rifier aupr\u00e8s de Kanters quels produits sont autoris\u00e9s dans quel pays.","breadcrumb":{"@id":"https:\/\/www.kantersanimalhealth.com\/fr\/decharge-de-responsabilite\/#breadcrumb"},"inLanguage":"fr-FR","potentialAction":[{"@type":"ReadAction","target":["https:\/\/www.kantersanimalhealth.com\/fr\/decharge-de-responsabilite\/"]}]},{"@type":"BreadcrumbList","@id":"https:\/\/www.kantersanimalhealth.com\/fr\/decharge-de-responsabilite\/#breadcrumb","itemListElement":[{"@type":"ListItem","position":1,"name":"Home","item":"https:\/\/www.kantersanimalhealth.com\/fr\/"},{"@type":"ListItem","position":2,"name":"D\u00e9charge de responsabilit\u00e9"}]},{"@type":"WebSite","@id":"https:\/\/www.kantersanimalhealth.com\/fr\/#website","url":"https:\/\/www.kantersanimalhealth.com\/fr\/","name":"Kanters","description":"Special Products B.V.","publisher":{"@id":"https:\/\/www.kantersanimalhealth.com\/fr\/#organization"},"potentialAction":[{"@type":"SearchAction","target":{"@type":"EntryPoint","urlTemplate":"https:\/\/www.kantersanimalhealth.com\/fr\/?s={search_term_string}"},"query-input":{"@type":"PropertyValueSpecification","valueRequired":true,"valueName":"search_term_string"}}],"inLanguage":"fr-FR"},{"@type":"Organization","@id":"https:\/\/www.kantersanimalhealth.com\/fr\/#organization","name":"Flavour Family","url":"https:\/\/www.kantersanimalhealth.com\/fr\/","logo":{"@type":"ImageObject","inLanguage":"fr-FR","@id":"https:\/\/www.kantersanimalhealth.com\/fr\/#\/schema\/logo\/image\/","url":"","contentUrl":"","caption":"Flavour Family"},"image":{"@id":"https:\/\/www.kantersanimalhealth.com\/fr\/#\/schema\/logo\/image\/"},"sameAs":["https:\/\/www.facebook.com\/FlavourFamily"]}]}},"_links":{"self":[{"href":"https:\/\/www.kantersanimalhealth.com\/fr\/wp-json\/wp\/v2\/pages\/30397","targetHints":{"allow":["GET"]}}],"collection":[{"href":"https:\/\/www.kantersanimalhealth.com\/fr\/wp-json\/wp\/v2\/pages"}],"about":[{"href":"https:\/\/www.kantersanimalhealth.com\/fr\/wp-json\/wp\/v2\/types\/page"}],"author":[{"embeddable":true,"href":"https:\/\/www.kantersanimalhealth.com\/fr\/wp-json\/wp\/v2\/users\/3"}],"replies":[{"embeddable":true,"href":"https:\/\/www.kantersanimalhealth.com\/fr\/wp-json\/wp\/v2\/comments?post=30397"}],"version-history":[{"count":1,"href":"https:\/\/www.kantersanimalhealth.com\/fr\/wp-json\/wp\/v2\/pages\/30397\/revisions"}],"predecessor-version":[{"id":30398,"href":"https:\/\/www.kantersanimalhealth.com\/fr\/wp-json\/wp\/v2\/pages\/30397\/revisions\/30398"}],"wp:attachment":[{"href":"https:\/\/www.kantersanimalhealth.com\/fr\/wp-json\/wp\/v2\/media?parent=30397"}],"curies":[{"name":"wp","href":"https:\/\/api.w.org\/{rel}","templated":true}]}}