{"id":30364,"date":"2025-10-17T11:34:32","date_gmt":"2025-10-17T10:34:32","guid":{"rendered":"https:\/\/www.kantersanimalhealth.com\/pro-mac\/"},"modified":"2025-10-22T09:31:15","modified_gmt":"2025-10-22T08:31:15","slug":"pro-mac","status":"publish","type":"page","link":"https:\/\/www.kantersanimalhealth.com\/fr\/volaille\/performance-3\/pro-mac\/","title":{"rendered":"Pro-Mac"},"content":{"rendered":"\t\t<div data-elementor-type=\"wp-page\" data-elementor-id=\"30364\" class=\"elementor elementor-30364 elementor-24652\" data-elementor-post-type=\"page\">\n\t\t\t\t<div class=\"elementor-element elementor-element-6a2d8f6 e-con-full e-flex e-con e-parent\" data-id=\"6a2d8f6\" data-element_type=\"container\" data-e-type=\"container\" data-settings=\"{&quot;shape_divider_bottom&quot;:&quot;waves&quot;}\">\n\t\t\t\t<div class=\"elementor-shape elementor-shape-bottom\" aria-hidden=\"true\" data-negative=\"false\">\n\t\t\t<svg xmlns=\"http:\/\/www.w3.org\/2000\/svg\" viewBox=\"0 0 1000 100\" preserveAspectRatio=\"none\">\n\t<path class=\"elementor-shape-fill\" d=\"M421.9,6.5c22.6-2.5,51.5,0.4,75.5,5.3c23.6,4.9,70.9,23.5,100.5,35.7c75.8,32.2,133.7,44.5,192.6,49.7\n\tc23.6,2.1,48.7,3.5,103.4-2.5c54.7-6,106.2-25.6,106.2-25.6V0H0v30.3c0,0,72,32.6,158.4,30.5c39.2-0.7,92.8-6.7,134-22.4\n\tc21.2-8.1,52.2-18.2,79.7-24.2C399.3,7.9,411.6,7.5,421.9,6.5z\"\/>\n<\/svg>\t\t<\/div>\n\t\t<div class=\"elementor-element elementor-element-659a4b7 e-con-full e-flex e-con e-child\" data-id=\"659a4b7\" data-element_type=\"container\" data-e-type=\"container\">\n\t\t\t\t<div class=\"elementor-element elementor-element-4a0e9c8 elementor-widget elementor-widget-heading\" data-id=\"4a0e9c8\" data-element_type=\"widget\" data-e-type=\"widget\" data-widget_type=\"heading.default\">\n\t\t\t\t<div class=\"elementor-widget-container\">\n\t\t\t\t\t<div class=\"elementor-heading-title elementor-size-default\">Produit de performance<\/div>\t\t\t\t<\/div>\n\t\t\t\t<\/div>\n\t\t\t\t<div class=\"elementor-element elementor-element-0a17944 elementor-widget elementor-widget-heading\" data-id=\"0a17944\" data-element_type=\"widget\" data-e-type=\"widget\" data-widget_type=\"heading.default\">\n\t\t\t\t<div class=\"elementor-widget-container\">\n\t\t\t\t\t<h1 class=\"elementor-heading-title elementor-size-default\">Pro-Mac<\/h1>\t\t\t\t<\/div>\n\t\t\t\t<\/div>\n\t\t\t\t<div class=\"elementor-element elementor-element-3044e2e elementor-widget elementor-widget-heading\" data-id=\"3044e2e\" data-element_type=\"widget\" data-e-type=\"widget\" data-widget_type=\"heading.default\">\n\t\t\t\t<div class=\"elementor-widget-container\">\n\t\t\t\t\t<h3 class=\"elementor-heading-title elementor-size-default\">Compl\u00e9ment alimentaire booster d\u2019\u00e9nergie<\/h3>\t\t\t\t<\/div>\n\t\t\t\t<\/div>\n\t\t\t\t<div class=\"elementor-element elementor-element-30db0a1 elementor-icon-list--layout-traditional elementor-list-item-link-full_width elementor-widget elementor-widget-icon-list\" data-id=\"30db0a1\" data-element_type=\"widget\" data-e-type=\"widget\" data-widget_type=\"icon-list.default\">\n\t\t\t\t<div class=\"elementor-widget-container\">\n\t\t\t\t\t\t\t<ul class=\"elementor-icon-list-items\">\n\t\t\t\t\t\t\t<li class=\"elementor-icon-list-item\">\n\t\t\t\t\t\t\t\t\t\t\t<span class=\"elementor-icon-list-icon\">\n\t\t\t\t\t\t\t<i aria-hidden=\"true\" class=\"fas fa-check\"><\/i>\t\t\t\t\t\t<\/span>\n\t\t\t\t\t\t\t\t\t\t<span class=\"elementor-icon-list-text\">\u00c9nergie \u00e0 port\u00e9e de main<\/span>\n\t\t\t\t\t\t\t\t\t<\/li>\n\t\t\t\t\t\t\t\t<li class=\"elementor-icon-list-item\">\n\t\t\t\t\t\t\t\t\t\t\t<span class=\"elementor-icon-list-icon\">\n\t\t\t\t\t\t\t<i aria-hidden=\"true\" class=\"fas fa-check\"><\/i>\t\t\t\t\t\t<\/span>\n\t\t\t\t\t\t\t\t\t\t<span class=\"elementor-icon-list-text\">Aide nutritionnelle en cas d\u2019apport alimentaire r\u00e9duit<\/span>\n\t\t\t\t\t\t\t\t\t<\/li>\n\t\t\t\t\t\t\t\t<li class=\"elementor-icon-list-item\">\n\t\t\t\t\t\t\t\t\t\t\t<span class=\"elementor-icon-list-icon\">\n\t\t\t\t\t\t\t<i aria-hidden=\"true\" class=\"fas fa-check\"><\/i>\t\t\t\t\t\t<\/span>\n\t\t\t\t\t\t\t\t\t\t<span class=\"elementor-icon-list-text\">Am\u00e9lioration des performances<\/span>\n\t\t\t\t\t\t\t\t\t<\/li>\n\t\t\t\t\t\t\t\t<li class=\"elementor-icon-list-item\">\n\t\t\t\t\t\t\t\t\t\t\t<span class=\"elementor-icon-list-icon\">\n\t\t\t\t\t\t\t<i aria-hidden=\"true\" class=\"fas fa-check\"><\/i>\t\t\t\t\t\t<\/span>\n\t\t\t\t\t\t\t\t\t\t<span class=\"elementor-icon-list-text\">Soutient le d\u00e9but de la p\u00e9riode de ponte<\/span>\n\t\t\t\t\t\t\t\t\t<\/li>\n\t\t\t\t\t\t\t\t<li class=\"elementor-icon-list-item\">\n\t\t\t\t\t\t\t\t\t\t\t<span class=\"elementor-icon-list-icon\">\n\t\t\t\t\t\t\t<i aria-hidden=\"true\" class=\"fas fa-check\"><\/i>\t\t\t\t\t\t<\/span>\n\t\t\t\t\t\t\t\t\t\t<span class=\"elementor-icon-list-text\">Booste l\u2019\u00e9nergie et le m\u00e9bolisme<\/span>\n\t\t\t\t\t\t\t\t\t<\/li>\n\t\t\t\t\t\t\t\t<li class=\"elementor-icon-list-item\">\n\t\t\t\t\t\t\t\t\t\t\t<span class=\"elementor-icon-list-icon\">\n\t\t\t\t\t\t\t<i aria-hidden=\"true\" class=\"fas fa-check\"><\/i>\t\t\t\t\t\t<\/span>\n\t\t\t\t\t\t\t\t\t\t<span class=\"elementor-icon-list-text\">Renforce le syst\u00e8me immunitaire<\/span>\n\t\t\t\t\t\t\t\t\t<\/li>\n\t\t\t\t\t\t\t\t<li class=\"elementor-icon-list-item\">\n\t\t\t\t\t\t\t\t\t\t\t<span class=\"elementor-icon-list-icon\">\n\t\t\t\t\t\t\t<i aria-hidden=\"true\" class=\"fas fa-check\"><\/i>\t\t\t\t\t\t<\/span>\n\t\t\t\t\t\t\t\t\t\t<span class=\"elementor-icon-list-text\">Concentration \u00e9lev\u00e9e\u00a0&gt;\u00a075\u00a0% en substances actives<\/span>\n\t\t\t\t\t\t\t\t\t<\/li>\n\t\t\t\t\t\t<\/ul>\n\t\t\t\t\t\t<\/div>\n\t\t\t\t<\/div>\n\t\t\t\t<div class=\"elementor-element elementor-element-76fd21f elementor-widget elementor-widget-button\" data-id=\"76fd21f\" data-element_type=\"widget\" data-e-type=\"widget\" data-widget_type=\"button.default\">\n\t\t\t\t<div class=\"elementor-widget-container\">\n\t\t\t\t\t\t\t\t\t<div class=\"elementor-button-wrapper\">\n\t\t\t\t\t<a class=\"elementor-button elementor-button-link elementor-size-sm\" href=\"#elementor-action%3Aaction%3Dpopup%3Aopen%26settings%3DeyJpZCI6MTM3OTksInRvZ2dsZSI6ZmFsc2V9\">\n\t\t\t\t\t\t<span class=\"elementor-button-content-wrapper\">\n\t\t\t\t\t\t\t\t\t<span class=\"elementor-button-text\">T\u00e9l\u00e9chargez la brochure et en savoir plus<\/span>\n\t\t\t\t\t<\/span>\n\t\t\t\t\t<\/a>\n\t\t\t\t<\/div>\n\t\t\t\t\t\t\t\t<\/div>\n\t\t\t\t<\/div>\n\t\t\t\t<div class=\"elementor-element elementor-element-257754f elementor-widget elementor-widget-button\" data-id=\"257754f\" data-element_type=\"widget\" data-e-type=\"widget\" data-widget_type=\"button.default\">\n\t\t\t\t<div class=\"elementor-widget-container\">\n\t\t\t\t\t\t\t\t\t<div class=\"elementor-button-wrapper\">\n\t\t\t\t\t<a class=\"elementor-button elementor-button-link elementor-size-sm\" href=\"https:\/\/www.kantersanimalhealth.com\/fr\/contacter\/\">\n\t\t\t\t\t\t<span class=\"elementor-button-content-wrapper\">\n\t\t\t\t\t\t\t\t\t<span class=\"elementor-button-text\">Commander un produit<\/span>\n\t\t\t\t\t<\/span>\n\t\t\t\t\t<\/a>\n\t\t\t\t<\/div>\n\t\t\t\t\t\t\t\t<\/div>\n\t\t\t\t<\/div>\n\t\t\t\t<\/div>\n\t\t<div class=\"elementor-element elementor-element-4911272 e-con-full e-flex e-con e-child\" data-id=\"4911272\" data-element_type=\"container\" data-e-type=\"container\">\n\t\t\t\t<div class=\"elementor-element elementor-element-82e10a4 elementor-widget elementor-widget-image\" data-id=\"82e10a4\" data-element_type=\"widget\" data-e-type=\"widget\" data-widget_type=\"image.default\">\n\t\t\t\t<div class=\"elementor-widget-container\">\n\t\t\t\t\t\t\t\t\t\t\t\t\t\t\t<img fetchpriority=\"high\" decoding=\"async\" width=\"768\" height=\"885\" src=\"https:\/\/www.kantersanimalhealth.com\/wp-content\/uploads\/2021\/12\/Packshot-Pro-Mac-5-ltr-en-10-ltr-online-e1639745448678-768x885.png\" class=\"attachment-medium_large size-medium_large wp-image-21536\" alt=\"Pro-mac liquid energy boost\" srcset=\"https:\/\/www.kantersanimalhealth.com\/wp-content\/uploads\/2021\/12\/Packshot-Pro-Mac-5-ltr-en-10-ltr-online-e1639745448678-768x885.png 768w, https:\/\/www.kantersanimalhealth.com\/wp-content\/uploads\/2021\/12\/Packshot-Pro-Mac-5-ltr-en-10-ltr-online-e1639745448678-321x370.png 321w, https:\/\/www.kantersanimalhealth.com\/wp-content\/uploads\/2021\/12\/Packshot-Pro-Mac-5-ltr-en-10-ltr-online-e1639745448678-889x1024.png 889w, https:\/\/www.kantersanimalhealth.com\/wp-content\/uploads\/2021\/12\/Packshot-Pro-Mac-5-ltr-en-10-ltr-online-e1639745448678-1333x1536.png 1333w, https:\/\/www.kantersanimalhealth.com\/wp-content\/uploads\/2021\/12\/Packshot-Pro-Mac-5-ltr-en-10-ltr-online-e1639745448678.png 1626w\" sizes=\"(max-width: 768px) 100vw, 768px\" \/>\t\t\t\t\t\t\t\t\t\t\t\t\t\t\t<\/div>\n\t\t\t\t<\/div>\n\t\t\t\t<\/div>\n\t\t\t\t<\/div>\n\t\t<div class=\"elementor-element elementor-element-b4bf7ae e-flex e-con-boxed e-con e-parent\" data-id=\"b4bf7ae\" data-element_type=\"container\" data-e-type=\"container\" data-settings=\"{&quot;background_background&quot;:&quot;classic&quot;}\">\n\t\t\t\t\t<div class=\"e-con-inner\">\n\t\t<div class=\"elementor-element elementor-element-5111251 e-con-full e-flex e-con e-child\" data-id=\"5111251\" data-element_type=\"container\" data-e-type=\"container\">\n\t\t\t\t<div class=\"elementor-element elementor-element-1781ece elementor-widget elementor-widget-heading\" data-id=\"1781ece\" data-element_type=\"widget\" data-e-type=\"widget\" data-widget_type=\"heading.default\">\n\t\t\t\t<div class=\"elementor-widget-container\">\n\t\t\t\t\t<h2 class=\"elementor-heading-title elementor-size-default\">Qu'est-ce que c'est ?<\/h2>\t\t\t\t<\/div>\n\t\t\t\t<\/div>\n\t\t\t\t<div class=\"elementor-element elementor-element-c3b17c5 elementor-widget elementor-widget-text-editor\" data-id=\"c3b17c5\" data-element_type=\"widget\" data-e-type=\"widget\" data-widget_type=\"text-editor.default\">\n\t\t\t\t<div class=\"elementor-widget-container\">\n\t\t\t\t\t\t\t\t\t<p>Pro-mac est un suppl\u00e9ment unique et hautement concentr\u00e9 con\u00e7u pour fournir un puissant regain d&rsquo;\u00e9nergie nutritionnelle, particuli\u00e8rement pendant les p\u00e9riodes critiques telles que les phases d&rsquo;\u00e9levage et de ponte de la volaille. Ce produit fournit des nutriments et des acides organiques essentiels qui soutiennent le syst\u00e8me immunitaire naturel, aidant les animaux \u00e0 faire face aux p\u00e9riodes difficiles. En offrant une \u00e9nergie suppl\u00e9mentaire, Pro-mac aide au d\u00e9veloppement sain des poules pondeuses, ce qui est la base d&rsquo;un d\u00e9marrage r\u00e9ussi de la production d&rsquo;oeufs et d&rsquo;une performance soutenue. Il est \u00e9galement tr\u00e8s b\u00e9n\u00e9fique dans la production de poulets de chair, apr\u00e8s des situations stressantes ou des traitements antibiotiques, favorisant la r\u00e9cup\u00e9ration et am\u00e9liorant la croissance et la productivit\u00e9 globales. Utilisez Pro-mac pour garder vos animaux \u00e9nergiques et performants.<\/p>\t\t\t\t\t\t\t\t<\/div>\n\t\t\t\t<\/div>\n\t\t\t\t<\/div>\n\t\t\t\t\t<\/div>\n\t\t\t\t<\/div>\n\t\t<div class=\"elementor-element elementor-element-92e1357 e-flex e-con-boxed e-con e-parent\" data-id=\"92e1357\" data-element_type=\"container\" data-e-type=\"container\">\n\t\t\t\t\t<div class=\"e-con-inner\">\n\t\t<div class=\"elementor-element elementor-element-822fe7b e-con-full e-flex e-con e-child\" data-id=\"822fe7b\" data-element_type=\"container\" data-e-type=\"container\">\n\t\t\t\t<div class=\"elementor-element elementor-element-4c6032b elementor-widget elementor-widget-heading\" data-id=\"4c6032b\" data-element_type=\"widget\" data-e-type=\"widget\" data-widget_type=\"heading.default\">\n\t\t\t\t<div class=\"elementor-widget-container\">\n\t\t\t\t\t<h3 class=\"elementor-heading-title elementor-size-default\">Quand l\u2019utiliser\u00a0?<\/h3>\t\t\t\t<\/div>\n\t\t\t\t<\/div>\n\t\t\t\t<div class=\"elementor-element elementor-element-d87a8a2 elementor-widget elementor-widget-text-editor\" data-id=\"d87a8a2\" data-element_type=\"widget\" data-e-type=\"widget\" data-widget_type=\"text-editor.default\">\n\t\t\t\t<div class=\"elementor-widget-container\">\n\t\t\t\t\t\t\t\t\t<ul><li>D\u00e9but de la p\u00e9riode de ponte<\/li><li>Retard de croissance (sans probl\u00e8mes bact\u00e9riens)<\/li><li>Avant et apr\u00e8s la vaccination<\/li><li>Pendant les p\u00e9riodes de chargement et de d\u00e9chargement<\/li><li>Apr\u00e8s une antibioth\u00e9rapie<\/li><li>Poulets de chair lents<\/li><li>En cas de croissance suppl\u00e9mentaire<\/li><\/ul>\t\t\t\t\t\t\t\t<\/div>\n\t\t\t\t<\/div>\n\t\t\t\t<\/div>\n\t\t<div class=\"elementor-element elementor-element-2372fac e-con-full e-flex e-con e-child\" data-id=\"2372fac\" data-element_type=\"container\" data-e-type=\"container\">\n\t\t\t\t<div class=\"elementor-element elementor-element-76a683e elementor-widget elementor-widget-heading\" data-id=\"76a683e\" data-element_type=\"widget\" data-e-type=\"widget\" data-widget_type=\"heading.default\">\n\t\t\t\t<div class=\"elementor-widget-container\">\n\t\t\t\t\t<h3 class=\"elementor-heading-title elementor-size-default\">Conditionnement<\/h3>\t\t\t\t<\/div>\n\t\t\t\t<\/div>\n\t\t\t\t<div class=\"elementor-element elementor-element-033648f elementor-icon-list--layout-traditional elementor-list-item-link-full_width elementor-widget elementor-widget-icon-list\" data-id=\"033648f\" data-element_type=\"widget\" data-e-type=\"widget\" data-widget_type=\"icon-list.default\">\n\t\t\t\t<div class=\"elementor-widget-container\">\n\t\t\t\t\t\t\t<ul class=\"elementor-icon-list-items\">\n\t\t\t\t\t\t\t<li class=\"elementor-icon-list-item\">\n\t\t\t\t\t\t\t\t\t\t\t<span class=\"elementor-icon-list-icon\">\n\t\t\t\t\t\t\t<i aria-hidden=\"true\" class=\"fas fa-check\"><\/i>\t\t\t\t\t\t<\/span>\n\t\t\t\t\t\t\t\t\t\t<span class=\"elementor-icon-list-text\">Bidon de 10\u00a0kg<\/span>\n\t\t\t\t\t\t\t\t\t<\/li>\n\t\t\t\t\t\t\t\t<li class=\"elementor-icon-list-item\">\n\t\t\t\t\t\t\t\t\t\t\t<span class=\"elementor-icon-list-icon\">\n\t\t\t\t\t\t\t<i aria-hidden=\"true\" class=\"fas fa-check\"><\/i>\t\t\t\t\t\t<\/span>\n\t\t\t\t\t\t\t\t\t\t<span class=\"elementor-icon-list-text\">F\u00fbt de 225\u00a0kg<\/span>\n\t\t\t\t\t\t\t\t\t<\/li>\n\t\t\t\t\t\t<\/ul>\n\t\t\t\t\t\t<\/div>\n\t\t\t\t<\/div>\n\t\t\t\t<\/div>\n\t\t\t\t\t<\/div>\n\t\t\t\t<\/div>\n\t\t\t\t<\/div>\n\t\t","protected":false},"excerpt":{"rendered":"<p>Produit de performance Pro-Mac Compl\u00e9ment alimentaire booster d\u2019\u00e9nergie \u00c9nergie \u00e0 port\u00e9e de main Aide nutritionnelle en cas d\u2019apport alimentaire r\u00e9duit Am\u00e9lioration des performances Soutient le d\u00e9but de la p\u00e9riode de ponte Booste l\u2019\u00e9nergie et le m\u00e9bolisme Renforce le syst\u00e8me immunitaire Concentration \u00e9lev\u00e9e\u00a0>\u00a075\u00a0% en substances actives T\u00e9l\u00e9chargez la brochure et en savoir plus Commander un produit [&hellip;]<\/p>\n","protected":false},"author":20,"featured_media":0,"parent":30636,"menu_order":0,"comment_status":"closed","ping_status":"closed","template":"","meta":{"footnotes":""},"class_list":["post-30364","page","type-page","status-publish","hentry"],"yoast_head":"<!-- This site is optimized with the Yoast SEO plugin v27.2 - https:\/\/yoast.com\/product\/yoast-seo-wordpress\/ -->\n<title>Pro-Mac - Kanters<\/title>\n<meta name=\"robots\" content=\"index, follow, max-snippet:-1, max-image-preview:large, max-video-preview:-1\" \/>\n<link rel=\"canonical\" href=\"https:\/\/www.kantersanimalhealth.com\/fr\/volaille\/performance-3\/pro-mac\/\" \/>\n<meta property=\"og:locale\" content=\"fr_FR\" \/>\n<meta property=\"og:type\" content=\"article\" \/>\n<meta property=\"og:title\" content=\"Pro-Mac - Kanters\" \/>\n<meta property=\"og:description\" content=\"Produit de performance Pro-Mac Compl\u00e9ment alimentaire booster d\u2019\u00e9nergie \u00c9nergie \u00e0 port\u00e9e de main Aide nutritionnelle en cas d\u2019apport alimentaire r\u00e9duit Am\u00e9lioration des performances Soutient le d\u00e9but de la p\u00e9riode de ponte Booste l\u2019\u00e9nergie et le m\u00e9bolisme Renforce le syst\u00e8me immunitaire Concentration \u00e9lev\u00e9e\u00a0&gt;\u00a075\u00a0% en substances actives T\u00e9l\u00e9chargez la brochure et en savoir plus Commander un produit [&hellip;]\" \/>\n<meta property=\"og:url\" content=\"https:\/\/www.kantersanimalhealth.com\/fr\/volaille\/performance-3\/pro-mac\/\" \/>\n<meta property=\"og:site_name\" content=\"Kanters\" \/>\n<meta property=\"article:publisher\" content=\"https:\/\/www.facebook.com\/FlavourFamily\" \/>\n<meta property=\"article:modified_time\" content=\"2025-10-22T08:31:15+00:00\" \/>\n<meta property=\"og:image\" content=\"https:\/\/www.kantersanimalhealth.com\/wp-content\/uploads\/2021\/12\/Packshot-Pro-Mac-5-ltr-en-10-ltr-online-e1639745448678-889x1024.png\" \/>\n\t<meta property=\"og:image:width\" content=\"889\" \/>\n\t<meta property=\"og:image:height\" content=\"1024\" \/>\n\t<meta property=\"og:image:type\" content=\"image\/png\" \/>\n<meta name=\"twitter:card\" content=\"summary_large_image\" \/>\n<meta name=\"twitter:label1\" content=\"Dur\u00e9e de lecture estim\u00e9e\" \/>\n\t<meta name=\"twitter:data1\" content=\"1 minute\" \/>\n<script type=\"application\/ld+json\" class=\"yoast-schema-graph\">{\"@context\":\"https:\/\/schema.org\",\"@graph\":[{\"@type\":\"WebPage\",\"@id\":\"https:\/\/www.kantersanimalhealth.com\/fr\/volaille\/performance-3\/pro-mac\/\",\"url\":\"https:\/\/www.kantersanimalhealth.com\/fr\/volaille\/performance-3\/pro-mac\/\",\"name\":\"Pro-Mac - Kanters\",\"isPartOf\":{\"@id\":\"https:\/\/www.kantersanimalhealth.com\/fr\/#website\"},\"primaryImageOfPage\":{\"@id\":\"https:\/\/www.kantersanimalhealth.com\/fr\/volaille\/performance-3\/pro-mac\/#primaryimage\"},\"image\":{\"@id\":\"https:\/\/www.kantersanimalhealth.com\/fr\/volaille\/performance-3\/pro-mac\/#primaryimage\"},\"thumbnailUrl\":\"https:\/\/www.kantersanimalhealth.com\/wp-content\/uploads\/2021\/12\/Packshot-Pro-Mac-5-ltr-en-10-ltr-online-e1639745448678-768x885.png\",\"datePublished\":\"2025-10-17T10:34:32+00:00\",\"dateModified\":\"2025-10-22T08:31:15+00:00\",\"breadcrumb\":{\"@id\":\"https:\/\/www.kantersanimalhealth.com\/fr\/volaille\/performance-3\/pro-mac\/#breadcrumb\"},\"inLanguage\":\"fr-FR\",\"potentialAction\":[{\"@type\":\"ReadAction\",\"target\":[\"https:\/\/www.kantersanimalhealth.com\/fr\/volaille\/performance-3\/pro-mac\/\"]}]},{\"@type\":\"ImageObject\",\"inLanguage\":\"fr-FR\",\"@id\":\"https:\/\/www.kantersanimalhealth.com\/fr\/volaille\/performance-3\/pro-mac\/#primaryimage\",\"url\":\"https:\/\/www.kantersanimalhealth.com\/wp-content\/uploads\/2021\/12\/Packshot-Pro-Mac-5-ltr-en-10-ltr-online-e1639745448678-768x885.png\",\"contentUrl\":\"https:\/\/www.kantersanimalhealth.com\/wp-content\/uploads\/2021\/12\/Packshot-Pro-Mac-5-ltr-en-10-ltr-online-e1639745448678-768x885.png\"},{\"@type\":\"BreadcrumbList\",\"@id\":\"https:\/\/www.kantersanimalhealth.com\/fr\/volaille\/performance-3\/pro-mac\/#breadcrumb\",\"itemListElement\":[{\"@type\":\"ListItem\",\"position\":1,\"name\":\"Home\",\"item\":\"https:\/\/www.kantersanimalhealth.com\/fr\/\"},{\"@type\":\"ListItem\",\"position\":2,\"name\":\"Volaille\",\"item\":\"https:\/\/www.kantersanimalhealth.com\/fr\/volaille\/\"},{\"@type\":\"ListItem\",\"position\":3,\"name\":\"Performance\",\"item\":\"https:\/\/www.kantersanimalhealth.com\/fr\/volaille\/performance-3\/\"},{\"@type\":\"ListItem\",\"position\":4,\"name\":\"Pro-Mac\"}]},{\"@type\":\"WebSite\",\"@id\":\"https:\/\/www.kantersanimalhealth.com\/fr\/#website\",\"url\":\"https:\/\/www.kantersanimalhealth.com\/fr\/\",\"name\":\"Kanters\",\"description\":\"Special Products B.V.\",\"publisher\":{\"@id\":\"https:\/\/www.kantersanimalhealth.com\/fr\/#organization\"},\"potentialAction\":[{\"@type\":\"SearchAction\",\"target\":{\"@type\":\"EntryPoint\",\"urlTemplate\":\"https:\/\/www.kantersanimalhealth.com\/fr\/?s={search_term_string}\"},\"query-input\":{\"@type\":\"PropertyValueSpecification\",\"valueRequired\":true,\"valueName\":\"search_term_string\"}}],\"inLanguage\":\"fr-FR\"},{\"@type\":\"Organization\",\"@id\":\"https:\/\/www.kantersanimalhealth.com\/fr\/#organization\",\"name\":\"Flavour Family\",\"url\":\"https:\/\/www.kantersanimalhealth.com\/fr\/\",\"logo\":{\"@type\":\"ImageObject\",\"inLanguage\":\"fr-FR\",\"@id\":\"https:\/\/www.kantersanimalhealth.com\/fr\/#\/schema\/logo\/image\/\",\"url\":\"\",\"contentUrl\":\"\",\"caption\":\"Flavour Family\"},\"image\":{\"@id\":\"https:\/\/www.kantersanimalhealth.com\/fr\/#\/schema\/logo\/image\/\"},\"sameAs\":[\"https:\/\/www.facebook.com\/FlavourFamily\"]}]}<\/script>\n<!-- \/ Yoast SEO plugin. -->","yoast_head_json":{"title":"Pro-Mac - Kanters","robots":{"index":"index","follow":"follow","max-snippet":"max-snippet:-1","max-image-preview":"max-image-preview:large","max-video-preview":"max-video-preview:-1"},"canonical":"https:\/\/www.kantersanimalhealth.com\/fr\/volaille\/performance-3\/pro-mac\/","og_locale":"fr_FR","og_type":"article","og_title":"Pro-Mac - Kanters","og_description":"Produit de performance Pro-Mac Compl\u00e9ment alimentaire booster d\u2019\u00e9nergie \u00c9nergie \u00e0 port\u00e9e de main Aide nutritionnelle en cas d\u2019apport alimentaire r\u00e9duit Am\u00e9lioration des performances Soutient le d\u00e9but de la p\u00e9riode de ponte Booste l\u2019\u00e9nergie et le m\u00e9bolisme Renforce le syst\u00e8me immunitaire Concentration \u00e9lev\u00e9e\u00a0>\u00a075\u00a0% en substances actives T\u00e9l\u00e9chargez la brochure et en savoir plus Commander un produit [&hellip;]","og_url":"https:\/\/www.kantersanimalhealth.com\/fr\/volaille\/performance-3\/pro-mac\/","og_site_name":"Kanters","article_publisher":"https:\/\/www.facebook.com\/FlavourFamily","article_modified_time":"2025-10-22T08:31:15+00:00","og_image":[{"width":889,"height":1024,"url":"https:\/\/www.kantersanimalhealth.com\/wp-content\/uploads\/2021\/12\/Packshot-Pro-Mac-5-ltr-en-10-ltr-online-e1639745448678-889x1024.png","type":"image\/png"}],"twitter_card":"summary_large_image","twitter_misc":{"Dur\u00e9e de lecture estim\u00e9e":"1 minute"},"schema":{"@context":"https:\/\/schema.org","@graph":[{"@type":"WebPage","@id":"https:\/\/www.kantersanimalhealth.com\/fr\/volaille\/performance-3\/pro-mac\/","url":"https:\/\/www.kantersanimalhealth.com\/fr\/volaille\/performance-3\/pro-mac\/","name":"Pro-Mac - Kanters","isPartOf":{"@id":"https:\/\/www.kantersanimalhealth.com\/fr\/#website"},"primaryImageOfPage":{"@id":"https:\/\/www.kantersanimalhealth.com\/fr\/volaille\/performance-3\/pro-mac\/#primaryimage"},"image":{"@id":"https:\/\/www.kantersanimalhealth.com\/fr\/volaille\/performance-3\/pro-mac\/#primaryimage"},"thumbnailUrl":"https:\/\/www.kantersanimalhealth.com\/wp-content\/uploads\/2021\/12\/Packshot-Pro-Mac-5-ltr-en-10-ltr-online-e1639745448678-768x885.png","datePublished":"2025-10-17T10:34:32+00:00","dateModified":"2025-10-22T08:31:15+00:00","breadcrumb":{"@id":"https:\/\/www.kantersanimalhealth.com\/fr\/volaille\/performance-3\/pro-mac\/#breadcrumb"},"inLanguage":"fr-FR","potentialAction":[{"@type":"ReadAction","target":["https:\/\/www.kantersanimalhealth.com\/fr\/volaille\/performance-3\/pro-mac\/"]}]},{"@type":"ImageObject","inLanguage":"fr-FR","@id":"https:\/\/www.kantersanimalhealth.com\/fr\/volaille\/performance-3\/pro-mac\/#primaryimage","url":"https:\/\/www.kantersanimalhealth.com\/wp-content\/uploads\/2021\/12\/Packshot-Pro-Mac-5-ltr-en-10-ltr-online-e1639745448678-768x885.png","contentUrl":"https:\/\/www.kantersanimalhealth.com\/wp-content\/uploads\/2021\/12\/Packshot-Pro-Mac-5-ltr-en-10-ltr-online-e1639745448678-768x885.png"},{"@type":"BreadcrumbList","@id":"https:\/\/www.kantersanimalhealth.com\/fr\/volaille\/performance-3\/pro-mac\/#breadcrumb","itemListElement":[{"@type":"ListItem","position":1,"name":"Home","item":"https:\/\/www.kantersanimalhealth.com\/fr\/"},{"@type":"ListItem","position":2,"name":"Volaille","item":"https:\/\/www.kantersanimalhealth.com\/fr\/volaille\/"},{"@type":"ListItem","position":3,"name":"Performance","item":"https:\/\/www.kantersanimalhealth.com\/fr\/volaille\/performance-3\/"},{"@type":"ListItem","position":4,"name":"Pro-Mac"}]},{"@type":"WebSite","@id":"https:\/\/www.kantersanimalhealth.com\/fr\/#website","url":"https:\/\/www.kantersanimalhealth.com\/fr\/","name":"Kanters","description":"Special Products B.V.","publisher":{"@id":"https:\/\/www.kantersanimalhealth.com\/fr\/#organization"},"potentialAction":[{"@type":"SearchAction","target":{"@type":"EntryPoint","urlTemplate":"https:\/\/www.kantersanimalhealth.com\/fr\/?s={search_term_string}"},"query-input":{"@type":"PropertyValueSpecification","valueRequired":true,"valueName":"search_term_string"}}],"inLanguage":"fr-FR"},{"@type":"Organization","@id":"https:\/\/www.kantersanimalhealth.com\/fr\/#organization","name":"Flavour Family","url":"https:\/\/www.kantersanimalhealth.com\/fr\/","logo":{"@type":"ImageObject","inLanguage":"fr-FR","@id":"https:\/\/www.kantersanimalhealth.com\/fr\/#\/schema\/logo\/image\/","url":"","contentUrl":"","caption":"Flavour Family"},"image":{"@id":"https:\/\/www.kantersanimalhealth.com\/fr\/#\/schema\/logo\/image\/"},"sameAs":["https:\/\/www.facebook.com\/FlavourFamily"]}]}},"_links":{"self":[{"href":"https:\/\/www.kantersanimalhealth.com\/fr\/wp-json\/wp\/v2\/pages\/30364","targetHints":{"allow":["GET"]}}],"collection":[{"href":"https:\/\/www.kantersanimalhealth.com\/fr\/wp-json\/wp\/v2\/pages"}],"about":[{"href":"https:\/\/www.kantersanimalhealth.com\/fr\/wp-json\/wp\/v2\/types\/page"}],"author":[{"embeddable":true,"href":"https:\/\/www.kantersanimalhealth.com\/fr\/wp-json\/wp\/v2\/users\/20"}],"replies":[{"embeddable":true,"href":"https:\/\/www.kantersanimalhealth.com\/fr\/wp-json\/wp\/v2\/comments?post=30364"}],"version-history":[{"count":1,"href":"https:\/\/www.kantersanimalhealth.com\/fr\/wp-json\/wp\/v2\/pages\/30364\/revisions"}],"predecessor-version":[{"id":30365,"href":"https:\/\/www.kantersanimalhealth.com\/fr\/wp-json\/wp\/v2\/pages\/30364\/revisions\/30365"}],"up":[{"embeddable":true,"href":"https:\/\/www.kantersanimalhealth.com\/fr\/wp-json\/wp\/v2\/pages\/30636"}],"wp:attachment":[{"href":"https:\/\/www.kantersanimalhealth.com\/fr\/wp-json\/wp\/v2\/media?parent=30364"}],"curies":[{"name":"wp","href":"https:\/\/api.w.org\/{rel}","templated":true}]}}