{"id":30346,"date":"2025-10-17T09:32:13","date_gmt":"2025-10-17T08:32:13","guid":{"rendered":"https:\/\/www.kantersanimalhealth.com\/exolium-hoofmix\/"},"modified":"2025-10-22T09:25:33","modified_gmt":"2025-10-22T08:25:33","slug":"exolium-hoofmix","status":"publish","type":"page","link":"https:\/\/www.kantersanimalhealth.com\/fr\/ruminants\/soin-3\/exolium-hoofmix\/","title":{"rendered":"Exolium Hoofmix"},"content":{"rendered":"\t\t<div data-elementor-type=\"wp-page\" data-elementor-id=\"30346\" class=\"elementor elementor-30346 elementor-24740\" data-elementor-post-type=\"page\">\n\t\t\t\t<div class=\"elementor-element elementor-element-6a2d8f6 e-con-full e-flex e-con e-parent\" data-id=\"6a2d8f6\" data-element_type=\"container\" data-e-type=\"container\" data-settings=\"{&quot;shape_divider_bottom&quot;:&quot;waves&quot;}\">\n\t\t\t\t<div class=\"elementor-shape elementor-shape-bottom\" aria-hidden=\"true\" data-negative=\"false\">\n\t\t\t<svg xmlns=\"http:\/\/www.w3.org\/2000\/svg\" viewBox=\"0 0 1000 100\" preserveAspectRatio=\"none\">\n\t<path class=\"elementor-shape-fill\" d=\"M421.9,6.5c22.6-2.5,51.5,0.4,75.5,5.3c23.6,4.9,70.9,23.5,100.5,35.7c75.8,32.2,133.7,44.5,192.6,49.7\n\tc23.6,2.1,48.7,3.5,103.4-2.5c54.7-6,106.2-25.6,106.2-25.6V0H0v30.3c0,0,72,32.6,158.4,30.5c39.2-0.7,92.8-6.7,134-22.4\n\tc21.2-8.1,52.2-18.2,79.7-24.2C399.3,7.9,411.6,7.5,421.9,6.5z\"\/>\n<\/svg>\t\t<\/div>\n\t\t<div class=\"elementor-element elementor-element-659a4b7 e-con-full e-flex e-con e-child\" data-id=\"659a4b7\" data-element_type=\"container\" data-e-type=\"container\">\n\t\t\t\t<div class=\"elementor-element elementor-element-4a0e9c8 elementor-widget elementor-widget-heading\" data-id=\"4a0e9c8\" data-element_type=\"widget\" data-e-type=\"widget\" data-widget_type=\"heading.default\">\n\t\t\t\t<div class=\"elementor-widget-container\">\n\t\t\t\t\t<div class=\"elementor-heading-title elementor-size-default\">Produit de soin<\/div>\t\t\t\t<\/div>\n\t\t\t\t<\/div>\n\t\t\t\t<div class=\"elementor-element elementor-element-0a17944 elementor-widget elementor-widget-heading\" data-id=\"0a17944\" data-element_type=\"widget\" data-e-type=\"widget\" data-widget_type=\"heading.default\">\n\t\t\t\t<div class=\"elementor-widget-container\">\n\t\t\t\t\t<h1 class=\"elementor-heading-title elementor-size-default\">Exolium Hoofmix<\/h1>\t\t\t\t<\/div>\n\t\t\t\t<\/div>\n\t\t\t\t<div class=\"elementor-element elementor-element-3044e2e elementor-widget elementor-widget-heading\" data-id=\"3044e2e\" data-element_type=\"widget\" data-e-type=\"widget\" data-widget_type=\"heading.default\">\n\t\t\t\t<div class=\"elementor-widget-container\">\n\t\t\t\t\t<h3 class=\"elementor-heading-title elementor-size-default\">Des sabots en bonne sant\u00e9 gr\u00e2ce \u00e0 une application pr\u00e9ventive group\u00e9e<\/h3>\t\t\t\t<\/div>\n\t\t\t\t<\/div>\n\t\t\t\t<div class=\"elementor-element elementor-element-30db0a1 elementor-icon-list--layout-traditional elementor-list-item-link-full_width elementor-widget elementor-widget-icon-list\" data-id=\"30db0a1\" data-element_type=\"widget\" data-e-type=\"widget\" data-widget_type=\"icon-list.default\">\n\t\t\t\t<div class=\"elementor-widget-container\">\n\t\t\t\t\t\t\t<ul class=\"elementor-icon-list-items\">\n\t\t\t\t\t\t\t<li class=\"elementor-icon-list-item\">\n\t\t\t\t\t\t\t\t\t\t\t<span class=\"elementor-icon-list-icon\">\n\t\t\t\t\t\t\t<i aria-hidden=\"true\" class=\"fas fa-check\"><\/i>\t\t\t\t\t\t<\/span>\n\t\t\t\t\t\t\t\t\t\t<span class=\"elementor-icon-list-text\">Contribue \u00e0 pr\u00e9venir les infections des onglons<\/span>\n\t\t\t\t\t\t\t\t\t<\/li>\n\t\t\t\t\t\t\t\t<li class=\"elementor-icon-list-item\">\n\t\t\t\t\t\t\t\t\t\t\t<span class=\"elementor-icon-list-icon\">\n\t\t\t\t\t\t\t<i aria-hidden=\"true\" class=\"fas fa-check\"><\/i>\t\t\t\t\t\t<\/span>\n\t\t\t\t\t\t\t\t\t\t<span class=\"elementor-icon-list-text\">L\u2019alternative \u00e0 la formaline et au sulfate de cuivre<\/span>\n\t\t\t\t\t\t\t\t\t<\/li>\n\t\t\t\t\t\t\t\t<li class=\"elementor-icon-list-item\">\n\t\t\t\t\t\t\t\t\t\t\t<span class=\"elementor-icon-list-icon\">\n\t\t\t\t\t\t\t<i aria-hidden=\"true\" class=\"fas fa-check\"><\/i>\t\t\t\t\t\t<\/span>\n\t\t\t\t\t\t\t\t\t\t<span class=\"elementor-icon-list-text\">\u00c9galement efficace \u00e0 basse temp\u00e9rature<\/span>\n\t\t\t\t\t\t\t\t\t<\/li>\n\t\t\t\t\t\t\t\t<li class=\"elementor-icon-list-item\">\n\t\t\t\t\t\t\t\t\t\t\t<span class=\"elementor-icon-list-icon\">\n\t\t\t\t\t\t\t<i aria-hidden=\"true\" class=\"fas fa-check\"><\/i>\t\t\t\t\t\t<\/span>\n\t\t\t\t\t\t\t\t\t\t<span class=\"elementor-icon-list-text\">Adapt\u00e9 pour les utilisateurs et les animaux<\/span>\n\t\t\t\t\t\t\t\t\t<\/li>\n\t\t\t\t\t\t<\/ul>\n\t\t\t\t\t\t<\/div>\n\t\t\t\t<\/div>\n\t\t\t\t<div class=\"elementor-element elementor-element-ed284fd elementor-widget elementor-widget-button\" data-id=\"ed284fd\" data-element_type=\"widget\" data-e-type=\"widget\" data-widget_type=\"button.default\">\n\t\t\t\t<div class=\"elementor-widget-container\">\n\t\t\t\t\t\t\t\t\t<div class=\"elementor-button-wrapper\">\n\t\t\t\t\t<a class=\"elementor-button elementor-button-link elementor-size-sm\" href=\"#elementor-action%3Aaction%3Dpopup%3Aopen%26settings%3DeyJpZCI6MTM2ODEsInRvZ2dsZSI6ZmFsc2V9\">\n\t\t\t\t\t\t<span class=\"elementor-button-content-wrapper\">\n\t\t\t\t\t\t\t\t\t<span class=\"elementor-button-text\">T\u00e9l\u00e9chargez la brochure et en savoir plus<\/span>\n\t\t\t\t\t<\/span>\n\t\t\t\t\t<\/a>\n\t\t\t\t<\/div>\n\t\t\t\t\t\t\t\t<\/div>\n\t\t\t\t<\/div>\n\t\t\t\t<div class=\"elementor-element elementor-element-257754f elementor-widget elementor-widget-button\" data-id=\"257754f\" data-element_type=\"widget\" data-e-type=\"widget\" data-widget_type=\"button.default\">\n\t\t\t\t<div class=\"elementor-widget-container\">\n\t\t\t\t\t\t\t\t\t<div class=\"elementor-button-wrapper\">\n\t\t\t\t\t<a class=\"elementor-button elementor-button-link elementor-size-sm\" href=\"https:\/\/www.kantersanimalhealth.com\/fr\/contacter\/\">\n\t\t\t\t\t\t<span class=\"elementor-button-content-wrapper\">\n\t\t\t\t\t\t\t\t\t<span class=\"elementor-button-text\">Commander un produit<\/span>\n\t\t\t\t\t<\/span>\n\t\t\t\t\t<\/a>\n\t\t\t\t<\/div>\n\t\t\t\t\t\t\t\t<\/div>\n\t\t\t\t<\/div>\n\t\t\t\t<\/div>\n\t\t<div class=\"elementor-element elementor-element-4911272 e-con-full e-flex e-con e-child\" data-id=\"4911272\" data-element_type=\"container\" data-e-type=\"container\">\n\t\t\t\t<div class=\"elementor-element elementor-element-82e10a4 elementor-widget elementor-widget-image\" data-id=\"82e10a4\" data-element_type=\"widget\" data-e-type=\"widget\" data-widget_type=\"image.default\">\n\t\t\t\t<div class=\"elementor-widget-container\">\n\t\t\t\t\t\t\t\t\t\t\t\t\t\t\t<img decoding=\"async\" src=\"https:\/\/www.kantersanimalhealth.com\/wp-content\/uploads\/elementor\/thumbs\/Exolium20Hoofmix-pp8n8pkiv2fcn8fllws30wuckivp1agok0rb6uxpvk.png\" title=\"Exolium20Hoofmix\" alt=\"Exolium20Hoofmix\" loading=\"lazy\" \/>\t\t\t\t\t\t\t\t\t\t\t\t\t\t\t<\/div>\n\t\t\t\t<\/div>\n\t\t\t\t<\/div>\n\t\t\t\t<\/div>\n\t\t<div class=\"elementor-element elementor-element-b4bf7ae e-flex e-con-boxed e-con e-parent\" data-id=\"b4bf7ae\" data-element_type=\"container\" data-e-type=\"container\" data-settings=\"{&quot;background_background&quot;:&quot;classic&quot;}\">\n\t\t\t\t\t<div class=\"e-con-inner\">\n\t\t<div class=\"elementor-element elementor-element-5111251 e-con-full e-flex e-con e-child\" data-id=\"5111251\" data-element_type=\"container\" data-e-type=\"container\">\n\t\t\t\t<div class=\"elementor-element elementor-element-1781ece elementor-widget elementor-widget-heading\" data-id=\"1781ece\" data-element_type=\"widget\" data-e-type=\"widget\" data-widget_type=\"heading.default\">\n\t\t\t\t<div class=\"elementor-widget-container\">\n\t\t\t\t\t<h2 class=\"elementor-heading-title elementor-size-default\">Qu'est-ce que c'est ?<\/h2>\t\t\t\t<\/div>\n\t\t\t\t<\/div>\n\t\t\t\t<div class=\"elementor-element elementor-element-c3b17c5 elementor-widget elementor-widget-text-editor\" data-id=\"c3b17c5\" data-element_type=\"widget\" data-e-type=\"widget\" data-widget_type=\"text-editor.default\">\n\t\t\t\t<div class=\"elementor-widget-container\">\n\t\t\t\t\t\t\t\t\t<p>Exolium Hoofmix est con\u00e7u pour une application pr\u00e9ventive en groupe afin de maintenir et de soutenir la sant\u00e9 des onglons de vos vaches. D\u00e9velopp\u00e9 par Kanters, ce produit fait partie de la gamme Exolium Hoofcare, reconnue pour son efficacit\u00e9 tant dans les traitements individuels que collectifs. Exolium Hoofmix est formul\u00e9 avec un m\u00e9lange unique de min\u00e9raux et de d\u00e9tergents, offrant une forte adh\u00e9sion pour une protection optimale et des r\u00e9sultats durables. Cette solution de soin des onglons est exempte d&rsquo;antibiotiques, de formald\u00e9hyde et de sulfate de cuivre, ce qui en fait un choix s\u00fbr pour les animaux, les utilisateurs et l&rsquo;environnement. Id\u00e9al pour une utilisation dans les bains de pieds, Exolium Hoofmix aide \u00e0 garder les onglons forts et sains, pr\u00e9venant les probl\u00e8mes avant qu&rsquo;ils ne surviennent.<\/p><p>Exolium Hoofmix fait partie du protocole de pr\u00e9vention Exolium.<\/p>\t\t\t\t\t\t\t\t<\/div>\n\t\t\t\t<\/div>\n\t\t\t\t<\/div>\n\t\t\t\t\t<\/div>\n\t\t\t\t<\/div>\n\t\t<div class=\"elementor-element elementor-element-92e1357 e-flex e-con-boxed e-con e-parent\" data-id=\"92e1357\" data-element_type=\"container\" data-e-type=\"container\">\n\t\t\t\t\t<div class=\"e-con-inner\">\n\t\t<div class=\"elementor-element elementor-element-822fe7b e-con-full e-flex e-con e-child\" data-id=\"822fe7b\" data-element_type=\"container\" data-e-type=\"container\">\n\t\t\t\t<div class=\"elementor-element elementor-element-4c6032b elementor-widget elementor-widget-heading\" data-id=\"4c6032b\" data-element_type=\"widget\" data-e-type=\"widget\" data-widget_type=\"heading.default\">\n\t\t\t\t<div class=\"elementor-widget-container\">\n\t\t\t\t\t<h3 class=\"elementor-heading-title elementor-size-default\">Quand l\u2019utiliser\u00a0?<\/h3>\t\t\t\t<\/div>\n\t\t\t\t<\/div>\n\t\t\t\t<div class=\"elementor-element elementor-element-d87a8a2 elementor-widget elementor-widget-text-editor\" data-id=\"d87a8a2\" data-element_type=\"widget\" data-e-type=\"widget\" data-widget_type=\"text-editor.default\">\n\t\t\t\t<div class=\"elementor-widget-container\">\n\t\t\t\t\t\t\t\t\t<ul><li>Pour pr\u00e9venir les infections des onglons<\/li><li>Traitement de groupe<\/li><\/ul>\t\t\t\t\t\t\t\t<\/div>\n\t\t\t\t<\/div>\n\t\t\t\t<\/div>\n\t\t<div class=\"elementor-element elementor-element-2372fac e-con-full e-flex e-con e-child\" data-id=\"2372fac\" data-element_type=\"container\" data-e-type=\"container\">\n\t\t\t\t<div class=\"elementor-element elementor-element-76a683e elementor-widget elementor-widget-heading\" data-id=\"76a683e\" data-element_type=\"widget\" data-e-type=\"widget\" data-widget_type=\"heading.default\">\n\t\t\t\t<div class=\"elementor-widget-container\">\n\t\t\t\t\t<h3 class=\"elementor-heading-title elementor-size-default\">Conditionnement<\/h3>\t\t\t\t<\/div>\n\t\t\t\t<\/div>\n\t\t\t\t<div class=\"elementor-element elementor-element-c093c6a elementor-icon-list--layout-traditional elementor-list-item-link-full_width elementor-widget elementor-widget-icon-list\" data-id=\"c093c6a\" data-element_type=\"widget\" data-e-type=\"widget\" data-widget_type=\"icon-list.default\">\n\t\t\t\t<div class=\"elementor-widget-container\">\n\t\t\t\t\t\t\t<ul class=\"elementor-icon-list-items\">\n\t\t\t\t\t\t\t<li class=\"elementor-icon-list-item\">\n\t\t\t\t\t\t\t\t\t\t\t<span class=\"elementor-icon-list-icon\">\n\t\t\t\t\t\t\t<i aria-hidden=\"true\" class=\"fas fa-check\"><\/i>\t\t\t\t\t\t<\/span>\n\t\t\t\t\t\t\t\t\t\t<span class=\"elementor-icon-list-text\">Bidon de 20\u00a0litres<\/span>\n\t\t\t\t\t\t\t\t\t<\/li>\n\t\t\t\t\t\t\t\t<li class=\"elementor-icon-list-item\">\n\t\t\t\t\t\t\t\t\t\t\t<span class=\"elementor-icon-list-icon\">\n\t\t\t\t\t\t\t<i aria-hidden=\"true\" class=\"fas fa-check\"><\/i>\t\t\t\t\t\t<\/span>\n\t\t\t\t\t\t\t\t\t\t<span class=\"elementor-icon-list-text\">F\u00fbt de 200\u00a0litres<\/span>\n\t\t\t\t\t\t\t\t\t<\/li>\n\t\t\t\t\t\t\t\t<li class=\"elementor-icon-list-item\">\n\t\t\t\t\t\t\t\t\t\t\t<span class=\"elementor-icon-list-icon\">\n\t\t\t\t\t\t\t<i aria-hidden=\"true\" class=\"fas fa-check\"><\/i>\t\t\t\t\t\t<\/span>\n\t\t\t\t\t\t\t\t\t\t<span class=\"elementor-icon-list-text\">Cuve de 1\u00a0000\u00a0litres<\/span>\n\t\t\t\t\t\t\t\t\t<\/li>\n\t\t\t\t\t\t<\/ul>\n\t\t\t\t\t\t<\/div>\n\t\t\t\t<\/div>\n\t\t\t\t<\/div>\n\t\t\t\t\t<\/div>\n\t\t\t\t<\/div>\n\t\t\t\t<\/div>\n\t\t","protected":false},"excerpt":{"rendered":"<p>Produit de soin Exolium Hoofmix Des sabots en bonne sant\u00e9 gr\u00e2ce \u00e0 une application pr\u00e9ventive group\u00e9e Contribue \u00e0 pr\u00e9venir les infections des onglons L\u2019alternative \u00e0 la formaline et au sulfate de cuivre \u00c9galement efficace \u00e0 basse temp\u00e9rature Adapt\u00e9 pour les utilisateurs et les animaux T\u00e9l\u00e9chargez la brochure et en savoir plus Commander un produit Qu&rsquo;est-ce [&hellip;]<\/p>\n","protected":false},"author":20,"featured_media":0,"parent":30543,"menu_order":0,"comment_status":"closed","ping_status":"closed","template":"","meta":{"footnotes":""},"class_list":["post-30346","page","type-page","status-publish","hentry"],"yoast_head":"<!-- This site is optimized with the Yoast SEO plugin v27.2 - https:\/\/yoast.com\/product\/yoast-seo-wordpress\/ -->\n<title>Exolium Hoofmix - Kanters<\/title>\n<meta name=\"robots\" content=\"index, follow, max-snippet:-1, max-image-preview:large, max-video-preview:-1\" \/>\n<link rel=\"canonical\" href=\"https:\/\/www.kantersanimalhealth.com\/fr\/ruminants\/soin-3\/exolium-hoofmix\/\" \/>\n<meta property=\"og:locale\" content=\"fr_FR\" \/>\n<meta property=\"og:type\" content=\"article\" \/>\n<meta property=\"og:title\" content=\"Exolium Hoofmix - Kanters\" \/>\n<meta property=\"og:description\" content=\"Produit de soin Exolium Hoofmix Des sabots en bonne sant\u00e9 gr\u00e2ce \u00e0 une application pr\u00e9ventive group\u00e9e Contribue \u00e0 pr\u00e9venir les infections des onglons L\u2019alternative \u00e0 la formaline et au sulfate de cuivre \u00c9galement efficace \u00e0 basse temp\u00e9rature Adapt\u00e9 pour les utilisateurs et les animaux T\u00e9l\u00e9chargez la brochure et en savoir plus Commander un produit Qu&rsquo;est-ce [&hellip;]\" \/>\n<meta property=\"og:url\" content=\"https:\/\/www.kantersanimalhealth.com\/fr\/ruminants\/soin-3\/exolium-hoofmix\/\" \/>\n<meta property=\"og:site_name\" content=\"Kanters\" \/>\n<meta property=\"article:publisher\" content=\"https:\/\/www.facebook.com\/FlavourFamily\" \/>\n<meta property=\"article:modified_time\" content=\"2025-10-22T08:25:33+00:00\" \/>\n<meta property=\"og:image\" content=\"https:\/\/www.kantersanimalhealth.com\/wp-content\/uploads\/elementor\/thumbs\/Exolium20Hoofmix-pp8n8pkiv2fcn8fllws30wuckivp1agok0rb6uxpvk.png\" \/>\n<meta name=\"twitter:card\" content=\"summary_large_image\" \/>\n<meta name=\"twitter:label1\" content=\"Dur\u00e9e de lecture estim\u00e9e\" \/>\n\t<meta name=\"twitter:data1\" content=\"1 minute\" \/>\n<script type=\"application\/ld+json\" class=\"yoast-schema-graph\">{\"@context\":\"https:\/\/schema.org\",\"@graph\":[{\"@type\":\"WebPage\",\"@id\":\"https:\/\/www.kantersanimalhealth.com\/fr\/ruminants\/soin-3\/exolium-hoofmix\/\",\"url\":\"https:\/\/www.kantersanimalhealth.com\/fr\/ruminants\/soin-3\/exolium-hoofmix\/\",\"name\":\"Exolium Hoofmix - Kanters\",\"isPartOf\":{\"@id\":\"https:\/\/www.kantersanimalhealth.com\/fr\/#website\"},\"primaryImageOfPage\":{\"@id\":\"https:\/\/www.kantersanimalhealth.com\/fr\/ruminants\/soin-3\/exolium-hoofmix\/#primaryimage\"},\"image\":{\"@id\":\"https:\/\/www.kantersanimalhealth.com\/fr\/ruminants\/soin-3\/exolium-hoofmix\/#primaryimage\"},\"thumbnailUrl\":\"https:\/\/www.kantersanimalhealth.com\/wp-content\/uploads\/elementor\/thumbs\/Exolium20Hoofmix-pp8n8pkiv2fcn8fllws30wuckivp1agok0rb6uxpvk.png\",\"datePublished\":\"2025-10-17T08:32:13+00:00\",\"dateModified\":\"2025-10-22T08:25:33+00:00\",\"breadcrumb\":{\"@id\":\"https:\/\/www.kantersanimalhealth.com\/fr\/ruminants\/soin-3\/exolium-hoofmix\/#breadcrumb\"},\"inLanguage\":\"fr-FR\",\"potentialAction\":[{\"@type\":\"ReadAction\",\"target\":[\"https:\/\/www.kantersanimalhealth.com\/fr\/ruminants\/soin-3\/exolium-hoofmix\/\"]}]},{\"@type\":\"ImageObject\",\"inLanguage\":\"fr-FR\",\"@id\":\"https:\/\/www.kantersanimalhealth.com\/fr\/ruminants\/soin-3\/exolium-hoofmix\/#primaryimage\",\"url\":\"https:\/\/www.kantersanimalhealth.com\/wp-content\/uploads\/elementor\/thumbs\/Exolium20Hoofmix-pp8n8pkiv2fcn8fllws30wuckivp1agok0rb6uxpvk.png\",\"contentUrl\":\"https:\/\/www.kantersanimalhealth.com\/wp-content\/uploads\/elementor\/thumbs\/Exolium20Hoofmix-pp8n8pkiv2fcn8fllws30wuckivp1agok0rb6uxpvk.png\"},{\"@type\":\"BreadcrumbList\",\"@id\":\"https:\/\/www.kantersanimalhealth.com\/fr\/ruminants\/soin-3\/exolium-hoofmix\/#breadcrumb\",\"itemListElement\":[{\"@type\":\"ListItem\",\"position\":1,\"name\":\"Home\",\"item\":\"https:\/\/www.kantersanimalhealth.com\/fr\/\"},{\"@type\":\"ListItem\",\"position\":2,\"name\":\"Ruminants\",\"item\":\"https:\/\/www.kantersanimalhealth.com\/fr\/ruminants\/\"},{\"@type\":\"ListItem\",\"position\":3,\"name\":\"Soin\",\"item\":\"https:\/\/www.kantersanimalhealth.com\/fr\/ruminants\/soin-3\/\"},{\"@type\":\"ListItem\",\"position\":4,\"name\":\"Exolium Hoofmix\"}]},{\"@type\":\"WebSite\",\"@id\":\"https:\/\/www.kantersanimalhealth.com\/fr\/#website\",\"url\":\"https:\/\/www.kantersanimalhealth.com\/fr\/\",\"name\":\"Kanters\",\"description\":\"Special Products B.V.\",\"publisher\":{\"@id\":\"https:\/\/www.kantersanimalhealth.com\/fr\/#organization\"},\"potentialAction\":[{\"@type\":\"SearchAction\",\"target\":{\"@type\":\"EntryPoint\",\"urlTemplate\":\"https:\/\/www.kantersanimalhealth.com\/fr\/?s={search_term_string}\"},\"query-input\":{\"@type\":\"PropertyValueSpecification\",\"valueRequired\":true,\"valueName\":\"search_term_string\"}}],\"inLanguage\":\"fr-FR\"},{\"@type\":\"Organization\",\"@id\":\"https:\/\/www.kantersanimalhealth.com\/fr\/#organization\",\"name\":\"Flavour Family\",\"url\":\"https:\/\/www.kantersanimalhealth.com\/fr\/\",\"logo\":{\"@type\":\"ImageObject\",\"inLanguage\":\"fr-FR\",\"@id\":\"https:\/\/www.kantersanimalhealth.com\/fr\/#\/schema\/logo\/image\/\",\"url\":\"\",\"contentUrl\":\"\",\"caption\":\"Flavour Family\"},\"image\":{\"@id\":\"https:\/\/www.kantersanimalhealth.com\/fr\/#\/schema\/logo\/image\/\"},\"sameAs\":[\"https:\/\/www.facebook.com\/FlavourFamily\"]}]}<\/script>\n<!-- \/ Yoast SEO plugin. -->","yoast_head_json":{"title":"Exolium Hoofmix - Kanters","robots":{"index":"index","follow":"follow","max-snippet":"max-snippet:-1","max-image-preview":"max-image-preview:large","max-video-preview":"max-video-preview:-1"},"canonical":"https:\/\/www.kantersanimalhealth.com\/fr\/ruminants\/soin-3\/exolium-hoofmix\/","og_locale":"fr_FR","og_type":"article","og_title":"Exolium Hoofmix - Kanters","og_description":"Produit de soin Exolium Hoofmix Des sabots en bonne sant\u00e9 gr\u00e2ce \u00e0 une application pr\u00e9ventive group\u00e9e Contribue \u00e0 pr\u00e9venir les infections des onglons L\u2019alternative \u00e0 la formaline et au sulfate de cuivre \u00c9galement efficace \u00e0 basse temp\u00e9rature Adapt\u00e9 pour les utilisateurs et les animaux T\u00e9l\u00e9chargez la brochure et en savoir plus Commander un produit Qu&rsquo;est-ce [&hellip;]","og_url":"https:\/\/www.kantersanimalhealth.com\/fr\/ruminants\/soin-3\/exolium-hoofmix\/","og_site_name":"Kanters","article_publisher":"https:\/\/www.facebook.com\/FlavourFamily","article_modified_time":"2025-10-22T08:25:33+00:00","og_image":[{"url":"https:\/\/www.kantersanimalhealth.com\/wp-content\/uploads\/elementor\/thumbs\/Exolium20Hoofmix-pp8n8pkiv2fcn8fllws30wuckivp1agok0rb6uxpvk.png","type":"","width":"","height":""}],"twitter_card":"summary_large_image","twitter_misc":{"Dur\u00e9e de lecture estim\u00e9e":"1 minute"},"schema":{"@context":"https:\/\/schema.org","@graph":[{"@type":"WebPage","@id":"https:\/\/www.kantersanimalhealth.com\/fr\/ruminants\/soin-3\/exolium-hoofmix\/","url":"https:\/\/www.kantersanimalhealth.com\/fr\/ruminants\/soin-3\/exolium-hoofmix\/","name":"Exolium Hoofmix - Kanters","isPartOf":{"@id":"https:\/\/www.kantersanimalhealth.com\/fr\/#website"},"primaryImageOfPage":{"@id":"https:\/\/www.kantersanimalhealth.com\/fr\/ruminants\/soin-3\/exolium-hoofmix\/#primaryimage"},"image":{"@id":"https:\/\/www.kantersanimalhealth.com\/fr\/ruminants\/soin-3\/exolium-hoofmix\/#primaryimage"},"thumbnailUrl":"https:\/\/www.kantersanimalhealth.com\/wp-content\/uploads\/elementor\/thumbs\/Exolium20Hoofmix-pp8n8pkiv2fcn8fllws30wuckivp1agok0rb6uxpvk.png","datePublished":"2025-10-17T08:32:13+00:00","dateModified":"2025-10-22T08:25:33+00:00","breadcrumb":{"@id":"https:\/\/www.kantersanimalhealth.com\/fr\/ruminants\/soin-3\/exolium-hoofmix\/#breadcrumb"},"inLanguage":"fr-FR","potentialAction":[{"@type":"ReadAction","target":["https:\/\/www.kantersanimalhealth.com\/fr\/ruminants\/soin-3\/exolium-hoofmix\/"]}]},{"@type":"ImageObject","inLanguage":"fr-FR","@id":"https:\/\/www.kantersanimalhealth.com\/fr\/ruminants\/soin-3\/exolium-hoofmix\/#primaryimage","url":"https:\/\/www.kantersanimalhealth.com\/wp-content\/uploads\/elementor\/thumbs\/Exolium20Hoofmix-pp8n8pkiv2fcn8fllws30wuckivp1agok0rb6uxpvk.png","contentUrl":"https:\/\/www.kantersanimalhealth.com\/wp-content\/uploads\/elementor\/thumbs\/Exolium20Hoofmix-pp8n8pkiv2fcn8fllws30wuckivp1agok0rb6uxpvk.png"},{"@type":"BreadcrumbList","@id":"https:\/\/www.kantersanimalhealth.com\/fr\/ruminants\/soin-3\/exolium-hoofmix\/#breadcrumb","itemListElement":[{"@type":"ListItem","position":1,"name":"Home","item":"https:\/\/www.kantersanimalhealth.com\/fr\/"},{"@type":"ListItem","position":2,"name":"Ruminants","item":"https:\/\/www.kantersanimalhealth.com\/fr\/ruminants\/"},{"@type":"ListItem","position":3,"name":"Soin","item":"https:\/\/www.kantersanimalhealth.com\/fr\/ruminants\/soin-3\/"},{"@type":"ListItem","position":4,"name":"Exolium Hoofmix"}]},{"@type":"WebSite","@id":"https:\/\/www.kantersanimalhealth.com\/fr\/#website","url":"https:\/\/www.kantersanimalhealth.com\/fr\/","name":"Kanters","description":"Special Products B.V.","publisher":{"@id":"https:\/\/www.kantersanimalhealth.com\/fr\/#organization"},"potentialAction":[{"@type":"SearchAction","target":{"@type":"EntryPoint","urlTemplate":"https:\/\/www.kantersanimalhealth.com\/fr\/?s={search_term_string}"},"query-input":{"@type":"PropertyValueSpecification","valueRequired":true,"valueName":"search_term_string"}}],"inLanguage":"fr-FR"},{"@type":"Organization","@id":"https:\/\/www.kantersanimalhealth.com\/fr\/#organization","name":"Flavour Family","url":"https:\/\/www.kantersanimalhealth.com\/fr\/","logo":{"@type":"ImageObject","inLanguage":"fr-FR","@id":"https:\/\/www.kantersanimalhealth.com\/fr\/#\/schema\/logo\/image\/","url":"","contentUrl":"","caption":"Flavour Family"},"image":{"@id":"https:\/\/www.kantersanimalhealth.com\/fr\/#\/schema\/logo\/image\/"},"sameAs":["https:\/\/www.facebook.com\/FlavourFamily"]}]}},"_links":{"self":[{"href":"https:\/\/www.kantersanimalhealth.com\/fr\/wp-json\/wp\/v2\/pages\/30346","targetHints":{"allow":["GET"]}}],"collection":[{"href":"https:\/\/www.kantersanimalhealth.com\/fr\/wp-json\/wp\/v2\/pages"}],"about":[{"href":"https:\/\/www.kantersanimalhealth.com\/fr\/wp-json\/wp\/v2\/types\/page"}],"author":[{"embeddable":true,"href":"https:\/\/www.kantersanimalhealth.com\/fr\/wp-json\/wp\/v2\/users\/20"}],"replies":[{"embeddable":true,"href":"https:\/\/www.kantersanimalhealth.com\/fr\/wp-json\/wp\/v2\/comments?post=30346"}],"version-history":[{"count":1,"href":"https:\/\/www.kantersanimalhealth.com\/fr\/wp-json\/wp\/v2\/pages\/30346\/revisions"}],"predecessor-version":[{"id":30347,"href":"https:\/\/www.kantersanimalhealth.com\/fr\/wp-json\/wp\/v2\/pages\/30346\/revisions\/30347"}],"up":[{"embeddable":true,"href":"https:\/\/www.kantersanimalhealth.com\/fr\/wp-json\/wp\/v2\/pages\/30543"}],"wp:attachment":[{"href":"https:\/\/www.kantersanimalhealth.com\/fr\/wp-json\/wp\/v2\/media?parent=30346"}],"curies":[{"name":"wp","href":"https:\/\/api.w.org\/{rel}","templated":true}]}}