{"id":31911,"date":"2026-02-12T21:12:50","date_gmt":"2026-02-12T20:12:50","guid":{"rendered":"https:\/\/www.kantersanimalhealth.com\/aves-de-corral\/rendimiento-3\/nutriforte-mineral-green\/"},"modified":"2026-02-12T21:12:57","modified_gmt":"2026-02-12T20:12:57","slug":"nutriforte-mineral-green","status":"publish","type":"page","link":"https:\/\/www.kantersanimalhealth.com\/es\/aves-de-corral\/rendimiento-3\/nutriforte-mineral-green\/","title":{"rendered":"Nutriforte Mineral Green"},"content":{"rendered":"\t\t<div data-elementor-type=\"wp-page\" data-elementor-id=\"31911\" class=\"elementor elementor-31911 elementor-28642\" data-elementor-post-type=\"page\">\n\t\t\t\t<div class=\"elementor-element elementor-element-6a2d8f6 e-con-full e-flex e-con e-parent\" data-id=\"6a2d8f6\" data-element_type=\"container\" data-e-type=\"container\" data-settings=\"{&quot;shape_divider_bottom&quot;:&quot;waves&quot;}\">\n\t\t\t\t<div class=\"elementor-shape elementor-shape-bottom\" aria-hidden=\"true\" data-negative=\"false\">\n\t\t\t<svg xmlns=\"http:\/\/www.w3.org\/2000\/svg\" viewBox=\"0 0 1000 100\" preserveAspectRatio=\"none\">\n\t<path class=\"elementor-shape-fill\" d=\"M421.9,6.5c22.6-2.5,51.5,0.4,75.5,5.3c23.6,4.9,70.9,23.5,100.5,35.7c75.8,32.2,133.7,44.5,192.6,49.7\n\tc23.6,2.1,48.7,3.5,103.4-2.5c54.7-6,106.2-25.6,106.2-25.6V0H0v30.3c0,0,72,32.6,158.4,30.5c39.2-0.7,92.8-6.7,134-22.4\n\tc21.2-8.1,52.2-18.2,79.7-24.2C399.3,7.9,411.6,7.5,421.9,6.5z\"\/>\n<\/svg>\t\t<\/div>\n\t\t<div class=\"elementor-element elementor-element-659a4b7 e-con-full e-flex e-con e-child\" data-id=\"659a4b7\" data-element_type=\"container\" data-e-type=\"container\">\n\t\t\t\t<div class=\"elementor-element elementor-element-4a0e9c8 elementor-widget elementor-widget-heading\" data-id=\"4a0e9c8\" data-element_type=\"widget\" data-e-type=\"widget\" data-widget_type=\"heading.default\">\n\t\t\t\t<div class=\"elementor-widget-container\">\n\t\t\t\t\t<div class=\"elementor-heading-title elementor-size-default\">Producto para el rendimiento<\/div>\t\t\t\t<\/div>\n\t\t\t\t<\/div>\n\t\t\t\t<div class=\"elementor-element elementor-element-0a17944 elementor-widget elementor-widget-heading\" data-id=\"0a17944\" data-element_type=\"widget\" data-e-type=\"widget\" data-widget_type=\"heading.default\">\n\t\t\t\t<div class=\"elementor-widget-container\">\n\t\t\t\t\t<h1 class=\"elementor-heading-title elementor-size-default\">Nutriforte Mineral Green<\/h1>\t\t\t\t<\/div>\n\t\t\t\t<\/div>\n\t\t\t\t<div class=\"elementor-element elementor-element-3044e2e elementor-widget elementor-widget-heading\" data-id=\"3044e2e\" data-element_type=\"widget\" data-e-type=\"widget\" data-widget_type=\"heading.default\">\n\t\t\t\t<div class=\"elementor-widget-container\">\n\t\t\t\t\t<h3 class=\"elementor-heading-title elementor-size-default\">Minerales en formato l\u00edquido para lograr pollos extra fuertes<\/h3>\t\t\t\t<\/div>\n\t\t\t\t<\/div>\n\t\t\t\t<div class=\"elementor-element elementor-element-30db0a1 elementor-icon-list--layout-traditional elementor-list-item-link-full_width elementor-widget elementor-widget-icon-list\" data-id=\"30db0a1\" data-element_type=\"widget\" data-e-type=\"widget\" data-widget_type=\"icon-list.default\">\n\t\t\t\t<div class=\"elementor-widget-container\">\n\t\t\t\t\t\t\t<ul class=\"elementor-icon-list-items\">\n\t\t\t\t\t\t\t<li class=\"elementor-icon-list-item\">\n\t\t\t\t\t\t\t\t\t\t\t<span class=\"elementor-icon-list-icon\">\n\t\t\t\t\t\t\t<i aria-hidden=\"true\" class=\"fas fa-check\"><\/i>\t\t\t\t\t\t<\/span>\n\t\t\t\t\t\t\t\t\t\t<span class=\"elementor-icon-list-text\">Efecto positivo sobre la fertilidad y la puesta<\/span>\n\t\t\t\t\t\t\t\t\t<\/li>\n\t\t\t\t\t\t\t\t<li class=\"elementor-icon-list-item\">\n\t\t\t\t\t\t\t\t\t\t\t<span class=\"elementor-icon-list-icon\">\n\t\t\t\t\t\t\t<i aria-hidden=\"true\" class=\"fas fa-check\"><\/i>\t\t\t\t\t\t<\/span>\n\t\t\t\t\t\t\t\t\t\t<span class=\"elementor-icon-list-text\">Contribuye a fortalecer los huesos y al crecimiento<\/span>\n\t\t\t\t\t\t\t\t\t<\/li>\n\t\t\t\t\t\t\t\t<li class=\"elementor-icon-list-item\">\n\t\t\t\t\t\t\t\t\t\t\t<span class=\"elementor-icon-list-icon\">\n\t\t\t\t\t\t\t<i aria-hidden=\"true\" class=\"fas fa-check\"><\/i>\t\t\t\t\t\t<\/span>\n\t\t\t\t\t\t\t\t\t\t<span class=\"elementor-icon-list-text\">Favorece la inmunidad y la digesti\u00f3n<\/span>\n\t\t\t\t\t\t\t\t\t<\/li>\n\t\t\t\t\t\t\t\t<li class=\"elementor-icon-list-item\">\n\t\t\t\t\t\t\t\t\t\t\t<span class=\"elementor-icon-list-icon\">\n\t\t\t\t\t\t\t<i aria-hidden=\"true\" class=\"fas fa-check\"><\/i>\t\t\t\t\t\t<\/span>\n\t\t\t\t\t\t\t\t\t\t<span class=\"elementor-icon-list-text\">Los minerales y elementos traza en disoluci\u00f3n se absorben de manera eficaz<\/span>\n\t\t\t\t\t\t\t\t\t<\/li>\n\t\t\t\t\t\t\t\t<li class=\"elementor-icon-list-item\">\n\t\t\t\t\t\t\t\t\t\t\t<span class=\"elementor-icon-list-icon\">\n\t\t\t\t\t\t\t<i aria-hidden=\"true\" class=\"fas fa-check\"><\/i>\t\t\t\t\t\t<\/span>\n\t\t\t\t\t\t\t\t\t\t<span class=\"elementor-icon-list-text\">Adecuado para usarse en ganader\u00eda ecol\u00f3gica<\/span>\n\t\t\t\t\t\t\t\t\t<\/li>\n\t\t\t\t\t\t<\/ul>\n\t\t\t\t\t\t<\/div>\n\t\t\t\t<\/div>\n\t\t\t\t<div class=\"elementor-element elementor-element-ed284fd elementor-widget elementor-widget-button\" data-id=\"ed284fd\" data-element_type=\"widget\" data-e-type=\"widget\" data-widget_type=\"button.default\">\n\t\t\t\t<div class=\"elementor-widget-container\">\n\t\t\t\t\t\t\t\t\t<div class=\"elementor-button-wrapper\">\n\t\t\t\t\t<a class=\"elementor-button elementor-button-link elementor-size-sm\" href=\"#elementor-action%3Aaction%3Dpopup%3Aopen%26settings%3DeyJpZCI6MzExOTEsInRvZ2dsZSI6ZmFsc2V9\">\n\t\t\t\t\t\t<span class=\"elementor-button-content-wrapper\">\n\t\t\t\t\t\t\t\t\t<span class=\"elementor-button-text\">Descargar el cat\u00e1logo y ampliar la informaci\u00f3n<\/span>\n\t\t\t\t\t<\/span>\n\t\t\t\t\t<\/a>\n\t\t\t\t<\/div>\n\t\t\t\t\t\t\t\t<\/div>\n\t\t\t\t<\/div>\n\t\t\t\t<div class=\"elementor-element elementor-element-257754f elementor-widget elementor-widget-button\" data-id=\"257754f\" data-element_type=\"widget\" data-e-type=\"widget\" data-widget_type=\"button.default\">\n\t\t\t\t<div class=\"elementor-widget-container\">\n\t\t\t\t\t\t\t\t\t<div class=\"elementor-button-wrapper\">\n\t\t\t\t\t<a class=\"elementor-button elementor-button-link elementor-size-sm\" href=\"https:\/\/www.kantersanimalhealth.com\/es\/contacto\/\">\n\t\t\t\t\t\t<span class=\"elementor-button-content-wrapper\">\n\t\t\t\t\t\t\t\t\t<span class=\"elementor-button-text\">Hacer un pedido<\/span>\n\t\t\t\t\t<\/span>\n\t\t\t\t\t<\/a>\n\t\t\t\t<\/div>\n\t\t\t\t\t\t\t\t<\/div>\n\t\t\t\t<\/div>\n\t\t\t\t<\/div>\n\t\t<div class=\"elementor-element elementor-element-4911272 e-con-full e-flex e-con e-child\" data-id=\"4911272\" data-element_type=\"container\" data-e-type=\"container\">\n\t\t\t\t<div class=\"elementor-element elementor-element-82e10a4 elementor-widget elementor-widget-image\" data-id=\"82e10a4\" data-element_type=\"widget\" data-e-type=\"widget\" data-widget_type=\"image.default\">\n\t\t\t\t<div class=\"elementor-widget-container\">\n\t\t\t\t\t\t\t\t\t\t\t\t\t\t\t<img fetchpriority=\"high\" decoding=\"async\" width=\"2244\" height=\"2244\" src=\"https:\/\/www.kantersanimalhealth.com\/wp-content\/uploads\/2025\/09\/Packshot_Nutriforte-Mineral-Green-22kg-web-e1758531852754.png\" class=\"attachment-full size-full wp-image-30009\" alt=\"Nutriforte Minral Green is organic approved\" \/>\t\t\t\t\t\t\t\t\t\t\t\t\t\t\t<\/div>\n\t\t\t\t<\/div>\n\t\t\t\t<\/div>\n\t\t\t\t<\/div>\n\t\t<div class=\"elementor-element elementor-element-b4bf7ae e-flex e-con-boxed e-con e-parent\" data-id=\"b4bf7ae\" data-element_type=\"container\" data-e-type=\"container\" data-settings=\"{&quot;background_background&quot;:&quot;classic&quot;}\">\n\t\t\t\t\t<div class=\"e-con-inner\">\n\t\t<div class=\"elementor-element elementor-element-5111251 e-con-full e-flex e-con e-child\" data-id=\"5111251\" data-element_type=\"container\" data-e-type=\"container\">\n\t\t\t\t<div class=\"elementor-element elementor-element-1781ece elementor-widget elementor-widget-heading\" data-id=\"1781ece\" data-element_type=\"widget\" data-e-type=\"widget\" data-widget_type=\"heading.default\">\n\t\t\t\t<div class=\"elementor-widget-container\">\n\t\t\t\t\t<h2 class=\"elementor-heading-title elementor-size-default\">\u00bfQu\u00e9 es?<\/h2>\t\t\t\t<\/div>\n\t\t\t\t<\/div>\n\t\t\t\t<div class=\"elementor-element elementor-element-c3b17c5 elementor-widget elementor-widget-text-editor\" data-id=\"c3b17c5\" data-element_type=\"widget\" data-e-type=\"widget\" data-widget_type=\"text-editor.default\">\n\t\t\t\t<div class=\"elementor-widget-container\">\n\t\t\t\t\t\t\t\t\t<p>Nutriforte Mineral Green es una mezcla de minerales enriquecida con un \u00e1cido org\u00e1nico. Contiene ingredientes aceptados en granjas av\u00edcolas ecol\u00f3gicas* y ayuda a mantener la salud en general y la fertilidad de las gallinas ponedoras, lo que favorece una producci\u00f3n sostenible de huevos con un enfoque hacia m\u00e9todos naturales. <\/p><p>Durante los ciclos de producci\u00f3n, el estr\u00e9s o un descenso en la ingesta de alimento puede provocar deficiencias ocultas, lo que repercute en la salud general y en los resultados de la puesta de huevos. Al administrar Nutriforte Mineral Green a trav\u00e9s del agua de bebida, se mantiene el refuerzo de la salud en general y, por tanto, se reduce la necesidad de medicar. Esta mezcla favorece el fortalecimiento de los huesos y un sistema inmunitario sano en las gallinas j\u00f3venes. En gallinas ponedoras maduras tambi\u00e9n ayuda al desarrollo de una c\u00e1scara del huevo robusta y contribuye a periodos de puesta m\u00e1s prolongados, lo que optimiza la producci\u00f3n de huevos.   <\/p><p><em>*Este producto cumple con el Art\u00edculo 24 del Reglamento (UE) 2018\/848 y con los Art\u00edculos 3 y 4 y el Ap\u00e9ndice III del Reglamento UE2021\/1165. Compruebe siempre la legislaci\u00f3n local antes de aplicarlo. <\/em><\/p>\t\t\t\t\t\t\t\t<\/div>\n\t\t\t\t<\/div>\n\t\t\t\t<\/div>\n\t\t\t\t\t<\/div>\n\t\t\t\t<\/div>\n\t\t<div class=\"elementor-element elementor-element-92e1357 e-flex e-con-boxed e-con e-parent\" data-id=\"92e1357\" data-element_type=\"container\" data-e-type=\"container\">\n\t\t\t\t\t<div class=\"e-con-inner\">\n\t\t<div class=\"elementor-element elementor-element-822fe7b e-con-full e-flex e-con e-child\" data-id=\"822fe7b\" data-element_type=\"container\" data-e-type=\"container\">\n\t\t\t\t<div class=\"elementor-element elementor-element-4c6032b elementor-widget elementor-widget-heading\" data-id=\"4c6032b\" data-element_type=\"widget\" data-e-type=\"widget\" data-widget_type=\"heading.default\">\n\t\t\t\t<div class=\"elementor-widget-container\">\n\t\t\t\t\t<h3 class=\"elementor-heading-title elementor-size-default\">\u00bfCu\u00e1ndo se debe usar?<\/h3>\t\t\t\t<\/div>\n\t\t\t\t<\/div>\n\t\t\t\t<div class=\"elementor-element elementor-element-d87a8a2 elementor-widget elementor-widget-text-editor\" data-id=\"d87a8a2\" data-element_type=\"widget\" data-e-type=\"widget\" data-widget_type=\"text-editor.default\">\n\t\t\t\t<div class=\"elementor-widget-container\">\n\t\t\t\t\t\t\t\t\t<ul><li>Baja ingesta de alimento<\/li><li>Al inicio del periodo de puesta<\/li><li>En animales con menos vitalidad o lentos<\/li><li>Ante cambios en la dieta<\/li><li>Durante periodos de estr\u00e9s<\/li><\/ul>\t\t\t\t\t\t\t\t<\/div>\n\t\t\t\t<\/div>\n\t\t\t\t<\/div>\n\t\t<div class=\"elementor-element elementor-element-2372fac e-con-full e-flex e-con e-child\" data-id=\"2372fac\" data-element_type=\"container\" data-e-type=\"container\">\n\t\t\t\t<div class=\"elementor-element elementor-element-76a683e elementor-widget elementor-widget-heading\" data-id=\"76a683e\" data-element_type=\"widget\" data-e-type=\"widget\" data-widget_type=\"heading.default\">\n\t\t\t\t<div class=\"elementor-widget-container\">\n\t\t\t\t\t<h3 class=\"elementor-heading-title elementor-size-default\">Presentaciones disponibles<\/h3>\t\t\t\t<\/div>\n\t\t\t\t<\/div>\n\t\t\t\t<div class=\"elementor-element elementor-element-033648f elementor-icon-list--layout-traditional elementor-list-item-link-full_width elementor-widget elementor-widget-icon-list\" data-id=\"033648f\" data-element_type=\"widget\" data-e-type=\"widget\" data-widget_type=\"icon-list.default\">\n\t\t\t\t<div class=\"elementor-widget-container\">\n\t\t\t\t\t\t\t<ul class=\"elementor-icon-list-items\">\n\t\t\t\t\t\t\t<li class=\"elementor-icon-list-item\">\n\t\t\t\t\t\t\t\t\t\t\t<span class=\"elementor-icon-list-icon\">\n\t\t\t\t\t\t\t<i aria-hidden=\"true\" class=\"fas fa-check\"><\/i>\t\t\t\t\t\t<\/span>\n\t\t\t\t\t\t\t\t\t\t<span class=\"elementor-icon-list-text\">Lata de 22 kg<\/span>\n\t\t\t\t\t\t\t\t\t<\/li>\n\t\t\t\t\t\t\t\t<li class=\"elementor-icon-list-item\">\n\t\t\t\t\t\t\t\t\t\t\t<span class=\"elementor-icon-list-icon\">\n\t\t\t\t\t\t\t<i aria-hidden=\"true\" class=\"fas fa-check\"><\/i>\t\t\t\t\t\t<\/span>\n\t\t\t\t\t\t\t\t\t\t<span class=\"elementor-icon-list-text\">Bid\u00f3n de 225 kg<\/span>\n\t\t\t\t\t\t\t\t\t<\/li>\n\t\t\t\t\t\t\t\t<li class=\"elementor-icon-list-item\">\n\t\t\t\t\t\t\t\t\t\t\t<span class=\"elementor-icon-list-icon\">\n\t\t\t\t\t\t\t<i aria-hidden=\"true\" class=\"fas fa-check\"><\/i>\t\t\t\t\t\t<\/span>\n\t\t\t\t\t\t\t\t\t\t<span class=\"elementor-icon-list-text\">Dep\u00f3sito de 1200 kg<\/span>\n\t\t\t\t\t\t\t\t\t<\/li>\n\t\t\t\t\t\t<\/ul>\n\t\t\t\t\t\t<\/div>\n\t\t\t\t<\/div>\n\t\t\t\t<\/div>\n\t\t\t\t\t<\/div>\n\t\t\t\t<\/div>\n\t\t\t\t<\/div>\n\t\t","protected":false},"excerpt":{"rendered":"<p>Producto para el rendimiento Nutriforte Mineral Green Minerales en formato l\u00edquido para lograr pollos extra fuertes Efecto positivo sobre la fertilidad y la puesta Contribuye a fortalecer los huesos y al crecimiento Favorece la inmunidad y la digesti\u00f3n Los minerales y elementos traza en disoluci\u00f3n se absorben de manera eficaz Adecuado para usarse en ganader\u00eda [&hellip;]<\/p>\n","protected":false},"author":21,"featured_media":0,"parent":27731,"menu_order":0,"comment_status":"closed","ping_status":"closed","template":"","meta":{"footnotes":""},"class_list":["post-31911","page","type-page","status-publish","hentry"],"yoast_head":"<!-- This site is optimized with the Yoast SEO plugin v27.2 - https:\/\/yoast.com\/product\/yoast-seo-wordpress\/ -->\n<title>Nutriforte Mineral Green - Kanters<\/title>\n<meta name=\"description\" content=\"Nutriforte Mineral Green, aprobado para usarse en granjas ecol\u00f3gicas, suplementa a las gallinas ponedoras con minerales esenciales a trav\u00e9s del agua para beber.\" \/>\n<meta name=\"robots\" content=\"index, follow, max-snippet:-1, max-image-preview:large, max-video-preview:-1\" \/>\n<link rel=\"canonical\" href=\"https:\/\/www.kantersanimalhealth.com\/es\/aves-de-corral\/rendimiento-3\/nutriforte-mineral-green\/\" \/>\n<meta property=\"og:locale\" content=\"es_ES\" \/>\n<meta property=\"og:type\" content=\"article\" \/>\n<meta property=\"og:title\" content=\"Nutriforte Mineral Green - Kanters\" \/>\n<meta property=\"og:description\" content=\"Nutriforte Mineral Green, aprobado para usarse en granjas ecol\u00f3gicas, suplementa a las gallinas ponedoras con minerales esenciales a trav\u00e9s del agua para beber.\" \/>\n<meta property=\"og:url\" content=\"https:\/\/www.kantersanimalhealth.com\/es\/aves-de-corral\/rendimiento-3\/nutriforte-mineral-green\/\" \/>\n<meta property=\"og:site_name\" content=\"Kanters\" \/>\n<meta property=\"article:publisher\" content=\"https:\/\/www.facebook.com\/FlavourFamily\" \/>\n<meta property=\"article:modified_time\" content=\"2026-02-12T20:12:57+00:00\" \/>\n<meta property=\"og:image\" content=\"https:\/\/www.kantersanimalhealth.com\/wp-content\/uploads\/2025\/09\/Packshot_Nutriforte-Mineral-Green-22kg-web-e1758531852754.png\" \/>\n\t<meta property=\"og:image:width\" content=\"700\" \/>\n\t<meta property=\"og:image:height\" content=\"700\" \/>\n\t<meta property=\"og:image:type\" content=\"image\/png\" \/>\n<meta name=\"twitter:card\" content=\"summary_large_image\" \/>\n<meta name=\"twitter:label1\" content=\"Tiempo de lectura\" \/>\n\t<meta name=\"twitter:data1\" content=\"2 minutos\" \/>\n<script type=\"application\/ld+json\" class=\"yoast-schema-graph\">{\"@context\":\"https:\/\/schema.org\",\"@graph\":[{\"@type\":\"WebPage\",\"@id\":\"https:\/\/www.kantersanimalhealth.com\/es\/aves-de-corral\/rendimiento-3\/nutriforte-mineral-green\/\",\"url\":\"https:\/\/www.kantersanimalhealth.com\/es\/aves-de-corral\/rendimiento-3\/nutriforte-mineral-green\/\",\"name\":\"Nutriforte Mineral Green - Kanters\",\"isPartOf\":{\"@id\":\"https:\/\/www.kantersanimalhealth.com\/es\/#website\"},\"primaryImageOfPage\":{\"@id\":\"https:\/\/www.kantersanimalhealth.com\/es\/aves-de-corral\/rendimiento-3\/nutriforte-mineral-green\/#primaryimage\"},\"image\":{\"@id\":\"https:\/\/www.kantersanimalhealth.com\/es\/aves-de-corral\/rendimiento-3\/nutriforte-mineral-green\/#primaryimage\"},\"thumbnailUrl\":\"https:\/\/www.kantersanimalhealth.com\/wp-content\/uploads\/2025\/09\/Packshot_Nutriforte-Mineral-Green-22kg-web-e1758531852754.png\",\"datePublished\":\"2026-02-12T20:12:50+00:00\",\"dateModified\":\"2026-02-12T20:12:57+00:00\",\"description\":\"Nutriforte Mineral Green, aprobado para usarse en granjas ecol\u00f3gicas, suplementa a las gallinas ponedoras con minerales esenciales a trav\u00e9s del agua para beber.\",\"breadcrumb\":{\"@id\":\"https:\/\/www.kantersanimalhealth.com\/es\/aves-de-corral\/rendimiento-3\/nutriforte-mineral-green\/#breadcrumb\"},\"inLanguage\":\"es\",\"potentialAction\":[{\"@type\":\"ReadAction\",\"target\":[\"https:\/\/www.kantersanimalhealth.com\/es\/aves-de-corral\/rendimiento-3\/nutriforte-mineral-green\/\"]}]},{\"@type\":\"ImageObject\",\"inLanguage\":\"es\",\"@id\":\"https:\/\/www.kantersanimalhealth.com\/es\/aves-de-corral\/rendimiento-3\/nutriforte-mineral-green\/#primaryimage\",\"url\":\"https:\/\/www.kantersanimalhealth.com\/wp-content\/uploads\/2025\/09\/Packshot_Nutriforte-Mineral-Green-22kg-web-e1758531852754.png\",\"contentUrl\":\"https:\/\/www.kantersanimalhealth.com\/wp-content\/uploads\/2025\/09\/Packshot_Nutriforte-Mineral-Green-22kg-web-e1758531852754.png\"},{\"@type\":\"BreadcrumbList\",\"@id\":\"https:\/\/www.kantersanimalhealth.com\/es\/aves-de-corral\/rendimiento-3\/nutriforte-mineral-green\/#breadcrumb\",\"itemListElement\":[{\"@type\":\"ListItem\",\"position\":1,\"name\":\"Home\",\"item\":\"https:\/\/www.kantersanimalhealth.com\/es\/\"},{\"@type\":\"ListItem\",\"position\":2,\"name\":\"Aves de corral\",\"item\":\"https:\/\/www.kantersanimalhealth.com\/es\/aves-de-corral\/\"},{\"@type\":\"ListItem\",\"position\":3,\"name\":\"Rendimiento\",\"item\":\"https:\/\/www.kantersanimalhealth.com\/es\/aves-de-corral\/rendimiento-3\/\"},{\"@type\":\"ListItem\",\"position\":4,\"name\":\"Nutriforte Mineral Green\"}]},{\"@type\":\"WebSite\",\"@id\":\"https:\/\/www.kantersanimalhealth.com\/es\/#website\",\"url\":\"https:\/\/www.kantersanimalhealth.com\/es\/\",\"name\":\"Kanters\",\"description\":\"Special Products B.V.\",\"publisher\":{\"@id\":\"https:\/\/www.kantersanimalhealth.com\/es\/#organization\"},\"potentialAction\":[{\"@type\":\"SearchAction\",\"target\":{\"@type\":\"EntryPoint\",\"urlTemplate\":\"https:\/\/www.kantersanimalhealth.com\/es\/?s={search_term_string}\"},\"query-input\":{\"@type\":\"PropertyValueSpecification\",\"valueRequired\":true,\"valueName\":\"search_term_string\"}}],\"inLanguage\":\"es\"},{\"@type\":\"Organization\",\"@id\":\"https:\/\/www.kantersanimalhealth.com\/es\/#organization\",\"name\":\"Flavour Family\",\"url\":\"https:\/\/www.kantersanimalhealth.com\/es\/\",\"logo\":{\"@type\":\"ImageObject\",\"inLanguage\":\"es\",\"@id\":\"https:\/\/www.kantersanimalhealth.com\/es\/#\/schema\/logo\/image\/\",\"url\":\"\",\"contentUrl\":\"\",\"caption\":\"Flavour Family\"},\"image\":{\"@id\":\"https:\/\/www.kantersanimalhealth.com\/es\/#\/schema\/logo\/image\/\"},\"sameAs\":[\"https:\/\/www.facebook.com\/FlavourFamily\"]}]}<\/script>\n<!-- \/ Yoast SEO plugin. -->","yoast_head_json":{"title":"Nutriforte Mineral Green - Kanters","description":"Nutriforte Mineral Green, aprobado para usarse en granjas ecol\u00f3gicas, suplementa a las gallinas ponedoras con minerales esenciales a trav\u00e9s del agua para beber.","robots":{"index":"index","follow":"follow","max-snippet":"max-snippet:-1","max-image-preview":"max-image-preview:large","max-video-preview":"max-video-preview:-1"},"canonical":"https:\/\/www.kantersanimalhealth.com\/es\/aves-de-corral\/rendimiento-3\/nutriforte-mineral-green\/","og_locale":"es_ES","og_type":"article","og_title":"Nutriforte Mineral Green - Kanters","og_description":"Nutriforte Mineral Green, aprobado para usarse en granjas ecol\u00f3gicas, suplementa a las gallinas ponedoras con minerales esenciales a trav\u00e9s del agua para beber.","og_url":"https:\/\/www.kantersanimalhealth.com\/es\/aves-de-corral\/rendimiento-3\/nutriforte-mineral-green\/","og_site_name":"Kanters","article_publisher":"https:\/\/www.facebook.com\/FlavourFamily","article_modified_time":"2026-02-12T20:12:57+00:00","og_image":[{"width":700,"height":700,"url":"https:\/\/www.kantersanimalhealth.com\/wp-content\/uploads\/2025\/09\/Packshot_Nutriforte-Mineral-Green-22kg-web-e1758531852754.png","type":"image\/png"}],"twitter_card":"summary_large_image","twitter_misc":{"Tiempo de lectura":"2 minutos"},"schema":{"@context":"https:\/\/schema.org","@graph":[{"@type":"WebPage","@id":"https:\/\/www.kantersanimalhealth.com\/es\/aves-de-corral\/rendimiento-3\/nutriforte-mineral-green\/","url":"https:\/\/www.kantersanimalhealth.com\/es\/aves-de-corral\/rendimiento-3\/nutriforte-mineral-green\/","name":"Nutriforte Mineral Green - Kanters","isPartOf":{"@id":"https:\/\/www.kantersanimalhealth.com\/es\/#website"},"primaryImageOfPage":{"@id":"https:\/\/www.kantersanimalhealth.com\/es\/aves-de-corral\/rendimiento-3\/nutriforte-mineral-green\/#primaryimage"},"image":{"@id":"https:\/\/www.kantersanimalhealth.com\/es\/aves-de-corral\/rendimiento-3\/nutriforte-mineral-green\/#primaryimage"},"thumbnailUrl":"https:\/\/www.kantersanimalhealth.com\/wp-content\/uploads\/2025\/09\/Packshot_Nutriforte-Mineral-Green-22kg-web-e1758531852754.png","datePublished":"2026-02-12T20:12:50+00:00","dateModified":"2026-02-12T20:12:57+00:00","description":"Nutriforte Mineral Green, aprobado para usarse en granjas ecol\u00f3gicas, suplementa a las gallinas ponedoras con minerales esenciales a trav\u00e9s del agua para beber.","breadcrumb":{"@id":"https:\/\/www.kantersanimalhealth.com\/es\/aves-de-corral\/rendimiento-3\/nutriforte-mineral-green\/#breadcrumb"},"inLanguage":"es","potentialAction":[{"@type":"ReadAction","target":["https:\/\/www.kantersanimalhealth.com\/es\/aves-de-corral\/rendimiento-3\/nutriforte-mineral-green\/"]}]},{"@type":"ImageObject","inLanguage":"es","@id":"https:\/\/www.kantersanimalhealth.com\/es\/aves-de-corral\/rendimiento-3\/nutriforte-mineral-green\/#primaryimage","url":"https:\/\/www.kantersanimalhealth.com\/wp-content\/uploads\/2025\/09\/Packshot_Nutriforte-Mineral-Green-22kg-web-e1758531852754.png","contentUrl":"https:\/\/www.kantersanimalhealth.com\/wp-content\/uploads\/2025\/09\/Packshot_Nutriforte-Mineral-Green-22kg-web-e1758531852754.png"},{"@type":"BreadcrumbList","@id":"https:\/\/www.kantersanimalhealth.com\/es\/aves-de-corral\/rendimiento-3\/nutriforte-mineral-green\/#breadcrumb","itemListElement":[{"@type":"ListItem","position":1,"name":"Home","item":"https:\/\/www.kantersanimalhealth.com\/es\/"},{"@type":"ListItem","position":2,"name":"Aves de corral","item":"https:\/\/www.kantersanimalhealth.com\/es\/aves-de-corral\/"},{"@type":"ListItem","position":3,"name":"Rendimiento","item":"https:\/\/www.kantersanimalhealth.com\/es\/aves-de-corral\/rendimiento-3\/"},{"@type":"ListItem","position":4,"name":"Nutriforte Mineral Green"}]},{"@type":"WebSite","@id":"https:\/\/www.kantersanimalhealth.com\/es\/#website","url":"https:\/\/www.kantersanimalhealth.com\/es\/","name":"Kanters","description":"Special Products B.V.","publisher":{"@id":"https:\/\/www.kantersanimalhealth.com\/es\/#organization"},"potentialAction":[{"@type":"SearchAction","target":{"@type":"EntryPoint","urlTemplate":"https:\/\/www.kantersanimalhealth.com\/es\/?s={search_term_string}"},"query-input":{"@type":"PropertyValueSpecification","valueRequired":true,"valueName":"search_term_string"}}],"inLanguage":"es"},{"@type":"Organization","@id":"https:\/\/www.kantersanimalhealth.com\/es\/#organization","name":"Flavour Family","url":"https:\/\/www.kantersanimalhealth.com\/es\/","logo":{"@type":"ImageObject","inLanguage":"es","@id":"https:\/\/www.kantersanimalhealth.com\/es\/#\/schema\/logo\/image\/","url":"","contentUrl":"","caption":"Flavour Family"},"image":{"@id":"https:\/\/www.kantersanimalhealth.com\/es\/#\/schema\/logo\/image\/"},"sameAs":["https:\/\/www.facebook.com\/FlavourFamily"]}]}},"_links":{"self":[{"href":"https:\/\/www.kantersanimalhealth.com\/es\/wp-json\/wp\/v2\/pages\/31911","targetHints":{"allow":["GET"]}}],"collection":[{"href":"https:\/\/www.kantersanimalhealth.com\/es\/wp-json\/wp\/v2\/pages"}],"about":[{"href":"https:\/\/www.kantersanimalhealth.com\/es\/wp-json\/wp\/v2\/types\/page"}],"author":[{"embeddable":true,"href":"https:\/\/www.kantersanimalhealth.com\/es\/wp-json\/wp\/v2\/users\/21"}],"replies":[{"embeddable":true,"href":"https:\/\/www.kantersanimalhealth.com\/es\/wp-json\/wp\/v2\/comments?post=31911"}],"version-history":[{"count":1,"href":"https:\/\/www.kantersanimalhealth.com\/es\/wp-json\/wp\/v2\/pages\/31911\/revisions"}],"predecessor-version":[{"id":31912,"href":"https:\/\/www.kantersanimalhealth.com\/es\/wp-json\/wp\/v2\/pages\/31911\/revisions\/31912"}],"up":[{"embeddable":true,"href":"https:\/\/www.kantersanimalhealth.com\/es\/wp-json\/wp\/v2\/pages\/27731"}],"wp:attachment":[{"href":"https:\/\/www.kantersanimalhealth.com\/es\/wp-json\/wp\/v2\/media?parent=31911"}],"curies":[{"name":"wp","href":"https:\/\/api.w.org\/{rel}","templated":true}]}}