{"id":27759,"date":"2025-06-20T08:56:26","date_gmt":"2025-06-20T07:56:26","guid":{"rendered":"https:\/\/www.kantersanimalhealth.com\/terminos-de-las-condiciones\/"},"modified":"2025-07-27T18:54:32","modified_gmt":"2025-07-27T17:54:32","slug":"terminos-de-las-condiciones","status":"publish","type":"page","link":"https:\/\/www.kantersanimalhealth.com\/es\/terminos-de-las-condiciones\/","title":{"rendered":"T\u00e9rminos de las condiciones"},"content":{"rendered":"\t\t<div data-elementor-type=\"wp-page\" data-elementor-id=\"27759\" class=\"elementor elementor-27759 elementor-7163\" data-elementor-post-type=\"page\">\n\t\t\t\t\t\t<section class=\"elementor-section elementor-top-section elementor-element elementor-element-e197cdb elementor-section-boxed elementor-section-height-default elementor-section-height-default\" data-id=\"e197cdb\" data-element_type=\"section\" data-e-type=\"section\" data-settings=\"{&quot;background_background&quot;:&quot;classic&quot;}\">\n\t\t\t\t\t\t\t<div class=\"elementor-background-overlay\"><\/div>\n\t\t\t\t\t\t\t<div class=\"elementor-container elementor-column-gap-default\">\n\t\t\t\t\t<div class=\"elementor-column elementor-col-100 elementor-top-column elementor-element elementor-element-ca3a099\" data-id=\"ca3a099\" data-element_type=\"column\" data-e-type=\"column\">\n\t\t\t<div class=\"elementor-widget-wrap\">\n\t\t\t\t\t\t\t<\/div>\n\t\t<\/div>\n\t\t\t\t\t<\/div>\n\t\t<\/section>\n\t\t\t\t<section class=\"elementor-section elementor-top-section elementor-element elementor-element-8a697e1 elementor-section-boxed elementor-section-height-default elementor-section-height-default\" data-id=\"8a697e1\" data-element_type=\"section\" data-e-type=\"section\" data-settings=\"{&quot;background_background&quot;:&quot;gradient&quot;}\">\n\t\t\t\t\t\t<div class=\"elementor-container elementor-column-gap-default\">\n\t\t\t\t\t<div class=\"elementor-column elementor-col-50 elementor-top-column elementor-element elementor-element-90b9fcc\" data-id=\"90b9fcc\" data-element_type=\"column\" data-e-type=\"column\">\n\t\t\t<div class=\"elementor-widget-wrap elementor-element-populated\">\n\t\t\t\t\t\t<div class=\"elementor-element elementor-element-ae3d870 elementor-widget elementor-widget-heading\" data-id=\"ae3d870\" data-element_type=\"widget\" data-e-type=\"widget\" data-widget_type=\"heading.default\">\n\t\t\t\t<div class=\"elementor-widget-container\">\n\t\t\t\t\t<h1 class=\"elementor-heading-title elementor-size-default\">T\u00e9rminos de las condiciones<\/h1>\t\t\t\t<\/div>\n\t\t\t\t<\/div>\n\t\t\t\t<div class=\"elementor-element elementor-element-c5d549b elementor-widget elementor-widget-text-editor\" data-id=\"c5d549b\" data-element_type=\"widget\" data-e-type=\"widget\" data-widget_type=\"text-editor.default\">\n\t\t\t\t<div class=\"elementor-widget-container\">\n\t\t\t\t\t\t\t\t\t<p>1. Estos t\u00e9rminos y condiciones se aplican a todas nuestras ofertas, presupuestos, actividades de trabajo, env\u00edos, compromisos y acuerdos que concluya usted con nosotros. La aplicabilidad de sus propios t\u00e9rminos y condiciones de usted queda por tanto expresamente rechazada. <\/p><p>2. Nuestros presupuestos son sin compromiso y resultan v\u00e1lidos durante catorce (14) d\u00edas si no se especifica ning\u00fan otro periodo. Los pedidos se cumplimentar\u00e1n de conformidad con las listas de precios correspondientes al d\u00eda del pedido. <\/p><p>3. Las fechas de entrega son solamente indicativas. Solo tendr\u00e1 derecho a reclamar una compensaci\u00f3n y\/o terminaci\u00f3n del acuerdo si nos ha facilitado un periodo razonable, conforme a las circunstancias, para terminar de cumplir nuestra obligaci\u00f3n de entrega y aun as\u00ed hubi\u00e9ramos excedido este periodo. Los costes de transporte correr\u00e1n de su cuenta a no ser que lo hayamos acordado de otra manera. El riesgo de los bienes a entregar se transferir\u00e1 a usted en la carga (con entrega FCA [Franco Porteador]) o descarga de los art\u00edculos en la direcci\u00f3n de entrega. Est\u00e1 usted obligado a aceptar los bienes que le hemos proporcionado tras su adquisici\u00f3n.    <\/p><p>4. A no ser que lo hayamos acordado con usted de otra manera, los pagos se realizar\u00e1n en los treinta (30) d\u00edas posteriores a la fecha de la factura, sin ning\u00fan descuento ni ajuste en el precio. En caso de retraso en el pago, cobraremos los costes de recogida y el inter\u00e9s comercial reglamentario. Los costes en los que se haya incurrido por la recogida as\u00ed como los costes legales y de asistencia jur\u00eddica correr\u00e1n en su totalidad por cuenta de usted. Los costes extrajudiciales se determinar\u00e1n seg\u00fan el Decreto de Gastos de Recobro Extrajudicial (Besluit vergoeding voor buitengerechtelijke incassokosten), siendo estos un m\u00ednimo de 250 \u20ac, IVA no incluido.   <\/p><p>5. La entrega tendr\u00e1 lugar bajo retenci\u00f3n de nuestra titularidad. Todos los bienes entregados o por entregar por nuestra parte seguir\u00e1n siendo de nuestra propiedad hasta que haya usted satisfecho todas sus obligaciones para con nosotros, lo que incluye las entregas presentes, pasadas y siguientes, as\u00ed como cualquier reclamaci\u00f3n que hayamos hecho en contra de usted por no haber usted satisfecho sus obligaciones, demandas de compensaci\u00f3n y por el reembolso de gastos e intereses judiciales y extrajudiciales para con nosotros. <\/p><p>6. Las reclamaciones pueden presentarse por escrito hasta catorce (14) d\u00edas desde la entrega, indicando la naturaleza y motivos de la reclamaci\u00f3n o reclamaciones y el n\u00famero y fecha de la factura correspondiente. La presentaci\u00f3n de una reclamaci\u00f3n no le exime de cumplir con sus obligaciones de pago. No procesaremos ninguna reclamaci\u00f3n que se haya presentado fuera de plazo.  <\/p><p>7. No aceptaremos bajo ninguna circunstancia productos cuyo precinto se haya roto o que hayan caducado.<\/p><p>8. En caso de entrega a portes pagados, los costes del seguro correr\u00e1n por nuestra cuenta. No obstante, nuestra responsabilidad se limita al valor m\u00e1ximo de la factura ya cobrada o a cobrar por nuestra parte, a menos que la aseguradora nos pague una cantidad superior en da\u00f1os. En tal caso, nuestra responsabilidad se limitar\u00e1 al pago que recibamos de la aseguradora m\u00e1s el deducible, de donde el deducible a pagar, una vez m\u00e1s, se limitar\u00e1 a la cantidad m\u00e1xima del valor de la factura ya cobrada o a cobrar por nuestra parte. El seguro a realizar cubrir\u00e1 riesgos de transporte normales, la cobertura no se extiende a riesgos extraordinarios y\/o a riesgos de guerra. No asumiremos ninguna responsabilidad adicional.    <\/p><p>9. Nosotros, nuestros empleados y cualquier tercero que colabore con nosotros no nos hacemos responsables de ning\u00fan perjuicio que usted sufra con relaci\u00f3n a cualquier acuerdo o entrega, a menos que dichos perjuicios sean el resultado directo de una acci\u00f3n intencional o una imprudencia deliberada por nuestra parte. Esto tambi\u00e9n se aplica a la entrega de bienes, los propios bienes entregados o el uso de los mismos, las propiedades o calidad de los bienes vendidos y\/o suministrados o de cualquier actividad de trabajo, servicios o asesoramiento proporcionados por nosotros o en nuestro nombre, lo que tambi\u00e9n incluye perjuicios causados por la ejecuci\u00f3n inadecuada de reparaciones o por el incumplimiento de obligaciones de compra. Bajo ninguna circunstancia nos haremos responsables de los perjuicios directos o indirectos que supongan la p\u00e9rdida de ventas o de reputaci\u00f3n, perjuicios por inactividad, p\u00e9rdida de ingresos, beneficios perdidos ni ning\u00fan otro perjuicio indirecto. Los da\u00f1os que no se descubran y notifiquen en los catorce (14) d\u00edas desde la entrega del producto no tendr\u00e1n derecho a compensaci\u00f3n. Nuestra responsabilidad total hacia usted est\u00e1 limitada al monto de la factura correspondiente a la entrega en cuesti\u00f3n.     <\/p><p>10. Los casos de fuerza mayor tambi\u00e9n incluir\u00e1n la falta de rendimiento y\/o fuerza mayor por parte de nuestros proveedores. En caso de fuerza mayor por nuestra parte, nos reservamos el derecho de anular el acuerdo, en cuanto a lo cual deberemos expresar nuestra opini\u00f3n al respecto en los catorce (14) d\u00edas desde que tuvo lugar el caso de fuerza mayor. <\/p><p>11. El procesamiento de los datos personales est\u00e1 sujeto a nuestras condiciones de privacidad. Estas est\u00e1n disponibles en nuestro sitio web ( <strong>www. kantersanimalhealth.com\/ <\/strong><span style=\"background-color: transparent;\"><b>privacystatement<\/b><\/span><span style=\"color: var( --e-global-color-e04a36d ); background-color: transparent;\">).<\/span><\/p><p>12. Todas las ofertas, presupuestos, actividades de trabajo, compromisos y acuerdos a los que se apliquen estas condiciones estar\u00e1n sujetos a la ley de Pa\u00edses Bajos. Cualquier disputa, en tanto las provisiones legales lo permitan, ser\u00e1 remitida a nuestra discreci\u00f3n para que lo juzgue el tribunal competente en el distrito de East Brabant. <\/p><p>13. Nos reservamos el derecho de modificar estos t\u00e9rminos y condiciones. Consideraremos que ha aceptado cualquier modificaci\u00f3n relevante si no hemos recibido ninguna objeci\u00f3n por escrito desde los catorce (14) d\u00edas desde que haya tenido lugar nuestra notificaci\u00f3n por escrito sobre las modificaciones. <\/p>\t\t\t\t\t\t\t\t<\/div>\n\t\t\t\t<\/div>\n\t\t\t\t\t<\/div>\n\t\t<\/div>\n\t\t\t\t<div class=\"elementor-column elementor-col-50 elementor-top-column elementor-element elementor-element-79016e5 elementor-hidden-tablet elementor-hidden-mobile\" data-id=\"79016e5\" data-element_type=\"column\" data-e-type=\"column\">\n\t\t\t<div class=\"elementor-widget-wrap\">\n\t\t\t\t\t\t\t<\/div>\n\t\t<\/div>\n\t\t\t\t\t<\/div>\n\t\t<\/section>\n\t\t\t\t<\/div>\n\t\t","protected":false},"excerpt":{"rendered":"<p>1. Estos t\u00e9rminos y condiciones se aplican a todas nuestras ofertas, presupuestos, actividades de trabajo, env\u00edos, compromisos y acuerdos que concluya usted con nosotros. La aplicabilidad de sus propios t\u00e9rminos y condiciones de usted queda por tanto expresamente rechazada. 2. Nuestros presupuestos son sin compromiso y resultan v\u00e1lidos durante catorce (14) d\u00edas si no se [&hellip;]<\/p>\n","protected":false},"author":3,"featured_media":0,"parent":0,"menu_order":11,"comment_status":"closed","ping_status":"closed","template":"","meta":{"footnotes":""},"class_list":["post-27759","page","type-page","status-publish","hentry"],"yoast_head":"<!-- This site is optimized with the Yoast SEO plugin v27.2 - https:\/\/yoast.com\/product\/yoast-seo-wordpress\/ -->\n<title>T\u00e9rminos de las condiciones - Kanters<\/title>\n<meta name=\"robots\" content=\"index, follow, max-snippet:-1, max-image-preview:large, max-video-preview:-1\" \/>\n<link rel=\"canonical\" href=\"https:\/\/www.kantersanimalhealth.com\/es\/terminos-de-las-condiciones\/\" \/>\n<meta property=\"og:locale\" content=\"es_ES\" \/>\n<meta property=\"og:type\" content=\"article\" \/>\n<meta property=\"og:title\" content=\"T\u00e9rminos de las condiciones - Kanters\" \/>\n<meta property=\"og:description\" content=\"1. Estos t\u00e9rminos y condiciones se aplican a todas nuestras ofertas, presupuestos, actividades de trabajo, env\u00edos, compromisos y acuerdos que concluya usted con nosotros. La aplicabilidad de sus propios t\u00e9rminos y condiciones de usted queda por tanto expresamente rechazada. 2. Nuestros presupuestos son sin compromiso y resultan v\u00e1lidos durante catorce (14) d\u00edas si no se [&hellip;]\" \/>\n<meta property=\"og:url\" content=\"https:\/\/www.kantersanimalhealth.com\/es\/terminos-de-las-condiciones\/\" \/>\n<meta property=\"og:site_name\" content=\"Kanters\" \/>\n<meta property=\"article:publisher\" content=\"https:\/\/www.facebook.com\/FlavourFamily\" \/>\n<meta property=\"article:modified_time\" content=\"2025-07-27T17:54:32+00:00\" \/>\n<meta name=\"twitter:card\" content=\"summary_large_image\" \/>\n<meta name=\"twitter:label1\" content=\"Tiempo de lectura\" \/>\n\t<meta name=\"twitter:data1\" content=\"5 minutos\" \/>\n<script type=\"application\/ld+json\" class=\"yoast-schema-graph\">{\"@context\":\"https:\/\/schema.org\",\"@graph\":[{\"@type\":\"WebPage\",\"@id\":\"https:\/\/www.kantersanimalhealth.com\/es\/terminos-de-las-condiciones\/\",\"url\":\"https:\/\/www.kantersanimalhealth.com\/es\/terminos-de-las-condiciones\/\",\"name\":\"T\u00e9rminos de las condiciones - Kanters\",\"isPartOf\":{\"@id\":\"https:\/\/www.kantersanimalhealth.com\/es\/#website\"},\"datePublished\":\"2025-06-20T07:56:26+00:00\",\"dateModified\":\"2025-07-27T17:54:32+00:00\",\"breadcrumb\":{\"@id\":\"https:\/\/www.kantersanimalhealth.com\/es\/terminos-de-las-condiciones\/#breadcrumb\"},\"inLanguage\":\"es\",\"potentialAction\":[{\"@type\":\"ReadAction\",\"target\":[\"https:\/\/www.kantersanimalhealth.com\/es\/terminos-de-las-condiciones\/\"]}]},{\"@type\":\"BreadcrumbList\",\"@id\":\"https:\/\/www.kantersanimalhealth.com\/es\/terminos-de-las-condiciones\/#breadcrumb\",\"itemListElement\":[{\"@type\":\"ListItem\",\"position\":1,\"name\":\"Home\",\"item\":\"https:\/\/www.kantersanimalhealth.com\/es\/\"},{\"@type\":\"ListItem\",\"position\":2,\"name\":\"T\u00e9rminos de las condiciones\"}]},{\"@type\":\"WebSite\",\"@id\":\"https:\/\/www.kantersanimalhealth.com\/es\/#website\",\"url\":\"https:\/\/www.kantersanimalhealth.com\/es\/\",\"name\":\"Kanters\",\"description\":\"Special Products B.V.\",\"publisher\":{\"@id\":\"https:\/\/www.kantersanimalhealth.com\/es\/#organization\"},\"potentialAction\":[{\"@type\":\"SearchAction\",\"target\":{\"@type\":\"EntryPoint\",\"urlTemplate\":\"https:\/\/www.kantersanimalhealth.com\/es\/?s={search_term_string}\"},\"query-input\":{\"@type\":\"PropertyValueSpecification\",\"valueRequired\":true,\"valueName\":\"search_term_string\"}}],\"inLanguage\":\"es\"},{\"@type\":\"Organization\",\"@id\":\"https:\/\/www.kantersanimalhealth.com\/es\/#organization\",\"name\":\"Flavour Family\",\"url\":\"https:\/\/www.kantersanimalhealth.com\/es\/\",\"logo\":{\"@type\":\"ImageObject\",\"inLanguage\":\"es\",\"@id\":\"https:\/\/www.kantersanimalhealth.com\/es\/#\/schema\/logo\/image\/\",\"url\":\"\",\"contentUrl\":\"\",\"caption\":\"Flavour Family\"},\"image\":{\"@id\":\"https:\/\/www.kantersanimalhealth.com\/es\/#\/schema\/logo\/image\/\"},\"sameAs\":[\"https:\/\/www.facebook.com\/FlavourFamily\"]}]}<\/script>\n<!-- \/ Yoast SEO plugin. -->","yoast_head_json":{"title":"T\u00e9rminos de las condiciones - Kanters","robots":{"index":"index","follow":"follow","max-snippet":"max-snippet:-1","max-image-preview":"max-image-preview:large","max-video-preview":"max-video-preview:-1"},"canonical":"https:\/\/www.kantersanimalhealth.com\/es\/terminos-de-las-condiciones\/","og_locale":"es_ES","og_type":"article","og_title":"T\u00e9rminos de las condiciones - Kanters","og_description":"1. Estos t\u00e9rminos y condiciones se aplican a todas nuestras ofertas, presupuestos, actividades de trabajo, env\u00edos, compromisos y acuerdos que concluya usted con nosotros. La aplicabilidad de sus propios t\u00e9rminos y condiciones de usted queda por tanto expresamente rechazada. 2. Nuestros presupuestos son sin compromiso y resultan v\u00e1lidos durante catorce (14) d\u00edas si no se [&hellip;]","og_url":"https:\/\/www.kantersanimalhealth.com\/es\/terminos-de-las-condiciones\/","og_site_name":"Kanters","article_publisher":"https:\/\/www.facebook.com\/FlavourFamily","article_modified_time":"2025-07-27T17:54:32+00:00","twitter_card":"summary_large_image","twitter_misc":{"Tiempo de lectura":"5 minutos"},"schema":{"@context":"https:\/\/schema.org","@graph":[{"@type":"WebPage","@id":"https:\/\/www.kantersanimalhealth.com\/es\/terminos-de-las-condiciones\/","url":"https:\/\/www.kantersanimalhealth.com\/es\/terminos-de-las-condiciones\/","name":"T\u00e9rminos de las condiciones - Kanters","isPartOf":{"@id":"https:\/\/www.kantersanimalhealth.com\/es\/#website"},"datePublished":"2025-06-20T07:56:26+00:00","dateModified":"2025-07-27T17:54:32+00:00","breadcrumb":{"@id":"https:\/\/www.kantersanimalhealth.com\/es\/terminos-de-las-condiciones\/#breadcrumb"},"inLanguage":"es","potentialAction":[{"@type":"ReadAction","target":["https:\/\/www.kantersanimalhealth.com\/es\/terminos-de-las-condiciones\/"]}]},{"@type":"BreadcrumbList","@id":"https:\/\/www.kantersanimalhealth.com\/es\/terminos-de-las-condiciones\/#breadcrumb","itemListElement":[{"@type":"ListItem","position":1,"name":"Home","item":"https:\/\/www.kantersanimalhealth.com\/es\/"},{"@type":"ListItem","position":2,"name":"T\u00e9rminos de las condiciones"}]},{"@type":"WebSite","@id":"https:\/\/www.kantersanimalhealth.com\/es\/#website","url":"https:\/\/www.kantersanimalhealth.com\/es\/","name":"Kanters","description":"Special Products B.V.","publisher":{"@id":"https:\/\/www.kantersanimalhealth.com\/es\/#organization"},"potentialAction":[{"@type":"SearchAction","target":{"@type":"EntryPoint","urlTemplate":"https:\/\/www.kantersanimalhealth.com\/es\/?s={search_term_string}"},"query-input":{"@type":"PropertyValueSpecification","valueRequired":true,"valueName":"search_term_string"}}],"inLanguage":"es"},{"@type":"Organization","@id":"https:\/\/www.kantersanimalhealth.com\/es\/#organization","name":"Flavour Family","url":"https:\/\/www.kantersanimalhealth.com\/es\/","logo":{"@type":"ImageObject","inLanguage":"es","@id":"https:\/\/www.kantersanimalhealth.com\/es\/#\/schema\/logo\/image\/","url":"","contentUrl":"","caption":"Flavour Family"},"image":{"@id":"https:\/\/www.kantersanimalhealth.com\/es\/#\/schema\/logo\/image\/"},"sameAs":["https:\/\/www.facebook.com\/FlavourFamily"]}]}},"_links":{"self":[{"href":"https:\/\/www.kantersanimalhealth.com\/es\/wp-json\/wp\/v2\/pages\/27759","targetHints":{"allow":["GET"]}}],"collection":[{"href":"https:\/\/www.kantersanimalhealth.com\/es\/wp-json\/wp\/v2\/pages"}],"about":[{"href":"https:\/\/www.kantersanimalhealth.com\/es\/wp-json\/wp\/v2\/types\/page"}],"author":[{"embeddable":true,"href":"https:\/\/www.kantersanimalhealth.com\/es\/wp-json\/wp\/v2\/users\/3"}],"replies":[{"embeddable":true,"href":"https:\/\/www.kantersanimalhealth.com\/es\/wp-json\/wp\/v2\/comments?post=27759"}],"version-history":[{"count":4,"href":"https:\/\/www.kantersanimalhealth.com\/es\/wp-json\/wp\/v2\/pages\/27759\/revisions"}],"predecessor-version":[{"id":28973,"href":"https:\/\/www.kantersanimalhealth.com\/es\/wp-json\/wp\/v2\/pages\/27759\/revisions\/28973"}],"wp:attachment":[{"href":"https:\/\/www.kantersanimalhealth.com\/es\/wp-json\/wp\/v2\/media?parent=27759"}],"curies":[{"name":"wp","href":"https:\/\/api.w.org\/{rel}","templated":true}]}}