{"id":27239,"date":"2025-05-18T18:26:25","date_gmt":"2025-05-18T17:26:25","guid":{"rendered":"https:\/\/www.kantersanimalhealth.com\/aqua-clean\/"},"modified":"2025-07-25T17:47:16","modified_gmt":"2025-07-25T16:47:16","slug":"aqua-clean","status":"publish","type":"page","link":"https:\/\/www.kantersanimalhealth.com\/es\/rumiantes\/higiene\/aqua-clean\/","title":{"rendered":"Aqua-clean"},"content":{"rendered":"\t\t<div data-elementor-type=\"wp-page\" data-elementor-id=\"27239\" class=\"elementor elementor-27239 elementor-24701\" data-elementor-post-type=\"page\">\n\t\t\t\t<div class=\"elementor-element elementor-element-6a2d8f6 e-con-full e-flex e-con e-parent\" data-id=\"6a2d8f6\" data-element_type=\"container\" data-e-type=\"container\" data-settings=\"{&quot;shape_divider_bottom&quot;:&quot;waves&quot;}\">\n\t\t\t\t<div class=\"elementor-shape elementor-shape-bottom\" aria-hidden=\"true\" data-negative=\"false\">\n\t\t\t<svg xmlns=\"http:\/\/www.w3.org\/2000\/svg\" viewBox=\"0 0 1000 100\" preserveAspectRatio=\"none\">\n\t<path class=\"elementor-shape-fill\" d=\"M421.9,6.5c22.6-2.5,51.5,0.4,75.5,5.3c23.6,4.9,70.9,23.5,100.5,35.7c75.8,32.2,133.7,44.5,192.6,49.7\n\tc23.6,2.1,48.7,3.5,103.4-2.5c54.7-6,106.2-25.6,106.2-25.6V0H0v30.3c0,0,72,32.6,158.4,30.5c39.2-0.7,92.8-6.7,134-22.4\n\tc21.2-8.1,52.2-18.2,79.7-24.2C399.3,7.9,411.6,7.5,421.9,6.5z\"\/>\n<\/svg>\t\t<\/div>\n\t\t<div class=\"elementor-element elementor-element-659a4b7 e-con-full e-flex e-con e-child\" data-id=\"659a4b7\" data-element_type=\"container\" data-e-type=\"container\">\n\t\t\t\t<div class=\"elementor-element elementor-element-4a0e9c8 elementor-widget elementor-widget-heading\" data-id=\"4a0e9c8\" data-element_type=\"widget\" data-e-type=\"widget\" data-widget_type=\"heading.default\">\n\t\t\t\t<div class=\"elementor-widget-container\">\n\t\t\t\t\t<div class=\"elementor-heading-title elementor-size-default\">Producto de higiene<\/div>\t\t\t\t<\/div>\n\t\t\t\t<\/div>\n\t\t\t\t<div class=\"elementor-element elementor-element-0a17944 elementor-widget elementor-widget-heading\" data-id=\"0a17944\" data-element_type=\"widget\" data-e-type=\"widget\" data-widget_type=\"heading.default\">\n\t\t\t\t<div class=\"elementor-widget-container\">\n\t\t\t\t\t<h1 class=\"elementor-heading-title elementor-size-default\">Aqua-clean<\/h1>\t\t\t\t<\/div>\n\t\t\t\t<\/div>\n\t\t\t\t<div class=\"elementor-element elementor-element-3044e2e elementor-widget elementor-widget-heading\" data-id=\"3044e2e\" data-element_type=\"widget\" data-e-type=\"widget\" data-widget_type=\"heading.default\">\n\t\t\t\t<div class=\"elementor-widget-container\">\n\t\t\t\t\t<h3 class=\"elementor-heading-title elementor-size-default\">Desinfectante potente para un resultado limpio e higi\u00e9nico<\/h3>\t\t\t\t<\/div>\n\t\t\t\t<\/div>\n\t\t\t\t<div class=\"elementor-element elementor-element-30db0a1 elementor-icon-list--layout-traditional elementor-list-item-link-full_width elementor-widget elementor-widget-icon-list\" data-id=\"30db0a1\" data-element_type=\"widget\" data-e-type=\"widget\" data-widget_type=\"icon-list.default\">\n\t\t\t\t<div class=\"elementor-widget-container\">\n\t\t\t\t\t\t\t<ul class=\"elementor-icon-list-items\">\n\t\t\t\t\t\t\t<li class=\"elementor-icon-list-item\">\n\t\t\t\t\t\t\t\t\t\t\t<span class=\"elementor-icon-list-icon\">\n\t\t\t\t\t\t\t<i aria-hidden=\"true\" class=\"fas fa-check\"><\/i>\t\t\t\t\t\t<\/span>\n\t\t\t\t\t\t\t\t\t\t<span class=\"elementor-icon-list-text\">Elimina la contaminaci\u00f3n y las biopel\u00edculas en los sistemas de agua de bebida<\/span>\n\t\t\t\t\t\t\t\t\t<\/li>\n\t\t\t\t\t\t\t\t<li class=\"elementor-icon-list-item\">\n\t\t\t\t\t\t\t\t\t\t\t<span class=\"elementor-icon-list-icon\">\n\t\t\t\t\t\t\t<i aria-hidden=\"true\" class=\"fas fa-check\"><\/i>\t\t\t\t\t\t<\/span>\n\t\t\t\t\t\t\t\t\t\t<span class=\"elementor-icon-list-text\">El agua higienizada disminuye el riesgo de contaminaci\u00f3n bacteriana<\/span>\n\t\t\t\t\t\t\t\t\t<\/li>\n\t\t\t\t\t\t\t\t<li class=\"elementor-icon-list-item\">\n\t\t\t\t\t\t\t\t\t\t\t<span class=\"elementor-icon-list-icon\">\n\t\t\t\t\t\t\t<i aria-hidden=\"true\" class=\"fas fa-check\"><\/i>\t\t\t\t\t\t<\/span>\n\t\t\t\t\t\t\t\t\t\t<span class=\"elementor-icon-list-text\">Los sistemas de bebida con agua limpia aumentan el consumo de agua <\/span>\n\t\t\t\t\t\t\t\t\t<\/li>\n\t\t\t\t\t\t\t\t<li class=\"elementor-icon-list-item\">\n\t\t\t\t\t\t\t\t\t\t\t<span class=\"elementor-icon-list-icon\">\n\t\t\t\t\t\t\t<i aria-hidden=\"true\" class=\"fas fa-check\"><\/i>\t\t\t\t\t\t<\/span>\n\t\t\t\t\t\t\t\t\t\t<span class=\"elementor-icon-list-text\">Menor capacidad corrosiva que otros desinfectantes<\/span>\n\t\t\t\t\t\t\t\t\t<\/li>\n\t\t\t\t\t\t\t\t<li class=\"elementor-icon-list-item\">\n\t\t\t\t\t\t\t\t\t\t\t<span class=\"elementor-icon-list-icon\">\n\t\t\t\t\t\t\t<i aria-hidden=\"true\" class=\"fas fa-check\"><\/i>\t\t\t\t\t\t<\/span>\n\t\t\t\t\t\t\t\t\t\t<span class=\"elementor-icon-list-text\">Respetuoso con el medioambiente: se disuelve en agua y ox\u00edgeno<\/span>\n\t\t\t\t\t\t\t\t\t<\/li>\n\t\t\t\t\t\t<\/ul>\n\t\t\t\t\t\t<\/div>\n\t\t\t\t<\/div>\n\t\t\t\t<div class=\"elementor-element elementor-element-ed284fd elementor-widget elementor-widget-button\" data-id=\"ed284fd\" data-element_type=\"widget\" data-e-type=\"widget\" data-widget_type=\"button.default\">\n\t\t\t\t<div class=\"elementor-widget-container\">\n\t\t\t\t\t\t\t\t\t<div class=\"elementor-button-wrapper\">\n\t\t\t\t\t<a class=\"elementor-button elementor-button-link elementor-size-sm\" href=\"#elementor-action%3Aaction%3Dpopup%3Aopen%26settings%3DeyJpZCI6Mjg1MzksInRvZ2dsZSI6ZmFsc2V9\">\n\t\t\t\t\t\t<span class=\"elementor-button-content-wrapper\">\n\t\t\t\t\t\t\t\t\t<span class=\"elementor-button-text\">Descargar el cat\u00e1logo y ampliar la informaci\u00f3n<\/span>\n\t\t\t\t\t<\/span>\n\t\t\t\t\t<\/a>\n\t\t\t\t<\/div>\n\t\t\t\t\t\t\t\t<\/div>\n\t\t\t\t<\/div>\n\t\t\t\t<div class=\"elementor-element elementor-element-257754f elementor-widget elementor-widget-button\" data-id=\"257754f\" data-element_type=\"widget\" data-e-type=\"widget\" data-widget_type=\"button.default\">\n\t\t\t\t<div class=\"elementor-widget-container\">\n\t\t\t\t\t\t\t\t\t<div class=\"elementor-button-wrapper\">\n\t\t\t\t\t<a class=\"elementor-button elementor-button-link elementor-size-sm\" href=\"https:\/\/www.kantersanimalhealth.com\/es\/contacto\/\">\n\t\t\t\t\t\t<span class=\"elementor-button-content-wrapper\">\n\t\t\t\t\t\t\t\t\t<span class=\"elementor-button-text\">Hacer un pedido<\/span>\n\t\t\t\t\t<\/span>\n\t\t\t\t\t<\/a>\n\t\t\t\t<\/div>\n\t\t\t\t\t\t\t\t<\/div>\n\t\t\t\t<\/div>\n\t\t\t\t<\/div>\n\t\t<div class=\"elementor-element elementor-element-4911272 e-con-full e-flex e-con e-child\" data-id=\"4911272\" data-element_type=\"container\" data-e-type=\"container\">\n\t\t\t\t<div class=\"elementor-element elementor-element-82e10a4 elementor-widget elementor-widget-image\" data-id=\"82e10a4\" data-element_type=\"widget\" data-e-type=\"widget\" data-widget_type=\"image.default\">\n\t\t\t\t<div class=\"elementor-widget-container\">\n\t\t\t\t\t\t\t\t\t\t\t\t\t\t\t<img fetchpriority=\"high\" decoding=\"async\" width=\"768\" height=\"930\" src=\"https:\/\/www.kantersanimalhealth.com\/wp-content\/uploads\/2021\/12\/Packshot-Aqua-clean-10-ltr-online-e1639738494358-768x930.png\" class=\"attachment-medium_large size-medium_large wp-image-13102\" alt=\"\" srcset=\"https:\/\/www.kantersanimalhealth.com\/wp-content\/uploads\/2021\/12\/Packshot-Aqua-clean-10-ltr-online-e1639738494358-768x930.png 768w, https:\/\/www.kantersanimalhealth.com\/wp-content\/uploads\/2021\/12\/Packshot-Aqua-clean-10-ltr-online-e1639738494358-306x370.png 306w, https:\/\/www.kantersanimalhealth.com\/wp-content\/uploads\/2021\/12\/Packshot-Aqua-clean-10-ltr-online-e1639738494358-846x1024.png 846w, https:\/\/www.kantersanimalhealth.com\/wp-content\/uploads\/2021\/12\/Packshot-Aqua-clean-10-ltr-online-e1639738494358-1268x1536.png 1268w, https:\/\/www.kantersanimalhealth.com\/wp-content\/uploads\/2021\/12\/Packshot-Aqua-clean-10-ltr-online-e1639738494358-1691x2048.png 1691w\" sizes=\"(max-width: 768px) 100vw, 768px\" \/>\t\t\t\t\t\t\t\t\t\t\t\t\t\t\t<\/div>\n\t\t\t\t<\/div>\n\t\t\t\t<\/div>\n\t\t\t\t<\/div>\n\t\t<div class=\"elementor-element elementor-element-b4bf7ae e-flex e-con-boxed e-con e-parent\" data-id=\"b4bf7ae\" data-element_type=\"container\" data-e-type=\"container\" data-settings=\"{&quot;background_background&quot;:&quot;classic&quot;}\">\n\t\t\t\t\t<div class=\"e-con-inner\">\n\t\t<div class=\"elementor-element elementor-element-5111251 e-con-full e-flex e-con e-child\" data-id=\"5111251\" data-element_type=\"container\" data-e-type=\"container\">\n\t\t\t\t<div class=\"elementor-element elementor-element-1781ece elementor-widget elementor-widget-heading\" data-id=\"1781ece\" data-element_type=\"widget\" data-e-type=\"widget\" data-widget_type=\"heading.default\">\n\t\t\t\t<div class=\"elementor-widget-container\">\n\t\t\t\t\t<h2 class=\"elementor-heading-title elementor-size-default\">\u00bfQu\u00e9 es?<\/h2>\t\t\t\t<\/div>\n\t\t\t\t<\/div>\n\t\t\t\t<div class=\"elementor-element elementor-element-c3b17c5 elementor-widget elementor-widget-text-editor\" data-id=\"c3b17c5\" data-element_type=\"widget\" data-e-type=\"widget\" data-widget_type=\"text-editor.default\">\n\t\t\t\t<div class=\"elementor-widget-container\">\n\t\t\t\t\t\t\t\t\t<p>Aqua-clean es un desinfectante altamente eficaz dise\u00f1ado para retirar biopel\u00edculas y otros contaminantes de los conductos de agua potable, lo que promueve una mejor higiene del agua para las vacas. La limpieza peri\u00f3dica de los sistemas de agua potable es fundamental, ya que los contaminantes ocultos pueden provocar el crecimiento bacteriano, lo que supone graves riesgos de salud y una disminuci\u00f3n del rendimiento, m\u00e1s a\u00fan si tenemos en cuenta que \u00a1una sola vaca bebe f\u00e1cilmente 100 litros de agua al d\u00eda! <\/p><p>Aqua-clean trabaja penetrando y disgregando la biopel\u00edcula, usando el poder efervescente del ox\u00edgeno para deshacer la suciedad y el material org\u00e1nico del sistema de tuber\u00edas. Aqua-clean resulta especialmente adecuado para limpiezas a fondo de los sistemas de agua potable y por tanto es ideal para mantener las tuber\u00edas de agua limpias, reduce la formaci\u00f3n de biopel\u00edculas y proporciona acceso a las vacas a agua limpia y segura en todo momento. <\/p>\t\t\t\t\t\t\t\t<\/div>\n\t\t\t\t<\/div>\n\t\t\t\t<div class=\"elementor-element elementor-element-aad51a9 elementor-widget elementor-widget-image\" data-id=\"aad51a9\" data-element_type=\"widget\" data-e-type=\"widget\" data-widget_type=\"image.default\">\n\t\t\t\t<div class=\"elementor-widget-container\">\n\t\t\t\t\t\t\t\t\t\t\t\t\t\t\t<img decoding=\"async\" width=\"1129\" height=\"372\" src=\"https:\/\/www.kantersanimalhealth.com\/wp-content\/uploads\/2024\/10\/aquaclean-ruminants.png\" class=\"attachment-full size-full wp-image-27240\" alt=\"\" srcset=\"https:\/\/www.kantersanimalhealth.com\/wp-content\/uploads\/2024\/10\/aquaclean-ruminants.png 1129w, https:\/\/www.kantersanimalhealth.com\/wp-content\/uploads\/2024\/10\/aquaclean-ruminants-370x122.png 370w, https:\/\/www.kantersanimalhealth.com\/wp-content\/uploads\/2024\/10\/aquaclean-ruminants-1024x337.png 1024w, https:\/\/www.kantersanimalhealth.com\/wp-content\/uploads\/2024\/10\/aquaclean-ruminants-768x253.png 768w\" sizes=\"(max-width: 1129px) 100vw, 1129px\" \/>\t\t\t\t\t\t\t\t\t\t\t\t\t\t\t<\/div>\n\t\t\t\t<\/div>\n\t\t\t\t<\/div>\n\t\t\t\t\t<\/div>\n\t\t\t\t<\/div>\n\t\t<div class=\"elementor-element elementor-element-92e1357 e-flex e-con-boxed e-con e-parent\" data-id=\"92e1357\" data-element_type=\"container\" data-e-type=\"container\">\n\t\t\t\t\t<div class=\"e-con-inner\">\n\t\t<div class=\"elementor-element elementor-element-822fe7b e-con-full e-flex e-con e-child\" data-id=\"822fe7b\" data-element_type=\"container\" data-e-type=\"container\">\n\t\t\t\t<div class=\"elementor-element elementor-element-4c6032b elementor-widget elementor-widget-heading\" data-id=\"4c6032b\" data-element_type=\"widget\" data-e-type=\"widget\" data-widget_type=\"heading.default\">\n\t\t\t\t<div class=\"elementor-widget-container\">\n\t\t\t\t\t<h3 class=\"elementor-heading-title elementor-size-default\">\u00bfCu\u00e1ndo se debe usar?<\/h3>\t\t\t\t<\/div>\n\t\t\t\t<\/div>\n\t\t\t\t<div class=\"elementor-element elementor-element-d87a8a2 elementor-widget elementor-widget-text-editor\" data-id=\"d87a8a2\" data-element_type=\"widget\" data-e-type=\"widget\" data-widget_type=\"text-editor.default\">\n\t\t\t\t<div class=\"elementor-widget-container\">\n\t\t\t\t\t\t\t\t\t<ul><li>Contaminaci\u00f3n del agua de bebida<\/li><li>Para prevenir la contaminaci\u00f3n del sistema de agua de bebida<\/li><li>Antes y despu\u00e9s de administrar vacunas, medicaci\u00f3n y aditivos<\/li><\/ul>\t\t\t\t\t\t\t\t<\/div>\n\t\t\t\t<\/div>\n\t\t\t\t<\/div>\n\t\t<div class=\"elementor-element elementor-element-2372fac e-con-full e-flex e-con e-child\" data-id=\"2372fac\" data-element_type=\"container\" data-e-type=\"container\">\n\t\t\t\t<div class=\"elementor-element elementor-element-76a683e elementor-widget elementor-widget-heading\" data-id=\"76a683e\" data-element_type=\"widget\" data-e-type=\"widget\" data-widget_type=\"heading.default\">\n\t\t\t\t<div class=\"elementor-widget-container\">\n\t\t\t\t\t<h3 class=\"elementor-heading-title elementor-size-default\">Presentaciones disponibles<\/h3>\t\t\t\t<\/div>\n\t\t\t\t<\/div>\n\t\t\t\t<div class=\"elementor-element elementor-element-617c026 elementor-icon-list--layout-traditional elementor-list-item-link-full_width elementor-widget elementor-widget-icon-list\" data-id=\"617c026\" data-element_type=\"widget\" data-e-type=\"widget\" data-widget_type=\"icon-list.default\">\n\t\t\t\t<div class=\"elementor-widget-container\">\n\t\t\t\t\t\t\t<ul class=\"elementor-icon-list-items\">\n\t\t\t\t\t\t\t<li class=\"elementor-icon-list-item\">\n\t\t\t\t\t\t\t\t\t\t\t<span class=\"elementor-icon-list-icon\">\n\t\t\t\t\t\t\t<i aria-hidden=\"true\" class=\"fas fa-check\"><\/i>\t\t\t\t\t\t<\/span>\n\t\t\t\t\t\t\t\t\t\t<span class=\"elementor-icon-list-text\">Lata de 4 litros<\/span>\n\t\t\t\t\t\t\t\t\t<\/li>\n\t\t\t\t\t\t\t\t<li class=\"elementor-icon-list-item\">\n\t\t\t\t\t\t\t\t\t\t\t<span class=\"elementor-icon-list-icon\">\n\t\t\t\t\t\t\t<i aria-hidden=\"true\" class=\"fas fa-check\"><\/i>\t\t\t\t\t\t<\/span>\n\t\t\t\t\t\t\t\t\t\t<span class=\"elementor-icon-list-text\">Lata de 10 litros<\/span>\n\t\t\t\t\t\t\t\t\t<\/li>\n\t\t\t\t\t\t\t\t<li class=\"elementor-icon-list-item\">\n\t\t\t\t\t\t\t\t\t\t\t<span class=\"elementor-icon-list-icon\">\n\t\t\t\t\t\t\t<i aria-hidden=\"true\" class=\"fas fa-check\"><\/i>\t\t\t\t\t\t<\/span>\n\t\t\t\t\t\t\t\t\t\t<span class=\"elementor-icon-list-text\">Lata de 20 litros<\/span>\n\t\t\t\t\t\t\t\t\t<\/li>\n\t\t\t\t\t\t\t\t<li class=\"elementor-icon-list-item\">\n\t\t\t\t\t\t\t\t\t\t\t<span class=\"elementor-icon-list-icon\">\n\t\t\t\t\t\t\t<i aria-hidden=\"true\" class=\"fas fa-check\"><\/i>\t\t\t\t\t\t<\/span>\n\t\t\t\t\t\t\t\t\t\t<span class=\"elementor-icon-list-text\">Bid\u00f3n de 200 litros<\/span>\n\t\t\t\t\t\t\t\t\t<\/li>\n\t\t\t\t\t\t\t\t<li class=\"elementor-icon-list-item\">\n\t\t\t\t\t\t\t\t\t\t\t<span class=\"elementor-icon-list-icon\">\n\t\t\t\t\t\t\t<i aria-hidden=\"true\" class=\"fas fa-check\"><\/i>\t\t\t\t\t\t<\/span>\n\t\t\t\t\t\t\t\t\t\t<span class=\"elementor-icon-list-text\">Dep\u00f3sito de 1000 litros<\/span>\n\t\t\t\t\t\t\t\t\t<\/li>\n\t\t\t\t\t\t<\/ul>\n\t\t\t\t\t\t<\/div>\n\t\t\t\t<\/div>\n\t\t\t\t<\/div>\n\t\t\t\t\t<\/div>\n\t\t\t\t<\/div>\n\t\t\t\t<\/div>\n\t\t","protected":false},"excerpt":{"rendered":"<p>Producto de higiene Aqua-clean Desinfectante potente para un resultado limpio e higi\u00e9nico Elimina la contaminaci\u00f3n y las biopel\u00edculas en los sistemas de agua de bebida El agua higienizada disminuye el riesgo de contaminaci\u00f3n bacteriana Los sistemas de bebida con agua limpia aumentan el consumo de agua Menor capacidad corrosiva que otros desinfectantes Respetuoso con el [&hellip;]<\/p>\n","protected":false},"author":20,"featured_media":0,"parent":27700,"menu_order":0,"comment_status":"closed","ping_status":"closed","template":"","meta":{"footnotes":""},"class_list":["post-27239","page","type-page","status-publish","hentry"],"yoast_head":"<!-- This site is optimized with the Yoast SEO plugin v27.2 - https:\/\/yoast.com\/product\/yoast-seo-wordpress\/ -->\n<title>Aqua-clean - Kanters<\/title>\n<meta name=\"robots\" content=\"index, follow, max-snippet:-1, max-image-preview:large, max-video-preview:-1\" \/>\n<link rel=\"canonical\" href=\"https:\/\/www.kantersanimalhealth.com\/es\/rumiantes\/higiene\/aqua-clean\/\" \/>\n<meta property=\"og:locale\" content=\"es_ES\" \/>\n<meta property=\"og:type\" content=\"article\" \/>\n<meta property=\"og:title\" content=\"Aqua-clean - Kanters\" \/>\n<meta property=\"og:description\" content=\"Producto de higiene Aqua-clean Desinfectante potente para un resultado limpio e higi\u00e9nico Elimina la contaminaci\u00f3n y las biopel\u00edculas en los sistemas de agua de bebida El agua higienizada disminuye el riesgo de contaminaci\u00f3n bacteriana Los sistemas de bebida con agua limpia aumentan el consumo de agua Menor capacidad corrosiva que otros desinfectantes Respetuoso con el [&hellip;]\" \/>\n<meta property=\"og:url\" content=\"https:\/\/www.kantersanimalhealth.com\/es\/rumiantes\/higiene\/aqua-clean\/\" \/>\n<meta property=\"og:site_name\" content=\"Kanters\" \/>\n<meta property=\"article:publisher\" content=\"https:\/\/www.facebook.com\/FlavourFamily\" \/>\n<meta property=\"article:modified_time\" content=\"2025-07-25T16:47:16+00:00\" \/>\n<meta property=\"og:image\" content=\"https:\/\/www.kantersanimalhealth.com\/wp-content\/uploads\/2021\/12\/Packshot-Aqua-clean-10-ltr-online-e1639738494358-846x1024.png\" \/>\n\t<meta property=\"og:image:width\" content=\"846\" \/>\n\t<meta property=\"og:image:height\" content=\"1024\" \/>\n\t<meta property=\"og:image:type\" content=\"image\/png\" \/>\n<meta name=\"twitter:card\" content=\"summary_large_image\" \/>\n<meta name=\"twitter:label1\" content=\"Tiempo de lectura\" \/>\n\t<meta name=\"twitter:data1\" content=\"1 minuto\" \/>\n<script type=\"application\/ld+json\" class=\"yoast-schema-graph\">{\"@context\":\"https:\/\/schema.org\",\"@graph\":[{\"@type\":\"WebPage\",\"@id\":\"https:\/\/www.kantersanimalhealth.com\/es\/rumiantes\/higiene\/aqua-clean\/\",\"url\":\"https:\/\/www.kantersanimalhealth.com\/es\/rumiantes\/higiene\/aqua-clean\/\",\"name\":\"Aqua-clean - Kanters\",\"isPartOf\":{\"@id\":\"https:\/\/www.kantersanimalhealth.com\/es\/#website\"},\"primaryImageOfPage\":{\"@id\":\"https:\/\/www.kantersanimalhealth.com\/es\/rumiantes\/higiene\/aqua-clean\/#primaryimage\"},\"image\":{\"@id\":\"https:\/\/www.kantersanimalhealth.com\/es\/rumiantes\/higiene\/aqua-clean\/#primaryimage\"},\"thumbnailUrl\":\"https:\/\/www.kantersanimalhealth.com\/wp-content\/uploads\/2021\/12\/Packshot-Aqua-clean-10-ltr-online-e1639738494358-768x930.png\",\"datePublished\":\"2025-05-18T17:26:25+00:00\",\"dateModified\":\"2025-07-25T16:47:16+00:00\",\"breadcrumb\":{\"@id\":\"https:\/\/www.kantersanimalhealth.com\/es\/rumiantes\/higiene\/aqua-clean\/#breadcrumb\"},\"inLanguage\":\"es\",\"potentialAction\":[{\"@type\":\"ReadAction\",\"target\":[\"https:\/\/www.kantersanimalhealth.com\/es\/rumiantes\/higiene\/aqua-clean\/\"]}]},{\"@type\":\"ImageObject\",\"inLanguage\":\"es\",\"@id\":\"https:\/\/www.kantersanimalhealth.com\/es\/rumiantes\/higiene\/aqua-clean\/#primaryimage\",\"url\":\"https:\/\/www.kantersanimalhealth.com\/wp-content\/uploads\/2021\/12\/Packshot-Aqua-clean-10-ltr-online-e1639738494358-768x930.png\",\"contentUrl\":\"https:\/\/www.kantersanimalhealth.com\/wp-content\/uploads\/2021\/12\/Packshot-Aqua-clean-10-ltr-online-e1639738494358-768x930.png\"},{\"@type\":\"BreadcrumbList\",\"@id\":\"https:\/\/www.kantersanimalhealth.com\/es\/rumiantes\/higiene\/aqua-clean\/#breadcrumb\",\"itemListElement\":[{\"@type\":\"ListItem\",\"position\":1,\"name\":\"Home\",\"item\":\"https:\/\/www.kantersanimalhealth.com\/es\/\"},{\"@type\":\"ListItem\",\"position\":2,\"name\":\"Rumiantes\",\"item\":\"https:\/\/www.kantersanimalhealth.com\/es\/rumiantes\/\"},{\"@type\":\"ListItem\",\"position\":3,\"name\":\"Higiene\",\"item\":\"https:\/\/www.kantersanimalhealth.com\/es\/rumiantes\/higiene\/\"},{\"@type\":\"ListItem\",\"position\":4,\"name\":\"Aqua-clean\"}]},{\"@type\":\"WebSite\",\"@id\":\"https:\/\/www.kantersanimalhealth.com\/es\/#website\",\"url\":\"https:\/\/www.kantersanimalhealth.com\/es\/\",\"name\":\"Kanters\",\"description\":\"Special Products B.V.\",\"publisher\":{\"@id\":\"https:\/\/www.kantersanimalhealth.com\/es\/#organization\"},\"potentialAction\":[{\"@type\":\"SearchAction\",\"target\":{\"@type\":\"EntryPoint\",\"urlTemplate\":\"https:\/\/www.kantersanimalhealth.com\/es\/?s={search_term_string}\"},\"query-input\":{\"@type\":\"PropertyValueSpecification\",\"valueRequired\":true,\"valueName\":\"search_term_string\"}}],\"inLanguage\":\"es\"},{\"@type\":\"Organization\",\"@id\":\"https:\/\/www.kantersanimalhealth.com\/es\/#organization\",\"name\":\"Flavour Family\",\"url\":\"https:\/\/www.kantersanimalhealth.com\/es\/\",\"logo\":{\"@type\":\"ImageObject\",\"inLanguage\":\"es\",\"@id\":\"https:\/\/www.kantersanimalhealth.com\/es\/#\/schema\/logo\/image\/\",\"url\":\"\",\"contentUrl\":\"\",\"caption\":\"Flavour Family\"},\"image\":{\"@id\":\"https:\/\/www.kantersanimalhealth.com\/es\/#\/schema\/logo\/image\/\"},\"sameAs\":[\"https:\/\/www.facebook.com\/FlavourFamily\"]}]}<\/script>\n<!-- \/ Yoast SEO plugin. -->","yoast_head_json":{"title":"Aqua-clean - Kanters","robots":{"index":"index","follow":"follow","max-snippet":"max-snippet:-1","max-image-preview":"max-image-preview:large","max-video-preview":"max-video-preview:-1"},"canonical":"https:\/\/www.kantersanimalhealth.com\/es\/rumiantes\/higiene\/aqua-clean\/","og_locale":"es_ES","og_type":"article","og_title":"Aqua-clean - Kanters","og_description":"Producto de higiene Aqua-clean Desinfectante potente para un resultado limpio e higi\u00e9nico Elimina la contaminaci\u00f3n y las biopel\u00edculas en los sistemas de agua de bebida El agua higienizada disminuye el riesgo de contaminaci\u00f3n bacteriana Los sistemas de bebida con agua limpia aumentan el consumo de agua Menor capacidad corrosiva que otros desinfectantes Respetuoso con el [&hellip;]","og_url":"https:\/\/www.kantersanimalhealth.com\/es\/rumiantes\/higiene\/aqua-clean\/","og_site_name":"Kanters","article_publisher":"https:\/\/www.facebook.com\/FlavourFamily","article_modified_time":"2025-07-25T16:47:16+00:00","og_image":[{"width":846,"height":1024,"url":"https:\/\/www.kantersanimalhealth.com\/wp-content\/uploads\/2021\/12\/Packshot-Aqua-clean-10-ltr-online-e1639738494358-846x1024.png","type":"image\/png"}],"twitter_card":"summary_large_image","twitter_misc":{"Tiempo de lectura":"1 minuto"},"schema":{"@context":"https:\/\/schema.org","@graph":[{"@type":"WebPage","@id":"https:\/\/www.kantersanimalhealth.com\/es\/rumiantes\/higiene\/aqua-clean\/","url":"https:\/\/www.kantersanimalhealth.com\/es\/rumiantes\/higiene\/aqua-clean\/","name":"Aqua-clean - Kanters","isPartOf":{"@id":"https:\/\/www.kantersanimalhealth.com\/es\/#website"},"primaryImageOfPage":{"@id":"https:\/\/www.kantersanimalhealth.com\/es\/rumiantes\/higiene\/aqua-clean\/#primaryimage"},"image":{"@id":"https:\/\/www.kantersanimalhealth.com\/es\/rumiantes\/higiene\/aqua-clean\/#primaryimage"},"thumbnailUrl":"https:\/\/www.kantersanimalhealth.com\/wp-content\/uploads\/2021\/12\/Packshot-Aqua-clean-10-ltr-online-e1639738494358-768x930.png","datePublished":"2025-05-18T17:26:25+00:00","dateModified":"2025-07-25T16:47:16+00:00","breadcrumb":{"@id":"https:\/\/www.kantersanimalhealth.com\/es\/rumiantes\/higiene\/aqua-clean\/#breadcrumb"},"inLanguage":"es","potentialAction":[{"@type":"ReadAction","target":["https:\/\/www.kantersanimalhealth.com\/es\/rumiantes\/higiene\/aqua-clean\/"]}]},{"@type":"ImageObject","inLanguage":"es","@id":"https:\/\/www.kantersanimalhealth.com\/es\/rumiantes\/higiene\/aqua-clean\/#primaryimage","url":"https:\/\/www.kantersanimalhealth.com\/wp-content\/uploads\/2021\/12\/Packshot-Aqua-clean-10-ltr-online-e1639738494358-768x930.png","contentUrl":"https:\/\/www.kantersanimalhealth.com\/wp-content\/uploads\/2021\/12\/Packshot-Aqua-clean-10-ltr-online-e1639738494358-768x930.png"},{"@type":"BreadcrumbList","@id":"https:\/\/www.kantersanimalhealth.com\/es\/rumiantes\/higiene\/aqua-clean\/#breadcrumb","itemListElement":[{"@type":"ListItem","position":1,"name":"Home","item":"https:\/\/www.kantersanimalhealth.com\/es\/"},{"@type":"ListItem","position":2,"name":"Rumiantes","item":"https:\/\/www.kantersanimalhealth.com\/es\/rumiantes\/"},{"@type":"ListItem","position":3,"name":"Higiene","item":"https:\/\/www.kantersanimalhealth.com\/es\/rumiantes\/higiene\/"},{"@type":"ListItem","position":4,"name":"Aqua-clean"}]},{"@type":"WebSite","@id":"https:\/\/www.kantersanimalhealth.com\/es\/#website","url":"https:\/\/www.kantersanimalhealth.com\/es\/","name":"Kanters","description":"Special Products B.V.","publisher":{"@id":"https:\/\/www.kantersanimalhealth.com\/es\/#organization"},"potentialAction":[{"@type":"SearchAction","target":{"@type":"EntryPoint","urlTemplate":"https:\/\/www.kantersanimalhealth.com\/es\/?s={search_term_string}"},"query-input":{"@type":"PropertyValueSpecification","valueRequired":true,"valueName":"search_term_string"}}],"inLanguage":"es"},{"@type":"Organization","@id":"https:\/\/www.kantersanimalhealth.com\/es\/#organization","name":"Flavour Family","url":"https:\/\/www.kantersanimalhealth.com\/es\/","logo":{"@type":"ImageObject","inLanguage":"es","@id":"https:\/\/www.kantersanimalhealth.com\/es\/#\/schema\/logo\/image\/","url":"","contentUrl":"","caption":"Flavour Family"},"image":{"@id":"https:\/\/www.kantersanimalhealth.com\/es\/#\/schema\/logo\/image\/"},"sameAs":["https:\/\/www.facebook.com\/FlavourFamily"]}]}},"_links":{"self":[{"href":"https:\/\/www.kantersanimalhealth.com\/es\/wp-json\/wp\/v2\/pages\/27239","targetHints":{"allow":["GET"]}}],"collection":[{"href":"https:\/\/www.kantersanimalhealth.com\/es\/wp-json\/wp\/v2\/pages"}],"about":[{"href":"https:\/\/www.kantersanimalhealth.com\/es\/wp-json\/wp\/v2\/types\/page"}],"author":[{"embeddable":true,"href":"https:\/\/www.kantersanimalhealth.com\/es\/wp-json\/wp\/v2\/users\/20"}],"replies":[{"embeddable":true,"href":"https:\/\/www.kantersanimalhealth.com\/es\/wp-json\/wp\/v2\/comments?post=27239"}],"version-history":[{"count":3,"href":"https:\/\/www.kantersanimalhealth.com\/es\/wp-json\/wp\/v2\/pages\/27239\/revisions"}],"predecessor-version":[{"id":28788,"href":"https:\/\/www.kantersanimalhealth.com\/es\/wp-json\/wp\/v2\/pages\/27239\/revisions\/28788"}],"up":[{"embeddable":true,"href":"https:\/\/www.kantersanimalhealth.com\/es\/wp-json\/wp\/v2\/pages\/27700"}],"wp:attachment":[{"href":"https:\/\/www.kantersanimalhealth.com\/es\/wp-json\/wp\/v2\/media?parent=27239"}],"curies":[{"name":"wp","href":"https:\/\/api.w.org\/{rel}","templated":true}]}}