{"id":27233,"date":"2025-05-18T14:13:06","date_gmt":"2025-05-18T13:13:06","guid":{"rendered":"https:\/\/www.kantersanimalhealth.com\/nutripreserve-basic\/"},"modified":"2025-07-25T17:44:03","modified_gmt":"2025-07-25T16:44:03","slug":"nutripreserve-basic","status":"publish","type":"page","link":"https:\/\/www.kantersanimalhealth.com\/es\/rumiantes\/equilibrio\/nutripreserve-basic\/","title":{"rendered":"Nutripreserve Basic"},"content":{"rendered":"\t\t<div data-elementor-type=\"wp-page\" data-elementor-id=\"27233\" class=\"elementor elementor-27233 elementor-24707\" data-elementor-post-type=\"page\">\n\t\t\t\t<div class=\"elementor-element elementor-element-6a2d8f6 e-con-full e-flex e-con e-parent\" data-id=\"6a2d8f6\" data-element_type=\"container\" data-e-type=\"container\" data-settings=\"{&quot;shape_divider_bottom&quot;:&quot;waves&quot;}\">\n\t\t\t\t<div class=\"elementor-shape elementor-shape-bottom\" aria-hidden=\"true\" data-negative=\"false\">\n\t\t\t<svg xmlns=\"http:\/\/www.w3.org\/2000\/svg\" viewBox=\"0 0 1000 100\" preserveAspectRatio=\"none\">\n\t<path class=\"elementor-shape-fill\" d=\"M421.9,6.5c22.6-2.5,51.5,0.4,75.5,5.3c23.6,4.9,70.9,23.5,100.5,35.7c75.8,32.2,133.7,44.5,192.6,49.7\n\tc23.6,2.1,48.7,3.5,103.4-2.5c54.7-6,106.2-25.6,106.2-25.6V0H0v30.3c0,0,72,32.6,158.4,30.5c39.2-0.7,92.8-6.7,134-22.4\n\tc21.2-8.1,52.2-18.2,79.7-24.2C399.3,7.9,411.6,7.5,421.9,6.5z\"\/>\n<\/svg>\t\t<\/div>\n\t\t<div class=\"elementor-element elementor-element-659a4b7 e-con-full e-flex e-con e-child\" data-id=\"659a4b7\" data-element_type=\"container\" data-e-type=\"container\">\n\t\t\t\t<div class=\"elementor-element elementor-element-4a0e9c8 elementor-widget elementor-widget-heading\" data-id=\"4a0e9c8\" data-element_type=\"widget\" data-e-type=\"widget\" data-widget_type=\"heading.default\">\n\t\t\t\t<div class=\"elementor-widget-container\">\n\t\t\t\t\t<div class=\"elementor-heading-title elementor-size-default\">Equilibrador<\/div>\t\t\t\t<\/div>\n\t\t\t\t<\/div>\n\t\t\t\t<div class=\"elementor-element elementor-element-0a17944 elementor-widget elementor-widget-heading\" data-id=\"0a17944\" data-element_type=\"widget\" data-e-type=\"widget\" data-widget_type=\"heading.default\">\n\t\t\t\t<div class=\"elementor-widget-container\">\n\t\t\t\t\t<h1 class=\"elementor-heading-title elementor-size-default\">Nutripreserve Basic<\/h1>\t\t\t\t<\/div>\n\t\t\t\t<\/div>\n\t\t\t\t<div class=\"elementor-element elementor-element-3044e2e elementor-widget elementor-widget-heading\" data-id=\"3044e2e\" data-element_type=\"widget\" data-e-type=\"widget\" data-widget_type=\"heading.default\">\n\t\t\t\t<div class=\"elementor-widget-container\">\n\t\t\t\t\t<h3 class=\"elementor-heading-title elementor-size-default\">Mayor producci\u00f3n de leche gracias a una comida m\u00e1s fresca, fr\u00eda y sabrosa<\/h3>\t\t\t\t<\/div>\n\t\t\t\t<\/div>\n\t\t\t\t<div class=\"elementor-element elementor-element-30db0a1 elementor-icon-list--layout-traditional elementor-list-item-link-full_width elementor-widget elementor-widget-icon-list\" data-id=\"30db0a1\" data-element_type=\"widget\" data-e-type=\"widget\" data-widget_type=\"icon-list.default\">\n\t\t\t\t<div class=\"elementor-widget-container\">\n\t\t\t\t\t\t\t<ul class=\"elementor-icon-list-items\">\n\t\t\t\t\t\t\t<li class=\"elementor-icon-list-item\">\n\t\t\t\t\t\t\t\t\t\t\t<span class=\"elementor-icon-list-icon\">\n\t\t\t\t\t\t\t<i aria-hidden=\"true\" class=\"fas fa-check\"><\/i>\t\t\t\t\t\t<\/span>\n\t\t\t\t\t\t\t\t\t\t<span class=\"elementor-icon-list-text\">Conserva la calidad del alimento rico en fibra<\/span>\n\t\t\t\t\t\t\t\t\t<\/li>\n\t\t\t\t\t\t\t\t<li class=\"elementor-icon-list-item\">\n\t\t\t\t\t\t\t\t\t\t\t<span class=\"elementor-icon-list-icon\">\n\t\t\t\t\t\t\t<i aria-hidden=\"true\" class=\"fas fa-check\"><\/i>\t\t\t\t\t\t<\/span>\n\t\t\t\t\t\t\t\t\t\t<span class=\"elementor-icon-list-text\">Mayor ingesta de pienso por el menor sobrecalentamiento<\/span>\n\t\t\t\t\t\t\t\t\t<\/li>\n\t\t\t\t\t\t\t\t<li class=\"elementor-icon-list-item\">\n\t\t\t\t\t\t\t\t\t\t\t<span class=\"elementor-icon-list-icon\">\n\t\t\t\t\t\t\t<i aria-hidden=\"true\" class=\"fas fa-check\"><\/i>\t\t\t\t\t\t<\/span>\n\t\t\t\t\t\t\t\t\t\t<span class=\"elementor-icon-list-text\">Menos tiempo seleccionando el alimento en el comedero<\/span>\n\t\t\t\t\t\t\t\t\t<\/li>\n\t\t\t\t\t\t\t\t<li class=\"elementor-icon-list-item\">\n\t\t\t\t\t\t\t\t\t\t\t<span class=\"elementor-icon-list-icon\">\n\t\t\t\t\t\t\t<i aria-hidden=\"true\" class=\"fas fa-check\"><\/i>\t\t\t\t\t\t<\/span>\n\t\t\t\t\t\t\t\t\t\t<span class=\"elementor-icon-list-text\">Estimula la producci\u00f3n de leche<\/span>\n\t\t\t\t\t\t\t\t\t<\/li>\n\t\t\t\t\t\t<\/ul>\n\t\t\t\t\t\t<\/div>\n\t\t\t\t<\/div>\n\t\t\t\t<div class=\"elementor-element elementor-element-ed284fd elementor-widget elementor-widget-button\" data-id=\"ed284fd\" data-element_type=\"widget\" data-e-type=\"widget\" data-widget_type=\"button.default\">\n\t\t\t\t<div class=\"elementor-widget-container\">\n\t\t\t\t\t\t\t\t\t<div class=\"elementor-button-wrapper\">\n\t\t\t\t\t<a class=\"elementor-button elementor-button-link elementor-size-sm\" href=\"#elementor-action%3Aaction%3Dpopup%3Aopen%26settings%3DeyJpZCI6MjgyODIsInRvZ2dsZSI6ZmFsc2V9\">\n\t\t\t\t\t\t<span class=\"elementor-button-content-wrapper\">\n\t\t\t\t\t\t\t\t\t<span class=\"elementor-button-text\">Descargar el cat\u00e1logo y ampliar la informaci\u00f3n<\/span>\n\t\t\t\t\t<\/span>\n\t\t\t\t\t<\/a>\n\t\t\t\t<\/div>\n\t\t\t\t\t\t\t\t<\/div>\n\t\t\t\t<\/div>\n\t\t\t\t<div class=\"elementor-element elementor-element-257754f elementor-widget elementor-widget-button\" data-id=\"257754f\" data-element_type=\"widget\" data-e-type=\"widget\" data-widget_type=\"button.default\">\n\t\t\t\t<div class=\"elementor-widget-container\">\n\t\t\t\t\t\t\t\t\t<div class=\"elementor-button-wrapper\">\n\t\t\t\t\t<a class=\"elementor-button elementor-button-link elementor-size-sm\" href=\"https:\/\/www.kantersanimalhealth.com\/es\/contacto\/\">\n\t\t\t\t\t\t<span class=\"elementor-button-content-wrapper\">\n\t\t\t\t\t\t\t\t\t<span class=\"elementor-button-text\">Hacer un pedido<\/span>\n\t\t\t\t\t<\/span>\n\t\t\t\t\t<\/a>\n\t\t\t\t<\/div>\n\t\t\t\t\t\t\t\t<\/div>\n\t\t\t\t<\/div>\n\t\t\t\t<\/div>\n\t\t<div class=\"elementor-element elementor-element-4911272 e-con-full e-flex e-con e-child\" data-id=\"4911272\" data-element_type=\"container\" data-e-type=\"container\">\n\t\t\t\t<div class=\"elementor-element elementor-element-82e10a4 elementor-widget elementor-widget-image\" data-id=\"82e10a4\" data-element_type=\"widget\" data-e-type=\"widget\" data-widget_type=\"image.default\">\n\t\t\t\t<div class=\"elementor-widget-container\">\n\t\t\t\t\t\t\t\t\t\t\t\t\t\t\t<img decoding=\"async\" src=\"https:\/\/www.kantersanimalhealth.com\/wp-content\/uploads\/elementor\/thumbs\/Nutripreserve20Basic-pp8n8se1fkj7m2bi5fzyqe4qcohsodrvkeprmotjcw.png\" title=\"Nutripreserve20Basic\" alt=\"Nutripreserve, Kanters, basic\" loading=\"lazy\" \/>\t\t\t\t\t\t\t\t\t\t\t\t\t\t\t<\/div>\n\t\t\t\t<\/div>\n\t\t\t\t<\/div>\n\t\t\t\t<\/div>\n\t\t<div class=\"elementor-element elementor-element-b4bf7ae e-flex e-con-boxed e-con e-parent\" data-id=\"b4bf7ae\" data-element_type=\"container\" data-e-type=\"container\" data-settings=\"{&quot;background_background&quot;:&quot;classic&quot;}\">\n\t\t\t\t\t<div class=\"e-con-inner\">\n\t\t<div class=\"elementor-element elementor-element-5111251 e-con-full e-flex e-con e-child\" data-id=\"5111251\" data-element_type=\"container\" data-e-type=\"container\">\n\t\t\t\t<div class=\"elementor-element elementor-element-1781ece elementor-widget elementor-widget-heading\" data-id=\"1781ece\" data-element_type=\"widget\" data-e-type=\"widget\" data-widget_type=\"heading.default\">\n\t\t\t\t<div class=\"elementor-widget-container\">\n\t\t\t\t\t<h2 class=\"elementor-heading-title elementor-size-default\">\u00bfQu\u00e9 es?<\/h2>\t\t\t\t<\/div>\n\t\t\t\t<\/div>\n\t\t\t\t<div class=\"elementor-element elementor-element-c3b17c5 elementor-widget elementor-widget-text-editor\" data-id=\"c3b17c5\" data-element_type=\"widget\" data-e-type=\"widget\" data-widget_type=\"text-editor.default\">\n\t\t\t\t<div class=\"elementor-widget-container\">\n\t\t\t\t\t\t\t\t\t<p>Nutripreserve Basic es una mezcla l\u00edquida desarrollada espec\u00edficamente para reducir el sobrecalentamiento en las raciones del ganado rumiante, en particular con las mezclas de pienso son alto contenido de materia fibrosa tales como ma\u00edz, alfalfa y hierba. La combinaci\u00f3n de \u00e1cidos org\u00e1nicos tamponados y no tamponados en Nutripreserve Basic ralentiza de manera eficaz el proceso de fermentaci\u00f3n, lo que ayuda a conservar el valor nutritivo y la frescura del pienso. Los \u00e1cidos org\u00e1nicos previenen adem\u00e1s el crecimiento de bacterias, hongos y levaduras perniciosos, lo que disminuye los problemas asociados a micotoxinas y mejora la digesti\u00f3n en general. Gracias a su menos capacidad corrosiva comparado con mezclas sin tamponar, Nutripreserve Basic resulta ideal para utilizar en mezcladores de pienso, ya que supone un m\u00e9todo fiable para conservar la calidad de las raciones para el ganado, mejora la salud de los animales y aumenta la producci\u00f3n de leche.   <\/p>\t\t\t\t\t\t\t\t<\/div>\n\t\t\t\t<\/div>\n\t\t\t\t<\/div>\n\t\t\t\t\t<\/div>\n\t\t\t\t<\/div>\n\t\t<div class=\"elementor-element elementor-element-92e1357 e-flex e-con-boxed e-con e-parent\" data-id=\"92e1357\" data-element_type=\"container\" data-e-type=\"container\">\n\t\t\t\t\t<div class=\"e-con-inner\">\n\t\t<div class=\"elementor-element elementor-element-822fe7b e-con-full e-flex e-con e-child\" data-id=\"822fe7b\" data-element_type=\"container\" data-e-type=\"container\">\n\t\t\t\t<div class=\"elementor-element elementor-element-4c6032b elementor-widget elementor-widget-heading\" data-id=\"4c6032b\" data-element_type=\"widget\" data-e-type=\"widget\" data-widget_type=\"heading.default\">\n\t\t\t\t<div class=\"elementor-widget-container\">\n\t\t\t\t\t<h3 class=\"elementor-heading-title elementor-size-default\">\u00bfCu\u00e1ndo se debe usar?<\/h3>\t\t\t\t<\/div>\n\t\t\t\t<\/div>\n\t\t\t\t<div class=\"elementor-element elementor-element-d87a8a2 elementor-widget elementor-widget-text-editor\" data-id=\"d87a8a2\" data-element_type=\"widget\" data-e-type=\"widget\" data-widget_type=\"text-editor.default\">\n\t\t\t\t<div class=\"elementor-widget-container\">\n\t\t\t\t\t\t\t\t\t<ul><li>En \u00e9pocas c\u00e1lidas con temperatura ambiente superior a 20\u00b0C<\/li><li>Si el alimento fibroso es inestable o sensible al sobrecalentamiento<\/li><li>Si se a\u00f1ade un catalizador de sobrecalentamiento a la raci\u00f3n (agua, granos de cebada, entre otros)<\/li><li>Si hay un ritmo bajo de alimentaci\u00f3n (&lt; 1 metro a la semana)<\/li><\/ul>\t\t\t\t\t\t\t\t<\/div>\n\t\t\t\t<\/div>\n\t\t\t\t<\/div>\n\t\t<div class=\"elementor-element elementor-element-2372fac e-con-full e-flex e-con e-child\" data-id=\"2372fac\" data-element_type=\"container\" data-e-type=\"container\">\n\t\t\t\t<div class=\"elementor-element elementor-element-76a683e elementor-widget elementor-widget-heading\" data-id=\"76a683e\" data-element_type=\"widget\" data-e-type=\"widget\" data-widget_type=\"heading.default\">\n\t\t\t\t<div class=\"elementor-widget-container\">\n\t\t\t\t\t<h3 class=\"elementor-heading-title elementor-size-default\">Presentaciones disponibles<\/h3>\t\t\t\t<\/div>\n\t\t\t\t<\/div>\n\t\t\t\t<div class=\"elementor-element elementor-element-617c026 elementor-icon-list--layout-traditional elementor-list-item-link-full_width elementor-widget elementor-widget-icon-list\" data-id=\"617c026\" data-element_type=\"widget\" data-e-type=\"widget\" data-widget_type=\"icon-list.default\">\n\t\t\t\t<div class=\"elementor-widget-container\">\n\t\t\t\t\t\t\t<ul class=\"elementor-icon-list-items\">\n\t\t\t\t\t\t\t<li class=\"elementor-icon-list-item\">\n\t\t\t\t\t\t\t\t\t\t\t<span class=\"elementor-icon-list-icon\">\n\t\t\t\t\t\t\t<i aria-hidden=\"true\" class=\"fas fa-check\"><\/i>\t\t\t\t\t\t<\/span>\n\t\t\t\t\t\t\t\t\t\t<span class=\"elementor-icon-list-text\">Lata de 20 kg<\/span>\n\t\t\t\t\t\t\t\t\t<\/li>\n\t\t\t\t\t\t\t\t<li class=\"elementor-icon-list-item\">\n\t\t\t\t\t\t\t\t\t\t\t<span class=\"elementor-icon-list-icon\">\n\t\t\t\t\t\t\t<i aria-hidden=\"true\" class=\"fas fa-check\"><\/i>\t\t\t\t\t\t<\/span>\n\t\t\t\t\t\t\t\t\t\t<span class=\"elementor-icon-list-text\">Bid\u00f3n de 250 kg<\/span>\n\t\t\t\t\t\t\t\t\t<\/li>\n\t\t\t\t\t\t\t\t<li class=\"elementor-icon-list-item\">\n\t\t\t\t\t\t\t\t\t\t\t<span class=\"elementor-icon-list-icon\">\n\t\t\t\t\t\t\t<i aria-hidden=\"true\" class=\"fas fa-check\"><\/i>\t\t\t\t\t\t<\/span>\n\t\t\t\t\t\t\t\t\t\t<span class=\"elementor-icon-list-text\">Dep\u00f3sito de 1200 kg<\/span>\n\t\t\t\t\t\t\t\t\t<\/li>\n\t\t\t\t\t\t<\/ul>\n\t\t\t\t\t\t<\/div>\n\t\t\t\t<\/div>\n\t\t\t\t<\/div>\n\t\t\t\t\t<\/div>\n\t\t\t\t<\/div>\n\t\t\t\t<\/div>\n\t\t","protected":false},"excerpt":{"rendered":"<p>Equilibrador Nutripreserve Basic Mayor producci\u00f3n de leche gracias a una comida m\u00e1s fresca, fr\u00eda y sabrosa Conserva la calidad del alimento rico en fibra Mayor ingesta de pienso por el menor sobrecalentamiento Menos tiempo seleccionando el alimento en el comedero Estimula la producci\u00f3n de leche Descargar el cat\u00e1logo y ampliar la informaci\u00f3n Hacer un pedido [&hellip;]<\/p>\n","protected":false},"author":20,"featured_media":0,"parent":27624,"menu_order":0,"comment_status":"closed","ping_status":"closed","template":"","meta":{"footnotes":""},"class_list":["post-27233","page","type-page","status-publish","hentry"],"yoast_head":"<!-- This site is optimized with the Yoast SEO plugin v27.2 - https:\/\/yoast.com\/product\/yoast-seo-wordpress\/ -->\n<title>Nutripreserve Basic - Kanters<\/title>\n<meta name=\"description\" content=\"Nutripreserve Basic estimula la producci\u00f3n de leche al mantener el pienso fresco, fr\u00edo y sabroso gracias a que contrarresta el sobrecalentamiento del alimento fibroso.\" \/>\n<meta name=\"robots\" content=\"index, follow, max-snippet:-1, max-image-preview:large, max-video-preview:-1\" \/>\n<link rel=\"canonical\" href=\"https:\/\/www.kantersanimalhealth.com\/es\/rumiantes\/equilibrio\/nutripreserve-basic\/\" \/>\n<meta property=\"og:locale\" content=\"es_ES\" \/>\n<meta property=\"og:type\" content=\"article\" \/>\n<meta property=\"og:title\" content=\"Nutripreserve Basic - Kanters\" \/>\n<meta property=\"og:description\" content=\"Nutripreserve Basic estimula la producci\u00f3n de leche al mantener el pienso fresco, fr\u00edo y sabroso gracias a que contrarresta el sobrecalentamiento del alimento fibroso.\" \/>\n<meta property=\"og:url\" content=\"https:\/\/www.kantersanimalhealth.com\/es\/rumiantes\/equilibrio\/nutripreserve-basic\/\" \/>\n<meta property=\"og:site_name\" content=\"Kanters\" \/>\n<meta property=\"article:publisher\" content=\"https:\/\/www.facebook.com\/FlavourFamily\" \/>\n<meta property=\"article:modified_time\" content=\"2025-07-25T16:44:03+00:00\" \/>\n<meta property=\"og:image\" content=\"https:\/\/www.kantersanimalhealth.com\/wp-content\/uploads\/elementor\/thumbs\/Nutripreserve20Basic-pp8n8se1fkj7m2bi5fzyqe4qcohsodrvkeprmotjcw.png\" \/>\n<meta name=\"twitter:card\" content=\"summary_large_image\" \/>\n<meta name=\"twitter:label1\" content=\"Tiempo de lectura\" \/>\n\t<meta name=\"twitter:data1\" content=\"1 minuto\" \/>\n<script type=\"application\/ld+json\" class=\"yoast-schema-graph\">{\"@context\":\"https:\/\/schema.org\",\"@graph\":[{\"@type\":\"WebPage\",\"@id\":\"https:\/\/www.kantersanimalhealth.com\/es\/rumiantes\/equilibrio\/nutripreserve-basic\/\",\"url\":\"https:\/\/www.kantersanimalhealth.com\/es\/rumiantes\/equilibrio\/nutripreserve-basic\/\",\"name\":\"Nutripreserve Basic - Kanters\",\"isPartOf\":{\"@id\":\"https:\/\/www.kantersanimalhealth.com\/es\/#website\"},\"primaryImageOfPage\":{\"@id\":\"https:\/\/www.kantersanimalhealth.com\/es\/rumiantes\/equilibrio\/nutripreserve-basic\/#primaryimage\"},\"image\":{\"@id\":\"https:\/\/www.kantersanimalhealth.com\/es\/rumiantes\/equilibrio\/nutripreserve-basic\/#primaryimage\"},\"thumbnailUrl\":\"https:\/\/www.kantersanimalhealth.com\/wp-content\/uploads\/elementor\/thumbs\/Nutripreserve20Basic-pp8n8se1fkj7m2bi5fzyqe4qcohsodrvkeprmotjcw.png\",\"datePublished\":\"2025-05-18T13:13:06+00:00\",\"dateModified\":\"2025-07-25T16:44:03+00:00\",\"description\":\"Nutripreserve Basic estimula la producci\u00f3n de leche al mantener el pienso fresco, fr\u00edo y sabroso gracias a que contrarresta el sobrecalentamiento del alimento fibroso.\",\"breadcrumb\":{\"@id\":\"https:\/\/www.kantersanimalhealth.com\/es\/rumiantes\/equilibrio\/nutripreserve-basic\/#breadcrumb\"},\"inLanguage\":\"es\",\"potentialAction\":[{\"@type\":\"ReadAction\",\"target\":[\"https:\/\/www.kantersanimalhealth.com\/es\/rumiantes\/equilibrio\/nutripreserve-basic\/\"]}]},{\"@type\":\"ImageObject\",\"inLanguage\":\"es\",\"@id\":\"https:\/\/www.kantersanimalhealth.com\/es\/rumiantes\/equilibrio\/nutripreserve-basic\/#primaryimage\",\"url\":\"https:\/\/www.kantersanimalhealth.com\/wp-content\/uploads\/elementor\/thumbs\/Nutripreserve20Basic-pp8n8se1fkj7m2bi5fzyqe4qcohsodrvkeprmotjcw.png\",\"contentUrl\":\"https:\/\/www.kantersanimalhealth.com\/wp-content\/uploads\/elementor\/thumbs\/Nutripreserve20Basic-pp8n8se1fkj7m2bi5fzyqe4qcohsodrvkeprmotjcw.png\"},{\"@type\":\"BreadcrumbList\",\"@id\":\"https:\/\/www.kantersanimalhealth.com\/es\/rumiantes\/equilibrio\/nutripreserve-basic\/#breadcrumb\",\"itemListElement\":[{\"@type\":\"ListItem\",\"position\":1,\"name\":\"Home\",\"item\":\"https:\/\/www.kantersanimalhealth.com\/es\/\"},{\"@type\":\"ListItem\",\"position\":2,\"name\":\"Rumiantes\",\"item\":\"https:\/\/www.kantersanimalhealth.com\/es\/rumiantes\/\"},{\"@type\":\"ListItem\",\"position\":3,\"name\":\"Equilibrio\",\"item\":\"https:\/\/www.kantersanimalhealth.com\/es\/rumiantes\/equilibrio\/\"},{\"@type\":\"ListItem\",\"position\":4,\"name\":\"Nutripreserve Basic\"}]},{\"@type\":\"WebSite\",\"@id\":\"https:\/\/www.kantersanimalhealth.com\/es\/#website\",\"url\":\"https:\/\/www.kantersanimalhealth.com\/es\/\",\"name\":\"Kanters\",\"description\":\"Special Products B.V.\",\"publisher\":{\"@id\":\"https:\/\/www.kantersanimalhealth.com\/es\/#organization\"},\"potentialAction\":[{\"@type\":\"SearchAction\",\"target\":{\"@type\":\"EntryPoint\",\"urlTemplate\":\"https:\/\/www.kantersanimalhealth.com\/es\/?s={search_term_string}\"},\"query-input\":{\"@type\":\"PropertyValueSpecification\",\"valueRequired\":true,\"valueName\":\"search_term_string\"}}],\"inLanguage\":\"es\"},{\"@type\":\"Organization\",\"@id\":\"https:\/\/www.kantersanimalhealth.com\/es\/#organization\",\"name\":\"Flavour Family\",\"url\":\"https:\/\/www.kantersanimalhealth.com\/es\/\",\"logo\":{\"@type\":\"ImageObject\",\"inLanguage\":\"es\",\"@id\":\"https:\/\/www.kantersanimalhealth.com\/es\/#\/schema\/logo\/image\/\",\"url\":\"\",\"contentUrl\":\"\",\"caption\":\"Flavour Family\"},\"image\":{\"@id\":\"https:\/\/www.kantersanimalhealth.com\/es\/#\/schema\/logo\/image\/\"},\"sameAs\":[\"https:\/\/www.facebook.com\/FlavourFamily\"]}]}<\/script>\n<!-- \/ Yoast SEO plugin. -->","yoast_head_json":{"title":"Nutripreserve Basic - Kanters","description":"Nutripreserve Basic estimula la producci\u00f3n de leche al mantener el pienso fresco, fr\u00edo y sabroso gracias a que contrarresta el sobrecalentamiento del alimento fibroso.","robots":{"index":"index","follow":"follow","max-snippet":"max-snippet:-1","max-image-preview":"max-image-preview:large","max-video-preview":"max-video-preview:-1"},"canonical":"https:\/\/www.kantersanimalhealth.com\/es\/rumiantes\/equilibrio\/nutripreserve-basic\/","og_locale":"es_ES","og_type":"article","og_title":"Nutripreserve Basic - Kanters","og_description":"Nutripreserve Basic estimula la producci\u00f3n de leche al mantener el pienso fresco, fr\u00edo y sabroso gracias a que contrarresta el sobrecalentamiento del alimento fibroso.","og_url":"https:\/\/www.kantersanimalhealth.com\/es\/rumiantes\/equilibrio\/nutripreserve-basic\/","og_site_name":"Kanters","article_publisher":"https:\/\/www.facebook.com\/FlavourFamily","article_modified_time":"2025-07-25T16:44:03+00:00","og_image":[{"url":"https:\/\/www.kantersanimalhealth.com\/wp-content\/uploads\/elementor\/thumbs\/Nutripreserve20Basic-pp8n8se1fkj7m2bi5fzyqe4qcohsodrvkeprmotjcw.png","type":"","width":"","height":""}],"twitter_card":"summary_large_image","twitter_misc":{"Tiempo de lectura":"1 minuto"},"schema":{"@context":"https:\/\/schema.org","@graph":[{"@type":"WebPage","@id":"https:\/\/www.kantersanimalhealth.com\/es\/rumiantes\/equilibrio\/nutripreserve-basic\/","url":"https:\/\/www.kantersanimalhealth.com\/es\/rumiantes\/equilibrio\/nutripreserve-basic\/","name":"Nutripreserve Basic - Kanters","isPartOf":{"@id":"https:\/\/www.kantersanimalhealth.com\/es\/#website"},"primaryImageOfPage":{"@id":"https:\/\/www.kantersanimalhealth.com\/es\/rumiantes\/equilibrio\/nutripreserve-basic\/#primaryimage"},"image":{"@id":"https:\/\/www.kantersanimalhealth.com\/es\/rumiantes\/equilibrio\/nutripreserve-basic\/#primaryimage"},"thumbnailUrl":"https:\/\/www.kantersanimalhealth.com\/wp-content\/uploads\/elementor\/thumbs\/Nutripreserve20Basic-pp8n8se1fkj7m2bi5fzyqe4qcohsodrvkeprmotjcw.png","datePublished":"2025-05-18T13:13:06+00:00","dateModified":"2025-07-25T16:44:03+00:00","description":"Nutripreserve Basic estimula la producci\u00f3n de leche al mantener el pienso fresco, fr\u00edo y sabroso gracias a que contrarresta el sobrecalentamiento del alimento fibroso.","breadcrumb":{"@id":"https:\/\/www.kantersanimalhealth.com\/es\/rumiantes\/equilibrio\/nutripreserve-basic\/#breadcrumb"},"inLanguage":"es","potentialAction":[{"@type":"ReadAction","target":["https:\/\/www.kantersanimalhealth.com\/es\/rumiantes\/equilibrio\/nutripreserve-basic\/"]}]},{"@type":"ImageObject","inLanguage":"es","@id":"https:\/\/www.kantersanimalhealth.com\/es\/rumiantes\/equilibrio\/nutripreserve-basic\/#primaryimage","url":"https:\/\/www.kantersanimalhealth.com\/wp-content\/uploads\/elementor\/thumbs\/Nutripreserve20Basic-pp8n8se1fkj7m2bi5fzyqe4qcohsodrvkeprmotjcw.png","contentUrl":"https:\/\/www.kantersanimalhealth.com\/wp-content\/uploads\/elementor\/thumbs\/Nutripreserve20Basic-pp8n8se1fkj7m2bi5fzyqe4qcohsodrvkeprmotjcw.png"},{"@type":"BreadcrumbList","@id":"https:\/\/www.kantersanimalhealth.com\/es\/rumiantes\/equilibrio\/nutripreserve-basic\/#breadcrumb","itemListElement":[{"@type":"ListItem","position":1,"name":"Home","item":"https:\/\/www.kantersanimalhealth.com\/es\/"},{"@type":"ListItem","position":2,"name":"Rumiantes","item":"https:\/\/www.kantersanimalhealth.com\/es\/rumiantes\/"},{"@type":"ListItem","position":3,"name":"Equilibrio","item":"https:\/\/www.kantersanimalhealth.com\/es\/rumiantes\/equilibrio\/"},{"@type":"ListItem","position":4,"name":"Nutripreserve Basic"}]},{"@type":"WebSite","@id":"https:\/\/www.kantersanimalhealth.com\/es\/#website","url":"https:\/\/www.kantersanimalhealth.com\/es\/","name":"Kanters","description":"Special Products B.V.","publisher":{"@id":"https:\/\/www.kantersanimalhealth.com\/es\/#organization"},"potentialAction":[{"@type":"SearchAction","target":{"@type":"EntryPoint","urlTemplate":"https:\/\/www.kantersanimalhealth.com\/es\/?s={search_term_string}"},"query-input":{"@type":"PropertyValueSpecification","valueRequired":true,"valueName":"search_term_string"}}],"inLanguage":"es"},{"@type":"Organization","@id":"https:\/\/www.kantersanimalhealth.com\/es\/#organization","name":"Flavour Family","url":"https:\/\/www.kantersanimalhealth.com\/es\/","logo":{"@type":"ImageObject","inLanguage":"es","@id":"https:\/\/www.kantersanimalhealth.com\/es\/#\/schema\/logo\/image\/","url":"","contentUrl":"","caption":"Flavour Family"},"image":{"@id":"https:\/\/www.kantersanimalhealth.com\/es\/#\/schema\/logo\/image\/"},"sameAs":["https:\/\/www.facebook.com\/FlavourFamily"]}]}},"_links":{"self":[{"href":"https:\/\/www.kantersanimalhealth.com\/es\/wp-json\/wp\/v2\/pages\/27233","targetHints":{"allow":["GET"]}}],"collection":[{"href":"https:\/\/www.kantersanimalhealth.com\/es\/wp-json\/wp\/v2\/pages"}],"about":[{"href":"https:\/\/www.kantersanimalhealth.com\/es\/wp-json\/wp\/v2\/types\/page"}],"author":[{"embeddable":true,"href":"https:\/\/www.kantersanimalhealth.com\/es\/wp-json\/wp\/v2\/users\/20"}],"replies":[{"embeddable":true,"href":"https:\/\/www.kantersanimalhealth.com\/es\/wp-json\/wp\/v2\/comments?post=27233"}],"version-history":[{"count":2,"href":"https:\/\/www.kantersanimalhealth.com\/es\/wp-json\/wp\/v2\/pages\/27233\/revisions"}],"predecessor-version":[{"id":28782,"href":"https:\/\/www.kantersanimalhealth.com\/es\/wp-json\/wp\/v2\/pages\/27233\/revisions\/28782"}],"up":[{"embeddable":true,"href":"https:\/\/www.kantersanimalhealth.com\/es\/wp-json\/wp\/v2\/pages\/27624"}],"wp:attachment":[{"href":"https:\/\/www.kantersanimalhealth.com\/es\/wp-json\/wp\/v2\/media?parent=27233"}],"curies":[{"name":"wp","href":"https:\/\/api.w.org\/{rel}","templated":true}]}}