{"id":25715,"date":"2025-02-25T09:27:12","date_gmt":"2025-02-25T08:27:12","guid":{"rendered":"https:\/\/www.kantersanimalhealth.com\/gefluegel\/ausgewogenheit\/kanters-acid-basic\/"},"modified":"2025-02-25T09:27:14","modified_gmt":"2025-02-25T08:27:14","slug":"kanters-acid-basic","status":"publish","type":"page","link":"https:\/\/www.kantersanimalhealth.com\/de\/gefluegel\/ausgewogenheit\/kanters-acid-basic\/","title":{"rendered":"Kanters Acid Basic"},"content":{"rendered":"\t\t<div data-elementor-type=\"wp-page\" data-elementor-id=\"25715\" class=\"elementor elementor-25715 elementor-24583\" data-elementor-post-type=\"page\">\n\t\t\t\t<div class=\"elementor-element elementor-element-6a2d8f6 e-con-full e-flex e-con e-parent\" data-id=\"6a2d8f6\" data-element_type=\"container\" data-e-type=\"container\" data-settings=\"{&quot;shape_divider_bottom&quot;:&quot;waves&quot;}\">\n\t\t\t\t<div class=\"elementor-shape elementor-shape-bottom\" aria-hidden=\"true\" data-negative=\"false\">\n\t\t\t<svg xmlns=\"http:\/\/www.w3.org\/2000\/svg\" viewBox=\"0 0 1000 100\" preserveAspectRatio=\"none\">\n\t<path class=\"elementor-shape-fill\" d=\"M421.9,6.5c22.6-2.5,51.5,0.4,75.5,5.3c23.6,4.9,70.9,23.5,100.5,35.7c75.8,32.2,133.7,44.5,192.6,49.7\n\tc23.6,2.1,48.7,3.5,103.4-2.5c54.7-6,106.2-25.6,106.2-25.6V0H0v30.3c0,0,72,32.6,158.4,30.5c39.2-0.7,92.8-6.7,134-22.4\n\tc21.2-8.1,52.2-18.2,79.7-24.2C399.3,7.9,411.6,7.5,421.9,6.5z\"\/>\n<\/svg>\t\t<\/div>\n\t\t<div class=\"elementor-element elementor-element-659a4b7 e-con-full e-flex e-con e-child\" data-id=\"659a4b7\" data-element_type=\"container\" data-e-type=\"container\">\n\t\t\t\t<div class=\"elementor-element elementor-element-4a0e9c8 elementor-widget elementor-widget-heading\" data-id=\"4a0e9c8\" data-element_type=\"widget\" data-e-type=\"widget\" data-widget_type=\"heading.default\">\n\t\t\t\t<div class=\"elementor-widget-container\">\n\t\t\t\t\t<div class=\"elementor-heading-title elementor-size-default\">Ausgewogenheit<\/div>\t\t\t\t<\/div>\n\t\t\t\t<\/div>\n\t\t\t\t<div class=\"elementor-element elementor-element-0a17944 elementor-widget elementor-widget-heading\" data-id=\"0a17944\" data-element_type=\"widget\" data-e-type=\"widget\" data-widget_type=\"heading.default\">\n\t\t\t\t<div class=\"elementor-widget-container\">\n\t\t\t\t\t<h1 class=\"elementor-heading-title elementor-size-default\">Kanters Acid Basic<\/h1>\t\t\t\t<\/div>\n\t\t\t\t<\/div>\n\t\t\t\t<div class=\"elementor-element elementor-element-3044e2e elementor-widget elementor-widget-heading\" data-id=\"3044e2e\" data-element_type=\"widget\" data-e-type=\"widget\" data-widget_type=\"heading.default\">\n\t\t\t\t<div class=\"elementor-widget-container\">\n\t\t\t\t\t<h3 class=\"elementor-heading-title elementor-size-default\">Schont das Trinkwasser<\/h3>\t\t\t\t<\/div>\n\t\t\t\t<\/div>\n\t\t\t\t<div class=\"elementor-element elementor-element-30db0a1 elementor-icon-list--layout-traditional elementor-list-item-link-full_width elementor-widget elementor-widget-icon-list\" data-id=\"30db0a1\" data-element_type=\"widget\" data-e-type=\"widget\" data-widget_type=\"icon-list.default\">\n\t\t\t\t<div class=\"elementor-widget-container\">\n\t\t\t\t\t\t\t<ul class=\"elementor-icon-list-items\">\n\t\t\t\t\t\t\t<li class=\"elementor-icon-list-item\">\n\t\t\t\t\t\t\t\t\t\t\t<span class=\"elementor-icon-list-icon\">\n\t\t\t\t\t\t\t<i aria-hidden=\"true\" class=\"fas fa-check\"><\/i>\t\t\t\t\t\t<\/span>\n\t\t\t\t\t\t\t\t\t\t<span class=\"elementor-icon-list-text\">Schnelles Absenken des pH-Werts des Wassers<\/span>\n\t\t\t\t\t\t\t\t\t<\/li>\n\t\t\t\t\t\t\t\t<li class=\"elementor-icon-list-item\">\n\t\t\t\t\t\t\t\t\t\t\t<span class=\"elementor-icon-list-icon\">\n\t\t\t\t\t\t\t<i aria-hidden=\"true\" class=\"fas fa-check\"><\/i>\t\t\t\t\t\t<\/span>\n\t\t\t\t\t\t\t\t\t\t<span class=\"elementor-icon-list-text\">Unterst\u00fctzt die Proteinverdauung<\/span>\n\t\t\t\t\t\t\t\t\t<\/li>\n\t\t\t\t\t\t\t\t<li class=\"elementor-icon-list-item\">\n\t\t\t\t\t\t\t\t\t\t\t<span class=\"elementor-icon-list-icon\">\n\t\t\t\t\t\t\t<i aria-hidden=\"true\" class=\"fas fa-check\"><\/i>\t\t\t\t\t\t<\/span>\n\t\t\t\t\t\t\t\t\t\t<span class=\"elementor-icon-list-text\">Sparsam in der Anwendung<\/span>\n\t\t\t\t\t\t\t\t\t<\/li>\n\t\t\t\t\t\t<\/ul>\n\t\t\t\t\t\t<\/div>\n\t\t\t\t<\/div>\n\t\t\t\t<div class=\"elementor-element elementor-element-ed284fd elementor-hidden-desktop elementor-hidden-tablet elementor-hidden-mobile elementor-widget elementor-widget-button\" data-id=\"ed284fd\" data-element_type=\"widget\" data-e-type=\"widget\" data-widget_type=\"button.default\">\n\t\t\t\t<div class=\"elementor-widget-container\">\n\t\t\t\t\t\t\t\t\t<div class=\"elementor-button-wrapper\">\n\t\t\t\t\t<a class=\"elementor-button elementor-button-link elementor-size-sm\" href=\"#\">\n\t\t\t\t\t\t<span class=\"elementor-button-content-wrapper\">\n\t\t\t\t\t\t\t\t\t<span class=\"elementor-button-text\">Laden Sie die Brosch\u00fcre herunter und erfahren Sie mehr<\/span>\n\t\t\t\t\t<\/span>\n\t\t\t\t\t<\/a>\n\t\t\t\t<\/div>\n\t\t\t\t\t\t\t\t<\/div>\n\t\t\t\t<\/div>\n\t\t\t\t<div class=\"elementor-element elementor-element-257754f elementor-widget elementor-widget-button\" data-id=\"257754f\" data-element_type=\"widget\" data-e-type=\"widget\" data-widget_type=\"button.default\">\n\t\t\t\t<div class=\"elementor-widget-container\">\n\t\t\t\t\t\t\t\t\t<div class=\"elementor-button-wrapper\">\n\t\t\t\t\t<a class=\"elementor-button elementor-button-link elementor-size-sm\" href=\"https:\/\/www.kantersanimalhealth.com\/de\/kontakt\/\">\n\t\t\t\t\t\t<span class=\"elementor-button-content-wrapper\">\n\t\t\t\t\t\t\t\t\t<span class=\"elementor-button-text\">Produkt bestellen<\/span>\n\t\t\t\t\t<\/span>\n\t\t\t\t\t<\/a>\n\t\t\t\t<\/div>\n\t\t\t\t\t\t\t\t<\/div>\n\t\t\t\t<\/div>\n\t\t\t\t<\/div>\n\t\t<div class=\"elementor-element elementor-element-4911272 e-con-full e-flex e-con e-child\" data-id=\"4911272\" data-element_type=\"container\" data-e-type=\"container\">\n\t\t\t\t<div class=\"elementor-element elementor-element-82e10a4 elementor-widget elementor-widget-image\" data-id=\"82e10a4\" data-element_type=\"widget\" data-e-type=\"widget\" data-widget_type=\"image.default\">\n\t\t\t\t<div class=\"elementor-widget-container\">\n\t\t\t\t\t\t\t\t\t\t\t\t\t\t\t<img fetchpriority=\"high\" decoding=\"async\" width=\"700\" height=\"700\" src=\"https:\/\/www.kantersanimalhealth.com\/wp-content\/uploads\/2024\/10\/Packshot-Kanters-Acid-Basic-20-kg-1.jpg\" class=\"attachment-medium_large size-medium_large wp-image-24843\" alt=\"\" srcset=\"https:\/\/www.kantersanimalhealth.com\/wp-content\/uploads\/2024\/10\/Packshot-Kanters-Acid-Basic-20-kg-1.jpg 700w, https:\/\/www.kantersanimalhealth.com\/wp-content\/uploads\/2024\/10\/Packshot-Kanters-Acid-Basic-20-kg-1-370x370.jpg 370w, https:\/\/www.kantersanimalhealth.com\/wp-content\/uploads\/2024\/10\/Packshot-Kanters-Acid-Basic-20-kg-1-150x150.jpg 150w\" sizes=\"(max-width: 700px) 100vw, 700px\" \/>\t\t\t\t\t\t\t\t\t\t\t\t\t\t\t<\/div>\n\t\t\t\t<\/div>\n\t\t\t\t<\/div>\n\t\t\t\t<\/div>\n\t\t<div class=\"elementor-element elementor-element-b4bf7ae e-flex e-con-boxed e-con e-parent\" data-id=\"b4bf7ae\" data-element_type=\"container\" data-e-type=\"container\" data-settings=\"{&quot;background_background&quot;:&quot;classic&quot;}\">\n\t\t\t\t\t<div class=\"e-con-inner\">\n\t\t<div class=\"elementor-element elementor-element-5111251 e-con-full e-flex e-con e-child\" data-id=\"5111251\" data-element_type=\"container\" data-e-type=\"container\">\n\t\t\t\t<div class=\"elementor-element elementor-element-1781ece elementor-widget elementor-widget-heading\" data-id=\"1781ece\" data-element_type=\"widget\" data-e-type=\"widget\" data-widget_type=\"heading.default\">\n\t\t\t\t<div class=\"elementor-widget-container\">\n\t\t\t\t\t<h2 class=\"elementor-heading-title elementor-size-default\">Was ist es?<\/h2>\t\t\t\t<\/div>\n\t\t\t\t<\/div>\n\t\t\t\t<div class=\"elementor-element elementor-element-c3b17c5 elementor-widget elementor-widget-text-editor\" data-id=\"c3b17c5\" data-element_type=\"widget\" data-e-type=\"widget\" data-widget_type=\"text-editor.default\">\n\t\t\t\t<div class=\"elementor-widget-container\">\n\t\t\t\t\t\t\t\t\t<p>Kanters Acid Basic ist eine hochwirksame Mischung aus ungepufferten organischen S\u00e4uren, die den pH-Wert des Tr\u00e4nkewassers schnell absenkt, wodurch das Tr\u00e4nkewasser konserviert und die Eiwei\u00dfverdauung Ihrer H\u00fchner unterst\u00fctzt wird. Es kann allein oder mit anderen Produkten verwendet werden, um das gew\u00fcnschte Ergebnis zu erzielen. <\/p>\n\t\t\t\t\t\t\t\t<\/div>\n\t\t\t\t<\/div>\n\t\t\t\t<\/div>\n\t\t\t\t\t<\/div>\n\t\t\t\t<\/div>\n\t\t<div class=\"elementor-element elementor-element-92e1357 e-flex e-con-boxed e-con e-parent\" data-id=\"92e1357\" data-element_type=\"container\" data-e-type=\"container\">\n\t\t\t\t\t<div class=\"e-con-inner\">\n\t\t<div class=\"elementor-element elementor-element-822fe7b e-con-full e-flex e-con e-child\" data-id=\"822fe7b\" data-element_type=\"container\" data-e-type=\"container\">\n\t\t\t\t<div class=\"elementor-element elementor-element-4c6032b elementor-widget elementor-widget-heading\" data-id=\"4c6032b\" data-element_type=\"widget\" data-e-type=\"widget\" data-widget_type=\"heading.default\">\n\t\t\t\t<div class=\"elementor-widget-container\">\n\t\t\t\t\t<h3 class=\"elementor-heading-title elementor-size-default\">Wann verwenden?<\/h3>\t\t\t\t<\/div>\n\t\t\t\t<\/div>\n\t\t\t\t<div class=\"elementor-element elementor-element-d87a8a2 elementor-widget elementor-widget-text-editor\" data-id=\"d87a8a2\" data-element_type=\"widget\" data-e-type=\"widget\" data-widget_type=\"text-editor.default\">\n\t\t\t\t<div class=\"elementor-widget-container\">\n\t\t\t\t\t\t\t\t\t<ul>\n<li>F\u00fcr die Erhaltung des Trinkwassers<\/li>\n<li>Als pH-Regulator f\u00fcr andere Produkte<\/li>\n<\/ul>\n\t\t\t\t\t\t\t\t<\/div>\n\t\t\t\t<\/div>\n\t\t\t\t<\/div>\n\t\t<div class=\"elementor-element elementor-element-2372fac e-con-full e-flex e-con e-child\" data-id=\"2372fac\" data-element_type=\"container\" data-e-type=\"container\">\n\t\t\t\t<div class=\"elementor-element elementor-element-76a683e elementor-widget elementor-widget-heading\" data-id=\"76a683e\" data-element_type=\"widget\" data-e-type=\"widget\" data-widget_type=\"heading.default\">\n\t\t\t\t<div class=\"elementor-widget-container\">\n\t\t\t\t\t<h3 class=\"elementor-heading-title elementor-size-default\">Verpackung<\/h3>\t\t\t\t<\/div>\n\t\t\t\t<\/div>\n\t\t\t\t<div class=\"elementor-element elementor-element-c093c6a elementor-icon-list--layout-traditional elementor-list-item-link-full_width elementor-widget elementor-widget-icon-list\" data-id=\"c093c6a\" data-element_type=\"widget\" data-e-type=\"widget\" data-widget_type=\"icon-list.default\">\n\t\t\t\t<div class=\"elementor-widget-container\">\n\t\t\t\t\t\t\t<ul class=\"elementor-icon-list-items\">\n\t\t\t\t\t\t\t<li class=\"elementor-icon-list-item\">\n\t\t\t\t\t\t\t\t\t\t\t<span class=\"elementor-icon-list-icon\">\n\t\t\t\t\t\t\t<i aria-hidden=\"true\" class=\"fas fa-check\"><\/i>\t\t\t\t\t\t<\/span>\n\t\t\t\t\t\t\t\t\t\t<span class=\"elementor-icon-list-text\">20-kg-Kanister<\/span>\n\t\t\t\t\t\t\t\t\t<\/li>\n\t\t\t\t\t\t\t\t<li class=\"elementor-icon-list-item\">\n\t\t\t\t\t\t\t\t\t\t\t<span class=\"elementor-icon-list-icon\">\n\t\t\t\t\t\t\t<i aria-hidden=\"true\" class=\"fas fa-check\"><\/i>\t\t\t\t\t\t<\/span>\n\t\t\t\t\t\t\t\t\t\t<span class=\"elementor-icon-list-text\">225-kg-Fass<\/span>\n\t\t\t\t\t\t\t\t\t<\/li>\n\t\t\t\t\t\t\t\t<li class=\"elementor-icon-list-item\">\n\t\t\t\t\t\t\t\t\t\t\t<span class=\"elementor-icon-list-icon\">\n\t\t\t\t\t\t\t<i aria-hidden=\"true\" class=\"fas fa-check\"><\/i>\t\t\t\t\t\t<\/span>\n\t\t\t\t\t\t\t\t\t\t<span class=\"elementor-icon-list-text\">1100-kg-IBC<\/span>\n\t\t\t\t\t\t\t\t\t<\/li>\n\t\t\t\t\t\t<\/ul>\n\t\t\t\t\t\t<\/div>\n\t\t\t\t<\/div>\n\t\t\t\t<\/div>\n\t\t\t\t\t<\/div>\n\t\t\t\t<\/div>\n\t\t\t\t<\/div>\n\t\t","protected":false},"excerpt":{"rendered":"<p>Ausgewogenheit Kanters Acid Basic Schont das Trinkwasser Schnelles Absenken des pH-Werts des Wassers Unterst\u00fctzt die Proteinverdauung Sparsam in der Anwendung Laden Sie die Brosch\u00fcre herunter und erfahren Sie mehr Produkt bestellen Was ist es? Kanters Acid Basic ist eine hochwirksame Mischung aus ungepufferten organischen S\u00e4uren, die den pH-Wert des Tr\u00e4nkewassers schnell absenkt, wodurch das Tr\u00e4nkewasser [&hellip;]<\/p>\n","protected":false},"author":20,"featured_media":0,"parent":23295,"menu_order":0,"comment_status":"closed","ping_status":"closed","template":"","meta":{"footnotes":""},"class_list":["post-25715","page","type-page","status-publish","hentry"],"yoast_head":"<!-- This site is optimized with the Yoast SEO plugin v27.2 - https:\/\/yoast.com\/product\/yoast-seo-wordpress\/ -->\n<title>Kanters Acid Basic - Kanters<\/title>\n<meta name=\"robots\" content=\"index, follow, max-snippet:-1, max-image-preview:large, max-video-preview:-1\" \/>\n<link rel=\"canonical\" href=\"https:\/\/www.kantersanimalhealth.com\/de\/gefluegel\/ausgewogenheit\/kanters-acid-basic\/\" \/>\n<meta property=\"og:locale\" content=\"de_DE\" \/>\n<meta property=\"og:type\" content=\"article\" \/>\n<meta property=\"og:title\" content=\"Kanters Acid Basic - Kanters\" \/>\n<meta property=\"og:description\" content=\"Ausgewogenheit Kanters Acid Basic Schont das Trinkwasser Schnelles Absenken des pH-Werts des Wassers Unterst\u00fctzt die Proteinverdauung Sparsam in der Anwendung Laden Sie die Brosch\u00fcre herunter und erfahren Sie mehr Produkt bestellen Was ist es? Kanters Acid Basic ist eine hochwirksame Mischung aus ungepufferten organischen S\u00e4uren, die den pH-Wert des Tr\u00e4nkewassers schnell absenkt, wodurch das Tr\u00e4nkewasser [&hellip;]\" \/>\n<meta property=\"og:url\" content=\"https:\/\/www.kantersanimalhealth.com\/de\/gefluegel\/ausgewogenheit\/kanters-acid-basic\/\" \/>\n<meta property=\"og:site_name\" content=\"Kanters\" \/>\n<meta property=\"article:publisher\" content=\"https:\/\/www.facebook.com\/FlavourFamily\" \/>\n<meta property=\"article:modified_time\" content=\"2025-02-25T08:27:14+00:00\" \/>\n<meta property=\"og:image\" content=\"https:\/\/www.kantersanimalhealth.com\/wp-content\/uploads\/2024\/10\/Packshot-Kanters-Acid-Basic-20-kg-1.jpg\" \/>\n\t<meta property=\"og:image:width\" content=\"700\" \/>\n\t<meta property=\"og:image:height\" content=\"700\" \/>\n\t<meta property=\"og:image:type\" content=\"image\/jpeg\" \/>\n<meta name=\"twitter:card\" content=\"summary_large_image\" \/>\n<meta name=\"twitter:label1\" content=\"Gesch\u00e4tzte Lesezeit\" \/>\n\t<meta name=\"twitter:data1\" content=\"1\u00a0Minute\" \/>\n<script type=\"application\/ld+json\" class=\"yoast-schema-graph\">{\"@context\":\"https:\/\/schema.org\",\"@graph\":[{\"@type\":\"WebPage\",\"@id\":\"https:\/\/www.kantersanimalhealth.com\/de\/gefluegel\/ausgewogenheit\/kanters-acid-basic\/\",\"url\":\"https:\/\/www.kantersanimalhealth.com\/de\/gefluegel\/ausgewogenheit\/kanters-acid-basic\/\",\"name\":\"Kanters Acid Basic - Kanters\",\"isPartOf\":{\"@id\":\"https:\/\/www.kantersanimalhealth.com\/de\/#website\"},\"primaryImageOfPage\":{\"@id\":\"https:\/\/www.kantersanimalhealth.com\/de\/gefluegel\/ausgewogenheit\/kanters-acid-basic\/#primaryimage\"},\"image\":{\"@id\":\"https:\/\/www.kantersanimalhealth.com\/de\/gefluegel\/ausgewogenheit\/kanters-acid-basic\/#primaryimage\"},\"thumbnailUrl\":\"https:\/\/www.kantersanimalhealth.com\/wp-content\/uploads\/2024\/10\/Packshot-Kanters-Acid-Basic-20-kg-1.jpg\",\"datePublished\":\"2025-02-25T08:27:12+00:00\",\"dateModified\":\"2025-02-25T08:27:14+00:00\",\"breadcrumb\":{\"@id\":\"https:\/\/www.kantersanimalhealth.com\/de\/gefluegel\/ausgewogenheit\/kanters-acid-basic\/#breadcrumb\"},\"inLanguage\":\"de\",\"potentialAction\":[{\"@type\":\"ReadAction\",\"target\":[\"https:\/\/www.kantersanimalhealth.com\/de\/gefluegel\/ausgewogenheit\/kanters-acid-basic\/\"]}]},{\"@type\":\"ImageObject\",\"inLanguage\":\"de\",\"@id\":\"https:\/\/www.kantersanimalhealth.com\/de\/gefluegel\/ausgewogenheit\/kanters-acid-basic\/#primaryimage\",\"url\":\"https:\/\/www.kantersanimalhealth.com\/wp-content\/uploads\/2024\/10\/Packshot-Kanters-Acid-Basic-20-kg-1.jpg\",\"contentUrl\":\"https:\/\/www.kantersanimalhealth.com\/wp-content\/uploads\/2024\/10\/Packshot-Kanters-Acid-Basic-20-kg-1.jpg\"},{\"@type\":\"BreadcrumbList\",\"@id\":\"https:\/\/www.kantersanimalhealth.com\/de\/gefluegel\/ausgewogenheit\/kanters-acid-basic\/#breadcrumb\",\"itemListElement\":[{\"@type\":\"ListItem\",\"position\":1,\"name\":\"Home\",\"item\":\"https:\/\/www.kantersanimalhealth.com\/de\/\"},{\"@type\":\"ListItem\",\"position\":2,\"name\":\"Gefl\u00fcgel\",\"item\":\"https:\/\/www.kantersanimalhealth.com\/de\/gefluegel\/\"},{\"@type\":\"ListItem\",\"position\":3,\"name\":\"Ausgewogenheit\",\"item\":\"https:\/\/www.kantersanimalhealth.com\/de\/gefluegel\/ausgewogenheit\/\"},{\"@type\":\"ListItem\",\"position\":4,\"name\":\"Kanters Acid Basic\"}]},{\"@type\":\"WebSite\",\"@id\":\"https:\/\/www.kantersanimalhealth.com\/de\/#website\",\"url\":\"https:\/\/www.kantersanimalhealth.com\/de\/\",\"name\":\"Kanters\",\"description\":\"Special Products B.V.\",\"publisher\":{\"@id\":\"https:\/\/www.kantersanimalhealth.com\/de\/#organization\"},\"potentialAction\":[{\"@type\":\"SearchAction\",\"target\":{\"@type\":\"EntryPoint\",\"urlTemplate\":\"https:\/\/www.kantersanimalhealth.com\/de\/?s={search_term_string}\"},\"query-input\":{\"@type\":\"PropertyValueSpecification\",\"valueRequired\":true,\"valueName\":\"search_term_string\"}}],\"inLanguage\":\"de\"},{\"@type\":\"Organization\",\"@id\":\"https:\/\/www.kantersanimalhealth.com\/de\/#organization\",\"name\":\"Flavour Family\",\"url\":\"https:\/\/www.kantersanimalhealth.com\/de\/\",\"logo\":{\"@type\":\"ImageObject\",\"inLanguage\":\"de\",\"@id\":\"https:\/\/www.kantersanimalhealth.com\/de\/#\/schema\/logo\/image\/\",\"url\":\"\",\"contentUrl\":\"\",\"caption\":\"Flavour Family\"},\"image\":{\"@id\":\"https:\/\/www.kantersanimalhealth.com\/de\/#\/schema\/logo\/image\/\"},\"sameAs\":[\"https:\/\/www.facebook.com\/FlavourFamily\"]}]}<\/script>\n<!-- \/ Yoast SEO plugin. -->","yoast_head_json":{"title":"Kanters Acid Basic - Kanters","robots":{"index":"index","follow":"follow","max-snippet":"max-snippet:-1","max-image-preview":"max-image-preview:large","max-video-preview":"max-video-preview:-1"},"canonical":"https:\/\/www.kantersanimalhealth.com\/de\/gefluegel\/ausgewogenheit\/kanters-acid-basic\/","og_locale":"de_DE","og_type":"article","og_title":"Kanters Acid Basic - Kanters","og_description":"Ausgewogenheit Kanters Acid Basic Schont das Trinkwasser Schnelles Absenken des pH-Werts des Wassers Unterst\u00fctzt die Proteinverdauung Sparsam in der Anwendung Laden Sie die Brosch\u00fcre herunter und erfahren Sie mehr Produkt bestellen Was ist es? Kanters Acid Basic ist eine hochwirksame Mischung aus ungepufferten organischen S\u00e4uren, die den pH-Wert des Tr\u00e4nkewassers schnell absenkt, wodurch das Tr\u00e4nkewasser [&hellip;]","og_url":"https:\/\/www.kantersanimalhealth.com\/de\/gefluegel\/ausgewogenheit\/kanters-acid-basic\/","og_site_name":"Kanters","article_publisher":"https:\/\/www.facebook.com\/FlavourFamily","article_modified_time":"2025-02-25T08:27:14+00:00","og_image":[{"width":700,"height":700,"url":"https:\/\/www.kantersanimalhealth.com\/wp-content\/uploads\/2024\/10\/Packshot-Kanters-Acid-Basic-20-kg-1.jpg","type":"image\/jpeg"}],"twitter_card":"summary_large_image","twitter_misc":{"Gesch\u00e4tzte Lesezeit":"1\u00a0Minute"},"schema":{"@context":"https:\/\/schema.org","@graph":[{"@type":"WebPage","@id":"https:\/\/www.kantersanimalhealth.com\/de\/gefluegel\/ausgewogenheit\/kanters-acid-basic\/","url":"https:\/\/www.kantersanimalhealth.com\/de\/gefluegel\/ausgewogenheit\/kanters-acid-basic\/","name":"Kanters Acid Basic - Kanters","isPartOf":{"@id":"https:\/\/www.kantersanimalhealth.com\/de\/#website"},"primaryImageOfPage":{"@id":"https:\/\/www.kantersanimalhealth.com\/de\/gefluegel\/ausgewogenheit\/kanters-acid-basic\/#primaryimage"},"image":{"@id":"https:\/\/www.kantersanimalhealth.com\/de\/gefluegel\/ausgewogenheit\/kanters-acid-basic\/#primaryimage"},"thumbnailUrl":"https:\/\/www.kantersanimalhealth.com\/wp-content\/uploads\/2024\/10\/Packshot-Kanters-Acid-Basic-20-kg-1.jpg","datePublished":"2025-02-25T08:27:12+00:00","dateModified":"2025-02-25T08:27:14+00:00","breadcrumb":{"@id":"https:\/\/www.kantersanimalhealth.com\/de\/gefluegel\/ausgewogenheit\/kanters-acid-basic\/#breadcrumb"},"inLanguage":"de","potentialAction":[{"@type":"ReadAction","target":["https:\/\/www.kantersanimalhealth.com\/de\/gefluegel\/ausgewogenheit\/kanters-acid-basic\/"]}]},{"@type":"ImageObject","inLanguage":"de","@id":"https:\/\/www.kantersanimalhealth.com\/de\/gefluegel\/ausgewogenheit\/kanters-acid-basic\/#primaryimage","url":"https:\/\/www.kantersanimalhealth.com\/wp-content\/uploads\/2024\/10\/Packshot-Kanters-Acid-Basic-20-kg-1.jpg","contentUrl":"https:\/\/www.kantersanimalhealth.com\/wp-content\/uploads\/2024\/10\/Packshot-Kanters-Acid-Basic-20-kg-1.jpg"},{"@type":"BreadcrumbList","@id":"https:\/\/www.kantersanimalhealth.com\/de\/gefluegel\/ausgewogenheit\/kanters-acid-basic\/#breadcrumb","itemListElement":[{"@type":"ListItem","position":1,"name":"Home","item":"https:\/\/www.kantersanimalhealth.com\/de\/"},{"@type":"ListItem","position":2,"name":"Gefl\u00fcgel","item":"https:\/\/www.kantersanimalhealth.com\/de\/gefluegel\/"},{"@type":"ListItem","position":3,"name":"Ausgewogenheit","item":"https:\/\/www.kantersanimalhealth.com\/de\/gefluegel\/ausgewogenheit\/"},{"@type":"ListItem","position":4,"name":"Kanters Acid Basic"}]},{"@type":"WebSite","@id":"https:\/\/www.kantersanimalhealth.com\/de\/#website","url":"https:\/\/www.kantersanimalhealth.com\/de\/","name":"Kanters","description":"Special Products B.V.","publisher":{"@id":"https:\/\/www.kantersanimalhealth.com\/de\/#organization"},"potentialAction":[{"@type":"SearchAction","target":{"@type":"EntryPoint","urlTemplate":"https:\/\/www.kantersanimalhealth.com\/de\/?s={search_term_string}"},"query-input":{"@type":"PropertyValueSpecification","valueRequired":true,"valueName":"search_term_string"}}],"inLanguage":"de"},{"@type":"Organization","@id":"https:\/\/www.kantersanimalhealth.com\/de\/#organization","name":"Flavour Family","url":"https:\/\/www.kantersanimalhealth.com\/de\/","logo":{"@type":"ImageObject","inLanguage":"de","@id":"https:\/\/www.kantersanimalhealth.com\/de\/#\/schema\/logo\/image\/","url":"","contentUrl":"","caption":"Flavour Family"},"image":{"@id":"https:\/\/www.kantersanimalhealth.com\/de\/#\/schema\/logo\/image\/"},"sameAs":["https:\/\/www.facebook.com\/FlavourFamily"]}]}},"_links":{"self":[{"href":"https:\/\/www.kantersanimalhealth.com\/de\/wp-json\/wp\/v2\/pages\/25715","targetHints":{"allow":["GET"]}}],"collection":[{"href":"https:\/\/www.kantersanimalhealth.com\/de\/wp-json\/wp\/v2\/pages"}],"about":[{"href":"https:\/\/www.kantersanimalhealth.com\/de\/wp-json\/wp\/v2\/types\/page"}],"author":[{"embeddable":true,"href":"https:\/\/www.kantersanimalhealth.com\/de\/wp-json\/wp\/v2\/users\/20"}],"replies":[{"embeddable":true,"href":"https:\/\/www.kantersanimalhealth.com\/de\/wp-json\/wp\/v2\/comments?post=25715"}],"version-history":[{"count":1,"href":"https:\/\/www.kantersanimalhealth.com\/de\/wp-json\/wp\/v2\/pages\/25715\/revisions"}],"predecessor-version":[{"id":25716,"href":"https:\/\/www.kantersanimalhealth.com\/de\/wp-json\/wp\/v2\/pages\/25715\/revisions\/25716"}],"up":[{"embeddable":true,"href":"https:\/\/www.kantersanimalhealth.com\/de\/wp-json\/wp\/v2\/pages\/23295"}],"wp:attachment":[{"href":"https:\/\/www.kantersanimalhealth.com\/de\/wp-json\/wp\/v2\/media?parent=25715"}],"curies":[{"name":"wp","href":"https:\/\/api.w.org\/{rel}","templated":true}]}}