{"id":25595,"date":"2025-02-24T08:15:50","date_gmt":"2025-02-24T07:15:50","guid":{"rendered":"https:\/\/www.kantersanimalhealth.com\/rinder\/ausgewogenheit\/nutripreserve-aqua-l\/"},"modified":"2025-03-04T15:55:40","modified_gmt":"2025-03-04T14:55:40","slug":"nutripreserve-aqua-l","status":"publish","type":"page","link":"https:\/\/www.kantersanimalhealth.com\/de\/rinder\/hygiene\/nutripreserve-aqua-l\/","title":{"rendered":"Nutripreserve Aqua L"},"content":{"rendered":"\t\t<div data-elementor-type=\"wp-page\" data-elementor-id=\"25595\" class=\"elementor elementor-25595 elementor-24708\" data-elementor-post-type=\"page\">\n\t\t\t\t<div class=\"elementor-element elementor-element-6a2d8f6 e-con-full e-flex e-con e-parent\" data-id=\"6a2d8f6\" data-element_type=\"container\" data-e-type=\"container\" data-settings=\"{&quot;shape_divider_bottom&quot;:&quot;waves&quot;}\">\n\t\t\t\t<div class=\"elementor-shape elementor-shape-bottom\" aria-hidden=\"true\" data-negative=\"false\">\n\t\t\t<svg xmlns=\"http:\/\/www.w3.org\/2000\/svg\" viewBox=\"0 0 1000 100\" preserveAspectRatio=\"none\">\n\t<path class=\"elementor-shape-fill\" d=\"M421.9,6.5c22.6-2.5,51.5,0.4,75.5,5.3c23.6,4.9,70.9,23.5,100.5,35.7c75.8,32.2,133.7,44.5,192.6,49.7\n\tc23.6,2.1,48.7,3.5,103.4-2.5c54.7-6,106.2-25.6,106.2-25.6V0H0v30.3c0,0,72,32.6,158.4,30.5c39.2-0.7,92.8-6.7,134-22.4\n\tc21.2-8.1,52.2-18.2,79.7-24.2C399.3,7.9,411.6,7.5,421.9,6.5z\"\/>\n<\/svg>\t\t<\/div>\n\t\t<div class=\"elementor-element elementor-element-659a4b7 e-con-full e-flex e-con e-child\" data-id=\"659a4b7\" data-element_type=\"container\" data-e-type=\"container\">\n\t\t\t\t<div class=\"elementor-element elementor-element-4a0e9c8 elementor-widget elementor-widget-heading\" data-id=\"4a0e9c8\" data-element_type=\"widget\" data-e-type=\"widget\" data-widget_type=\"heading.default\">\n\t\t\t\t<div class=\"elementor-widget-container\">\n\t\t\t\t\t<div class=\"elementor-heading-title elementor-size-default\">Ausgewogenheitprodukt<\/div>\t\t\t\t<\/div>\n\t\t\t\t<\/div>\n\t\t\t\t<div class=\"elementor-element elementor-element-0a17944 elementor-widget elementor-widget-heading\" data-id=\"0a17944\" data-element_type=\"widget\" data-e-type=\"widget\" data-widget_type=\"heading.default\">\n\t\t\t\t<div class=\"elementor-widget-container\">\n\t\t\t\t\t<h1 class=\"elementor-heading-title elementor-size-default\">Nutripreserve Aqua L<\/h1>\t\t\t\t<\/div>\n\t\t\t\t<\/div>\n\t\t\t\t<div class=\"elementor-element elementor-element-3044e2e elementor-widget elementor-widget-heading\" data-id=\"3044e2e\" data-element_type=\"widget\" data-e-type=\"widget\" data-widget_type=\"heading.default\">\n\t\t\t\t<div class=\"elementor-widget-container\">\n\t\t\t\t\t<h3 class=\"elementor-heading-title elementor-size-default\">Trinkwassersysteme frei von mineralischen Ablagerungen<\/h3>\t\t\t\t<\/div>\n\t\t\t\t<\/div>\n\t\t\t\t<div class=\"elementor-element elementor-element-30db0a1 elementor-icon-list--layout-traditional elementor-list-item-link-full_width elementor-widget elementor-widget-icon-list\" data-id=\"30db0a1\" data-element_type=\"widget\" data-e-type=\"widget\" data-widget_type=\"icon-list.default\">\n\t\t\t\t<div class=\"elementor-widget-container\">\n\t\t\t\t\t\t\t<ul class=\"elementor-icon-list-items\">\n\t\t\t\t\t\t\t<li class=\"elementor-icon-list-item\">\n\t\t\t\t\t\t\t\t\t\t\t<span class=\"elementor-icon-list-icon\">\n\t\t\t\t\t\t\t<i aria-hidden=\"true\" class=\"fas fa-check\"><\/i>\t\t\t\t\t\t<\/span>\n\t\t\t\t\t\t\t\t\t\t<span class=\"elementor-icon-list-text\">Entfernt mineralische Ablagerungen aus Trinkleitungen<\/span>\n\t\t\t\t\t\t\t\t\t<\/li>\n\t\t\t\t\t\t\t\t<li class=\"elementor-icon-list-item\">\n\t\t\t\t\t\t\t\t\t\t\t<span class=\"elementor-icon-list-icon\">\n\t\t\t\t\t\t\t<i aria-hidden=\"true\" class=\"fas fa-check\"><\/i>\t\t\t\t\t\t<\/span>\n\t\t\t\t\t\t\t\t\t\t<span class=\"elementor-icon-list-text\">Verhindert mineralische Ablagerungen und R\u00fcckst\u00e4nde<\/span>\n\t\t\t\t\t\t\t\t\t<\/li>\n\t\t\t\t\t\t\t\t<li class=\"elementor-icon-list-item\">\n\t\t\t\t\t\t\t\t\t\t\t<span class=\"elementor-icon-list-icon\">\n\t\t\t\t\t\t\t<i aria-hidden=\"true\" class=\"fas fa-check\"><\/i>\t\t\t\t\t\t<\/span>\n\t\t\t\t\t\t\t\t\t\t<span class=\"elementor-icon-list-text\">Geeignet f\u00fcr die Verwendung bei anwesenden Tieren<\/span>\n\t\t\t\t\t\t\t\t\t<\/li>\n\t\t\t\t\t\t\t\t<li class=\"elementor-icon-list-item\">\n\t\t\t\t\t\t\t\t\t\t\t<span class=\"elementor-icon-list-icon\">\n\t\t\t\t\t\t\t<i aria-hidden=\"true\" class=\"fas fa-check\"><\/i>\t\t\t\t\t\t<\/span>\n\t\t\t\t\t\t\t\t\t\t<span class=\"elementor-icon-list-text\">Schmackhaftes Trinkwasser<\/span>\n\t\t\t\t\t\t\t\t\t<\/li>\n\t\t\t\t\t\t<\/ul>\n\t\t\t\t\t\t<\/div>\n\t\t\t\t<\/div>\n\t\t\t\t<div class=\"elementor-element elementor-element-ed284fd elementor-hidden-desktop elementor-hidden-tablet elementor-hidden-mobile elementor-widget elementor-widget-button\" data-id=\"ed284fd\" data-element_type=\"widget\" data-e-type=\"widget\" data-widget_type=\"button.default\">\n\t\t\t\t<div class=\"elementor-widget-container\">\n\t\t\t\t\t\t\t\t\t<div class=\"elementor-button-wrapper\">\n\t\t\t\t\t<a class=\"elementor-button elementor-button-link elementor-size-sm\" href=\"#\">\n\t\t\t\t\t\t<span class=\"elementor-button-content-wrapper\">\n\t\t\t\t\t\t\t\t\t<span class=\"elementor-button-text\">Laden Sie die Brosch\u00fcre herunter und erfahren Sie mehr<\/span>\n\t\t\t\t\t<\/span>\n\t\t\t\t\t<\/a>\n\t\t\t\t<\/div>\n\t\t\t\t\t\t\t\t<\/div>\n\t\t\t\t<\/div>\n\t\t\t\t<div class=\"elementor-element elementor-element-257754f elementor-widget elementor-widget-button\" data-id=\"257754f\" data-element_type=\"widget\" data-e-type=\"widget\" data-widget_type=\"button.default\">\n\t\t\t\t<div class=\"elementor-widget-container\">\n\t\t\t\t\t\t\t\t\t<div class=\"elementor-button-wrapper\">\n\t\t\t\t\t<a class=\"elementor-button elementor-button-link elementor-size-sm\" href=\"https:\/\/www.kantersanimalhealth.com\/de\/kontakt\/\">\n\t\t\t\t\t\t<span class=\"elementor-button-content-wrapper\">\n\t\t\t\t\t\t\t\t\t<span class=\"elementor-button-text\">Produkt bestellen<\/span>\n\t\t\t\t\t<\/span>\n\t\t\t\t\t<\/a>\n\t\t\t\t<\/div>\n\t\t\t\t\t\t\t\t<\/div>\n\t\t\t\t<\/div>\n\t\t\t\t<\/div>\n\t\t<div class=\"elementor-element elementor-element-4911272 e-con-full e-flex e-con e-child\" data-id=\"4911272\" data-element_type=\"container\" data-e-type=\"container\">\n\t\t\t\t<div class=\"elementor-element elementor-element-82e10a4 elementor-widget elementor-widget-image\" data-id=\"82e10a4\" data-element_type=\"widget\" data-e-type=\"widget\" data-widget_type=\"image.default\">\n\t\t\t\t<div class=\"elementor-widget-container\">\n\t\t\t\t\t\t\t\t\t\t\t\t\t\t\t<img fetchpriority=\"high\" decoding=\"async\" width=\"700\" height=\"700\" src=\"https:\/\/www.kantersanimalhealth.com\/wp-content\/uploads\/2025\/03\/Packshot-Nutripreserve-Aqua-L-20-kg-1.jpg\" class=\"attachment-full size-full wp-image-25852\" alt=\"\" srcset=\"https:\/\/www.kantersanimalhealth.com\/wp-content\/uploads\/2025\/03\/Packshot-Nutripreserve-Aqua-L-20-kg-1.jpg 700w, https:\/\/www.kantersanimalhealth.com\/wp-content\/uploads\/2025\/03\/Packshot-Nutripreserve-Aqua-L-20-kg-1-370x370.jpg 370w, https:\/\/www.kantersanimalhealth.com\/wp-content\/uploads\/2025\/03\/Packshot-Nutripreserve-Aqua-L-20-kg-1-150x150.jpg 150w, https:\/\/www.kantersanimalhealth.com\/wp-content\/uploads\/2025\/03\/Packshot-Nutripreserve-Aqua-L-20-kg-1-300x300.jpg 300w, https:\/\/www.kantersanimalhealth.com\/wp-content\/uploads\/2025\/03\/Packshot-Nutripreserve-Aqua-L-20-kg-1-400x400.jpg 400w, https:\/\/www.kantersanimalhealth.com\/wp-content\/uploads\/2025\/03\/Packshot-Nutripreserve-Aqua-L-20-kg-1-600x600.jpg 600w\" sizes=\"(max-width: 700px) 100vw, 700px\" \/>\t\t\t\t\t\t\t\t\t\t\t\t\t\t\t<\/div>\n\t\t\t\t<\/div>\n\t\t\t\t<\/div>\n\t\t\t\t<\/div>\n\t\t<div class=\"elementor-element elementor-element-b4bf7ae e-flex e-con-boxed e-con e-parent\" data-id=\"b4bf7ae\" data-element_type=\"container\" data-e-type=\"container\" data-settings=\"{&quot;background_background&quot;:&quot;classic&quot;}\">\n\t\t\t\t\t<div class=\"e-con-inner\">\n\t\t<div class=\"elementor-element elementor-element-5111251 e-con-full e-flex e-con e-child\" data-id=\"5111251\" data-element_type=\"container\" data-e-type=\"container\">\n\t\t\t\t<div class=\"elementor-element elementor-element-1781ece elementor-widget elementor-widget-heading\" data-id=\"1781ece\" data-element_type=\"widget\" data-e-type=\"widget\" data-widget_type=\"heading.default\">\n\t\t\t\t<div class=\"elementor-widget-container\">\n\t\t\t\t\t<h2 class=\"elementor-heading-title elementor-size-default\">Was ist es?<\/h2>\t\t\t\t<\/div>\n\t\t\t\t<\/div>\n\t\t\t\t<div class=\"elementor-element elementor-element-c3b17c5 elementor-widget elementor-widget-text-editor\" data-id=\"c3b17c5\" data-element_type=\"widget\" data-e-type=\"widget\" data-widget_type=\"text-editor.default\">\n\t\t\t\t<div class=\"elementor-widget-container\">\n\t\t\t\t\t\t\t\t\t<p>Nutripreserve Aqua L ist ein fl\u00fcssiges Erg\u00e4nzungsfuttermittel zur Entfernung von Mineralablagerungen in Trinkwasserleitungen. Auf der Basis organischer S\u00e4uren tr\u00e4gt dieses Erg\u00e4nzungsfuttermittel dazu bei, die Sauberkeit und Funktionalit\u00e4t von Wassersystemen zu erhalten und das Wasser f\u00fcr die Tiere schmackhafter zu machen. Nutripreserve Aqua L ist f\u00fcr die Verwendung bei K\u00fchen im Stall geeignet und unterst\u00fctzt die Versorgung mit sauberem, frischem Wasser, das f\u00fcr die Erhaltung der Gesundheit und Leistungsf\u00e4higkeit der Tiere unerl\u00e4sslich ist. Dieses Produkt ist eine praktische L\u00f6sung, um Ablagerungen in den Wasserleitungen zu verhindern, eine bessere Wasseraufnahme zu f\u00f6rdern und zum allgemeinen Wohlbefinden Ihres Viehs beizutragen.   <\/p>\n\t\t\t\t\t\t\t\t<\/div>\n\t\t\t\t<\/div>\n\t\t\t\t<\/div>\n\t\t\t\t\t<\/div>\n\t\t\t\t<\/div>\n\t\t<div class=\"elementor-element elementor-element-92e1357 e-flex e-con-boxed e-con e-parent\" data-id=\"92e1357\" data-element_type=\"container\" data-e-type=\"container\">\n\t\t\t\t\t<div class=\"e-con-inner\">\n\t\t<div class=\"elementor-element elementor-element-822fe7b e-con-full e-flex e-con e-child\" data-id=\"822fe7b\" data-element_type=\"container\" data-e-type=\"container\">\n\t\t\t\t<div class=\"elementor-element elementor-element-4c6032b elementor-widget elementor-widget-heading\" data-id=\"4c6032b\" data-element_type=\"widget\" data-e-type=\"widget\" data-widget_type=\"heading.default\">\n\t\t\t\t<div class=\"elementor-widget-container\">\n\t\t\t\t\t<h3 class=\"elementor-heading-title elementor-size-default\">Wann verwenden?<\/h3>\t\t\t\t<\/div>\n\t\t\t\t<\/div>\n\t\t\t\t<div class=\"elementor-element elementor-element-d87a8a2 elementor-widget elementor-widget-text-editor\" data-id=\"d87a8a2\" data-element_type=\"widget\" data-e-type=\"widget\" data-widget_type=\"text-editor.default\">\n\t\t\t\t<div class=\"elementor-widget-container\">\n\t\t\t\t\t\t\t\t\t<ul>\n<li>Hartes Wasser<\/li>\n<li>Geringerer Wasserdurchfluss als vorgesehen<\/li>\n<li>With mineral sediments present<\/li>\n<li>Verstopfte Trinkwasserleitungen<\/li>\n<\/ul>\n\t\t\t\t\t\t\t\t<\/div>\n\t\t\t\t<\/div>\n\t\t\t\t<\/div>\n\t\t<div class=\"elementor-element elementor-element-2372fac e-con-full e-flex e-con e-child\" data-id=\"2372fac\" data-element_type=\"container\" data-e-type=\"container\">\n\t\t\t\t<div class=\"elementor-element elementor-element-76a683e elementor-widget elementor-widget-heading\" data-id=\"76a683e\" data-element_type=\"widget\" data-e-type=\"widget\" data-widget_type=\"heading.default\">\n\t\t\t\t<div class=\"elementor-widget-container\">\n\t\t\t\t\t<h3 class=\"elementor-heading-title elementor-size-default\">Verpackung<\/h3>\t\t\t\t<\/div>\n\t\t\t\t<\/div>\n\t\t\t\t<div class=\"elementor-element elementor-element-617c026 elementor-icon-list--layout-traditional elementor-list-item-link-full_width elementor-widget elementor-widget-icon-list\" data-id=\"617c026\" data-element_type=\"widget\" data-e-type=\"widget\" data-widget_type=\"icon-list.default\">\n\t\t\t\t<div class=\"elementor-widget-container\">\n\t\t\t\t\t\t\t<ul class=\"elementor-icon-list-items\">\n\t\t\t\t\t\t\t<li class=\"elementor-icon-list-item\">\n\t\t\t\t\t\t\t\t\t\t\t<span class=\"elementor-icon-list-icon\">\n\t\t\t\t\t\t\t<i aria-hidden=\"true\" class=\"fas fa-check\"><\/i>\t\t\t\t\t\t<\/span>\n\t\t\t\t\t\t\t\t\t\t<span class=\"elementor-icon-list-text\">20-kg-Kanister<\/span>\n\t\t\t\t\t\t\t\t\t<\/li>\n\t\t\t\t\t\t\t\t<li class=\"elementor-icon-list-item\">\n\t\t\t\t\t\t\t\t\t\t\t<span class=\"elementor-icon-list-icon\">\n\t\t\t\t\t\t\t<i aria-hidden=\"true\" class=\"fas fa-check\"><\/i>\t\t\t\t\t\t<\/span>\n\t\t\t\t\t\t\t\t\t\t<span class=\"elementor-icon-list-text\">225-kg-Fass<\/span>\n\t\t\t\t\t\t\t\t\t<\/li>\n\t\t\t\t\t\t\t\t<li class=\"elementor-icon-list-item\">\n\t\t\t\t\t\t\t\t\t\t\t<span class=\"elementor-icon-list-icon\">\n\t\t\t\t\t\t\t<i aria-hidden=\"true\" class=\"fas fa-check\"><\/i>\t\t\t\t\t\t<\/span>\n\t\t\t\t\t\t\t\t\t\t<span class=\"elementor-icon-list-text\">1100-kg-IBC<\/span>\n\t\t\t\t\t\t\t\t\t<\/li>\n\t\t\t\t\t\t<\/ul>\n\t\t\t\t\t\t<\/div>\n\t\t\t\t<\/div>\n\t\t\t\t<\/div>\n\t\t\t\t\t<\/div>\n\t\t\t\t<\/div>\n\t\t\t\t<\/div>\n\t\t","protected":false},"excerpt":{"rendered":"<p>Ausgewogenheitprodukt Nutripreserve Aqua L Trinkwassersysteme frei von mineralischen Ablagerungen Entfernt mineralische Ablagerungen aus Trinkleitungen Verhindert mineralische Ablagerungen und R\u00fcckst\u00e4nde Geeignet f\u00fcr die Verwendung bei anwesenden Tieren Schmackhaftes Trinkwasser Laden Sie die Brosch\u00fcre herunter und erfahren Sie mehr Produkt bestellen Was ist es? Nutripreserve Aqua L ist ein fl\u00fcssiges Erg\u00e4nzungsfuttermittel zur Entfernung von Mineralablagerungen in Trinkwasserleitungen. [&hellip;]<\/p>\n","protected":false},"author":20,"featured_media":0,"parent":23428,"menu_order":0,"comment_status":"closed","ping_status":"closed","template":"","meta":{"footnotes":""},"class_list":["post-25595","page","type-page","status-publish","hentry"],"yoast_head":"<!-- This site is optimized with the Yoast SEO plugin v27.2 - https:\/\/yoast.com\/product\/yoast-seo-wordpress\/ -->\n<title>Nutripreserve Aqua L - Kanters<\/title>\n<meta name=\"robots\" content=\"index, follow, max-snippet:-1, max-image-preview:large, max-video-preview:-1\" \/>\n<link rel=\"canonical\" href=\"https:\/\/www.kantersanimalhealth.com\/de\/rinder\/hygiene\/nutripreserve-aqua-l\/\" \/>\n<meta property=\"og:locale\" content=\"de_DE\" \/>\n<meta property=\"og:type\" content=\"article\" \/>\n<meta property=\"og:title\" content=\"Nutripreserve Aqua L - Kanters\" \/>\n<meta property=\"og:description\" content=\"Ausgewogenheitprodukt Nutripreserve Aqua L Trinkwassersysteme frei von mineralischen Ablagerungen Entfernt mineralische Ablagerungen aus Trinkleitungen Verhindert mineralische Ablagerungen und R\u00fcckst\u00e4nde Geeignet f\u00fcr die Verwendung bei anwesenden Tieren Schmackhaftes Trinkwasser Laden Sie die Brosch\u00fcre herunter und erfahren Sie mehr Produkt bestellen Was ist es? Nutripreserve Aqua L ist ein fl\u00fcssiges Erg\u00e4nzungsfuttermittel zur Entfernung von Mineralablagerungen in Trinkwasserleitungen. [&hellip;]\" \/>\n<meta property=\"og:url\" content=\"https:\/\/www.kantersanimalhealth.com\/de\/rinder\/hygiene\/nutripreserve-aqua-l\/\" \/>\n<meta property=\"og:site_name\" content=\"Kanters\" \/>\n<meta property=\"article:publisher\" content=\"https:\/\/www.facebook.com\/FlavourFamily\" \/>\n<meta property=\"article:modified_time\" content=\"2025-03-04T14:55:40+00:00\" \/>\n<meta property=\"og:image\" content=\"https:\/\/www.kantersanimalhealth.com\/wp-content\/uploads\/2025\/03\/Packshot-Nutripreserve-Aqua-L-20-kg-1.jpg\" \/>\n\t<meta property=\"og:image:width\" content=\"700\" \/>\n\t<meta property=\"og:image:height\" content=\"700\" \/>\n\t<meta property=\"og:image:type\" content=\"image\/jpeg\" \/>\n<meta name=\"twitter:card\" content=\"summary_large_image\" \/>\n<meta name=\"twitter:label1\" content=\"Gesch\u00e4tzte Lesezeit\" \/>\n\t<meta name=\"twitter:data1\" content=\"1\u00a0Minute\" \/>\n<script type=\"application\/ld+json\" class=\"yoast-schema-graph\">{\"@context\":\"https:\/\/schema.org\",\"@graph\":[{\"@type\":\"WebPage\",\"@id\":\"https:\/\/www.kantersanimalhealth.com\/de\/rinder\/hygiene\/nutripreserve-aqua-l\/\",\"url\":\"https:\/\/www.kantersanimalhealth.com\/de\/rinder\/hygiene\/nutripreserve-aqua-l\/\",\"name\":\"Nutripreserve Aqua L - Kanters\",\"isPartOf\":{\"@id\":\"https:\/\/www.kantersanimalhealth.com\/de\/#website\"},\"primaryImageOfPage\":{\"@id\":\"https:\/\/www.kantersanimalhealth.com\/de\/rinder\/hygiene\/nutripreserve-aqua-l\/#primaryimage\"},\"image\":{\"@id\":\"https:\/\/www.kantersanimalhealth.com\/de\/rinder\/hygiene\/nutripreserve-aqua-l\/#primaryimage\"},\"thumbnailUrl\":\"https:\/\/www.kantersanimalhealth.com\/wp-content\/uploads\/2025\/03\/Packshot-Nutripreserve-Aqua-L-20-kg-1.jpg\",\"datePublished\":\"2025-02-24T07:15:50+00:00\",\"dateModified\":\"2025-03-04T14:55:40+00:00\",\"breadcrumb\":{\"@id\":\"https:\/\/www.kantersanimalhealth.com\/de\/rinder\/hygiene\/nutripreserve-aqua-l\/#breadcrumb\"},\"inLanguage\":\"de\",\"potentialAction\":[{\"@type\":\"ReadAction\",\"target\":[\"https:\/\/www.kantersanimalhealth.com\/de\/rinder\/hygiene\/nutripreserve-aqua-l\/\"]}]},{\"@type\":\"ImageObject\",\"inLanguage\":\"de\",\"@id\":\"https:\/\/www.kantersanimalhealth.com\/de\/rinder\/hygiene\/nutripreserve-aqua-l\/#primaryimage\",\"url\":\"https:\/\/www.kantersanimalhealth.com\/wp-content\/uploads\/2025\/03\/Packshot-Nutripreserve-Aqua-L-20-kg-1.jpg\",\"contentUrl\":\"https:\/\/www.kantersanimalhealth.com\/wp-content\/uploads\/2025\/03\/Packshot-Nutripreserve-Aqua-L-20-kg-1.jpg\"},{\"@type\":\"BreadcrumbList\",\"@id\":\"https:\/\/www.kantersanimalhealth.com\/de\/rinder\/hygiene\/nutripreserve-aqua-l\/#breadcrumb\",\"itemListElement\":[{\"@type\":\"ListItem\",\"position\":1,\"name\":\"Home\",\"item\":\"https:\/\/www.kantersanimalhealth.com\/de\/\"},{\"@type\":\"ListItem\",\"position\":2,\"name\":\"Rinder\",\"item\":\"https:\/\/www.kantersanimalhealth.com\/de\/rinder\/\"},{\"@type\":\"ListItem\",\"position\":3,\"name\":\"Ausgewogenheit\",\"item\":\"https:\/\/www.kantersanimalhealth.com\/de\/rinder\/ausgewogenheit\/\"},{\"@type\":\"ListItem\",\"position\":4,\"name\":\"Nutripreserve Aqua L\"}]},{\"@type\":\"WebSite\",\"@id\":\"https:\/\/www.kantersanimalhealth.com\/de\/#website\",\"url\":\"https:\/\/www.kantersanimalhealth.com\/de\/\",\"name\":\"Kanters\",\"description\":\"Special Products B.V.\",\"publisher\":{\"@id\":\"https:\/\/www.kantersanimalhealth.com\/de\/#organization\"},\"potentialAction\":[{\"@type\":\"SearchAction\",\"target\":{\"@type\":\"EntryPoint\",\"urlTemplate\":\"https:\/\/www.kantersanimalhealth.com\/de\/?s={search_term_string}\"},\"query-input\":{\"@type\":\"PropertyValueSpecification\",\"valueRequired\":true,\"valueName\":\"search_term_string\"}}],\"inLanguage\":\"de\"},{\"@type\":\"Organization\",\"@id\":\"https:\/\/www.kantersanimalhealth.com\/de\/#organization\",\"name\":\"Flavour Family\",\"url\":\"https:\/\/www.kantersanimalhealth.com\/de\/\",\"logo\":{\"@type\":\"ImageObject\",\"inLanguage\":\"de\",\"@id\":\"https:\/\/www.kantersanimalhealth.com\/de\/#\/schema\/logo\/image\/\",\"url\":\"\",\"contentUrl\":\"\",\"caption\":\"Flavour Family\"},\"image\":{\"@id\":\"https:\/\/www.kantersanimalhealth.com\/de\/#\/schema\/logo\/image\/\"},\"sameAs\":[\"https:\/\/www.facebook.com\/FlavourFamily\"]}]}<\/script>\n<!-- \/ Yoast SEO plugin. -->","yoast_head_json":{"title":"Nutripreserve Aqua L - Kanters","robots":{"index":"index","follow":"follow","max-snippet":"max-snippet:-1","max-image-preview":"max-image-preview:large","max-video-preview":"max-video-preview:-1"},"canonical":"https:\/\/www.kantersanimalhealth.com\/de\/rinder\/hygiene\/nutripreserve-aqua-l\/","og_locale":"de_DE","og_type":"article","og_title":"Nutripreserve Aqua L - Kanters","og_description":"Ausgewogenheitprodukt Nutripreserve Aqua L Trinkwassersysteme frei von mineralischen Ablagerungen Entfernt mineralische Ablagerungen aus Trinkleitungen Verhindert mineralische Ablagerungen und R\u00fcckst\u00e4nde Geeignet f\u00fcr die Verwendung bei anwesenden Tieren Schmackhaftes Trinkwasser Laden Sie die Brosch\u00fcre herunter und erfahren Sie mehr Produkt bestellen Was ist es? Nutripreserve Aqua L ist ein fl\u00fcssiges Erg\u00e4nzungsfuttermittel zur Entfernung von Mineralablagerungen in Trinkwasserleitungen. [&hellip;]","og_url":"https:\/\/www.kantersanimalhealth.com\/de\/rinder\/hygiene\/nutripreserve-aqua-l\/","og_site_name":"Kanters","article_publisher":"https:\/\/www.facebook.com\/FlavourFamily","article_modified_time":"2025-03-04T14:55:40+00:00","og_image":[{"width":700,"height":700,"url":"https:\/\/www.kantersanimalhealth.com\/wp-content\/uploads\/2025\/03\/Packshot-Nutripreserve-Aqua-L-20-kg-1.jpg","type":"image\/jpeg"}],"twitter_card":"summary_large_image","twitter_misc":{"Gesch\u00e4tzte Lesezeit":"1\u00a0Minute"},"schema":{"@context":"https:\/\/schema.org","@graph":[{"@type":"WebPage","@id":"https:\/\/www.kantersanimalhealth.com\/de\/rinder\/hygiene\/nutripreserve-aqua-l\/","url":"https:\/\/www.kantersanimalhealth.com\/de\/rinder\/hygiene\/nutripreserve-aqua-l\/","name":"Nutripreserve Aqua L - Kanters","isPartOf":{"@id":"https:\/\/www.kantersanimalhealth.com\/de\/#website"},"primaryImageOfPage":{"@id":"https:\/\/www.kantersanimalhealth.com\/de\/rinder\/hygiene\/nutripreserve-aqua-l\/#primaryimage"},"image":{"@id":"https:\/\/www.kantersanimalhealth.com\/de\/rinder\/hygiene\/nutripreserve-aqua-l\/#primaryimage"},"thumbnailUrl":"https:\/\/www.kantersanimalhealth.com\/wp-content\/uploads\/2025\/03\/Packshot-Nutripreserve-Aqua-L-20-kg-1.jpg","datePublished":"2025-02-24T07:15:50+00:00","dateModified":"2025-03-04T14:55:40+00:00","breadcrumb":{"@id":"https:\/\/www.kantersanimalhealth.com\/de\/rinder\/hygiene\/nutripreserve-aqua-l\/#breadcrumb"},"inLanguage":"de","potentialAction":[{"@type":"ReadAction","target":["https:\/\/www.kantersanimalhealth.com\/de\/rinder\/hygiene\/nutripreserve-aqua-l\/"]}]},{"@type":"ImageObject","inLanguage":"de","@id":"https:\/\/www.kantersanimalhealth.com\/de\/rinder\/hygiene\/nutripreserve-aqua-l\/#primaryimage","url":"https:\/\/www.kantersanimalhealth.com\/wp-content\/uploads\/2025\/03\/Packshot-Nutripreserve-Aqua-L-20-kg-1.jpg","contentUrl":"https:\/\/www.kantersanimalhealth.com\/wp-content\/uploads\/2025\/03\/Packshot-Nutripreserve-Aqua-L-20-kg-1.jpg"},{"@type":"BreadcrumbList","@id":"https:\/\/www.kantersanimalhealth.com\/de\/rinder\/hygiene\/nutripreserve-aqua-l\/#breadcrumb","itemListElement":[{"@type":"ListItem","position":1,"name":"Home","item":"https:\/\/www.kantersanimalhealth.com\/de\/"},{"@type":"ListItem","position":2,"name":"Rinder","item":"https:\/\/www.kantersanimalhealth.com\/de\/rinder\/"},{"@type":"ListItem","position":3,"name":"Ausgewogenheit","item":"https:\/\/www.kantersanimalhealth.com\/de\/rinder\/ausgewogenheit\/"},{"@type":"ListItem","position":4,"name":"Nutripreserve Aqua L"}]},{"@type":"WebSite","@id":"https:\/\/www.kantersanimalhealth.com\/de\/#website","url":"https:\/\/www.kantersanimalhealth.com\/de\/","name":"Kanters","description":"Special Products B.V.","publisher":{"@id":"https:\/\/www.kantersanimalhealth.com\/de\/#organization"},"potentialAction":[{"@type":"SearchAction","target":{"@type":"EntryPoint","urlTemplate":"https:\/\/www.kantersanimalhealth.com\/de\/?s={search_term_string}"},"query-input":{"@type":"PropertyValueSpecification","valueRequired":true,"valueName":"search_term_string"}}],"inLanguage":"de"},{"@type":"Organization","@id":"https:\/\/www.kantersanimalhealth.com\/de\/#organization","name":"Flavour Family","url":"https:\/\/www.kantersanimalhealth.com\/de\/","logo":{"@type":"ImageObject","inLanguage":"de","@id":"https:\/\/www.kantersanimalhealth.com\/de\/#\/schema\/logo\/image\/","url":"","contentUrl":"","caption":"Flavour Family"},"image":{"@id":"https:\/\/www.kantersanimalhealth.com\/de\/#\/schema\/logo\/image\/"},"sameAs":["https:\/\/www.facebook.com\/FlavourFamily"]}]}},"_links":{"self":[{"href":"https:\/\/www.kantersanimalhealth.com\/de\/wp-json\/wp\/v2\/pages\/25595","targetHints":{"allow":["GET"]}}],"collection":[{"href":"https:\/\/www.kantersanimalhealth.com\/de\/wp-json\/wp\/v2\/pages"}],"about":[{"href":"https:\/\/www.kantersanimalhealth.com\/de\/wp-json\/wp\/v2\/types\/page"}],"author":[{"embeddable":true,"href":"https:\/\/www.kantersanimalhealth.com\/de\/wp-json\/wp\/v2\/users\/20"}],"replies":[{"embeddable":true,"href":"https:\/\/www.kantersanimalhealth.com\/de\/wp-json\/wp\/v2\/comments?post=25595"}],"version-history":[{"count":4,"href":"https:\/\/www.kantersanimalhealth.com\/de\/wp-json\/wp\/v2\/pages\/25595\/revisions"}],"predecessor-version":[{"id":25858,"href":"https:\/\/www.kantersanimalhealth.com\/de\/wp-json\/wp\/v2\/pages\/25595\/revisions\/25858"}],"up":[{"embeddable":true,"href":"https:\/\/www.kantersanimalhealth.com\/de\/wp-json\/wp\/v2\/pages\/23428"}],"wp:attachment":[{"href":"https:\/\/www.kantersanimalhealth.com\/de\/wp-json\/wp\/v2\/media?parent=25595"}],"curies":[{"name":"wp","href":"https:\/\/api.w.org\/{rel}","templated":true}]}}