{"id":23436,"date":"2024-02-01T15:48:19","date_gmt":"2024-02-01T14:48:19","guid":{"rendered":"https:\/\/www.kantersanimalhealth.com\/haftungsausschluss\/"},"modified":"2024-02-01T15:48:20","modified_gmt":"2024-02-01T14:48:20","slug":"haftungsausschluss","status":"publish","type":"page","link":"https:\/\/www.kantersanimalhealth.com\/de\/haftungsausschluss\/","title":{"rendered":"Haftungsausschluss"},"content":{"rendered":"\t\t<div data-elementor-type=\"wp-page\" data-elementor-id=\"23436\" class=\"elementor elementor-23436 elementor-7157\" data-elementor-post-type=\"page\">\n\t\t\t\t\t\t<section class=\"elementor-section elementor-top-section elementor-element elementor-element-68c7aaa elementor-section-height-min-height elementor-section-boxed elementor-section-height-default elementor-section-items-middle\" data-id=\"68c7aaa\" data-element_type=\"section\" data-e-type=\"section\" data-settings=\"{&quot;background_background&quot;:&quot;classic&quot;}\">\n\t\t\t\t\t\t<div class=\"elementor-container elementor-column-gap-default\">\n\t\t\t\t\t<div class=\"elementor-column elementor-col-100 elementor-top-column elementor-element elementor-element-b7d65a4\" data-id=\"b7d65a4\" data-element_type=\"column\" data-e-type=\"column\">\n\t\t\t<div class=\"elementor-widget-wrap\">\n\t\t\t\t\t\t\t<\/div>\n\t\t<\/div>\n\t\t\t\t\t<\/div>\n\t\t<\/section>\n\t\t\t\t<section class=\"elementor-section elementor-top-section elementor-element elementor-element-4232a59 elementor-section-boxed elementor-section-height-default elementor-section-height-default\" data-id=\"4232a59\" data-element_type=\"section\" data-e-type=\"section\" data-settings=\"{&quot;background_background&quot;:&quot;gradient&quot;}\">\n\t\t\t\t\t\t<div class=\"elementor-container elementor-column-gap-default\">\n\t\t\t\t\t<div class=\"elementor-column elementor-col-50 elementor-top-column elementor-element elementor-element-433cbb6\" data-id=\"433cbb6\" data-element_type=\"column\" data-e-type=\"column\">\n\t\t\t<div class=\"elementor-widget-wrap elementor-element-populated\">\n\t\t\t\t\t\t<div class=\"elementor-element elementor-element-4e87973 elementor-widget elementor-widget-heading\" data-id=\"4e87973\" data-element_type=\"widget\" data-e-type=\"widget\" data-widget_type=\"heading.default\">\n\t\t\t\t<div class=\"elementor-widget-container\">\n\t\t\t\t\t<h1 class=\"elementor-heading-title elementor-size-default\">Haftungsausschluss<\/h1>\t\t\t\t<\/div>\n\t\t\t\t<\/div>\n\t\t\t\t<div class=\"elementor-element elementor-element-8eaf904 elementor-widget elementor-widget-text-editor\" data-id=\"8eaf904\" data-element_type=\"widget\" data-e-type=\"widget\" data-widget_type=\"text-editor.default\">\n\t\t\t\t<div class=\"elementor-widget-container\">\n\t\t\t\t\t\t\t\t\t<h1>Nutzungsbedingungen dieser Website<\/h1>\n<p>Beim Besuch dieser Website erkl\u00e4rt jeder Benutzer automatisch, dass Kanters Special Products BV (im Folgenden Kanters) und seine Tochtergesellschaften in keiner Weise f\u00fcr die Verwendung von Informationen und anderen Materialien verantwortlich gemacht werden k\u00f6nnen, die von dieser Website stammen. Kanters haftet in keinem Fall f\u00fcr Sch\u00e4den, die durch die Verwendung ver\u00f6ffentlichten Materials entstehen Ver\u00f6ffentlichungen von Kanters gelten zum Zeitpunkt der Ver\u00f6ffentlichung als korrekt. \u00c4nderungen der Umst\u00e4nde und\/oder der Zeit k\u00f6nnen dazu f\u00fchren, dass die bereitgestellten Informationen weniger zuverl\u00e4ssig sind. Kanters \u00fcbernimmt hierf\u00fcr keine Verantwortung.<\/p>\n<p>Es liegt in der Verantwortung des Benutzers der Website, bei Kanters zu \u00fcberpr\u00fcfen, welche Produkte in welchem \u200b\u200bLand zul\u00e4ssig\/verf\u00fcgbar sind. Die f\u00fcr die Produkte gemachten Angaben sind nicht in allen L\u00e4ndern anerkannt.<\/p>\n<p><strong>Copyright<br \/><\/strong>Kein Teil dieser Website darf ohne schriftliche Genehmigung von Kanters verwendet oder reproduziert werden. F\u00fcr Anfragen und weitere Informationen wenden Sie sich bitte an:<\/p>\n<p><strong>Kanters<br \/><\/strong>De Stater 32<br \/>5737 RV Lieshout<br \/>Tel. +31 (0) 499-425 600<br \/>Fax +31 (0) 499-425 610<\/p><\/p>\n\t\t\t\t\t\t\t\t<\/div>\n\t\t\t\t<\/div>\n\t\t\t\t\t<\/div>\n\t\t<\/div>\n\t\t\t\t<div class=\"elementor-column elementor-col-50 elementor-top-column elementor-element elementor-element-e8477a3 elementor-hidden-tablet elementor-hidden-mobile\" data-id=\"e8477a3\" data-element_type=\"column\" data-e-type=\"column\">\n\t\t\t<div class=\"elementor-widget-wrap\">\n\t\t\t\t\t\t\t<\/div>\n\t\t<\/div>\n\t\t\t\t\t<\/div>\n\t\t<\/section>\n\t\t\t\t<\/div>\n\t\t","protected":false},"excerpt":{"rendered":"<p>Nutzungsbedingungen dieser Website Beim Besuch dieser Website erkl\u00e4rt jeder Benutzer automatisch, dass Kanters Special Products BV (im Folgenden Kanters) und seine Tochtergesellschaften in keiner Weise f\u00fcr die Verwendung von Informationen und anderen Materialien verantwortlich gemacht werden k\u00f6nnen, die von dieser Website stammen. Kanters haftet in keinem Fall f\u00fcr Sch\u00e4den, die durch die Verwendung ver\u00f6ffentlichten Materials [&hellip;]<\/p>\n","protected":false},"author":3,"featured_media":0,"parent":0,"menu_order":11,"comment_status":"closed","ping_status":"closed","template":"","meta":{"footnotes":""},"class_list":["post-23436","page","type-page","status-publish","hentry"],"yoast_head":"<!-- This site is optimized with the Yoast SEO plugin v27.2 - https:\/\/yoast.com\/product\/yoast-seo-wordpress\/ -->\n<title>Haftungsausschluss - Kanters<\/title>\n<meta name=\"description\" content=\"Es liegt in der Verantwortung des Website-Benutzers, bei Kanters zu \u00fcberpr\u00fcfen, welche Produkte in welchem \u200b\u200bLand zul\u00e4ssig sind.\" \/>\n<meta name=\"robots\" content=\"index, follow, max-snippet:-1, max-image-preview:large, max-video-preview:-1\" \/>\n<link rel=\"canonical\" href=\"https:\/\/www.kantersanimalhealth.com\/de\/haftungsausschluss\/\" \/>\n<meta property=\"og:locale\" content=\"de_DE\" \/>\n<meta property=\"og:type\" content=\"article\" \/>\n<meta property=\"og:title\" content=\"Haftungsausschluss - Kanters\" \/>\n<meta property=\"og:description\" content=\"Es liegt in der Verantwortung des Website-Benutzers, bei Kanters zu \u00fcberpr\u00fcfen, welche Produkte in welchem \u200b\u200bLand zul\u00e4ssig sind.\" \/>\n<meta property=\"og:url\" content=\"https:\/\/www.kantersanimalhealth.com\/de\/haftungsausschluss\/\" \/>\n<meta property=\"og:site_name\" content=\"Kanters\" \/>\n<meta property=\"article:publisher\" content=\"https:\/\/www.facebook.com\/FlavourFamily\" \/>\n<meta property=\"article:modified_time\" content=\"2024-02-01T14:48:20+00:00\" \/>\n<meta name=\"twitter:card\" content=\"summary_large_image\" \/>\n<meta name=\"twitter:label1\" content=\"Gesch\u00e4tzte Lesezeit\" \/>\n\t<meta name=\"twitter:data1\" content=\"1\u00a0Minute\" \/>\n<script type=\"application\/ld+json\" class=\"yoast-schema-graph\">{\"@context\":\"https:\/\/schema.org\",\"@graph\":[{\"@type\":\"WebPage\",\"@id\":\"https:\/\/www.kantersanimalhealth.com\/de\/haftungsausschluss\/\",\"url\":\"https:\/\/www.kantersanimalhealth.com\/de\/haftungsausschluss\/\",\"name\":\"Haftungsausschluss - Kanters\",\"isPartOf\":{\"@id\":\"https:\/\/www.kantersanimalhealth.com\/de\/#website\"},\"datePublished\":\"2024-02-01T14:48:19+00:00\",\"dateModified\":\"2024-02-01T14:48:20+00:00\",\"description\":\"Es liegt in der Verantwortung des Website-Benutzers, bei Kanters zu \u00fcberpr\u00fcfen, welche Produkte in welchem \u200b\u200bLand zul\u00e4ssig sind.\",\"breadcrumb\":{\"@id\":\"https:\/\/www.kantersanimalhealth.com\/de\/haftungsausschluss\/#breadcrumb\"},\"inLanguage\":\"de\",\"potentialAction\":[{\"@type\":\"ReadAction\",\"target\":[\"https:\/\/www.kantersanimalhealth.com\/de\/haftungsausschluss\/\"]}]},{\"@type\":\"BreadcrumbList\",\"@id\":\"https:\/\/www.kantersanimalhealth.com\/de\/haftungsausschluss\/#breadcrumb\",\"itemListElement\":[{\"@type\":\"ListItem\",\"position\":1,\"name\":\"Home\",\"item\":\"https:\/\/www.kantersanimalhealth.com\/de\/\"},{\"@type\":\"ListItem\",\"position\":2,\"name\":\"Haftungsausschluss\"}]},{\"@type\":\"WebSite\",\"@id\":\"https:\/\/www.kantersanimalhealth.com\/de\/#website\",\"url\":\"https:\/\/www.kantersanimalhealth.com\/de\/\",\"name\":\"Kanters\",\"description\":\"Special Products B.V.\",\"publisher\":{\"@id\":\"https:\/\/www.kantersanimalhealth.com\/de\/#organization\"},\"potentialAction\":[{\"@type\":\"SearchAction\",\"target\":{\"@type\":\"EntryPoint\",\"urlTemplate\":\"https:\/\/www.kantersanimalhealth.com\/de\/?s={search_term_string}\"},\"query-input\":{\"@type\":\"PropertyValueSpecification\",\"valueRequired\":true,\"valueName\":\"search_term_string\"}}],\"inLanguage\":\"de\"},{\"@type\":\"Organization\",\"@id\":\"https:\/\/www.kantersanimalhealth.com\/de\/#organization\",\"name\":\"Flavour Family\",\"url\":\"https:\/\/www.kantersanimalhealth.com\/de\/\",\"logo\":{\"@type\":\"ImageObject\",\"inLanguage\":\"de\",\"@id\":\"https:\/\/www.kantersanimalhealth.com\/de\/#\/schema\/logo\/image\/\",\"url\":\"\",\"contentUrl\":\"\",\"caption\":\"Flavour Family\"},\"image\":{\"@id\":\"https:\/\/www.kantersanimalhealth.com\/de\/#\/schema\/logo\/image\/\"},\"sameAs\":[\"https:\/\/www.facebook.com\/FlavourFamily\"]}]}<\/script>\n<!-- \/ Yoast SEO plugin. -->","yoast_head_json":{"title":"Haftungsausschluss - Kanters","description":"Es liegt in der Verantwortung des Website-Benutzers, bei Kanters zu \u00fcberpr\u00fcfen, welche Produkte in welchem \u200b\u200bLand zul\u00e4ssig sind.","robots":{"index":"index","follow":"follow","max-snippet":"max-snippet:-1","max-image-preview":"max-image-preview:large","max-video-preview":"max-video-preview:-1"},"canonical":"https:\/\/www.kantersanimalhealth.com\/de\/haftungsausschluss\/","og_locale":"de_DE","og_type":"article","og_title":"Haftungsausschluss - Kanters","og_description":"Es liegt in der Verantwortung des Website-Benutzers, bei Kanters zu \u00fcberpr\u00fcfen, welche Produkte in welchem \u200b\u200bLand zul\u00e4ssig sind.","og_url":"https:\/\/www.kantersanimalhealth.com\/de\/haftungsausschluss\/","og_site_name":"Kanters","article_publisher":"https:\/\/www.facebook.com\/FlavourFamily","article_modified_time":"2024-02-01T14:48:20+00:00","twitter_card":"summary_large_image","twitter_misc":{"Gesch\u00e4tzte Lesezeit":"1\u00a0Minute"},"schema":{"@context":"https:\/\/schema.org","@graph":[{"@type":"WebPage","@id":"https:\/\/www.kantersanimalhealth.com\/de\/haftungsausschluss\/","url":"https:\/\/www.kantersanimalhealth.com\/de\/haftungsausschluss\/","name":"Haftungsausschluss - Kanters","isPartOf":{"@id":"https:\/\/www.kantersanimalhealth.com\/de\/#website"},"datePublished":"2024-02-01T14:48:19+00:00","dateModified":"2024-02-01T14:48:20+00:00","description":"Es liegt in der Verantwortung des Website-Benutzers, bei Kanters zu \u00fcberpr\u00fcfen, welche Produkte in welchem \u200b\u200bLand zul\u00e4ssig sind.","breadcrumb":{"@id":"https:\/\/www.kantersanimalhealth.com\/de\/haftungsausschluss\/#breadcrumb"},"inLanguage":"de","potentialAction":[{"@type":"ReadAction","target":["https:\/\/www.kantersanimalhealth.com\/de\/haftungsausschluss\/"]}]},{"@type":"BreadcrumbList","@id":"https:\/\/www.kantersanimalhealth.com\/de\/haftungsausschluss\/#breadcrumb","itemListElement":[{"@type":"ListItem","position":1,"name":"Home","item":"https:\/\/www.kantersanimalhealth.com\/de\/"},{"@type":"ListItem","position":2,"name":"Haftungsausschluss"}]},{"@type":"WebSite","@id":"https:\/\/www.kantersanimalhealth.com\/de\/#website","url":"https:\/\/www.kantersanimalhealth.com\/de\/","name":"Kanters","description":"Special Products B.V.","publisher":{"@id":"https:\/\/www.kantersanimalhealth.com\/de\/#organization"},"potentialAction":[{"@type":"SearchAction","target":{"@type":"EntryPoint","urlTemplate":"https:\/\/www.kantersanimalhealth.com\/de\/?s={search_term_string}"},"query-input":{"@type":"PropertyValueSpecification","valueRequired":true,"valueName":"search_term_string"}}],"inLanguage":"de"},{"@type":"Organization","@id":"https:\/\/www.kantersanimalhealth.com\/de\/#organization","name":"Flavour Family","url":"https:\/\/www.kantersanimalhealth.com\/de\/","logo":{"@type":"ImageObject","inLanguage":"de","@id":"https:\/\/www.kantersanimalhealth.com\/de\/#\/schema\/logo\/image\/","url":"","contentUrl":"","caption":"Flavour Family"},"image":{"@id":"https:\/\/www.kantersanimalhealth.com\/de\/#\/schema\/logo\/image\/"},"sameAs":["https:\/\/www.facebook.com\/FlavourFamily"]}]}},"_links":{"self":[{"href":"https:\/\/www.kantersanimalhealth.com\/de\/wp-json\/wp\/v2\/pages\/23436","targetHints":{"allow":["GET"]}}],"collection":[{"href":"https:\/\/www.kantersanimalhealth.com\/de\/wp-json\/wp\/v2\/pages"}],"about":[{"href":"https:\/\/www.kantersanimalhealth.com\/de\/wp-json\/wp\/v2\/types\/page"}],"author":[{"embeddable":true,"href":"https:\/\/www.kantersanimalhealth.com\/de\/wp-json\/wp\/v2\/users\/3"}],"replies":[{"embeddable":true,"href":"https:\/\/www.kantersanimalhealth.com\/de\/wp-json\/wp\/v2\/comments?post=23436"}],"version-history":[{"count":1,"href":"https:\/\/www.kantersanimalhealth.com\/de\/wp-json\/wp\/v2\/pages\/23436\/revisions"}],"predecessor-version":[{"id":23437,"href":"https:\/\/www.kantersanimalhealth.com\/de\/wp-json\/wp\/v2\/pages\/23436\/revisions\/23437"}],"wp:attachment":[{"href":"https:\/\/www.kantersanimalhealth.com\/de\/wp-json\/wp\/v2\/media?parent=23436"}],"curies":[{"name":"wp","href":"https:\/\/api.w.org\/{rel}","templated":true}]}}